{"id":7127,"date":"2019-11-14T19:07:19","date_gmt":"2019-11-14T18:07:19","guid":{"rendered":"https:\/\/tienda.pcmadrid.es\/?post_type=product&#038;p=7127"},"modified":"2025-05-09T10:49:31","modified_gmt":"2025-05-09T08:49:31","slug":"ampliacion-disco-macbook-pro-retina-2013-2017","status":"publish","type":"product","link":"https:\/\/www.pcmadrid.es\/tienda\/producto\/ampliacion-disco-macbook-pro-retina-2013-2017\/","title":{"rendered":"Ampliaci\u00f3n disco Macbook Pro Retina (2013- 2017)"},"content":{"rendered":"<p>Ampliar MacBook pro Retina <strong>(mediados 2013-mediados de 2017)<\/strong>: Servicio t\u00e9cnico de ampliaci\u00f3n disco Mac (Unidad de alta velocidad). Este cambio aumentar\u00e1 la capacidad de tu Macbook\u00a0 Pro retina dependiendo del tama\u00f1o de disco que selecciones.<\/p>\n<p>Con este cambio no te ver\u00e1s limitado en espacio en disco y podr\u00e1s disfrutar de tu MacBook Pro Retina por mas tiempo.<\/p>\n<p>Todas nuestro servicio de ampliar MacBook pro 2013-2017 Retina se realiza con<strong> unidades de estado s\u00f3lido originales de Apple<\/strong>, asegurando de esta manera un rendimiento perfecto.<\/p>\n<p><img data-recalc-dims=\"1\" loading=\"lazy\" decoding=\"async\" class=\"wp-image-7124 size-full aligncenter\" src=\"https:\/\/i0.wp.com\/tienda.pcmadrid.es\/wp-content\/uploads\/2019\/11\/mbpr13_5-1-100066736-large.jpg?resize=580%2C386&#038;ssl=1\" alt=\"ampliar macbook pro retina\" width=\"580\" height=\"386\" srcset=\"https:\/\/i0.wp.com\/www.pcmadrid.es\/tienda\/wp-content\/uploads\/2019\/11\/mbpr13_5-1-100066736-large.jpg?w=580&amp;ssl=1 580w, https:\/\/i0.wp.com\/www.pcmadrid.es\/tienda\/wp-content\/uploads\/2019\/11\/mbpr13_5-1-100066736-large.jpg?resize=300%2C200&amp;ssl=1 300w\" sizes=\"(max-width: 580px) 100vw, 580px\" \/><\/p>\n<p>&nbsp;<\/p>\n<p>Con tu ampliaci\u00f3n a SSD, contar\u00e1s con una instalaci\u00f3n limpia del \u00faltimo sistema operativo MacOS compatible con tu equipo adem\u00e1s de programas esenciales y configuraci\u00f3n antivirus con antimalware.<\/p>\n<h2><strong><span style=\"color: #808080;\">Caracter\u00edsticas de Ampliar MacBook Pro 2013-2017 Retina:<\/span><\/strong><\/h2>\n<ul>\n<li>Aumento de la capacidad de almacenamiento<\/li>\n<li>Inicio de programas m\u00e1s fluido al reinstalar<\/li>\n<li>Navegaci\u00f3n y descargas con mejor tiempo de respuesta<\/li>\n<li>Seguridad en datos reforzada<\/li>\n<\/ul>\n<h3><span style=\"color: #808080;\">PREGUNTAS FRECUENTES:<\/span><\/h3>\n<h4><span style=\"color: #808080;\">\u00bfCuanto tiempo estar\u00e9 sin mi equipo?<\/span><\/h4>\n<p>Las ampliaciones de SSD en Macbook Pro Retina 2013-2017 pueden tardar entre 24 horas hasta 48 horas desde la recepci\u00f3n del equipo. Puede realizarse el mismo d\u00eda en caso de que solicites el bono PCM de servicio r\u00e1pido.<\/p>\n<h4><span style=\"color: #808080;\">\u00bfPerder\u00e9 mis datos?<\/span><\/h4>\n<p>No perder\u00e1s tus datos a no ser que nos indiques que estos se pueden borrar porque ya tienes una copia de seguridad realizada en otro disco. Si quieres conservar tus datos o todo tu sistema, podr\u00e1s a\u00f1adir una nota para decirnos si prefieres clonar tu sistema completamente o si por el contrario realizamos una instalaci\u00f3n nueva y copiamos tus datos al nuevo disco.<\/p>\n<h4><span style=\"color: #808080;\">\u00bfQue versi\u00f3n de MacOS se me instalar\u00e1 en el equipo?<\/span><\/h4>\n<p>Instalamos siempre la \u00faltima versi\u00f3n de MacOS compatible con el modelo de tu equipo.<\/p>\n<p>Para otro modelos de MacBook, consultar el apartado<strong><span style=\"color: #00ccff;\"><a style=\"color: #00ccff;\" href=\"https:\/\/tienda.pcmadrid.es\/categoria-producto\/ampliar-macbook\/\"> ampliaciones MacBook<\/a><\/span><\/strong> o realizar <a href=\"https:\/\/tienda.pcmadrid.es\/contacto\/\"><strong><span style=\"color: #ff9900;\">consulta mediante formulario antes dudas.<\/span><\/strong><\/a><\/p>\n<p>Para otras dudas sobre equipos de Apple en garant\u00eda: <a href=\"https:\/\/support.apple.com\/es-es\"><strong><span style=\"color: #808080;\">foros soporte Apple.<\/span><\/strong><\/a><\/p>\n<p>&nbsp;<\/p>\n<p><img data-recalc-dims=\"1\" loading=\"lazy\" decoding=\"async\" class=\"size-medium wp-image-6652 aligncenter\" src=\"https:\/\/i0.wp.com\/tienda.pcmadrid.es\/wp-content\/uploads\/2019\/09\/ssd-certificado-apple-300x114.png?resize=300%2C114&#038;ssl=1\" alt=\"ssd certificado apple\" width=\"300\" height=\"114\" srcset=\"https:\/\/i0.wp.com\/www.pcmadrid.es\/tienda\/wp-content\/uploads\/2019\/09\/ssd-certificado-apple.png?resize=300%2C114&amp;ssl=1 300w, https:\/\/i0.wp.com\/www.pcmadrid.es\/tienda\/wp-content\/uploads\/2019\/09\/ssd-certificado-apple.png?w=575&amp;ssl=1 575w\" sizes=\"(max-width: 300px) 100vw, 300px\" \/><\/p>\n","protected":false},"excerpt":{"rendered":"<p>Servicio t\u00e9cnico de ampliaci\u00f3n de disco duro s\u00f3lido ultra r\u00e1pido (Unidad de estado s\u00f3lido). Este cambio <span style=\"color: #808080;\"><span style=\"color: #333333;\">har\u00e1 que no te quedes sin espacio y puedas disfrutar de<\/span><b> tu MacBook Pro Retina por mas tiempo.<\/b><\/span><br \/>\nLa ampliaci\u00f3n de disco en MacBook Pro Retina incluye la mano de obra, el disco duro y la instalaci\u00f3n del \u00faltimo MACOS disponible para tu ordenador.<\/p>\n<p>Todas nuestras ampliaciones de SSD en Macbook cuentan con<strong> unidades\u00a0 de disco originales Apple<\/strong>, asegurando la compatibilidad y m\u00e1ximo rendimiento de tu Macbook.<\/p>\n","protected":false},"featured_media":8194,"comment_status":"open","ping_status":"closed","template":"","meta":{"_et_pb_use_builder":"","_et_pb_old_content":"","_et_gb_content_width":""},"product_brand":[],"product_cat":[87,89],"product_tag":[],"class_list":{"0":"post-7127","1":"product","2":"type-product","3":"status-publish","4":"has-post-thumbnail","6":"product_cat-ampliaciones","7":"product_cat-ampliar-macbook","8":"product_shipping_class-recogida-y-entrega","10":"first","11":"instock","12":"taxable","13":"shipping-taxable","14":"purchasable","15":"product-type-variable","16":"has-default-attributes"},"yoast_head":"<!-- This site is optimized with the Yoast SEO plugin v27.5 - https:\/\/yoast.com\/product\/yoast-seo-wordpress\/ -->\n<title>Ampliar MacBook Pro 2013 Retina | Tienda PCMADRID<\/title>\n<meta name=\"description\" content=\"Ampliar macbook pro 2013-2017 Retina: Aumenta el tama\u00f1o de disco de tu MacBook con la ampliaci\u00f3n SSD. Compatible con Macbook Pro Retina (mid 2013- mid 2017)\" \/>\n<meta name=\"robots\" content=\"index, follow, max-snippet:-1, max-image-preview:large, max-video-preview:-1\" \/>\n<link rel=\"canonical\" href=\"https:\/\/www.pcmadrid.es\/tienda\/producto\/ampliacion-disco-macbook-pro-retina-2013-2017\/\" \/>\n<meta name=\"twitter:label1\" content=\"Tiempo de lectura\" \/>\n\t<meta name=\"twitter:data1\" content=\"3 minutos\" \/>\n<script type=\"application\/ld+json\" class=\"yoast-schema-graph\">{\"@context\":\"https:\\\/\\\/schema.org\",\"@graph\":[{\"@type\":\"WebPage\",\"@id\":\"https:\\\/\\\/www.pcmadrid.es\\\/tienda\\\/producto\\\/ampliacion-disco-macbook-pro-retina-2013-2017\\\/\",\"url\":\"https:\\\/\\\/www.pcmadrid.es\\\/tienda\\\/producto\\\/ampliacion-disco-macbook-pro-retina-2013-2017\\\/\",\"name\":\"Ampliar MacBook Pro 2013 Retina | Tienda PCMADRID\",\"isPartOf\":{\"@id\":\"https:\\\/\\\/www.pcmadrid.es\\\/tienda\\\/#website\"},\"primaryImageOfPage\":{\"@id\":\"https:\\\/\\\/www.pcmadrid.es\\\/tienda\\\/producto\\\/ampliacion-disco-macbook-pro-retina-2013-2017\\\/#primaryimage\"},\"image\":{\"@id\":\"https:\\\/\\\/www.pcmadrid.es\\\/tienda\\\/producto\\\/ampliacion-disco-macbook-pro-retina-2013-2017\\\/#primaryimage\"},\"thumbnailUrl\":\"https:\\\/\\\/i0.wp.com\\\/www.pcmadrid.es\\\/tienda\\\/wp-content\\\/uploads\\\/2019\\\/11\\\/ampliar-ssd-macbook-pro-retina.jpg?fit=800%2C800&ssl=1\",\"datePublished\":\"2019-11-14T18:07:19+00:00\",\"dateModified\":\"2025-05-09T08:49:31+00:00\",\"description\":\"Ampliar macbook pro 2013-2017 Retina: Aumenta el tama\u00f1o de disco de tu MacBook con la ampliaci\u00f3n SSD. Compatible con Macbook Pro Retina (mid 2013- mid 2017)\",\"breadcrumb\":{\"@id\":\"https:\\\/\\\/www.pcmadrid.es\\\/tienda\\\/producto\\\/ampliacion-disco-macbook-pro-retina-2013-2017\\\/#breadcrumb\"},\"inLanguage\":\"es\",\"potentialAction\":[{\"@type\":\"ReadAction\",\"target\":[\"https:\\\/\\\/www.pcmadrid.es\\\/tienda\\\/producto\\\/ampliacion-disco-macbook-pro-retina-2013-2017\\\/\"]}]},{\"@type\":\"ImageObject\",\"inLanguage\":\"es\",\"@id\":\"https:\\\/\\\/www.pcmadrid.es\\\/tienda\\\/producto\\\/ampliacion-disco-macbook-pro-retina-2013-2017\\\/#primaryimage\",\"url\":\"https:\\\/\\\/i0.wp.com\\\/www.pcmadrid.es\\\/tienda\\\/wp-content\\\/uploads\\\/2019\\\/11\\\/ampliar-ssd-macbook-pro-retina.jpg?fit=800%2C800&ssl=1\",\"contentUrl\":\"https:\\\/\\\/i0.wp.com\\\/www.pcmadrid.es\\\/tienda\\\/wp-content\\\/uploads\\\/2019\\\/11\\\/ampliar-ssd-macbook-pro-retina.jpg?fit=800%2C800&ssl=1\",\"width\":800,\"height\":800,\"caption\":\"ampliar ssd macbook pro retina\"},{\"@type\":\"BreadcrumbList\",\"@id\":\"https:\\\/\\\/www.pcmadrid.es\\\/tienda\\\/producto\\\/ampliacion-disco-macbook-pro-retina-2013-2017\\\/#breadcrumb\",\"itemListElement\":[{\"@type\":\"ListItem\",\"position\":1,\"name\":\"Portada\",\"item\":\"https:\\\/\\\/www.pcmadrid.es\\\/tienda\\\/\"},{\"@type\":\"ListItem\",\"position\":2,\"name\":\"Todos los productos\",\"item\":\"https:\\\/\\\/www.pcmadrid.es\\\/tienda\\\/todos-los-productos\\\/\"},{\"@type\":\"ListItem\",\"position\":3,\"name\":\"Ampliaci\u00f3n disco Macbook Pro Retina (2013- 2017)\"}]},{\"@type\":\"WebSite\",\"@id\":\"https:\\\/\\\/www.pcmadrid.es\\\/tienda\\\/#website\",\"url\":\"https:\\\/\\\/www.pcmadrid.es\\\/tienda\\\/\",\"name\":\"Tienda PCMADRID\",\"description\":\"Venta y reparaciones de ordenadores\",\"publisher\":{\"@id\":\"https:\\\/\\\/www.pcmadrid.es\\\/tienda\\\/#organization\"},\"potentialAction\":[{\"@type\":\"SearchAction\",\"target\":{\"@type\":\"EntryPoint\",\"urlTemplate\":\"https:\\\/\\\/www.pcmadrid.es\\\/tienda\\\/?s={search_term_string}\"},\"query-input\":{\"@type\":\"PropertyValueSpecification\",\"valueRequired\":true,\"valueName\":\"search_term_string\"}}],\"inLanguage\":\"es\"},{\"@type\":\"Organization\",\"@id\":\"https:\\\/\\\/www.pcmadrid.es\\\/tienda\\\/#organization\",\"name\":\"PCMADRID\",\"url\":\"https:\\\/\\\/www.pcmadrid.es\\\/tienda\\\/\",\"logo\":{\"@type\":\"ImageObject\",\"inLanguage\":\"es\",\"@id\":\"https:\\\/\\\/www.pcmadrid.es\\\/tienda\\\/#\\\/schema\\\/logo\\\/image\\\/\",\"url\":\"https:\\\/\\\/www.pcmadrid.es\\\/tienda\\\/wp-content\\\/uploads\\\/2019\\\/10\\\/pcmadridlogo..png\",\"contentUrl\":\"https:\\\/\\\/www.pcmadrid.es\\\/tienda\\\/wp-content\\\/uploads\\\/2019\\\/10\\\/pcmadridlogo..png\",\"width\":750,\"height\":300,\"caption\":\"PCMADRID\"},\"image\":{\"@id\":\"https:\\\/\\\/www.pcmadrid.es\\\/tienda\\\/#\\\/schema\\\/logo\\\/image\\\/\"},\"sameAs\":[\"https:\\\/\\\/www.facebook.com\\\/pcmadridinformatica\",\"https:\\\/\\\/x.com\\\/pc_madrid\",\"https:\\\/\\\/www.youtube.com\\\/channel\\\/UCIbQq9k6BBrU5x2wqDIHr7A\",\"https:\\\/\\\/www.instagram.com\\\/pcmadrid_informatica\\\/?hl=es\",\"https:\\\/\\\/www.linkedin.com\\\/company\\\/9348326\\\/admin\\\/\",\"https:\\\/\\\/www.pinterest.es\\\/pcmadrid_informatica\\\/\"]}]}<\/script>\n<!-- \/ Yoast SEO plugin. -->","yoast_head_json":{"title":"Ampliar MacBook Pro 2013 Retina | Tienda PCMADRID","description":"Ampliar macbook pro 2013-2017 Retina: Aumenta el tama\u00f1o de disco de tu MacBook con la ampliaci\u00f3n SSD. Compatible con Macbook Pro Retina (mid 2013- mid 2017)","robots":{"index":"index","follow":"follow","max-snippet":"max-snippet:-1","max-image-preview":"max-image-preview:large","max-video-preview":"max-video-preview:-1"},"canonical":"https:\/\/www.pcmadrid.es\/tienda\/producto\/ampliacion-disco-macbook-pro-retina-2013-2017\/","twitter_misc":{"Tiempo de lectura":"3 minutos"},"schema":{"@context":"https:\/\/schema.org","@graph":[{"@type":"WebPage","@id":"https:\/\/www.pcmadrid.es\/tienda\/producto\/ampliacion-disco-macbook-pro-retina-2013-2017\/","url":"https:\/\/www.pcmadrid.es\/tienda\/producto\/ampliacion-disco-macbook-pro-retina-2013-2017\/","name":"Ampliar MacBook Pro 2013 Retina | Tienda PCMADRID","isPartOf":{"@id":"https:\/\/www.pcmadrid.es\/tienda\/#website"},"primaryImageOfPage":{"@id":"https:\/\/www.pcmadrid.es\/tienda\/producto\/ampliacion-disco-macbook-pro-retina-2013-2017\/#primaryimage"},"image":{"@id":"https:\/\/www.pcmadrid.es\/tienda\/producto\/ampliacion-disco-macbook-pro-retina-2013-2017\/#primaryimage"},"thumbnailUrl":"https:\/\/i0.wp.com\/www.pcmadrid.es\/tienda\/wp-content\/uploads\/2019\/11\/ampliar-ssd-macbook-pro-retina.jpg?fit=800%2C800&ssl=1","datePublished":"2019-11-14T18:07:19+00:00","dateModified":"2025-05-09T08:49:31+00:00","description":"Ampliar macbook pro 2013-2017 Retina: Aumenta el tama\u00f1o de disco de tu MacBook con la ampliaci\u00f3n SSD. Compatible con Macbook Pro Retina (mid 2013- mid 2017)","breadcrumb":{"@id":"https:\/\/www.pcmadrid.es\/tienda\/producto\/ampliacion-disco-macbook-pro-retina-2013-2017\/#breadcrumb"},"inLanguage":"es","potentialAction":[{"@type":"ReadAction","target":["https:\/\/www.pcmadrid.es\/tienda\/producto\/ampliacion-disco-macbook-pro-retina-2013-2017\/"]}]},{"@type":"ImageObject","inLanguage":"es","@id":"https:\/\/www.pcmadrid.es\/tienda\/producto\/ampliacion-disco-macbook-pro-retina-2013-2017\/#primaryimage","url":"https:\/\/i0.wp.com\/www.pcmadrid.es\/tienda\/wp-content\/uploads\/2019\/11\/ampliar-ssd-macbook-pro-retina.jpg?fit=800%2C800&ssl=1","contentUrl":"https:\/\/i0.wp.com\/www.pcmadrid.es\/tienda\/wp-content\/uploads\/2019\/11\/ampliar-ssd-macbook-pro-retina.jpg?fit=800%2C800&ssl=1","width":800,"height":800,"caption":"ampliar ssd macbook pro retina"},{"@type":"BreadcrumbList","@id":"https:\/\/www.pcmadrid.es\/tienda\/producto\/ampliacion-disco-macbook-pro-retina-2013-2017\/#breadcrumb","itemListElement":[{"@type":"ListItem","position":1,"name":"Portada","item":"https:\/\/www.pcmadrid.es\/tienda\/"},{"@type":"ListItem","position":2,"name":"Todos los productos","item":"https:\/\/www.pcmadrid.es\/tienda\/todos-los-productos\/"},{"@type":"ListItem","position":3,"name":"Ampliaci\u00f3n disco Macbook Pro Retina (2013- 2017)"}]},{"@type":"WebSite","@id":"https:\/\/www.pcmadrid.es\/tienda\/#website","url":"https:\/\/www.pcmadrid.es\/tienda\/","name":"Tienda PCMADRID","description":"Venta y reparaciones de ordenadores","publisher":{"@id":"https:\/\/www.pcmadrid.es\/tienda\/#organization"},"potentialAction":[{"@type":"SearchAction","target":{"@type":"EntryPoint","urlTemplate":"https:\/\/www.pcmadrid.es\/tienda\/?s={search_term_string}"},"query-input":{"@type":"PropertyValueSpecification","valueRequired":true,"valueName":"search_term_string"}}],"inLanguage":"es"},{"@type":"Organization","@id":"https:\/\/www.pcmadrid.es\/tienda\/#organization","name":"PCMADRID","url":"https:\/\/www.pcmadrid.es\/tienda\/","logo":{"@type":"ImageObject","inLanguage":"es","@id":"https:\/\/www.pcmadrid.es\/tienda\/#\/schema\/logo\/image\/","url":"https:\/\/www.pcmadrid.es\/tienda\/wp-content\/uploads\/2019\/10\/pcmadridlogo..png","contentUrl":"https:\/\/www.pcmadrid.es\/tienda\/wp-content\/uploads\/2019\/10\/pcmadridlogo..png","width":750,"height":300,"caption":"PCMADRID"},"image":{"@id":"https:\/\/www.pcmadrid.es\/tienda\/#\/schema\/logo\/image\/"},"sameAs":["https:\/\/www.facebook.com\/pcmadridinformatica","https:\/\/x.com\/pc_madrid","https:\/\/www.youtube.com\/channel\/UCIbQq9k6BBrU5x2wqDIHr7A","https:\/\/www.instagram.com\/pcmadrid_informatica\/?hl=es","https:\/\/www.linkedin.com\/company\/9348326\/admin\/","https:\/\/www.pinterest.es\/pcmadrid_informatica\/"]}]}},"jetpack_sharing_enabled":true,"_links":{"self":[{"href":"https:\/\/www.pcmadrid.es\/tienda\/wp-json\/wp\/v2\/product\/7127","targetHints":{"allow":["GET"]}}],"collection":[{"href":"https:\/\/www.pcmadrid.es\/tienda\/wp-json\/wp\/v2\/product"}],"about":[{"href":"https:\/\/www.pcmadrid.es\/tienda\/wp-json\/wp\/v2\/types\/product"}],"replies":[{"embeddable":true,"href":"https:\/\/www.pcmadrid.es\/tienda\/wp-json\/wp\/v2\/comments?post=7127"}],"wp:featuredmedia":[{"embeddable":true,"href":"https:\/\/www.pcmadrid.es\/tienda\/wp-json\/wp\/v2\/media\/8194"}],"wp:attachment":[{"href":"https:\/\/www.pcmadrid.es\/tienda\/wp-json\/wp\/v2\/media?parent=7127"}],"wp:term":[{"taxonomy":"product_brand","embeddable":true,"href":"https:\/\/www.pcmadrid.es\/tienda\/wp-json\/wp\/v2\/product_brand?post=7127"},{"taxonomy":"product_cat","embeddable":true,"href":"https:\/\/www.pcmadrid.es\/tienda\/wp-json\/wp\/v2\/product_cat?post=7127"},{"taxonomy":"product_tag","embeddable":true,"href":"https:\/\/www.pcmadrid.es\/tienda\/wp-json\/wp\/v2\/product_tag?post=7127"}],"curies":[{"name":"wp","href":"https:\/\/api.w.org\/{rel}","templated":true}]}}