{"id":7158,"date":"2019-11-20T15:22:26","date_gmt":"2019-11-20T14:22:26","guid":{"rendered":"https:\/\/tienda.pcmadrid.es\/?post_type=product&#038;p=7158"},"modified":"2026-02-17T10:55:03","modified_gmt":"2026-02-17T09:55:03","slug":"oferta-portatil-lenovo-v15","status":"publish","type":"product","link":"https:\/\/www.pcmadrid.es\/tienda\/producto\/oferta-portatil-lenovo-v15\/","title":{"rendered":"Oferta Port\u00e1til Lenovo V15 G3 \u00a0(i5 12\u00aa Gen, 8-16GB RAM, 256-512GB SSD)"},"content":{"rendered":"<p>&nbsp;<\/p>\n<h2 style=\"text-align: center\"><span style=\"color: #99cc00\">Oferta Port\u00e1til Lenovo V15 G3 \u00a0(i5 <\/span><span style=\"color: #99cc00\">12\u00aa Gen, 8-16GB RAM, 256-512GB SSD)<\/span><\/h2>\n<p style=\"text-align: justify\">\u00a1Aprovecha esta oferta Port\u00e1til <strong><span style=\"color: #99cc00\"><a style=\"color: #99cc00\" href=\"https:\/\/psref.lenovo.com\/Product\/Lenovo_V15_G3_IAP?tab=spec\">Lenovo V15 G3<\/a><\/span><\/strong> !. Disfruta de un port\u00e1til Lenovo de alto rendimiento con procesador con <strong>intel i5 de 12\u00aa Generaci\u00f3n,\u00a0 8GB a 16GB de RAM y disco duro SSD de 256 a 512GB<\/strong> al mejor precio en nuestra tienda. El port\u00e1til<strong> incluye licencia de Windows 11 Pro, Office 2021<\/strong>\u00a0y una optimizaci\u00f3n con drivers y librer\u00edas incluidas para que solamente te preocupes de disfrutar de su velocidad.<\/p>\n<p><img data-recalc-dims=\"1\" loading=\"lazy\" decoding=\"async\" class=\"aligncenter wp-image-11079\" src=\"https:\/\/i0.wp.com\/www.pcmadrid.es\/tienda\/wp-content\/uploads\/2019\/11\/art_len-p-pro-82tt008ssp_1.webp?resize=614%2C614&#038;ssl=1\" alt=\"Port\u00e1til Lenovo V15 G3 \u00a0(i5 12\u00aa Gen, 8-16GB RAM, 256-512GB SSD)\" width=\"614\" height=\"614\" srcset=\"https:\/\/i0.wp.com\/www.pcmadrid.es\/tienda\/wp-content\/uploads\/2019\/11\/art_len-p-pro-82tt008ssp_1.webp?w=800&amp;ssl=1 800w, https:\/\/i0.wp.com\/www.pcmadrid.es\/tienda\/wp-content\/uploads\/2019\/11\/art_len-p-pro-82tt008ssp_1.webp?resize=300%2C300&amp;ssl=1 300w, https:\/\/i0.wp.com\/www.pcmadrid.es\/tienda\/wp-content\/uploads\/2019\/11\/art_len-p-pro-82tt008ssp_1.webp?resize=150%2C150&amp;ssl=1 150w, https:\/\/i0.wp.com\/www.pcmadrid.es\/tienda\/wp-content\/uploads\/2019\/11\/art_len-p-pro-82tt008ssp_1.webp?resize=768%2C768&amp;ssl=1 768w, https:\/\/i0.wp.com\/www.pcmadrid.es\/tienda\/wp-content\/uploads\/2019\/11\/art_len-p-pro-82tt008ssp_1.webp?resize=65%2C65&amp;ssl=1 65w, https:\/\/i0.wp.com\/www.pcmadrid.es\/tienda\/wp-content\/uploads\/2019\/11\/art_len-p-pro-82tt008ssp_1.webp?resize=600%2C600&amp;ssl=1 600w, https:\/\/i0.wp.com\/www.pcmadrid.es\/tienda\/wp-content\/uploads\/2019\/11\/art_len-p-pro-82tt008ssp_1.webp?resize=100%2C100&amp;ssl=1 100w\" sizes=\"(max-width: 614px) 100vw, 614px\" \/><\/p>\n<h2 style=\"text-align: center\"><span style=\"color: #99cc00\">Oferta Port\u00e1til Lenovo V15 G3 \u00a0(i5 <\/span><span style=\"color: #99cc00\">12\u00aa Gen, 8-16GB RAM, 256-512GB SSD) con pantalla amplia y visualizaci\u00f3n sin reflejos<\/span><\/h2>\n<p style=\"text-align: justify\">\u00a1Aprovecha esta oferta Port\u00e1til <span style=\"color: #99cc00\"><strong><a style=\"color: #99cc00\" href=\"https:\/\/psref.lenovo.com\/Product\/Lenovo_V15_G3_IAP?tab=spec\">Lenovo V15 G3<\/a><\/strong><\/span> !. El port\u00e1til\u00a0Lenovo V15 G3 para particulares y peque\u00f1as empresas es muy transportable combina rendimiento, procesamiento potente, seguridad y portabilidad en un dise\u00f1o ligero de tan solo 1.7 kg. Equipado con el potente procesador <span style=\"color: #99cc00\"><strong><a style=\"color: #99cc00\" href=\"https:\/\/ark.intel.com\/content\/www\/xl\/es\/ark\/products\/226261\/intel-core-i5-1235u-processor-12m-cache-up-to-4-40-ghz.html\">Intel Core i5-1235U<\/a> <\/strong><\/span>de 12\u00aa generaci\u00f3n y opciones de RAM de 8 hasta 16 GB, disco duro SSD de 256 a 512GB, este port\u00e1til est\u00e1 preparado para manejar tareas empresariales y multitarea con agilidad.<\/p>\n<p style=\"text-align: justify\">La pantalla antirreflectante Full HD de 15,6\u201d permite trabajar c\u00f3modamente desde cualquier \u00e1ngulo, mientras que la conectividad avanzada y el m\u00f3dulo TPM aseguran la protecci\u00f3n de tus datos. Este notebook es altamente seguro con <span style=\"color: #99cc00\"><a style=\"color: #99cc00\" href=\"https:\/\/es.wikipedia.org\/wiki\/M%C3%B3dulo_de_plataforma_confiable\" target=\"_blank\" rel=\"noopener noreferrer\"><strong>Trusted Platform Module<\/strong><\/a><\/span>, que funciona en conjunto con Windows 11 Pro Bitlocker para encriptar datos y contrase\u00f1as.\u00a0<strong>Perfecto para el teletrabajo.<\/strong><\/p>\n<p style=\"text-align: justify\">Con <span style=\"color: #99cc00\"><strong><a style=\"color: #99cc00\" href=\"https:\/\/www.pcmadrid.es\/tienda\/categoria-producto\/licencias-programas\/\">Windows 11 PRO y Office 2021 Pro<\/a><\/strong><\/span> preinstalados y listos para su uso, libre de programas de prueba y publicidad, con todos los drivers instalados y \u00faltimas actualizaciones disponibles, el Lenovo V15 G3 est\u00e1 listo para maximizar tu productividad desde el primer uso.<\/p>\n<p style=\"padding-left: 40px;text-align: justify\"><span style=\"color: #99cc00\"><strong>\u00a0Pantalla visible desde cualquier \u00e1ngulo: <\/strong><\/span>Con la pantalla anti reflectante, el <strong>Lenovo V15 G3<\/strong><strong>\u00a0<\/strong>ofrece efectos visuales ricos sin importar lo que est\u00e9s haciendo. La pantalla se abre 180\u00ba, por lo que es sencillo compartir y colaborar. Con los altavoces est\u00e9reo y Dolby Audio, da igual lo que escuches, porque siempre sonar\u00e1 bien.<\/p>\n<p style=\"padding-left: 40px;text-align: justify\"><strong><span style=\"color: #99cc00\">Teclado ergon\u00f3mico y de tama\u00f1o completo:<\/span>\u00a0\u00a0<\/strong>El port\u00e1til<strong> Lenovo V15 G3<\/strong>\u00a0ha sido dise\u00f1ado para una mayor comodidad y precisi\u00f3n de tipeo. El gran panel t\u00e1ctil hace que sea a\u00fan m\u00e1s f\u00e1cil ser productivo est\u00e9s donde est\u00e9s. Este teclado tambi\u00e9n es resistente a derrames, por lo que puedes dedicarte a tu negocio sin preocuparte por los peque\u00f1os contratiempos de la vida cotidiana.<\/p>\n<p style=\"padding-left: 40px;text-align: justify\"><span style=\"color: #99cc00\"><strong>\u00a0Trusted Platform Module (TPM): <\/strong><\/span>\u00a0Este notebook es altamente seguro con\u00a0<span style=\"color: #99cc00\"><a style=\"color: #99cc00\" href=\"https:\/\/es.wikipedia.org\/wiki\/M%C3%B3dulo_de_plataforma_confiable\" target=\"_blank\" rel=\"noopener noreferrer\"><strong>Trusted Platform Module<\/strong><\/a><\/span>, que funciona en conjunto con Windows 11 Pro Bitlocker, Juntos cifran \/ enriptan todos tus datos y contrase\u00f1as.\u00a0 Prot\u00e9gete de los piratas inform\u00e1ticos con la alta seguridad del <strong>Lenovo V15 G3<\/strong><strong> .<\/strong><\/p>\n<p>&nbsp;<\/p>\n<h2><span style=\"color: #99cc00\">Especificaciones Port\u00e1til <\/span><span style=\"color: #99cc00\">Lenovo V15 G3 \u00a0(i5 <\/span><span style=\"color: #99cc00\">12\u00aa Gen, 8-16GB RAM, 256-512GB SSD)<\/span><\/h2>\n<table style=\"width: 100%;border-collapse: collapse\" border=\"1\">\n<thead>\n<tr>\n<th style=\"background-color: #f0f0f0;text-align: left;padding-left: 20px;width: 100%\" colspan=\"2\"><span style=\"font-size: 14pt\"><strong>Caracter\u00edsticas del Port\u00e1til<\/strong><\/span><\/th>\n<\/tr>\n<\/thead>\n<tbody>\n<tr>\n<td style=\"padding-left: 20px;width: 25.9071%\">Procesador<\/td>\n<td style=\"padding-left: 20px;padding-right: 5px;width: 74.0929%\"><strong><span style=\"color: #99cc00\">Intel\u00ae Core\u2122 i5-1235U<\/span><\/strong> de 12\u00aa generaci\u00f3n (hasta 4.40 GHz con Turbo Boost, 10 n\u00facleos, 12 MB de cach\u00e9 L3), Litograf\u00eda Intel 7, ideal para rendimiento r\u00e1pido en multitarea.<\/td>\n<\/tr>\n<tr>\n<td style=\"padding-left: 20px;width: 25.9071%\">Memoria RAM<\/td>\n<td style=\"padding-left: 20px;padding-right: 5px;width: 74.0929%\">Configurable entre 8 GB y 16 GB DDR4-SDRAM a 3200 MHz, ampliable para soportar aplicaciones empresariales.<\/td>\n<\/tr>\n<tr>\n<td style=\"padding-left: 20px;width: 25.9071%\">Almacenamiento<\/td>\n<td style=\"padding-left: 20px;padding-right: 5px;width: 74.0929%\">SSD NVMe PCIe 3.0 de 256 GB a 512 GB, con arranques r\u00e1pidos y acceso veloz a archivos. Tipo de SSD NVMe PCIe 2242.<\/td>\n<\/tr>\n<tr>\n<td style=\"padding-left: 20px;width: 25.9071%\">Pantalla<\/td>\n<td style=\"padding-left: 20px;padding-right: 5px;width: 74.0929%\">15,6&#8243; Full HD (1920 x 1080), panel TN antirreflectante, con una relaci\u00f3n de aspecto de 16:9 y retroiluminaci\u00f3n LED, perfecta para reducir el cansancio visual.<\/td>\n<\/tr>\n<tr>\n<td style=\"padding-left: 20px;width: 25.9071%\">Teclado<\/td>\n<td style=\"padding-left: 20px;padding-right: 5px;width: 74.0929%\">De tama\u00f1o completo con teclado num\u00e9rico, con teclas de Windows y dispositivo apuntador Touchpad. Optimizado para un uso ergon\u00f3mico y resistente a derrames.<\/td>\n<\/tr>\n<tr>\n<td style=\"padding-left: 20px;width: 25.9071%\">Gr\u00e1ficos<\/td>\n<td style=\"padding-left: 20px;padding-right: 5px;width: 74.0929%\">Intel Iris Xe Graphics, adecuados para multimedia y tareas visuales ligeras.<\/td>\n<\/tr>\n<tr>\n<td style=\"padding-left: 20px;width: 25.9071%\">Sistema multimedia<\/td>\n<td style=\"padding-left: 20px;padding-right: 5px;width: 74.0929%\">C\u00e1mara frontal HD y altavoces est\u00e9reo con Dolby Audio para videollamadas claras y sonido de calidad. No incluye lector DVD.<\/td>\n<\/tr>\n<tr>\n<td style=\"padding-left: 20px;width: 25.9071%\">Conexi\u00f3n de red<\/td>\n<td style=\"padding-left: 20px;padding-right: 5px;width: 74.0929%\">Conectividad r\u00e1pida con Wi-Fi 802.11ac, Ethernet 10\/100\/1000 Mb\/s y Bluetooth 5.0.\u00a0 Est\u00e1ndares de red IEEE 802.11a, IEEE 802.11ac, IEEE 802.11b, IEEE 802.11g, IEEE 802.11n<\/td>\n<\/tr>\n<tr>\n<td style=\"padding-left: 20px;width: 25.9071%\">Conexiones<\/td>\n<td style=\"padding-left: 20px;padding-right: 5px;width: 74.0929%\">1 USB-C, 1 HDMI, 1 RJ-45, 1 USB 3.2, 1 USB 2.0 y combo de auriculares\/micr\u00f3fono para una conectividad completa.<\/td>\n<\/tr>\n<tr>\n<td style=\"padding-left: 20px;width: 25.9071%\">Bater\u00eda<\/td>\n<td style=\"padding-left: 20px;padding-right: 5px;width: 74.0929%\">2 celdas de 38 Wh, que proporciona energ\u00eda suficiente para la jornada laboral.<\/td>\n<\/tr>\n<tr>\n<td style=\"padding-left: 20px;width: 25.9071%\">Sistema Operativo<\/td>\n<td style=\"padding-left: 20px;padding-right: 5px;width: 74.0929%\"><span style=\"color: #99cc00\"><strong><a style=\"color: #99cc00\" href=\"https:\/\/www.pcmadrid.es\/tienda\/categoria-producto\/licencias-programas\/\">Windows 11 PRO y Office 2021 Pro<\/a><\/strong><\/span> instalados y listos para su uso.<\/td>\n<\/tr>\n<tr>\n<td style=\"padding-left: 20px;width: 25.9071%\">Dise\u00f1o<\/td>\n<td style=\"padding-left: 20px;padding-right: 5px;width: 74.0929%\">Ligero y compacto, en color Negro Business<\/td>\n<\/tr>\n<tr>\n<td style=\"padding-left: 20px;width: 25.9071%\">Dimensiones<\/td>\n<td style=\"padding-left: 20px;padding-right: 5px;width: 74.0929%\">359 x 236 x 19.9 mm (Ancho, Alto, Profundidad) , lo que permite su portabilidad sin comprometer el rendimiento.<\/td>\n<\/tr>\n<tr>\n<td style=\"padding-left: 20px;width: 25.9071%\">Peso<\/td>\n<td style=\"padding-left: 20px;padding-right: 5px;width: 74.0929%\">F\u00e1cil de transportar con un peso de solo 1.7 kg.<\/td>\n<\/tr>\n<\/tbody>\n<\/table>\n<p>&nbsp;<\/p>\n<h3><span style=\"color: #99cc00\">Beneficios Claves: Portabilidad y seguridad en cualquier lugar con imprensionante rendimiento y velocidad.<\/span><\/h3>\n<p style=\"text-align: justify\">Con el procesador Intel <span style=\"color: #99cc00\"><strong><a style=\"color: #99cc00\" href=\"https:\/\/ark.intel.com\/content\/www\/xl\/es\/ark\/products\/226261\/intel-core-i5-1235u-processor-12m-cache-up-to-4-40-ghz.html\">Intel Core i5-1235U<\/a> <\/strong><\/span> de 12\u00aa generaci\u00f3n y opciones de RAM configurables hasta 16 GB DDR4, el<strong><span style=\"color: #99cc00\"> <a style=\"color: #99cc00\" href=\"https:\/\/psref.lenovo.com\/Product\/Lenovo_V15_G3_IAP?tab=spec\">Lenovo V15 G3<\/a><\/span><\/strong> permite realizar m\u00faltiples tareas sin interrupciones, ya sea en el trabajo o en el estudio. El almacenamiento SSD de hasta 512 GB ofrece tiempos de inicio r\u00e1pidos y acceso instant\u00e1neo a aplicaciones y archivos, ideal para usuarios que buscan agilidad en su productividad diaria. Y\u00a0 con un dise\u00f1o compacto y ligero de solo 1.7 kg, el Lenovo V15 G3 es f\u00e1cil de transportar y perfecto para profesionales que necesitan trabajar desde cualquier ubicaci\u00f3n. Su Trusted Platform Module (TPM) en conjunto con Windows 11 Pro y BitLocker garantiza la seguridad de tus datos.<\/p>\n<p>&nbsp;<\/p>\n<h3><span style=\"color: #99cc00\">Garant\u00eda y soporte: Seguridad para tus necesidades<\/span><\/h3>\n<p style=\"text-align: justify\">Incluye una garant\u00eda de 3 a\u00f1os para asegurar que tu inversi\u00f3n est\u00e9 protegida. Adem\u00e1s, ofrecemos <a href=\"https:\/\/www.pcmadrid.es\/tienda\/categoria-producto\/reparaciones\/\"><span style=\"color: #99cc00\">soporte t\u00e9cnico especializado<\/span><\/a> para garantizar el \u00f3ptimo funcionamiento de tu equipo.<\/p>\n","protected":false},"excerpt":{"rendered":"<p>Oferta Port\u00e1til Lenovo V15 G3 !. Disfruta de un port\u00e1til <strong>Lenovo con intel i5 de 12\u00aa Generaci\u00f3n,\u00a0 8GB a 16GB de RAM y disco duro SSD de 256 a 512GB<\/strong> al mejor precio en nuestra tienda. El port\u00e1til<strong> incluye licencia de Windows 11 Pro, Office 2021<\/strong>\u00a0y una optimizaci\u00f3n con drivers y librer\u00edas incluidas para que solamente te preocupes de disfrutar de su velocidad.<\/p>\n","protected":false},"featured_media":11079,"comment_status":"open","ping_status":"closed","template":"","meta":{"_et_pb_use_builder":"","_et_pb_old_content":"","_et_gb_content_width":""},"product_brand":[],"product_cat":[96,102,412,92,65],"product_tag":[],"class_list":{"0":"post-7158","1":"product","2":"type-product","3":"status-publish","4":"has-post-thumbnail","6":"product_cat-ofertas","7":"product_cat-comprar-ordenadores","8":"product_cat-portatiles-de-oficina","9":"product_cat-portatiles-windows","10":"product_cat-todos","12":"first","13":"instock","14":"taxable","15":"shipping-taxable","16":"purchasable","17":"product-type-variable","18":"has-default-attributes"},"yoast_head":"<!-- This site is optimized with the Yoast SEO plugin v27.5 - https:\/\/yoast.com\/product\/yoast-seo-wordpress\/ -->\n<title>Oferta Port\u00e1til Lenovo V15Oferta Port\u00e1til Lenovo V15 G3 \u00a0(i5 12\u00aa Gen, 8-16GB RAM, 256-512GB SSD)<\/title>\n<meta name=\"description\" content=\"Oferta Port\u00e1til Lenovo V15 G3 i5: Disfruta de esta oferta por tiempo limitado: Con i5 8GB a 16GB y SSD de 256 a 512GB. Windows 11 Pro y envi\u00f3 incluido.\" \/>\n<meta name=\"robots\" content=\"index, follow, max-snippet:-1, max-image-preview:large, max-video-preview:-1\" \/>\n<link rel=\"canonical\" href=\"https:\/\/www.pcmadrid.es\/tienda\/producto\/oferta-portatil-lenovo-v15\/\" \/>\n<meta name=\"twitter:label1\" content=\"Tiempo de lectura\" \/>\n\t<meta name=\"twitter:data1\" content=\"5 minutos\" \/>\n<script type=\"application\/ld+json\" class=\"yoast-schema-graph\">{\"@context\":\"https:\\\/\\\/schema.org\",\"@graph\":[{\"@type\":\"WebPage\",\"@id\":\"https:\\\/\\\/www.pcmadrid.es\\\/tienda\\\/producto\\\/oferta-portatil-lenovo-v15\\\/\",\"url\":\"https:\\\/\\\/www.pcmadrid.es\\\/tienda\\\/producto\\\/oferta-portatil-lenovo-v15\\\/\",\"name\":\"Oferta Port\u00e1til Lenovo V15Oferta Port\u00e1til Lenovo V15 G3 \u00a0(i5 12\u00aa Gen, 8-16GB RAM, 256-512GB SSD)\",\"isPartOf\":{\"@id\":\"https:\\\/\\\/www.pcmadrid.es\\\/tienda\\\/#website\"},\"primaryImageOfPage\":{\"@id\":\"https:\\\/\\\/www.pcmadrid.es\\\/tienda\\\/producto\\\/oferta-portatil-lenovo-v15\\\/#primaryimage\"},\"image\":{\"@id\":\"https:\\\/\\\/www.pcmadrid.es\\\/tienda\\\/producto\\\/oferta-portatil-lenovo-v15\\\/#primaryimage\"},\"thumbnailUrl\":\"https:\\\/\\\/i0.wp.com\\\/www.pcmadrid.es\\\/tienda\\\/wp-content\\\/uploads\\\/2019\\\/11\\\/art_len-p-pro-82tt008ssp_1.webp?fit=800%2C800&ssl=1\",\"datePublished\":\"2019-11-20T14:22:26+00:00\",\"dateModified\":\"2026-02-17T09:55:03+00:00\",\"description\":\"Oferta Port\u00e1til Lenovo V15 G3 i5: Disfruta de esta oferta por tiempo limitado: Con i5 8GB a 16GB y SSD de 256 a 512GB. Windows 11 Pro y envi\u00f3 incluido.\",\"breadcrumb\":{\"@id\":\"https:\\\/\\\/www.pcmadrid.es\\\/tienda\\\/producto\\\/oferta-portatil-lenovo-v15\\\/#breadcrumb\"},\"inLanguage\":\"es\",\"potentialAction\":[{\"@type\":\"ReadAction\",\"target\":[\"https:\\\/\\\/www.pcmadrid.es\\\/tienda\\\/producto\\\/oferta-portatil-lenovo-v15\\\/\"]}]},{\"@type\":\"ImageObject\",\"inLanguage\":\"es\",\"@id\":\"https:\\\/\\\/www.pcmadrid.es\\\/tienda\\\/producto\\\/oferta-portatil-lenovo-v15\\\/#primaryimage\",\"url\":\"https:\\\/\\\/i0.wp.com\\\/www.pcmadrid.es\\\/tienda\\\/wp-content\\\/uploads\\\/2019\\\/11\\\/art_len-p-pro-82tt008ssp_1.webp?fit=800%2C800&ssl=1\",\"contentUrl\":\"https:\\\/\\\/i0.wp.com\\\/www.pcmadrid.es\\\/tienda\\\/wp-content\\\/uploads\\\/2019\\\/11\\\/art_len-p-pro-82tt008ssp_1.webp?fit=800%2C800&ssl=1\",\"width\":800,\"height\":800},{\"@type\":\"BreadcrumbList\",\"@id\":\"https:\\\/\\\/www.pcmadrid.es\\\/tienda\\\/producto\\\/oferta-portatil-lenovo-v15\\\/#breadcrumb\",\"itemListElement\":[{\"@type\":\"ListItem\",\"position\":1,\"name\":\"Portada\",\"item\":\"https:\\\/\\\/www.pcmadrid.es\\\/tienda\\\/\"},{\"@type\":\"ListItem\",\"position\":2,\"name\":\"Todos los productos\",\"item\":\"https:\\\/\\\/www.pcmadrid.es\\\/tienda\\\/todos-los-productos\\\/\"},{\"@type\":\"ListItem\",\"position\":3,\"name\":\"Oferta Port\u00e1til Lenovo V15 G3 \u00a0(i5 12\u00aa Gen, 8-16GB RAM, 256-512GB SSD)\"}]},{\"@type\":\"WebSite\",\"@id\":\"https:\\\/\\\/www.pcmadrid.es\\\/tienda\\\/#website\",\"url\":\"https:\\\/\\\/www.pcmadrid.es\\\/tienda\\\/\",\"name\":\"Tienda PCMADRID\",\"description\":\"Venta y reparaciones de ordenadores\",\"publisher\":{\"@id\":\"https:\\\/\\\/www.pcmadrid.es\\\/tienda\\\/#organization\"},\"potentialAction\":[{\"@type\":\"SearchAction\",\"target\":{\"@type\":\"EntryPoint\",\"urlTemplate\":\"https:\\\/\\\/www.pcmadrid.es\\\/tienda\\\/?s={search_term_string}\"},\"query-input\":{\"@type\":\"PropertyValueSpecification\",\"valueRequired\":true,\"valueName\":\"search_term_string\"}}],\"inLanguage\":\"es\"},{\"@type\":\"Organization\",\"@id\":\"https:\\\/\\\/www.pcmadrid.es\\\/tienda\\\/#organization\",\"name\":\"PCMADRID\",\"url\":\"https:\\\/\\\/www.pcmadrid.es\\\/tienda\\\/\",\"logo\":{\"@type\":\"ImageObject\",\"inLanguage\":\"es\",\"@id\":\"https:\\\/\\\/www.pcmadrid.es\\\/tienda\\\/#\\\/schema\\\/logo\\\/image\\\/\",\"url\":\"https:\\\/\\\/www.pcmadrid.es\\\/tienda\\\/wp-content\\\/uploads\\\/2019\\\/10\\\/pcmadridlogo..png\",\"contentUrl\":\"https:\\\/\\\/www.pcmadrid.es\\\/tienda\\\/wp-content\\\/uploads\\\/2019\\\/10\\\/pcmadridlogo..png\",\"width\":750,\"height\":300,\"caption\":\"PCMADRID\"},\"image\":{\"@id\":\"https:\\\/\\\/www.pcmadrid.es\\\/tienda\\\/#\\\/schema\\\/logo\\\/image\\\/\"},\"sameAs\":[\"https:\\\/\\\/www.facebook.com\\\/pcmadridinformatica\",\"https:\\\/\\\/x.com\\\/pc_madrid\",\"https:\\\/\\\/www.youtube.com\\\/channel\\\/UCIbQq9k6BBrU5x2wqDIHr7A\",\"https:\\\/\\\/www.instagram.com\\\/pcmadrid_informatica\\\/?hl=es\",\"https:\\\/\\\/www.linkedin.com\\\/company\\\/9348326\\\/admin\\\/\",\"https:\\\/\\\/www.pinterest.es\\\/pcmadrid_informatica\\\/\"]}]}<\/script>\n<!-- \/ Yoast SEO plugin. -->","yoast_head_json":{"title":"Oferta Port\u00e1til Lenovo V15Oferta Port\u00e1til Lenovo V15 G3 \u00a0(i5 12\u00aa Gen, 8-16GB RAM, 256-512GB SSD)","description":"Oferta Port\u00e1til Lenovo V15 G3 i5: Disfruta de esta oferta por tiempo limitado: Con i5 8GB a 16GB y SSD de 256 a 512GB. Windows 11 Pro y envi\u00f3 incluido.","robots":{"index":"index","follow":"follow","max-snippet":"max-snippet:-1","max-image-preview":"max-image-preview:large","max-video-preview":"max-video-preview:-1"},"canonical":"https:\/\/www.pcmadrid.es\/tienda\/producto\/oferta-portatil-lenovo-v15\/","twitter_misc":{"Tiempo de lectura":"5 minutos"},"schema":{"@context":"https:\/\/schema.org","@graph":[{"@type":"WebPage","@id":"https:\/\/www.pcmadrid.es\/tienda\/producto\/oferta-portatil-lenovo-v15\/","url":"https:\/\/www.pcmadrid.es\/tienda\/producto\/oferta-portatil-lenovo-v15\/","name":"Oferta Port\u00e1til Lenovo V15Oferta Port\u00e1til Lenovo V15 G3 \u00a0(i5 12\u00aa Gen, 8-16GB RAM, 256-512GB SSD)","isPartOf":{"@id":"https:\/\/www.pcmadrid.es\/tienda\/#website"},"primaryImageOfPage":{"@id":"https:\/\/www.pcmadrid.es\/tienda\/producto\/oferta-portatil-lenovo-v15\/#primaryimage"},"image":{"@id":"https:\/\/www.pcmadrid.es\/tienda\/producto\/oferta-portatil-lenovo-v15\/#primaryimage"},"thumbnailUrl":"https:\/\/i0.wp.com\/www.pcmadrid.es\/tienda\/wp-content\/uploads\/2019\/11\/art_len-p-pro-82tt008ssp_1.webp?fit=800%2C800&ssl=1","datePublished":"2019-11-20T14:22:26+00:00","dateModified":"2026-02-17T09:55:03+00:00","description":"Oferta Port\u00e1til Lenovo V15 G3 i5: Disfruta de esta oferta por tiempo limitado: Con i5 8GB a 16GB y SSD de 256 a 512GB. Windows 11 Pro y envi\u00f3 incluido.","breadcrumb":{"@id":"https:\/\/www.pcmadrid.es\/tienda\/producto\/oferta-portatil-lenovo-v15\/#breadcrumb"},"inLanguage":"es","potentialAction":[{"@type":"ReadAction","target":["https:\/\/www.pcmadrid.es\/tienda\/producto\/oferta-portatil-lenovo-v15\/"]}]},{"@type":"ImageObject","inLanguage":"es","@id":"https:\/\/www.pcmadrid.es\/tienda\/producto\/oferta-portatil-lenovo-v15\/#primaryimage","url":"https:\/\/i0.wp.com\/www.pcmadrid.es\/tienda\/wp-content\/uploads\/2019\/11\/art_len-p-pro-82tt008ssp_1.webp?fit=800%2C800&ssl=1","contentUrl":"https:\/\/i0.wp.com\/www.pcmadrid.es\/tienda\/wp-content\/uploads\/2019\/11\/art_len-p-pro-82tt008ssp_1.webp?fit=800%2C800&ssl=1","width":800,"height":800},{"@type":"BreadcrumbList","@id":"https:\/\/www.pcmadrid.es\/tienda\/producto\/oferta-portatil-lenovo-v15\/#breadcrumb","itemListElement":[{"@type":"ListItem","position":1,"name":"Portada","item":"https:\/\/www.pcmadrid.es\/tienda\/"},{"@type":"ListItem","position":2,"name":"Todos los productos","item":"https:\/\/www.pcmadrid.es\/tienda\/todos-los-productos\/"},{"@type":"ListItem","position":3,"name":"Oferta Port\u00e1til Lenovo V15 G3 \u00a0(i5 12\u00aa Gen, 8-16GB RAM, 256-512GB SSD)"}]},{"@type":"WebSite","@id":"https:\/\/www.pcmadrid.es\/tienda\/#website","url":"https:\/\/www.pcmadrid.es\/tienda\/","name":"Tienda PCMADRID","description":"Venta y reparaciones de ordenadores","publisher":{"@id":"https:\/\/www.pcmadrid.es\/tienda\/#organization"},"potentialAction":[{"@type":"SearchAction","target":{"@type":"EntryPoint","urlTemplate":"https:\/\/www.pcmadrid.es\/tienda\/?s={search_term_string}"},"query-input":{"@type":"PropertyValueSpecification","valueRequired":true,"valueName":"search_term_string"}}],"inLanguage":"es"},{"@type":"Organization","@id":"https:\/\/www.pcmadrid.es\/tienda\/#organization","name":"PCMADRID","url":"https:\/\/www.pcmadrid.es\/tienda\/","logo":{"@type":"ImageObject","inLanguage":"es","@id":"https:\/\/www.pcmadrid.es\/tienda\/#\/schema\/logo\/image\/","url":"https:\/\/www.pcmadrid.es\/tienda\/wp-content\/uploads\/2019\/10\/pcmadridlogo..png","contentUrl":"https:\/\/www.pcmadrid.es\/tienda\/wp-content\/uploads\/2019\/10\/pcmadridlogo..png","width":750,"height":300,"caption":"PCMADRID"},"image":{"@id":"https:\/\/www.pcmadrid.es\/tienda\/#\/schema\/logo\/image\/"},"sameAs":["https:\/\/www.facebook.com\/pcmadridinformatica","https:\/\/x.com\/pc_madrid","https:\/\/www.youtube.com\/channel\/UCIbQq9k6BBrU5x2wqDIHr7A","https:\/\/www.instagram.com\/pcmadrid_informatica\/?hl=es","https:\/\/www.linkedin.com\/company\/9348326\/admin\/","https:\/\/www.pinterest.es\/pcmadrid_informatica\/"]}]}},"jetpack_sharing_enabled":true,"_links":{"self":[{"href":"https:\/\/www.pcmadrid.es\/tienda\/wp-json\/wp\/v2\/product\/7158","targetHints":{"allow":["GET"]}}],"collection":[{"href":"https:\/\/www.pcmadrid.es\/tienda\/wp-json\/wp\/v2\/product"}],"about":[{"href":"https:\/\/www.pcmadrid.es\/tienda\/wp-json\/wp\/v2\/types\/product"}],"replies":[{"embeddable":true,"href":"https:\/\/www.pcmadrid.es\/tienda\/wp-json\/wp\/v2\/comments?post=7158"}],"wp:featuredmedia":[{"embeddable":true,"href":"https:\/\/www.pcmadrid.es\/tienda\/wp-json\/wp\/v2\/media\/11079"}],"wp:attachment":[{"href":"https:\/\/www.pcmadrid.es\/tienda\/wp-json\/wp\/v2\/media?parent=7158"}],"wp:term":[{"taxonomy":"product_brand","embeddable":true,"href":"https:\/\/www.pcmadrid.es\/tienda\/wp-json\/wp\/v2\/product_brand?post=7158"},{"taxonomy":"product_cat","embeddable":true,"href":"https:\/\/www.pcmadrid.es\/tienda\/wp-json\/wp\/v2\/product_cat?post=7158"},{"taxonomy":"product_tag","embeddable":true,"href":"https:\/\/www.pcmadrid.es\/tienda\/wp-json\/wp\/v2\/product_tag?post=7158"}],"curies":[{"name":"wp","href":"https:\/\/api.w.org\/{rel}","templated":true}]}}