{"id":7310,"date":"2020-05-03T11:05:10","date_gmt":"2020-05-03T09:05:10","guid":{"rendered":"https:\/\/www.pcmadrid.es\/tienda\/?post_type=product&#038;p=7310"},"modified":"2025-05-09T10:49:32","modified_gmt":"2025-05-09T08:49:32","slug":"ordenador-i7-14700f-intel-arc-8gb-ddr5-w11","status":"publish","type":"product","link":"https:\/\/www.pcmadrid.es\/tienda\/producto\/ordenador-i7-14700f-intel-arc-8gb-ddr5-w11\/","title":{"rendered":"Ordenador ASUS i7 14700F &#8211; Intel ARC A750 &#8211; 32GB"},"content":{"rendered":"<p>El Ordenador ASUS i7 14700F con gr\u00e1fica dedicada Intel ARC A750 de 8GB cuenta con componentes de primeras marcas. Monta un <strong>procesador Intel i7 14700F <\/strong>sobre una placa base msi<strong> B760M<\/strong> (u otras primeras marcas seg\u00fan disponibilidad) con BIOS actualizada hasta su \u00faltima versi\u00f3n.<\/p>\n<h2 style=\"text-align: center;\"><span style=\"color: #99cc00;\">Ordenador i7 con gr\u00e1fica Intel ARC A750 en oferta<\/span><\/h2>\n<p>Ordenador profesional intel i7 orientado a <strong>Gaming, dise\u00f1o gr\u00e1fico, edici\u00f3n de v\u00eddeo<\/strong> y tareas multimedia avanzadas. Cuenta con gr\u00e1fica dedicada Intel ARC A750 de 8GB GDDR6, 32GB de memoria RAM, M.2 NVMe 4.0 de 1TB y componentes de primeras marcas as\u00ed como garant\u00eda de 3 a\u00f1os. Con licencia Windows 11 Pro y Office 2021 Pro.<\/p>\n<p>&nbsp;<\/p>\n<hr \/>\n<p>&nbsp;<\/p>\n<p><strong>Detalles de producto:<\/strong><\/p>\n<p>Procesador Intel\u00ae Core\u2122 i7-14700F (cach\u00e9 de 30 MB, hasta 5,20 GHz)<\/p>\n<p>Placa base ASUS B760M<\/p>\n<p>Tarjeta gr\u00e1fica: Intel ARC A750 8GB GDDR6<\/p>\n<p>Memoria RAM DDR5 32GB (3000MHz) DDR5 (2 x 16GB)<\/p>\n<p>Disco duro SSD NVMe 4.0 de 1TB<\/p>\n<p>Fuente de alimentaci\u00f3n Abysm de 750W<\/p>\n<p>Almacenamiento \u00f3ptico no incluido<\/p>\n<p>Torre: ASUS Prime CASE TG<\/p>\n<p>Sistema operativo Microsoft Windows 11 Pro 64bits<\/p>\n<p>Color Negro y lateral transparente<\/p>\n<p>Montaje, testeo, instalaci\u00f3n de sistema, Drivers, pack de programas y env\u00edo incluidos en precio.<\/p>\n<p>Garant\u00eda de 3 a\u00f1os.<\/p>\n<p>Tiempo de montaje y env\u00edo 2 a 5 d\u00edas laborables desde fecha de pedido, por posibles variaciones en entregas de MRW.<\/p>\n","protected":false},"excerpt":{"rendered":"<p>Equipo Intel con procesador i7 de \u00faltima generaci\u00f3n y tarjeta gr\u00e1fica dedicada INTEL ARC<\/p>\n","protected":false},"featured_media":12220,"comment_status":"open","ping_status":"closed","template":"","meta":{"_et_pb_use_builder":"","_et_pb_old_content":"","_et_gb_content_width":""},"product_brand":[],"product_cat":[96,102,381,94,65],"product_tag":[],"class_list":{"0":"post-7310","1":"product","2":"type-product","3":"status-publish","4":"has-post-thumbnail","6":"product_cat-ofertas","7":"product_cat-comprar-ordenadores","8":"product_cat-pc-profesional","9":"product_cat-pc-sobremesa","10":"product_cat-todos","12":"first","13":"instock","14":"taxable","15":"shipping-taxable","16":"purchasable","17":"product-type-variable","18":"has-default-attributes"},"yoast_head":"<!-- This site is optimized with the Yoast SEO plugin v26.5 - https:\/\/yoast.com\/wordpress\/plugins\/seo\/ -->\n<title>Ordenador ASUS i7 14700F - Intel ARC A750 - 32GB<\/title>\n<meta name=\"robots\" content=\"index, follow, max-snippet:-1, max-image-preview:large, max-video-preview:-1\" \/>\n<link rel=\"canonical\" href=\"https:\/\/www.pcmadrid.es\/tienda\/producto\/ordenador-i7-14700f-intel-arc-8gb-ddr5-w11\/\" \/>\n<meta name=\"twitter:label1\" content=\"Tiempo de lectura\" \/>\n\t<meta name=\"twitter:data1\" content=\"2 minutos\" \/>\n<script type=\"application\/ld+json\" class=\"yoast-schema-graph\">{\"@context\":\"https:\/\/schema.org\",\"@graph\":[{\"@type\":\"WebPage\",\"@id\":\"https:\/\/www.pcmadrid.es\/tienda\/producto\/ordenador-i7-14700f-intel-arc-8gb-ddr5-w11\/\",\"url\":\"https:\/\/www.pcmadrid.es\/tienda\/producto\/ordenador-i7-14700f-intel-arc-8gb-ddr5-w11\/\",\"name\":\"Ordenador ASUS i7 14700F - Intel ARC A750 - 32GB\",\"isPartOf\":{\"@id\":\"https:\/\/www.pcmadrid.es\/tienda\/#website\"},\"primaryImageOfPage\":{\"@id\":\"https:\/\/www.pcmadrid.es\/tienda\/producto\/ordenador-i7-14700f-intel-arc-8gb-ddr5-w11\/#primaryimage\"},\"image\":{\"@id\":\"https:\/\/www.pcmadrid.es\/tienda\/producto\/ordenador-i7-14700f-intel-arc-8gb-ddr5-w11\/#primaryimage\"},\"thumbnailUrl\":\"https:\/\/i0.wp.com\/www.pcmadrid.es\/tienda\/wp-content\/uploads\/2020\/05\/intelarc001.png?fit=600%2C600&ssl=1\",\"datePublished\":\"2020-05-03T09:05:10+00:00\",\"dateModified\":\"2025-05-09T08:49:32+00:00\",\"breadcrumb\":{\"@id\":\"https:\/\/www.pcmadrid.es\/tienda\/producto\/ordenador-i7-14700f-intel-arc-8gb-ddr5-w11\/#breadcrumb\"},\"inLanguage\":\"es\",\"potentialAction\":[{\"@type\":\"ReadAction\",\"target\":[\"https:\/\/www.pcmadrid.es\/tienda\/producto\/ordenador-i7-14700f-intel-arc-8gb-ddr5-w11\/\"]}]},{\"@type\":\"ImageObject\",\"inLanguage\":\"es\",\"@id\":\"https:\/\/www.pcmadrid.es\/tienda\/producto\/ordenador-i7-14700f-intel-arc-8gb-ddr5-w11\/#primaryimage\",\"url\":\"https:\/\/i0.wp.com\/www.pcmadrid.es\/tienda\/wp-content\/uploads\/2020\/05\/intelarc001.png?fit=600%2C600&ssl=1\",\"contentUrl\":\"https:\/\/i0.wp.com\/www.pcmadrid.es\/tienda\/wp-content\/uploads\/2020\/05\/intelarc001.png?fit=600%2C600&ssl=1\",\"width\":600,\"height\":600},{\"@type\":\"BreadcrumbList\",\"@id\":\"https:\/\/www.pcmadrid.es\/tienda\/producto\/ordenador-i7-14700f-intel-arc-8gb-ddr5-w11\/#breadcrumb\",\"itemListElement\":[{\"@type\":\"ListItem\",\"position\":1,\"name\":\"Portada\",\"item\":\"https:\/\/www.pcmadrid.es\/tienda\/\"},{\"@type\":\"ListItem\",\"position\":2,\"name\":\"Todos los productos\",\"item\":\"https:\/\/www.pcmadrid.es\/tienda\/todos-los-productos\/\"},{\"@type\":\"ListItem\",\"position\":3,\"name\":\"Ordenador ASUS i7 14700F &#8211; Intel ARC A750 &#8211; 32GB\"}]},{\"@type\":\"WebSite\",\"@id\":\"https:\/\/www.pcmadrid.es\/tienda\/#website\",\"url\":\"https:\/\/www.pcmadrid.es\/tienda\/\",\"name\":\"Tienda PCMADRID\",\"description\":\"Venta y reparaciones de ordenadores\",\"publisher\":{\"@id\":\"https:\/\/www.pcmadrid.es\/tienda\/#organization\"},\"potentialAction\":[{\"@type\":\"SearchAction\",\"target\":{\"@type\":\"EntryPoint\",\"urlTemplate\":\"https:\/\/www.pcmadrid.es\/tienda\/?s={search_term_string}\"},\"query-input\":{\"@type\":\"PropertyValueSpecification\",\"valueRequired\":true,\"valueName\":\"search_term_string\"}}],\"inLanguage\":\"es\"},{\"@type\":\"Organization\",\"@id\":\"https:\/\/www.pcmadrid.es\/tienda\/#organization\",\"name\":\"PCMADRID\",\"url\":\"https:\/\/www.pcmadrid.es\/tienda\/\",\"logo\":{\"@type\":\"ImageObject\",\"inLanguage\":\"es\",\"@id\":\"https:\/\/www.pcmadrid.es\/tienda\/#\/schema\/logo\/image\/\",\"url\":\"https:\/\/i0.wp.com\/www.pcmadrid.es\/tienda\/wp-content\/uploads\/2019\/10\/pcmadridlogo..png?fit=750%2C300&ssl=1\",\"contentUrl\":\"https:\/\/i0.wp.com\/www.pcmadrid.es\/tienda\/wp-content\/uploads\/2019\/10\/pcmadridlogo..png?fit=750%2C300&ssl=1\",\"width\":750,\"height\":300,\"caption\":\"PCMADRID\"},\"image\":{\"@id\":\"https:\/\/www.pcmadrid.es\/tienda\/#\/schema\/logo\/image\/\"},\"sameAs\":[\"https:\/\/www.facebook.com\/pcmadridinformatica\",\"https:\/\/x.com\/pc_madrid\",\"https:\/\/www.youtube.com\/channel\/UCIbQq9k6BBrU5x2wqDIHr7A\",\"https:\/\/www.instagram.com\/pcmadrid_informatica\/?hl=es\",\"https:\/\/www.linkedin.com\/company\/9348326\/admin\/\",\"https:\/\/www.pinterest.es\/pcmadrid_informatica\/\"]}]}<\/script>\n<!-- \/ Yoast SEO plugin. -->","yoast_head_json":{"title":"Ordenador ASUS i7 14700F - Intel ARC A750 - 32GB","robots":{"index":"index","follow":"follow","max-snippet":"max-snippet:-1","max-image-preview":"max-image-preview:large","max-video-preview":"max-video-preview:-1"},"canonical":"https:\/\/www.pcmadrid.es\/tienda\/producto\/ordenador-i7-14700f-intel-arc-8gb-ddr5-w11\/","twitter_misc":{"Tiempo de lectura":"2 minutos"},"schema":{"@context":"https:\/\/schema.org","@graph":[{"@type":"WebPage","@id":"https:\/\/www.pcmadrid.es\/tienda\/producto\/ordenador-i7-14700f-intel-arc-8gb-ddr5-w11\/","url":"https:\/\/www.pcmadrid.es\/tienda\/producto\/ordenador-i7-14700f-intel-arc-8gb-ddr5-w11\/","name":"Ordenador ASUS i7 14700F - Intel ARC A750 - 32GB","isPartOf":{"@id":"https:\/\/www.pcmadrid.es\/tienda\/#website"},"primaryImageOfPage":{"@id":"https:\/\/www.pcmadrid.es\/tienda\/producto\/ordenador-i7-14700f-intel-arc-8gb-ddr5-w11\/#primaryimage"},"image":{"@id":"https:\/\/www.pcmadrid.es\/tienda\/producto\/ordenador-i7-14700f-intel-arc-8gb-ddr5-w11\/#primaryimage"},"thumbnailUrl":"https:\/\/i0.wp.com\/www.pcmadrid.es\/tienda\/wp-content\/uploads\/2020\/05\/intelarc001.png?fit=600%2C600&ssl=1","datePublished":"2020-05-03T09:05:10+00:00","dateModified":"2025-05-09T08:49:32+00:00","breadcrumb":{"@id":"https:\/\/www.pcmadrid.es\/tienda\/producto\/ordenador-i7-14700f-intel-arc-8gb-ddr5-w11\/#breadcrumb"},"inLanguage":"es","potentialAction":[{"@type":"ReadAction","target":["https:\/\/www.pcmadrid.es\/tienda\/producto\/ordenador-i7-14700f-intel-arc-8gb-ddr5-w11\/"]}]},{"@type":"ImageObject","inLanguage":"es","@id":"https:\/\/www.pcmadrid.es\/tienda\/producto\/ordenador-i7-14700f-intel-arc-8gb-ddr5-w11\/#primaryimage","url":"https:\/\/i0.wp.com\/www.pcmadrid.es\/tienda\/wp-content\/uploads\/2020\/05\/intelarc001.png?fit=600%2C600&ssl=1","contentUrl":"https:\/\/i0.wp.com\/www.pcmadrid.es\/tienda\/wp-content\/uploads\/2020\/05\/intelarc001.png?fit=600%2C600&ssl=1","width":600,"height":600},{"@type":"BreadcrumbList","@id":"https:\/\/www.pcmadrid.es\/tienda\/producto\/ordenador-i7-14700f-intel-arc-8gb-ddr5-w11\/#breadcrumb","itemListElement":[{"@type":"ListItem","position":1,"name":"Portada","item":"https:\/\/www.pcmadrid.es\/tienda\/"},{"@type":"ListItem","position":2,"name":"Todos los productos","item":"https:\/\/www.pcmadrid.es\/tienda\/todos-los-productos\/"},{"@type":"ListItem","position":3,"name":"Ordenador ASUS i7 14700F &#8211; Intel ARC A750 &#8211; 32GB"}]},{"@type":"WebSite","@id":"https:\/\/www.pcmadrid.es\/tienda\/#website","url":"https:\/\/www.pcmadrid.es\/tienda\/","name":"Tienda PCMADRID","description":"Venta y reparaciones de ordenadores","publisher":{"@id":"https:\/\/www.pcmadrid.es\/tienda\/#organization"},"potentialAction":[{"@type":"SearchAction","target":{"@type":"EntryPoint","urlTemplate":"https:\/\/www.pcmadrid.es\/tienda\/?s={search_term_string}"},"query-input":{"@type":"PropertyValueSpecification","valueRequired":true,"valueName":"search_term_string"}}],"inLanguage":"es"},{"@type":"Organization","@id":"https:\/\/www.pcmadrid.es\/tienda\/#organization","name":"PCMADRID","url":"https:\/\/www.pcmadrid.es\/tienda\/","logo":{"@type":"ImageObject","inLanguage":"es","@id":"https:\/\/www.pcmadrid.es\/tienda\/#\/schema\/logo\/image\/","url":"https:\/\/i0.wp.com\/www.pcmadrid.es\/tienda\/wp-content\/uploads\/2019\/10\/pcmadridlogo..png?fit=750%2C300&ssl=1","contentUrl":"https:\/\/i0.wp.com\/www.pcmadrid.es\/tienda\/wp-content\/uploads\/2019\/10\/pcmadridlogo..png?fit=750%2C300&ssl=1","width":750,"height":300,"caption":"PCMADRID"},"image":{"@id":"https:\/\/www.pcmadrid.es\/tienda\/#\/schema\/logo\/image\/"},"sameAs":["https:\/\/www.facebook.com\/pcmadridinformatica","https:\/\/x.com\/pc_madrid","https:\/\/www.youtube.com\/channel\/UCIbQq9k6BBrU5x2wqDIHr7A","https:\/\/www.instagram.com\/pcmadrid_informatica\/?hl=es","https:\/\/www.linkedin.com\/company\/9348326\/admin\/","https:\/\/www.pinterest.es\/pcmadrid_informatica\/"]}]}},"jetpack_sharing_enabled":true,"_links":{"self":[{"href":"https:\/\/www.pcmadrid.es\/tienda\/wp-json\/wp\/v2\/product\/7310","targetHints":{"allow":["GET"]}}],"collection":[{"href":"https:\/\/www.pcmadrid.es\/tienda\/wp-json\/wp\/v2\/product"}],"about":[{"href":"https:\/\/www.pcmadrid.es\/tienda\/wp-json\/wp\/v2\/types\/product"}],"replies":[{"embeddable":true,"href":"https:\/\/www.pcmadrid.es\/tienda\/wp-json\/wp\/v2\/comments?post=7310"}],"wp:featuredmedia":[{"embeddable":true,"href":"https:\/\/www.pcmadrid.es\/tienda\/wp-json\/wp\/v2\/media\/12220"}],"wp:attachment":[{"href":"https:\/\/www.pcmadrid.es\/tienda\/wp-json\/wp\/v2\/media?parent=7310"}],"wp:term":[{"taxonomy":"product_brand","embeddable":true,"href":"https:\/\/www.pcmadrid.es\/tienda\/wp-json\/wp\/v2\/product_brand?post=7310"},{"taxonomy":"product_cat","embeddable":true,"href":"https:\/\/www.pcmadrid.es\/tienda\/wp-json\/wp\/v2\/product_cat?post=7310"},{"taxonomy":"product_tag","embeddable":true,"href":"https:\/\/www.pcmadrid.es\/tienda\/wp-json\/wp\/v2\/product_tag?post=7310"}],"curies":[{"name":"wp","href":"https:\/\/api.w.org\/{rel}","templated":true}]}}