{"id":7352,"date":"2020-07-03T19:59:52","date_gmt":"2020-07-03T17:59:52","guid":{"rendered":"https:\/\/www.pcmadrid.es\/tienda\/?post_type=product&#038;p=7352"},"modified":"2026-02-17T12:52:37","modified_gmt":"2026-02-17T11:52:37","slug":"ordenador-i7-14700f-rtx5070","status":"publish","type":"product","link":"https:\/\/www.pcmadrid.es\/tienda\/producto\/ordenador-i7-14700f-rtx5070\/","title":{"rendered":"Ordenador FULL MSI i7 14700F RTX 5070 &#8211; 16GB DDR5 &#8211; Windows 11 Pro"},"content":{"rendered":"<p>El Ordenador Gaming i7 14700F RTX5070 cuenta con componentes MSI de alta calidad. Monta un <strong>procesador Intel i7 14700F de d\u00e9cimo cuarta generaci\u00f3n<\/strong> sobre una placa base MSI<strong> B860 Gaming de MSI<\/strong> con BIOS y perfiles de memoria RAM optimizados y sistema operativo Windows 11 Pro incluido.<\/p>\n<h2 style=\"text-align: center;\"><span style=\"color: #99cc00;\">Ordenador Gaming\u00a0 MSI i7 14700F RTX 5070 &#8211; 16GB DDR5 &#8211; Windows 11 Pro<\/span><\/h2>\n<p><img data-recalc-dims=\"1\" loading=\"lazy\" decoding=\"async\" class=\"aligncenter size-full wp-image-10824\" src=\"https:\/\/i0.wp.com\/www.pcmadrid.es\/tienda\/wp-content\/uploads\/2020\/07\/logo-msi-2017-oficial.png?resize=640%2C221&#038;ssl=1\" alt=\"\" width=\"640\" height=\"221\" srcset=\"https:\/\/i0.wp.com\/www.pcmadrid.es\/tienda\/wp-content\/uploads\/2020\/07\/logo-msi-2017-oficial.png?w=640&amp;ssl=1 640w, https:\/\/i0.wp.com\/www.pcmadrid.es\/tienda\/wp-content\/uploads\/2020\/07\/logo-msi-2017-oficial.png?resize=300%2C104&amp;ssl=1 300w, https:\/\/i0.wp.com\/www.pcmadrid.es\/tienda\/wp-content\/uploads\/2020\/07\/logo-msi-2017-oficial.png?resize=600%2C207&amp;ssl=1 600w\" sizes=\"(max-width: 640px) 100vw, 640px\" \/><\/p>\n<p>Ordenador\u00a0 intel i7 14700F orientado a <strong>Gaming, dise\u00f1o gr\u00e1fico, edici\u00f3n de v\u00eddeo<\/strong> y tareas multimedia avanzadas. Con tarjeta gr\u00e1fica con Ray Tracing Geforce RTX 5070 de 12GB, 16GB o 32GB de memoria RAM, disco M.2 NVME de 1TB 4.0, componentes de primeras marcas y garant\u00eda de 3 a\u00f1os. Con licencia Windows 11 Pro original y Office 2021 incluidas en el precio del equipo.<\/p>\n<hr \/>\n<h3><\/h3>\n<h3 style=\"text-align: center;\"><strong>Detalles del Ordenador i7 14700F con tarjeta gr\u00e1fica RTX5070 12GB GDDR7<\/strong><\/h3>\n<p>&nbsp;<\/p>\n<p>Procesador de d\u00e9cimo tercera generaci\u00f3n Intel\u00ae Core\u2122 i7-14700F (cach\u00e9 de 33 MB, hasta 5,40 GHz)<\/p>\n<p>Placa base MSI B860 PRO con WIFI 6 y Bluetooth 5.4<\/p>\n<p>Tarjeta gr\u00e1fica: Geforce RTX 5070 de 12GB GDDR7 de marca MSI.<\/p>\n<p>Memoria RAM 16GB o 32GB (5600MHz) DDR5-SDRAM (2 x 8GB o 2 x 16GB) de marca Corsair.<\/p>\n<p>Disco duro SSD NVMe de 1TB MSI<\/p>\n<p>Fuente de alimentaci\u00f3n MSI Gold modular de 850W<\/p>\n<p>Torre: MSI MAG FORCE M100R<\/p>\n<p>Refrigeraci\u00f3n l\u00edquida MSI 121A Airflow<\/p>\n<p>Sistema operativo Microsoft Windows 11 Pro 64bits<\/p>\n<p>Montaje, testeo, instalaci\u00f3n de sistema, Drivers, pack de programas, configuraci\u00f3n y optimizaci\u00f3n de BIOS y env\u00edo incluidos en precio.<\/p>\n<p>Garant\u00eda de 3 a\u00f1os.<\/p>\n<p>Tiempo de montaje y env\u00edo 2 a 5 d\u00edas laborables desde fecha de pedido.<\/p>\n<hr \/>\n<h3><\/h3>\n<h3 style=\"text-align: center;\">Caracter\u00edsticas del ordenador i7 14700F con RTX5070 y NVME 1TB<\/h3>\n<p>&nbsp;<\/p>\n<ul>\n<li><strong>Procesador <a href=\"https:\/\/www.intel.la\/content\/www\/xl\/es\/products\/sku\/236854\/intel-core-i7-processor-14700f-33m-cache-up-to-5-40-ghz\/specifications.html\">intel i7 14700F<\/a> de d\u00e9cima generaci\u00f3n de intel:<\/strong><\/li>\n<\/ul>\n<p><img data-recalc-dims=\"1\" loading=\"lazy\" decoding=\"async\" class=\"aligncenter wp-image-15205 \" src=\"https:\/\/i0.wp.com\/www.pcmadrid.es\/tienda\/wp-content\/uploads\/2020\/07\/14GEN-i7.webp?resize=656%2C656&#038;ssl=1\" alt=\"\" width=\"656\" height=\"656\" srcset=\"https:\/\/www.pcmadrid.es\/tienda\/wp-content\/uploads\/2020\/07\/14GEN-i7.webp 656w, https:\/\/www.pcmadrid.es\/tienda\/wp-content\/uploads\/2020\/07\/14GEN-i7-480x480.webp 480w\" sizes=\"(min-width: 0px) and (max-width: 480px) 480px, (min-width: 481px) 656px, 100vw\" \/><\/p>\n<div class=\"subhead\">\n<p class=\"h2\"><strong>Rendimiento<\/strong><\/p>\n<\/div>\n<ul class=\"specs-list\">\n<li><span class=\"label\"><a class=\"view-modal info-modal\" data-modal=\"tt-CoreCount\">Cantidad de n\u00facleos 20<\/a><\/span><\/li>\n<li>N\u00facleos eficientes: 12<\/li>\n<li>N\u00facleos de alto rendimiento: 8<\/li>\n<li><span class=\"label\"><a class=\"view-modal info-modal\" data-modal=\"tt-ThreadCount\">Cantidad de subprocesos <\/a><\/span><span class=\"value\" data-key=\"ThreadCount\">28<\/span><\/li>\n<li><span class=\"label\"><a class=\"view-modal info-modal\" data-modal=\"tt-ClockSpeed\">Frecuencia base del procesador <\/a><\/span><span class=\"value\" data-key=\"ClockSpeed\">2,10 GHz<\/span><\/li>\n<li><span class=\"label\"><a class=\"view-modal info-modal\" data-modal=\"tt-ClockSpeedMax\">Frecuencia turbo m\u00e1xima <\/a><\/span><span class=\"value\" data-key=\"ClockSpeedMax\">5,40 GHz<\/span><\/li>\n<li><span class=\"label\"><a class=\"view-modal info-modal\" data-modal=\"tt-Cache\">Cach\u00e9 <\/a><\/span><span class=\"value\" data-key=\"Cache\">33MB Intel\u00ae Smart Cache<\/span><\/li>\n<li><span class=\"label\"><a class=\"view-modal info-modal\" data-modal=\"tt-TurboBoostMaxTechMaxFreq\">Frecuencia de la Tecnolog\u00eda Intel\u00ae Turbo Boost Max 3.0 <\/a><\/span><span class=\"value\" data-key=\"TurboBoostMaxTechMaxFreq\">5,40 GHz<\/span><\/li>\n<li><span class=\"label\"><a class=\"view-modal info-modal\" data-modal=\"tt-MaxTDP\">TDP <\/a><\/span><span class=\"value\" data-key=\"MaxTDP\">219W<\/span><\/li>\n<li><span class=\"label\"><a class=\"view-modal info-modal\" data-modal=\"tt-ConfigTDPMinFrequency\">Frecuencia de descenso de TDP configurable <\/a><\/span><span class=\"value\" data-key=\"ConfigTDPMinFrequency\">3.50 GHz<\/span><\/li>\n<li><span class=\"label\">Potencia base del procesador <\/span><span class=\"value\" data-key=\"ConfigTDPMin\"> 65W<\/span><\/li>\n<li>Potencia turbo m\u00e1xima 219W<\/li>\n<\/ul>\n<p>&nbsp;<\/p>\n<ul>\n<li>En su almacenamiento principal, cuenta con un disco SSD NVMe 4.0 1TB de <strong>MSI,<\/strong> adem\u00e1s de 16GB o 32GB de memoria RAM DDR5 a 5600Mhz.<\/li>\n<\/ul>\n<p>&nbsp;<\/p>\n<p>Desde MSI, llega una nueva opci\u00f3n de almacenamiento con un rendimiento espectacular: \u00a1MSI SPATIUM! Eleva el rendimiento de tu sistema a un nuevo nivel gracias a las siguientes caracter\u00edsticas:<\/p>\n<ul>\n<li><strong>Velocidad.<\/strong> Este SSD NVMe est\u00e1 optimizado para la interfaz PCIe Gen4, lo que le permite alcanzar velocidades de lectura\/escritura de hasta 3600\/2300MB\/s, lo que se traduce en transferencias de datos ultrarr\u00e1pidas y tiempos de carga de juegos reducidos.<\/li>\n<li><strong>Mayor capacidad de almacenamiento.<\/strong> La tecnolog\u00eda flash 3D NAND m\u00e1s avanzada se utiliza en SPATIUM, lo que permite un almacenamiento denso en un dise\u00f1o compacto y capacidades de almacenamiento de hasta 1TB.<\/li>\n<li><strong>Resistencia y seguridad de datos.<\/strong> El almacenamiento flash NAND incorpora capacidades de correcci\u00f3n de errores y seguridad de datos integrada para garantizar una mayor resistencia y longevidad.<\/li>\n<li><strong>Cuidado de tus datos.<\/strong> MSI Center permite a los usuarios migrar sus datos y controlar el estado de la unidad y las m\u00e9tricas de rendimiento en tiempo real. Adem\u00e1s, la soluci\u00f3n de software Actiphy proporcionada incluye funciones de copia de seguridad y restauraci\u00f3n para evitar la p\u00e9rdida de datos.<\/li>\n<\/ul>\n<p>&nbsp;<\/p>\n<h3 style=\"text-align: center;\"><span style=\"color: #ff9900;\">Ordenador con tarjeta gr\u00e1fica Nvidia Geforce RTX5070<\/span><\/h3>\n<p>&nbsp;<\/p>\n<p><img data-recalc-dims=\"1\" loading=\"lazy\" decoding=\"async\" class=\"aligncenter wp-image-15206 size-full\" src=\"https:\/\/i0.wp.com\/www.pcmadrid.es\/tienda\/wp-content\/uploads\/2020\/07\/5070-MSI.webp?resize=800%2C800&#038;ssl=1\" alt=\"\" width=\"800\" height=\"800\" srcset=\"https:\/\/www.pcmadrid.es\/tienda\/wp-content\/uploads\/2020\/07\/5070-MSI.webp 800w, https:\/\/www.pcmadrid.es\/tienda\/wp-content\/uploads\/2020\/07\/5070-MSI-480x480.webp 480w\" sizes=\"(min-width: 0px) and (max-width: 480px) 480px, (min-width: 481px) 800px, 100vw\" \/><\/p>\n<p>&nbsp;<\/p>\n<ul>\n<li>Por \u00faltimo, viene con una tarjeta gr\u00e1fica <strong><a href=\"https:\/\/www.nvidia.com\/es-es\/geforce\/graphics-cards\/50-series\/rtx-5070-family\/\" target=\"_blank\" rel=\"noopener noreferrer\">Geforce RTX 5070<\/a> <\/strong>con 12GB GDDR6X de memoria RAM dedicada.<\/li>\n<\/ul>\n<div class=\"body-text description color-ui-elements\">\n<p>Con la nueva y potente NVIDIA GeForce RTX 5070 prep\u00e1rate para jugar y crear de forma estelar todo lo que imagines. Se han desarrollado con la arquitectura ultra eficiente NVIDIA Blackwell. Experimenta un trazado de rayos r\u00e1pido, un rendimiento acelerado por IA con DLSS 4, nuevas formas de crear y mucho m\u00e1s.<\/p>\n<\/div>\n<div class=\"body-text description color-ui-elements\">\n<p>Las\u00a0<a href=\"https:\/\/www.nvidia.com\/es-es\/geforce\/graphics-cards\/50-series\/rtx-5070-family\/\">tarjetas gr\u00e1ficas GeForce<sup>\u00ae<\/sup>\u00a0RTX<\/a> utilizan la tecnolog\u00eda de la arquitectura Ada Lovelace y la nueva plataforma gr\u00e1fica RTX. Esto proporciona hasta el s\u00e9xtuple de rendimiento que las tarjetas gr\u00e1ficas de la anterior generaci\u00f3n y lleva la potencia del trazado en tiempo real y la inteligencia artificial a los juegos.<\/p>\n<\/div>\n<p>Dispone de trazado de rayos en tiempo real que permite generar entorno hiperrealistas y gr\u00e1ficos punteros, adem\u00e1s, estar\u00e1s preparado para direct X12 ultimate.<\/p>\n<p data-wp-editing=\"1\"><img data-recalc-dims=\"1\" loading=\"lazy\" decoding=\"async\" class=\"alignleft wp-image-15207 size-full\" src=\"https:\/\/i0.wp.com\/www.pcmadrid.es\/tienda\/wp-content\/uploads\/2020\/07\/MSI-B860-P-WIFI.png?resize=1024%2C819&#038;ssl=1\" alt=\"\" width=\"1024\" height=\"819\" srcset=\"https:\/\/www.pcmadrid.es\/tienda\/wp-content\/uploads\/2020\/07\/MSI-B860-P-WIFI.png 1024w, https:\/\/www.pcmadrid.es\/tienda\/wp-content\/uploads\/2020\/07\/MSI-B860-P-WIFI-980x784.png 980w, https:\/\/www.pcmadrid.es\/tienda\/wp-content\/uploads\/2020\/07\/MSI-B860-P-WIFI-480x384.png 480w\" sizes=\"(min-width: 0px) and (max-width: 480px) 480px, (min-width: 481px) and (max-width: 980px) 980px, (min-width: 981px) 1024px, 100vw\" \/> <img data-recalc-dims=\"1\" loading=\"lazy\" decoding=\"async\" class=\"alignleft wp-image-15208\" src=\"https:\/\/i0.wp.com\/www.pcmadrid.es\/tienda\/wp-content\/uploads\/2020\/07\/MSI-B860-P-WIFI-B.png?resize=380%2C304&#038;ssl=1\" alt=\"\" width=\"380\" height=\"304\" \/><\/p>\n<ul>\n<li>\n<h2>Caracter\u00edsticas de la B860 Pro de MSI:<\/h2>\n<ul>\n<li>Compatible con: Intel\u00ae Core \u2122 \/ Pentium\u00ae Celeron\u00ae de d\u00e9cimo cuarta generaci\u00f3n para z\u00f3calo LGA 1700<\/li>\n<li>Admite memoria DDR4, hasta 6400 (OC) MHz<\/li>\n<li>Soporte Lightning Gen 4 Solution PCI 4.0<\/li>\n<li>Dise\u00f1o de potencia: 12 + 1 + 1 Duet Rail Power System, conectores de alimentaci\u00f3n de CPU de 8 + 4 pines, Core Boost, DDR4 Boost<\/li>\n<li>Soluci\u00f3n t\u00e9rmica: la cubierta de aluminio con dise\u00f1o de disipador t\u00e9rmico extendido y M.2 Shield Frozr est\u00e1n dise\u00f1ados para un sistema de alto rendimiento en juegos y edici\u00f3n de video.<\/li>\n<li>LAN 5Gbps con LAN Manager y soluci\u00f3n Intel Wi-Fi 7 AX: Ofrece una conexi\u00f3n de red segura, estable y r\u00e1pida.<\/li>\n<li>Blindaje de E \/ S preinstalado: mejor protecci\u00f3n EMI y m\u00e1s comodidad para la instalaci\u00f3n<\/li>\n<li>Audio Boost: Calidad de sonido de estudio con MSI Audio Boost.<\/li>\n<\/ul>\n<\/li>\n<\/ul>\n<p>&nbsp;<\/p>\n<p>&nbsp;<\/p>\n<ul>\n<li>Todo ello alimentando por una <strong>fuente de alimentaci\u00f3n MSI Gold+ Modular de 850W.<\/strong><\/li>\n<\/ul>\n<p>&nbsp;<\/p>\n<ul>\n<li>Incluye <strong><a href=\"https:\/\/www.pcmadrid.es\/tienda\/producto\/microsoft-windows-11-pro-licencia-digital\/\">Windows 11 Pro configurado<\/a> y <a href=\"https:\/\/www.pcmadrid.es\/tienda\/producto\/licencia-office-2021-pro-plus-windows\/\">Office 2021 Plus<\/a><\/strong>, ambos con <span style=\"color: #00ccff;\">licencias originales.<\/span><\/li>\n<\/ul>\n<p>&nbsp;<\/p>\n<p>En <span style=\"color: #99cc00;\"><strong>PCMADRID<\/strong><\/span> realizamos el montaje, testeo de componentes y la instalaci\u00f3n del sistema operativo Windows 10 Pro, realizando a su vez la instalaci\u00f3n de librer\u00edas, drivers, \u00faltimos parches disponibles, actualizaci\u00f3n y optimizaci\u00f3n de BIOS y perfiles OC de memoria RAM.<\/p>\n<p>El ordenador queda listo para que el usuario instale sus programas o juegos y pueda disfrutar de su potencia y velocidad. Adem\u00e1s, con nuestra garant\u00eda de 3 a\u00f1os, podr\u00e1 disfrutar de la tranquilidad de disponer de soporte ante cualquier problema.<\/p>\n<div class=\"ficha-producto-caracteristicas__compra\">\n<hr \/>\n<p class=\"text-muted hidden-sm-down m-b-0\">\n<\/div>\n<h3 style=\"text-align: center;\">Ordenador Gaming i7 14700F con NVME de 1TB y 16GB o 32GB de RAM al mejor precio en PCMADRID<\/h3>\n<p>&nbsp;<\/p>\n","protected":false},"excerpt":{"rendered":"<p>Ordenador PC Gaming con intel i7 14700F de d\u00e9cima generaci\u00f3n intel para <strong>Gaming, dise\u00f1o gr\u00e1fico y edici\u00f3n de v\u00eddeo<\/strong>. <strong>Cuenta con gr\u00e1fica Geforce RTX 5070 de 12GB GDDR7, 16GB o 32GB de memoria RAM, SSD NVME 4.0 de 1TB.<\/strong> Componentes de primeras marcas y garant\u00eda de 3 a\u00f1os. Con licencia Windows 11 Pro original y Office 2021 incluidas.<\/p>\n<p>&nbsp;<\/p>\n","protected":false},"featured_media":10825,"comment_status":"open","ping_status":"closed","template":"","meta":{"_et_pb_use_builder":"","_et_pb_old_content":"","_et_gb_content_width":""},"product_brand":[],"product_cat":[96,102,380,94,65],"product_tag":[199,198,197],"class_list":{"0":"post-7352","1":"product","2":"type-product","3":"status-publish","4":"has-post-thumbnail","6":"product_cat-ofertas","7":"product_cat-comprar-ordenadores","8":"product_cat-pc-gaming","9":"product_cat-pc-sobremesa","10":"product_cat-todos","11":"product_tag-comprar-3070","12":"product_tag-nvidia-rtx3070","13":"product_tag-rtx-3070","15":"first","16":"instock","17":"sale","18":"taxable","19":"shipping-taxable","20":"purchasable","21":"product-type-variable","22":"has-default-attributes"},"yoast_head":"<!-- This site is optimized with the Yoast SEO plugin v26.5 - https:\/\/yoast.com\/wordpress\/plugins\/seo\/ -->\n<title>Ordenador i7 14700F RTX5070 - 16GB RAM M.2 NVME 1TB<\/title>\n<meta name=\"description\" content=\"Ordenador i7 14700K RTX5070: Intel Core i7 14700f - 14\u00aaGen con gr\u00e1fica Geforce RTX5070 y 16GB de RAM. \u00a1P\u00e1sate a la decimocuarta generaci\u00f3n!\" \/>\n<meta name=\"robots\" content=\"index, follow, max-snippet:-1, max-image-preview:large, max-video-preview:-1\" \/>\n<link rel=\"canonical\" href=\"https:\/\/www.pcmadrid.es\/tienda\/producto\/ordenador-i7-14700f-rtx5070\/\" \/>\n<meta name=\"twitter:label1\" content=\"Tiempo de lectura\" \/>\n\t<meta name=\"twitter:data1\" content=\"6 minutos\" \/>\n<script type=\"application\/ld+json\" class=\"yoast-schema-graph\">{\"@context\":\"https:\/\/schema.org\",\"@graph\":[{\"@type\":\"WebPage\",\"@id\":\"https:\/\/www.pcmadrid.es\/tienda\/producto\/ordenador-i7-14700f-rtx5070\/\",\"url\":\"https:\/\/www.pcmadrid.es\/tienda\/producto\/ordenador-i7-14700f-rtx5070\/\",\"name\":\"Ordenador i7 14700F RTX5070 - 16GB RAM M.2 NVME 1TB\",\"isPartOf\":{\"@id\":\"https:\/\/www.pcmadrid.es\/tienda\/#website\"},\"primaryImageOfPage\":{\"@id\":\"https:\/\/www.pcmadrid.es\/tienda\/producto\/ordenador-i7-14700f-rtx5070\/#primaryimage\"},\"image\":{\"@id\":\"https:\/\/www.pcmadrid.es\/tienda\/producto\/ordenador-i7-14700f-rtx5070\/#primaryimage\"},\"thumbnailUrl\":\"https:\/\/i0.wp.com\/www.pcmadrid.es\/tienda\/wp-content\/uploads\/2020\/07\/pc-msi-000.png?fit=962%2C900&ssl=1\",\"datePublished\":\"2020-07-03T17:59:52+00:00\",\"dateModified\":\"2026-02-17T11:52:37+00:00\",\"description\":\"Ordenador i7 14700K RTX5070: Intel Core i7 14700f - 14\u00aaGen con gr\u00e1fica Geforce RTX5070 y 16GB de RAM. \u00a1P\u00e1sate a la decimocuarta generaci\u00f3n!\",\"breadcrumb\":{\"@id\":\"https:\/\/www.pcmadrid.es\/tienda\/producto\/ordenador-i7-14700f-rtx5070\/#breadcrumb\"},\"inLanguage\":\"es\",\"potentialAction\":[{\"@type\":\"ReadAction\",\"target\":[\"https:\/\/www.pcmadrid.es\/tienda\/producto\/ordenador-i7-14700f-rtx5070\/\"]}]},{\"@type\":\"ImageObject\",\"inLanguage\":\"es\",\"@id\":\"https:\/\/www.pcmadrid.es\/tienda\/producto\/ordenador-i7-14700f-rtx5070\/#primaryimage\",\"url\":\"https:\/\/i0.wp.com\/www.pcmadrid.es\/tienda\/wp-content\/uploads\/2020\/07\/pc-msi-000.png?fit=962%2C900&ssl=1\",\"contentUrl\":\"https:\/\/i0.wp.com\/www.pcmadrid.es\/tienda\/wp-content\/uploads\/2020\/07\/pc-msi-000.png?fit=962%2C900&ssl=1\",\"width\":962,\"height\":900},{\"@type\":\"BreadcrumbList\",\"@id\":\"https:\/\/www.pcmadrid.es\/tienda\/producto\/ordenador-i7-14700f-rtx5070\/#breadcrumb\",\"itemListElement\":[{\"@type\":\"ListItem\",\"position\":1,\"name\":\"Portada\",\"item\":\"https:\/\/www.pcmadrid.es\/tienda\/\"},{\"@type\":\"ListItem\",\"position\":2,\"name\":\"Todos los productos\",\"item\":\"https:\/\/www.pcmadrid.es\/tienda\/todos-los-productos\/\"},{\"@type\":\"ListItem\",\"position\":3,\"name\":\"Ordenador FULL MSI i7 14700F RTX 5070 &#8211; 16GB DDR5 &#8211; Windows 11 Pro\"}]},{\"@type\":\"WebSite\",\"@id\":\"https:\/\/www.pcmadrid.es\/tienda\/#website\",\"url\":\"https:\/\/www.pcmadrid.es\/tienda\/\",\"name\":\"Tienda PCMADRID\",\"description\":\"Venta y reparaciones de ordenadores\",\"publisher\":{\"@id\":\"https:\/\/www.pcmadrid.es\/tienda\/#organization\"},\"potentialAction\":[{\"@type\":\"SearchAction\",\"target\":{\"@type\":\"EntryPoint\",\"urlTemplate\":\"https:\/\/www.pcmadrid.es\/tienda\/?s={search_term_string}\"},\"query-input\":{\"@type\":\"PropertyValueSpecification\",\"valueRequired\":true,\"valueName\":\"search_term_string\"}}],\"inLanguage\":\"es\"},{\"@type\":\"Organization\",\"@id\":\"https:\/\/www.pcmadrid.es\/tienda\/#organization\",\"name\":\"PCMADRID\",\"url\":\"https:\/\/www.pcmadrid.es\/tienda\/\",\"logo\":{\"@type\":\"ImageObject\",\"inLanguage\":\"es\",\"@id\":\"https:\/\/www.pcmadrid.es\/tienda\/#\/schema\/logo\/image\/\",\"url\":\"https:\/\/i0.wp.com\/www.pcmadrid.es\/tienda\/wp-content\/uploads\/2019\/10\/pcmadridlogo..png?fit=750%2C300&ssl=1\",\"contentUrl\":\"https:\/\/i0.wp.com\/www.pcmadrid.es\/tienda\/wp-content\/uploads\/2019\/10\/pcmadridlogo..png?fit=750%2C300&ssl=1\",\"width\":750,\"height\":300,\"caption\":\"PCMADRID\"},\"image\":{\"@id\":\"https:\/\/www.pcmadrid.es\/tienda\/#\/schema\/logo\/image\/\"},\"sameAs\":[\"https:\/\/www.facebook.com\/pcmadridinformatica\",\"https:\/\/x.com\/pc_madrid\",\"https:\/\/www.youtube.com\/channel\/UCIbQq9k6BBrU5x2wqDIHr7A\",\"https:\/\/www.instagram.com\/pcmadrid_informatica\/?hl=es\",\"https:\/\/www.linkedin.com\/company\/9348326\/admin\/\",\"https:\/\/www.pinterest.es\/pcmadrid_informatica\/\"]}]}<\/script>\n<!-- \/ Yoast SEO plugin. -->","yoast_head_json":{"title":"Ordenador i7 14700F RTX5070 - 16GB RAM M.2 NVME 1TB","description":"Ordenador i7 14700K RTX5070: Intel Core i7 14700f - 14\u00aaGen con gr\u00e1fica Geforce RTX5070 y 16GB de RAM. \u00a1P\u00e1sate a la decimocuarta generaci\u00f3n!","robots":{"index":"index","follow":"follow","max-snippet":"max-snippet:-1","max-image-preview":"max-image-preview:large","max-video-preview":"max-video-preview:-1"},"canonical":"https:\/\/www.pcmadrid.es\/tienda\/producto\/ordenador-i7-14700f-rtx5070\/","twitter_misc":{"Tiempo de lectura":"6 minutos"},"schema":{"@context":"https:\/\/schema.org","@graph":[{"@type":"WebPage","@id":"https:\/\/www.pcmadrid.es\/tienda\/producto\/ordenador-i7-14700f-rtx5070\/","url":"https:\/\/www.pcmadrid.es\/tienda\/producto\/ordenador-i7-14700f-rtx5070\/","name":"Ordenador i7 14700F RTX5070 - 16GB RAM M.2 NVME 1TB","isPartOf":{"@id":"https:\/\/www.pcmadrid.es\/tienda\/#website"},"primaryImageOfPage":{"@id":"https:\/\/www.pcmadrid.es\/tienda\/producto\/ordenador-i7-14700f-rtx5070\/#primaryimage"},"image":{"@id":"https:\/\/www.pcmadrid.es\/tienda\/producto\/ordenador-i7-14700f-rtx5070\/#primaryimage"},"thumbnailUrl":"https:\/\/i0.wp.com\/www.pcmadrid.es\/tienda\/wp-content\/uploads\/2020\/07\/pc-msi-000.png?fit=962%2C900&ssl=1","datePublished":"2020-07-03T17:59:52+00:00","dateModified":"2026-02-17T11:52:37+00:00","description":"Ordenador i7 14700K RTX5070: Intel Core i7 14700f - 14\u00aaGen con gr\u00e1fica Geforce RTX5070 y 16GB de RAM. \u00a1P\u00e1sate a la decimocuarta generaci\u00f3n!","breadcrumb":{"@id":"https:\/\/www.pcmadrid.es\/tienda\/producto\/ordenador-i7-14700f-rtx5070\/#breadcrumb"},"inLanguage":"es","potentialAction":[{"@type":"ReadAction","target":["https:\/\/www.pcmadrid.es\/tienda\/producto\/ordenador-i7-14700f-rtx5070\/"]}]},{"@type":"ImageObject","inLanguage":"es","@id":"https:\/\/www.pcmadrid.es\/tienda\/producto\/ordenador-i7-14700f-rtx5070\/#primaryimage","url":"https:\/\/i0.wp.com\/www.pcmadrid.es\/tienda\/wp-content\/uploads\/2020\/07\/pc-msi-000.png?fit=962%2C900&ssl=1","contentUrl":"https:\/\/i0.wp.com\/www.pcmadrid.es\/tienda\/wp-content\/uploads\/2020\/07\/pc-msi-000.png?fit=962%2C900&ssl=1","width":962,"height":900},{"@type":"BreadcrumbList","@id":"https:\/\/www.pcmadrid.es\/tienda\/producto\/ordenador-i7-14700f-rtx5070\/#breadcrumb","itemListElement":[{"@type":"ListItem","position":1,"name":"Portada","item":"https:\/\/www.pcmadrid.es\/tienda\/"},{"@type":"ListItem","position":2,"name":"Todos los productos","item":"https:\/\/www.pcmadrid.es\/tienda\/todos-los-productos\/"},{"@type":"ListItem","position":3,"name":"Ordenador FULL MSI i7 14700F RTX 5070 &#8211; 16GB DDR5 &#8211; Windows 11 Pro"}]},{"@type":"WebSite","@id":"https:\/\/www.pcmadrid.es\/tienda\/#website","url":"https:\/\/www.pcmadrid.es\/tienda\/","name":"Tienda PCMADRID","description":"Venta y reparaciones de ordenadores","publisher":{"@id":"https:\/\/www.pcmadrid.es\/tienda\/#organization"},"potentialAction":[{"@type":"SearchAction","target":{"@type":"EntryPoint","urlTemplate":"https:\/\/www.pcmadrid.es\/tienda\/?s={search_term_string}"},"query-input":{"@type":"PropertyValueSpecification","valueRequired":true,"valueName":"search_term_string"}}],"inLanguage":"es"},{"@type":"Organization","@id":"https:\/\/www.pcmadrid.es\/tienda\/#organization","name":"PCMADRID","url":"https:\/\/www.pcmadrid.es\/tienda\/","logo":{"@type":"ImageObject","inLanguage":"es","@id":"https:\/\/www.pcmadrid.es\/tienda\/#\/schema\/logo\/image\/","url":"https:\/\/i0.wp.com\/www.pcmadrid.es\/tienda\/wp-content\/uploads\/2019\/10\/pcmadridlogo..png?fit=750%2C300&ssl=1","contentUrl":"https:\/\/i0.wp.com\/www.pcmadrid.es\/tienda\/wp-content\/uploads\/2019\/10\/pcmadridlogo..png?fit=750%2C300&ssl=1","width":750,"height":300,"caption":"PCMADRID"},"image":{"@id":"https:\/\/www.pcmadrid.es\/tienda\/#\/schema\/logo\/image\/"},"sameAs":["https:\/\/www.facebook.com\/pcmadridinformatica","https:\/\/x.com\/pc_madrid","https:\/\/www.youtube.com\/channel\/UCIbQq9k6BBrU5x2wqDIHr7A","https:\/\/www.instagram.com\/pcmadrid_informatica\/?hl=es","https:\/\/www.linkedin.com\/company\/9348326\/admin\/","https:\/\/www.pinterest.es\/pcmadrid_informatica\/"]}]}},"jetpack_sharing_enabled":true,"_links":{"self":[{"href":"https:\/\/www.pcmadrid.es\/tienda\/wp-json\/wp\/v2\/product\/7352","targetHints":{"allow":["GET"]}}],"collection":[{"href":"https:\/\/www.pcmadrid.es\/tienda\/wp-json\/wp\/v2\/product"}],"about":[{"href":"https:\/\/www.pcmadrid.es\/tienda\/wp-json\/wp\/v2\/types\/product"}],"replies":[{"embeddable":true,"href":"https:\/\/www.pcmadrid.es\/tienda\/wp-json\/wp\/v2\/comments?post=7352"}],"wp:featuredmedia":[{"embeddable":true,"href":"https:\/\/www.pcmadrid.es\/tienda\/wp-json\/wp\/v2\/media\/10825"}],"wp:attachment":[{"href":"https:\/\/www.pcmadrid.es\/tienda\/wp-json\/wp\/v2\/media?parent=7352"}],"wp:term":[{"taxonomy":"product_brand","embeddable":true,"href":"https:\/\/www.pcmadrid.es\/tienda\/wp-json\/wp\/v2\/product_brand?post=7352"},{"taxonomy":"product_cat","embeddable":true,"href":"https:\/\/www.pcmadrid.es\/tienda\/wp-json\/wp\/v2\/product_cat?post=7352"},{"taxonomy":"product_tag","embeddable":true,"href":"https:\/\/www.pcmadrid.es\/tienda\/wp-json\/wp\/v2\/product_tag?post=7352"}],"curies":[{"name":"wp","href":"https:\/\/api.w.org\/{rel}","templated":true}]}}