{"id":7576,"date":"2021-02-02T17:29:59","date_gmt":"2021-02-02T16:29:59","guid":{"rendered":"https:\/\/www.pcmadrid.es\/tienda\/?post_type=product&#038;p=7576"},"modified":"2024-10-30T20:06:34","modified_gmt":"2024-10-30T19:06:34","slug":"ordenador-i9-14900k-rtx-4080-64gb-ddr5-w11","status":"publish","type":"product","link":"https:\/\/www.pcmadrid.es\/tienda\/producto\/ordenador-i9-14900k-rtx-4080-64gb-ddr5-w11\/","title":{"rendered":"Ordenador ASUS Pro Art9 14900K RTX 4080 64GB DDR5 \u2013 W11"},"content":{"rendered":"<p><img data-recalc-dims=\"1\" loading=\"lazy\" decoding=\"async\" class=\"aligncenter wp-image-10879\" src=\"https:\/\/i0.wp.com\/www.pcmadrid.es\/tienda\/wp-content\/uploads\/2021\/02\/F8836055-5056-B731-4C7F0CF9B625443C-logo.webp?resize=327%2C158&#038;ssl=1\" alt=\"\" width=\"327\" height=\"158\" srcset=\"https:\/\/i0.wp.com\/www.pcmadrid.es\/tienda\/wp-content\/uploads\/2021\/02\/F8836055-5056-B731-4C7F0CF9B625443C-logo-scaled.webp?resize=1024%2C495&amp;ssl=1 1024w, https:\/\/i0.wp.com\/www.pcmadrid.es\/tienda\/wp-content\/uploads\/2021\/02\/F8836055-5056-B731-4C7F0CF9B625443C-logo-scaled.webp?resize=300%2C145&amp;ssl=1 300w, https:\/\/i0.wp.com\/www.pcmadrid.es\/tienda\/wp-content\/uploads\/2021\/02\/F8836055-5056-B731-4C7F0CF9B625443C-logo-scaled.webp?resize=768%2C371&amp;ssl=1 768w, https:\/\/i0.wp.com\/www.pcmadrid.es\/tienda\/wp-content\/uploads\/2021\/02\/F8836055-5056-B731-4C7F0CF9B625443C-logo-scaled.webp?resize=1536%2C742&amp;ssl=1 1536w, https:\/\/i0.wp.com\/www.pcmadrid.es\/tienda\/wp-content\/uploads\/2021\/02\/F8836055-5056-B731-4C7F0CF9B625443C-logo-scaled.webp?resize=2048%2C989&amp;ssl=1 2048w, https:\/\/i0.wp.com\/www.pcmadrid.es\/tienda\/wp-content\/uploads\/2021\/02\/F8836055-5056-B731-4C7F0CF9B625443C-logo-scaled.webp?resize=600%2C290&amp;ssl=1 600w, https:\/\/i0.wp.com\/www.pcmadrid.es\/tienda\/wp-content\/uploads\/2021\/02\/F8836055-5056-B731-4C7F0CF9B625443C-logo-scaled.webp?w=2160&amp;ssl=1 2160w\" sizes=\"(max-width: 327px) 100vw, 327px\" \/><\/p>\n<p>Compra ahora el <strong>ordenador i9 14900K RTX 4080 con dos discos de 1TB<\/strong> de disco s\u00f3lido NVMe 4.0 y 64GB de memoria RAM DDR5, excelente configuraci\u00f3n para profesionales del dise\u00f1o gr\u00e1fico, edici\u00f3n profesional y todo lo relacionado con el mundo del dise\u00f1o profesional. \u00c9sta cuenta con el procesador Intel Core i9 14900K, la potente tarjeta gr\u00e1fica de NVIDI, la <strong>GeForce RTX 4080<\/strong>,<strong> discos duros s\u00f3lidos<\/strong> potentes, un disco SSD <strong>NVMe 4.0 de 1TB<\/strong> para la carga y el proceso de aplicaciones, y un segundo <strong>SSD NVMe 4.0 de 1TB como disco cach\u00e9<\/strong>, y todo ello con <strong>Windows 11 Professional instalado y actualizado<\/strong>, adem\u00e1s del paquete de <strong>Microsoft Office 2021 Professional<\/strong>.<\/p>\n<h2 style=\"text-align: center;\"><span style=\"color: #99cc00;\"><strong>Ordenador dise\u00f1o gr\u00e1fico i9 14900K RTX 4080 32GB RAM DDR5<\/strong><\/span><\/h2>\n<p style=\"text-align: center;\"><strong>\u00a0<\/strong><strong>Detalles del Ordenador i9 14900K con tarjeta gr\u00e1fica RTX 4080<\/strong><\/p>\n<ul>\n<li>Procesador: Intel\u00ae Core\u2122 i9-14900K de d\u00e9cimo cuarta generaci\u00f3n (cach\u00e9 de 32 MB, hasta 6,0 GHz).<\/li>\n<li>Placa base: ASUS Pro Art Z790 DDR5. La placa base m\u00e1s recomendada para dise\u00f1o profesional de \u00faltima generaci\u00f3n.<\/li>\n<li>Tarjeta gr\u00e1fica: NVidia Geforce RTX 4080 con 16GB de memoria GDDR6X.<\/li>\n<li>Memoria RAM: 64GB DDR5 (5600MHz).<\/li>\n<li>Disco duro: SSD NVMe 4.0 de 1TB<\/li>\n<li>Disco duro secundario: SSD NVMe 4.0 de 1TB<\/li>\n<li>Fuente de alimentaci\u00f3n: EVGA Platinum Modular 1000W<\/li>\n<li>Caja: Corsair 4000D Airflow (Blanca o Negra)<\/li>\n<li>Refrigeraci\u00f3n l\u00edquida Corsair i100 (2 ventiladores)<\/li>\n<li>Sistema Operativo: Microsoft Windows 11 Pro 64bits<\/li>\n<li>Color Negro o Blanco a elegir por el cliente.<\/li>\n<li>Montaje, testeo, instalaci\u00f3n de sistema, drivers, pack de programas, configuraci\u00f3n, actualizaci\u00f3n y optimizaci\u00f3n de BIOS.<\/li>\n<li>Garant\u00eda de 3 a\u00f1os.<\/li>\n<li>Tiempo de montaje de 2 a 5 d\u00edas laborables desde fecha de pedido.<\/li>\n<\/ul>\n<p><strong>\u00a0<\/strong><\/p>\n<h3 style=\"text-align: center;\"><span style=\"color: #99cc00;\"><strong>Caracter\u00edsticas del ordenador i9 14900K con RTX 4080 y discos 1TB NVME 4.0<\/strong><\/span><\/h3>\n<p>&nbsp;<\/p>\n<p><img data-recalc-dims=\"1\" loading=\"lazy\" decoding=\"async\" class=\"wp-image-12212 aligncenter\" src=\"https:\/\/i0.wp.com\/www.pcmadrid.es\/tienda\/wp-content\/uploads\/2021\/02\/1139-intel-core-i9-14900k-32-6ghz-box.webp?resize=375%2C375&#038;ssl=1\" alt=\"\" width=\"375\" height=\"375\" \/><\/p>\n<p>&nbsp;<\/p>\n<ul>\n<li><strong>Procesador Intel i9 14900k de d\u00e9cimo cuarta generaci\u00f3n de Intel:<\/strong><\/li>\n<\/ul>\n<p><strong>Rendimiento<\/strong><\/p>\n<ul>\n<li>N\u00facleos: 24<\/li>\n<li>N\u00facleos eficientes: 16<\/li>\n<li>N\u00facleos de alto rendimiento: 8<\/li>\n<li>Hilos: 32<\/li>\n<li>Frecuencia base del procesador: 3,20 GHz<\/li>\n<li>Frecuencia turbo m\u00e1xima: 6,0 GHz<\/li>\n<li>Cach\u00e9: 32 MB Intel\u00ae Smart Cache<\/li>\n<li>Potencia base: 125 W<\/li>\n<li>Potencia turbo m\u00e1xima: 253W<\/li>\n<\/ul>\n<p>&nbsp;<\/p>\n<ul>\n<li><strong>64 GB de memoria RAM DDR5 y dos discos de 1TB de almacenamiento NVMe 4.0<\/strong><\/li>\n<\/ul>\n<p>64GB en cuatro m\u00f3dulos de Memoria RAM DDR5 de alta velocidad, aprovechando la tecnolog\u00eda Dual Channel. Estos m\u00f3dulos est\u00e1n recubiertos de difusores t\u00e9rmicos de aluminio, as\u00ed permitiendo una disipaci\u00f3n del calor m\u00e1s r\u00e1pida y eficaz. Los discos duros SSD NVMe Samsung EVO PCI 4.0 con formato M2 2280, alimentados por el controlador Elpis personalizado de Samsung para SSD PCIe 4.0, el 980 PRO est\u00e1 optimizado para la velocidad. Ofrece velocidades de lectura de hasta 7.000 MB \/ s, lo que le hace 2 veces m\u00e1s r\u00e1pido que los SSD PCIe 3.0 y 12,7 veces m\u00e1s r\u00e1pido que los SSD SATA. El 980 PRO alcanza velocidades m\u00e1ximas en PCIe 4.0 y puede variar en otros entornos.<\/p>\n<p>&nbsp;<\/p>\n<h4 style=\"text-align: center;\"><span style=\"color: #99cc00;\"><strong>Ordenador Gaming con tarjeta gr\u00e1fica NVIDIA GeForce RTX 4080<\/strong><\/span><\/h4>\n<ul>\n<li><b>Tarjeta gr\u00e1fica NVIDIA GeForce RTX 4080 16GB GDDR6X<\/b><\/li>\n<\/ul>\n<p><img data-recalc-dims=\"1\" loading=\"lazy\" decoding=\"async\" class=\"aligncenter size-large wp-image-10877\" src=\"https:\/\/i0.wp.com\/www.pcmadrid.es\/tienda\/wp-content\/uploads\/2021\/02\/geforce-ada-rtx4080-back.webp?resize=600%2C450&#038;ssl=1\" alt=\"\" width=\"600\" height=\"450\" srcset=\"https:\/\/i0.wp.com\/www.pcmadrid.es\/tienda\/wp-content\/uploads\/2021\/02\/geforce-ada-rtx4080-back.webp?resize=1024%2C768&amp;ssl=1 1024w, https:\/\/i0.wp.com\/www.pcmadrid.es\/tienda\/wp-content\/uploads\/2021\/02\/geforce-ada-rtx4080-back.webp?resize=300%2C225&amp;ssl=1 300w, https:\/\/i0.wp.com\/www.pcmadrid.es\/tienda\/wp-content\/uploads\/2021\/02\/geforce-ada-rtx4080-back.webp?resize=768%2C576&amp;ssl=1 768w, https:\/\/i0.wp.com\/www.pcmadrid.es\/tienda\/wp-content\/uploads\/2021\/02\/geforce-ada-rtx4080-back.webp?resize=1536%2C1151&amp;ssl=1 1536w, https:\/\/i0.wp.com\/www.pcmadrid.es\/tienda\/wp-content\/uploads\/2021\/02\/geforce-ada-rtx4080-back.webp?resize=2048%2C1535&amp;ssl=1 2048w, https:\/\/i0.wp.com\/www.pcmadrid.es\/tienda\/wp-content\/uploads\/2021\/02\/geforce-ada-rtx4080-back.webp?resize=160%2C120&amp;ssl=1 160w, https:\/\/i0.wp.com\/www.pcmadrid.es\/tienda\/wp-content\/uploads\/2021\/02\/geforce-ada-rtx4080-back.webp?resize=600%2C450&amp;ssl=1 600w, https:\/\/i0.wp.com\/www.pcmadrid.es\/tienda\/wp-content\/uploads\/2021\/02\/geforce-ada-rtx4080-back.webp?w=2160&amp;ssl=1 2160w\" sizes=\"(max-width: 600px) 100vw, 600px\" \/><\/p>\n<p>&nbsp;<\/p>\n<p>La <a href=\"https:\/\/www.nvidia.com\/es-es\/geforce\/graphics-cards\/40-series\/rtx-4080\/\">NVIDIA GeForce RTX<sup>\u2122 <\/sup>4080<\/a> ofrece el rendimiento ultra necesario para jugar y trabajar de manera profesional, con tecnolog\u00eda de Ada Lovelace, la arquitectura RTX de NVIDIA y memoria de G6X supe r\u00e1pida para brindar una experiencia inmejorable. Adem\u00e1s, su dise\u00f1o de doble flujo axial ofrece el mayor rendimiento t\u00e9rmico posible sin comprometer la ac\u00fastica del ventilador. Este innovador dise\u00f1o refuerza el flujo de aire natural del chasis para conseguir un sistema de Gaming mejor refrigerado y m\u00e1s silencioso. Tanto si renderizas escenas complejas en 3D, editas v\u00eddeo 8K o transmites en directo con la mejor codificaci\u00f3n y calidad de imagen, las GPU GeForce RTX ofrecen la mayor productividad para crear lo mejor<em>.<\/em><\/p>\n<p><img data-recalc-dims=\"1\" loading=\"lazy\" decoding=\"async\" class=\"aligncenter size-full wp-image-10876\" src=\"https:\/\/i0.wp.com\/www.pcmadrid.es\/tienda\/wp-content\/uploads\/2021\/02\/spec-4080.png?resize=604%2C414&#038;ssl=1\" alt=\"\" width=\"604\" height=\"414\" srcset=\"https:\/\/i0.wp.com\/www.pcmadrid.es\/tienda\/wp-content\/uploads\/2021\/02\/spec-4080.png?w=604&amp;ssl=1 604w, https:\/\/i0.wp.com\/www.pcmadrid.es\/tienda\/wp-content\/uploads\/2021\/02\/spec-4080.png?resize=300%2C206&amp;ssl=1 300w, https:\/\/i0.wp.com\/www.pcmadrid.es\/tienda\/wp-content\/uploads\/2021\/02\/spec-4080.png?resize=600%2C411&amp;ssl=1 600w\" sizes=\"(max-width: 604px) 100vw, 604px\" \/><\/p>\n<p>&nbsp;<\/p>\n<p>&nbsp;<\/p>\n<ul>\n<li><strong>La placa base ASUS Z790 Pro Art DDR5.<\/strong><\/li>\n<\/ul>\n<ul>\n<li>Todo ello alimentando por una <strong>fuente de alimentaci\u00f3n<\/strong> totalmente modular EVGA Platinum de 1000W, proporcionando una potencia eficiente con certificaci\u00f3n 92 PLUS Platinum y un funcionamiento casi silencioso.<\/li>\n<\/ul>\n<ul>\n<li>Incluye <strong><a href=\"https:\/\/www.pcmadrid.es\/tienda\/producto\/microsoft-windows-11-pro-licencia-digital\/\">Windows 11 Pro<\/a> configurado y <a href=\"https:\/\/www.pcmadrid.es\/tienda\/producto\/licencia-office-2021-pro-plus-windows\/\">Office 2021 Pro<\/a><\/strong>, ambos con licencias originales.<\/li>\n<\/ul>\n<p>&nbsp;<\/p>\n<p style=\"text-align: center;\">En <strong>PCMADRID<\/strong> realizamos el montaje, testeo de componentes y la instalaci\u00f3n del sistema operativo Windows 11 Pro, realizando a su vez la instalaci\u00f3n de librer\u00edas, drivers, \u00faltimos parches disponibles, actualizaci\u00f3n y optimizaci\u00f3n de BIOS y perfiles OC de memoria RAM.<\/p>\n<p style=\"text-align: center;\">El ordenador queda listo para que el usuario instale sus programas o juegos y pueda disfrutar de su potencia y velocidad. Adem\u00e1s, con nuestra garant\u00eda de 3 a\u00f1os, podr\u00e1 disfrutar de la tranquilidad de disponer de soporte ante cualquier problema.<\/p>\n<h3 style=\"text-align: center;\"><span style=\"color: #99cc00;\"><strong>PC para dise\u00f1o gr\u00e1fico i9 14900k RTX 4080 64GB RAM DDR5<\/strong><\/span><\/h3>\n","protected":false},"excerpt":{"rendered":"<p>Ordenador <b>de alto rendimiento<\/b>\u00a0para <strong>dise\u00f1o gr\u00e1fico y edici\u00f3n de v\u00eddeo profesional <\/strong>y Gaming, montado con el <strong>Intel Core i9 14900k<\/strong> de d\u00e9cimo cuarta generaci\u00f3n junto a la <strong>tarjeta gr\u00e1fica NVidia Geforce RTX 4080 de 16GB de memoria GDDR6X, 64GB de memoria RAM DDR5, dos discos SSD NVME 4.0 de 1TB<\/strong>. Componentes de primeras marcas y garant\u00eda de 3 a\u00f1os. Con licencia <strong>Windows 11 Pro original y Microsoft Office 2021 Professional<\/strong> incluidas.<\/p>\n<p>&nbsp;<\/p>\n","protected":false},"featured_media":12213,"comment_status":"open","ping_status":"closed","template":"","meta":{"_et_pb_use_builder":"","_et_pb_old_content":"","_et_gb_content_width":""},"product_brand":[],"product_cat":[102,381,94,65],"product_tag":[],"class_list":{"0":"post-7576","1":"product","2":"type-product","3":"status-publish","4":"has-post-thumbnail","6":"product_cat-comprar-ordenadores","7":"product_cat-pc-profesional","8":"product_cat-pc-sobremesa","9":"product_cat-todos","11":"first","12":"instock","13":"taxable","14":"shipping-taxable","15":"purchasable","16":"product-type-simple"},"yoast_head":"<!-- This site is optimized with the Yoast SEO plugin v27.5 - https:\/\/yoast.com\/product\/yoast-seo-wordpress\/ -->\n<title>Ordenador ASUS Pro Art9 14900K RTX 4080 64GB DDR5 \u2013 W11 | Tienda PCMADRID<\/title>\n<meta name=\"description\" content=\"Ordenador i9 14900K NVidia RTX 4080 de alta gama. Compra el equipo perfecto para profesionales de dise\u00f1o gr\u00e1fico y edici\u00f3n de v\u00eddeo.\" \/>\n<meta name=\"robots\" content=\"index, follow, max-snippet:-1, max-image-preview:large, max-video-preview:-1\" \/>\n<link rel=\"canonical\" href=\"https:\/\/www.pcmadrid.es\/tienda\/producto\/ordenador-i9-14900k-rtx-4080-64gb-ddr5-w11\/\" \/>\n<meta name=\"twitter:label1\" content=\"Tiempo de lectura\" \/>\n\t<meta name=\"twitter:data1\" content=\"5 minutos\" \/>\n<script type=\"application\/ld+json\" class=\"yoast-schema-graph\">{\"@context\":\"https:\\\/\\\/schema.org\",\"@graph\":[{\"@type\":\"WebPage\",\"@id\":\"https:\\\/\\\/www.pcmadrid.es\\\/tienda\\\/producto\\\/ordenador-i9-14900k-rtx-4080-64gb-ddr5-w11\\\/\",\"url\":\"https:\\\/\\\/www.pcmadrid.es\\\/tienda\\\/producto\\\/ordenador-i9-14900k-rtx-4080-64gb-ddr5-w11\\\/\",\"name\":\"Ordenador ASUS Pro Art9 14900K RTX 4080 64GB DDR5 \u2013 W11 | Tienda PCMADRID\",\"isPartOf\":{\"@id\":\"https:\\\/\\\/www.pcmadrid.es\\\/tienda\\\/#website\"},\"primaryImageOfPage\":{\"@id\":\"https:\\\/\\\/www.pcmadrid.es\\\/tienda\\\/producto\\\/ordenador-i9-14900k-rtx-4080-64gb-ddr5-w11\\\/#primaryimage\"},\"image\":{\"@id\":\"https:\\\/\\\/www.pcmadrid.es\\\/tienda\\\/producto\\\/ordenador-i9-14900k-rtx-4080-64gb-ddr5-w11\\\/#primaryimage\"},\"thumbnailUrl\":\"https:\\\/\\\/i0.wp.com\\\/www.pcmadrid.es\\\/tienda\\\/wp-content\\\/uploads\\\/2021\\\/02\\\/proart-asus.png?fit=600%2C600&ssl=1\",\"datePublished\":\"2021-02-02T16:29:59+00:00\",\"dateModified\":\"2024-10-30T19:06:34+00:00\",\"description\":\"Ordenador i9 14900K NVidia RTX 4080 de alta gama. Compra el equipo perfecto para profesionales de dise\u00f1o gr\u00e1fico y edici\u00f3n de v\u00eddeo.\",\"breadcrumb\":{\"@id\":\"https:\\\/\\\/www.pcmadrid.es\\\/tienda\\\/producto\\\/ordenador-i9-14900k-rtx-4080-64gb-ddr5-w11\\\/#breadcrumb\"},\"inLanguage\":\"es\",\"potentialAction\":[{\"@type\":\"ReadAction\",\"target\":[\"https:\\\/\\\/www.pcmadrid.es\\\/tienda\\\/producto\\\/ordenador-i9-14900k-rtx-4080-64gb-ddr5-w11\\\/\"]}]},{\"@type\":\"ImageObject\",\"inLanguage\":\"es\",\"@id\":\"https:\\\/\\\/www.pcmadrid.es\\\/tienda\\\/producto\\\/ordenador-i9-14900k-rtx-4080-64gb-ddr5-w11\\\/#primaryimage\",\"url\":\"https:\\\/\\\/i0.wp.com\\\/www.pcmadrid.es\\\/tienda\\\/wp-content\\\/uploads\\\/2021\\\/02\\\/proart-asus.png?fit=600%2C600&ssl=1\",\"contentUrl\":\"https:\\\/\\\/i0.wp.com\\\/www.pcmadrid.es\\\/tienda\\\/wp-content\\\/uploads\\\/2021\\\/02\\\/proart-asus.png?fit=600%2C600&ssl=1\",\"width\":600,\"height\":600},{\"@type\":\"BreadcrumbList\",\"@id\":\"https:\\\/\\\/www.pcmadrid.es\\\/tienda\\\/producto\\\/ordenador-i9-14900k-rtx-4080-64gb-ddr5-w11\\\/#breadcrumb\",\"itemListElement\":[{\"@type\":\"ListItem\",\"position\":1,\"name\":\"Portada\",\"item\":\"https:\\\/\\\/www.pcmadrid.es\\\/tienda\\\/\"},{\"@type\":\"ListItem\",\"position\":2,\"name\":\"Todos los productos\",\"item\":\"https:\\\/\\\/www.pcmadrid.es\\\/tienda\\\/todos-los-productos\\\/\"},{\"@type\":\"ListItem\",\"position\":3,\"name\":\"Ordenador ASUS Pro Art9 14900K RTX 4080 64GB DDR5 \u2013 W11\"}]},{\"@type\":\"WebSite\",\"@id\":\"https:\\\/\\\/www.pcmadrid.es\\\/tienda\\\/#website\",\"url\":\"https:\\\/\\\/www.pcmadrid.es\\\/tienda\\\/\",\"name\":\"Tienda PCMADRID\",\"description\":\"Venta y reparaciones de ordenadores\",\"publisher\":{\"@id\":\"https:\\\/\\\/www.pcmadrid.es\\\/tienda\\\/#organization\"},\"potentialAction\":[{\"@type\":\"SearchAction\",\"target\":{\"@type\":\"EntryPoint\",\"urlTemplate\":\"https:\\\/\\\/www.pcmadrid.es\\\/tienda\\\/?s={search_term_string}\"},\"query-input\":{\"@type\":\"PropertyValueSpecification\",\"valueRequired\":true,\"valueName\":\"search_term_string\"}}],\"inLanguage\":\"es\"},{\"@type\":\"Organization\",\"@id\":\"https:\\\/\\\/www.pcmadrid.es\\\/tienda\\\/#organization\",\"name\":\"PCMADRID\",\"url\":\"https:\\\/\\\/www.pcmadrid.es\\\/tienda\\\/\",\"logo\":{\"@type\":\"ImageObject\",\"inLanguage\":\"es\",\"@id\":\"https:\\\/\\\/www.pcmadrid.es\\\/tienda\\\/#\\\/schema\\\/logo\\\/image\\\/\",\"url\":\"https:\\\/\\\/www.pcmadrid.es\\\/tienda\\\/wp-content\\\/uploads\\\/2019\\\/10\\\/pcmadridlogo..png\",\"contentUrl\":\"https:\\\/\\\/www.pcmadrid.es\\\/tienda\\\/wp-content\\\/uploads\\\/2019\\\/10\\\/pcmadridlogo..png\",\"width\":750,\"height\":300,\"caption\":\"PCMADRID\"},\"image\":{\"@id\":\"https:\\\/\\\/www.pcmadrid.es\\\/tienda\\\/#\\\/schema\\\/logo\\\/image\\\/\"},\"sameAs\":[\"https:\\\/\\\/www.facebook.com\\\/pcmadridinformatica\",\"https:\\\/\\\/x.com\\\/pc_madrid\",\"https:\\\/\\\/www.youtube.com\\\/channel\\\/UCIbQq9k6BBrU5x2wqDIHr7A\",\"https:\\\/\\\/www.instagram.com\\\/pcmadrid_informatica\\\/?hl=es\",\"https:\\\/\\\/www.linkedin.com\\\/company\\\/9348326\\\/admin\\\/\",\"https:\\\/\\\/www.pinterest.es\\\/pcmadrid_informatica\\\/\"]}]}<\/script>\n<!-- \/ Yoast SEO plugin. -->","yoast_head_json":{"title":"Ordenador ASUS Pro Art9 14900K RTX 4080 64GB DDR5 \u2013 W11 | Tienda PCMADRID","description":"Ordenador i9 14900K NVidia RTX 4080 de alta gama. Compra el equipo perfecto para profesionales de dise\u00f1o gr\u00e1fico y edici\u00f3n de v\u00eddeo.","robots":{"index":"index","follow":"follow","max-snippet":"max-snippet:-1","max-image-preview":"max-image-preview:large","max-video-preview":"max-video-preview:-1"},"canonical":"https:\/\/www.pcmadrid.es\/tienda\/producto\/ordenador-i9-14900k-rtx-4080-64gb-ddr5-w11\/","twitter_misc":{"Tiempo de lectura":"5 minutos"},"schema":{"@context":"https:\/\/schema.org","@graph":[{"@type":"WebPage","@id":"https:\/\/www.pcmadrid.es\/tienda\/producto\/ordenador-i9-14900k-rtx-4080-64gb-ddr5-w11\/","url":"https:\/\/www.pcmadrid.es\/tienda\/producto\/ordenador-i9-14900k-rtx-4080-64gb-ddr5-w11\/","name":"Ordenador ASUS Pro Art9 14900K RTX 4080 64GB DDR5 \u2013 W11 | Tienda PCMADRID","isPartOf":{"@id":"https:\/\/www.pcmadrid.es\/tienda\/#website"},"primaryImageOfPage":{"@id":"https:\/\/www.pcmadrid.es\/tienda\/producto\/ordenador-i9-14900k-rtx-4080-64gb-ddr5-w11\/#primaryimage"},"image":{"@id":"https:\/\/www.pcmadrid.es\/tienda\/producto\/ordenador-i9-14900k-rtx-4080-64gb-ddr5-w11\/#primaryimage"},"thumbnailUrl":"https:\/\/i0.wp.com\/www.pcmadrid.es\/tienda\/wp-content\/uploads\/2021\/02\/proart-asus.png?fit=600%2C600&ssl=1","datePublished":"2021-02-02T16:29:59+00:00","dateModified":"2024-10-30T19:06:34+00:00","description":"Ordenador i9 14900K NVidia RTX 4080 de alta gama. Compra el equipo perfecto para profesionales de dise\u00f1o gr\u00e1fico y edici\u00f3n de v\u00eddeo.","breadcrumb":{"@id":"https:\/\/www.pcmadrid.es\/tienda\/producto\/ordenador-i9-14900k-rtx-4080-64gb-ddr5-w11\/#breadcrumb"},"inLanguage":"es","potentialAction":[{"@type":"ReadAction","target":["https:\/\/www.pcmadrid.es\/tienda\/producto\/ordenador-i9-14900k-rtx-4080-64gb-ddr5-w11\/"]}]},{"@type":"ImageObject","inLanguage":"es","@id":"https:\/\/www.pcmadrid.es\/tienda\/producto\/ordenador-i9-14900k-rtx-4080-64gb-ddr5-w11\/#primaryimage","url":"https:\/\/i0.wp.com\/www.pcmadrid.es\/tienda\/wp-content\/uploads\/2021\/02\/proart-asus.png?fit=600%2C600&ssl=1","contentUrl":"https:\/\/i0.wp.com\/www.pcmadrid.es\/tienda\/wp-content\/uploads\/2021\/02\/proart-asus.png?fit=600%2C600&ssl=1","width":600,"height":600},{"@type":"BreadcrumbList","@id":"https:\/\/www.pcmadrid.es\/tienda\/producto\/ordenador-i9-14900k-rtx-4080-64gb-ddr5-w11\/#breadcrumb","itemListElement":[{"@type":"ListItem","position":1,"name":"Portada","item":"https:\/\/www.pcmadrid.es\/tienda\/"},{"@type":"ListItem","position":2,"name":"Todos los productos","item":"https:\/\/www.pcmadrid.es\/tienda\/todos-los-productos\/"},{"@type":"ListItem","position":3,"name":"Ordenador ASUS Pro Art9 14900K RTX 4080 64GB DDR5 \u2013 W11"}]},{"@type":"WebSite","@id":"https:\/\/www.pcmadrid.es\/tienda\/#website","url":"https:\/\/www.pcmadrid.es\/tienda\/","name":"Tienda PCMADRID","description":"Venta y reparaciones de ordenadores","publisher":{"@id":"https:\/\/www.pcmadrid.es\/tienda\/#organization"},"potentialAction":[{"@type":"SearchAction","target":{"@type":"EntryPoint","urlTemplate":"https:\/\/www.pcmadrid.es\/tienda\/?s={search_term_string}"},"query-input":{"@type":"PropertyValueSpecification","valueRequired":true,"valueName":"search_term_string"}}],"inLanguage":"es"},{"@type":"Organization","@id":"https:\/\/www.pcmadrid.es\/tienda\/#organization","name":"PCMADRID","url":"https:\/\/www.pcmadrid.es\/tienda\/","logo":{"@type":"ImageObject","inLanguage":"es","@id":"https:\/\/www.pcmadrid.es\/tienda\/#\/schema\/logo\/image\/","url":"https:\/\/www.pcmadrid.es\/tienda\/wp-content\/uploads\/2019\/10\/pcmadridlogo..png","contentUrl":"https:\/\/www.pcmadrid.es\/tienda\/wp-content\/uploads\/2019\/10\/pcmadridlogo..png","width":750,"height":300,"caption":"PCMADRID"},"image":{"@id":"https:\/\/www.pcmadrid.es\/tienda\/#\/schema\/logo\/image\/"},"sameAs":["https:\/\/www.facebook.com\/pcmadridinformatica","https:\/\/x.com\/pc_madrid","https:\/\/www.youtube.com\/channel\/UCIbQq9k6BBrU5x2wqDIHr7A","https:\/\/www.instagram.com\/pcmadrid_informatica\/?hl=es","https:\/\/www.linkedin.com\/company\/9348326\/admin\/","https:\/\/www.pinterest.es\/pcmadrid_informatica\/"]}]}},"jetpack_sharing_enabled":true,"_links":{"self":[{"href":"https:\/\/www.pcmadrid.es\/tienda\/wp-json\/wp\/v2\/product\/7576","targetHints":{"allow":["GET"]}}],"collection":[{"href":"https:\/\/www.pcmadrid.es\/tienda\/wp-json\/wp\/v2\/product"}],"about":[{"href":"https:\/\/www.pcmadrid.es\/tienda\/wp-json\/wp\/v2\/types\/product"}],"replies":[{"embeddable":true,"href":"https:\/\/www.pcmadrid.es\/tienda\/wp-json\/wp\/v2\/comments?post=7576"}],"wp:featuredmedia":[{"embeddable":true,"href":"https:\/\/www.pcmadrid.es\/tienda\/wp-json\/wp\/v2\/media\/12213"}],"wp:attachment":[{"href":"https:\/\/www.pcmadrid.es\/tienda\/wp-json\/wp\/v2\/media?parent=7576"}],"wp:term":[{"taxonomy":"product_brand","embeddable":true,"href":"https:\/\/www.pcmadrid.es\/tienda\/wp-json\/wp\/v2\/product_brand?post=7576"},{"taxonomy":"product_cat","embeddable":true,"href":"https:\/\/www.pcmadrid.es\/tienda\/wp-json\/wp\/v2\/product_cat?post=7576"},{"taxonomy":"product_tag","embeddable":true,"href":"https:\/\/www.pcmadrid.es\/tienda\/wp-json\/wp\/v2\/product_tag?post=7576"}],"curies":[{"name":"wp","href":"https:\/\/api.w.org\/{rel}","templated":true}]}}