{"id":7904,"date":"2021-01-30T20:16:10","date_gmt":"2021-01-30T19:16:10","guid":{"rendered":"https:\/\/www.pcmadrid.es\/tienda\/?post_type=product&#038;p=7904"},"modified":"2024-10-30T20:14:01","modified_gmt":"2024-10-30T19:14:01","slug":"equipo-all-in-one-hp-24-windows-11","status":"publish","type":"product","link":"https:\/\/www.pcmadrid.es\/tienda\/producto\/equipo-all-in-one-hp-24-windows-11\/","title":{"rendered":"Ordenador All in One HP 24 IPS Intel Windows 11"},"content":{"rendered":"<p>El ordenador All-in-One de HP 13\u00aa Gen a\u00fana la potencia de un sobremesa con la elegancia de una pantalla con micro borde en tres lados en un dispositivo fiable dise\u00f1ado para adaptarse a tus necesidades. Gracias a su f\u00e1cil actualizaci\u00f3n, en tres sencillos pasos, podr\u00e1s estar seguro de tener lo \u00faltimo en\u00a0 tecnolog\u00eda.<\/p>\n<p>&nbsp;<\/p>\n<div id=\"attachment_7905\" style=\"width: 535px\" class=\"wp-caption aligncenter\"><img data-recalc-dims=\"1\" loading=\"lazy\" decoding=\"async\" aria-describedby=\"caption-attachment-7905\" class=\"wp-image-7905\" src=\"https:\/\/i0.wp.com\/www.pcmadrid.es\/tienda\/wp-content\/uploads\/2021\/01\/art_hpd-aio-24-df0046ns_1.jpg?resize=525%2C525&#038;ssl=1\" alt=\"HP All in One i3\" width=\"525\" height=\"525\" srcset=\"https:\/\/i0.wp.com\/www.pcmadrid.es\/tienda\/wp-content\/uploads\/2021\/01\/art_hpd-aio-24-df0046ns_1.jpg?resize=300%2C300&amp;ssl=1 300w, https:\/\/i0.wp.com\/www.pcmadrid.es\/tienda\/wp-content\/uploads\/2021\/01\/art_hpd-aio-24-df0046ns_1.jpg?resize=150%2C150&amp;ssl=1 150w, https:\/\/i0.wp.com\/www.pcmadrid.es\/tienda\/wp-content\/uploads\/2021\/01\/art_hpd-aio-24-df0046ns_1.jpg?resize=768%2C768&amp;ssl=1 768w, https:\/\/i0.wp.com\/www.pcmadrid.es\/tienda\/wp-content\/uploads\/2021\/01\/art_hpd-aio-24-df0046ns_1.jpg?resize=65%2C65&amp;ssl=1 65w, https:\/\/i0.wp.com\/www.pcmadrid.es\/tienda\/wp-content\/uploads\/2021\/01\/art_hpd-aio-24-df0046ns_1.jpg?resize=600%2C600&amp;ssl=1 600w, https:\/\/i0.wp.com\/www.pcmadrid.es\/tienda\/wp-content\/uploads\/2021\/01\/art_hpd-aio-24-df0046ns_1.jpg?resize=100%2C100&amp;ssl=1 100w, https:\/\/i0.wp.com\/www.pcmadrid.es\/tienda\/wp-content\/uploads\/2021\/01\/art_hpd-aio-24-df0046ns_1.jpg?w=800&amp;ssl=1 800w\" sizes=\"(max-width: 525px) 100vw, 525px\" \/><p id=\"caption-attachment-7905\" class=\"wp-caption-text\">El ordenador All-in-One de HP a\u00fana la potencia de un sobremesa con la elegancia de una pantalla con microborde en tres lados en un dispositivo fiable dise\u00f1ado para adaptarse a tus necesidades. Gracias a su f\u00e1cil actualizaci\u00f3n, en tres sencillos pasos, podr\u00e1s estar seguro de tener lo \u00faltimo en\u00a0 tecnolog\u00eda.<\/p><\/div>\n<p>&nbsp;<\/p>\n<h2 style=\"text-align: center;\"><span style=\"color: #99cc00;\">Un ordenador All in One HP potente en oferta<\/span><\/h2>\n<p>\u00bfBuscas un ordenador All-in-One potente que te permita afrontar tus d\u00edas m\u00e1s ajetreados con el rendimiento de un procesador fiable? Guarda todos tus v\u00eddeos, fotos y documentos favoritos gracias a su gran capacidad de almacenamiento.<br \/>\nAfronta tus d\u00edas m\u00e1s estresantes con el rendimiento de un procesador fiable. Almacena todas las cosas que te gustan, gracias a un amplio almacenamiento para tus fotos, v\u00eddeos y documentos.<br \/>\nDurante 80 a\u00f1os, te hemos apoyado. Con millones de clientes, <a href=\"https:\/\/www8.hp.com\/es\/es\/home.html\" target=\"_blank\" rel=\"noopener\">la marca HP<\/a> antepone por encima de todo una tecnolog\u00eda fiable. Por eso nuestros ordenadores pasan m\u00e1s de 230 pruebas individuales para garantizar que obtienes un ordenador fiable y potente que va a durar.<\/p>\n<h2>Prestaciones<\/h2>\n<ul>\n<li>Sistema operativo: Windows 11 Pro<\/li>\n<li><a href=\"https:\/\/www.pcmadrid.es\/tienda\/producto\/licencia-office-2021-pro-plus-windows\/\">Office 2021 Pro<\/a><\/li>\n<\/ul>\n<h2>Selecciona tu procesador entre i3 o i5:<\/h2>\n<ul>\n<li>Procesador Intel\u00ae Core\u2122 i3-1315U (frecuencia base de 3,3 GHz, hasta 4,50 GHz con tecnolog\u00eda Intel\u00ae Turbo Boost, 10 MB de smart cach\u00e9,\u00a0 6 n\u00facleos, 8 subprocesos)<\/li>\n<li>Procesador: Intel\u00ae Core\u2122 i5-1335U (frecuencia base de 3,4 GHz, hasta 4,60 GHz con tecnolog\u00eda Intel\u00ae Turbo Boost, 12 MB de smart cach\u00e9, 10 n\u00facleos, 12 subprocesos)<\/li>\n<li>Familia del procesador: Procesador Intel\u00ae Core\u2122 i3 o i5 de 13.\u00aa generaci\u00f3n<\/li>\n<li>Memoria: SDRAM DDR4-3200 de 8 GB (1 x 8 GB); Ranuras totales: 2 SODIMM Velocidades de transferencia de hasta 3200 MT\/s.\u00a0 \u00a0(posibilidad de ampliar a 16GB)<\/li>\n<li>Almacenamiento de datos\n<ul>\n<li>SSD de 512 GB PCIe 4.0 NVMe\u00a0 \u00a0(posibilidad de ampliar a 1000GB SSD NVMe M.2)<\/li>\n<li>Unidad \u00f3ptica no incluida<\/li>\n<\/ul>\n<\/li>\n<li>Gr\u00e1ficos:Integrada: Gr\u00e1ficos Intel\u00ae Iris X<\/li>\n<li>Audio: Altavoces dobles de 2 W<\/li>\n<li>Pantalla: FHD IPS de 23,8&#8243; (60,45 cm) antirreflectante con retroiluminaci\u00f3n WLED y microborde en tres lados, 250 nits, 72 % NTSC (1920 x 1080)<\/li>\n<li>Alimentaci\u00f3n: Adaptador de alimentaci\u00f3n Smart AC de 90 W<\/li>\n<\/ul>\n<h2>Conectividad All in one hp<\/h2>\n<ul>\n<li>Interfaz de red: LAN 10\/100\/1000 GbE integrada<\/li>\n<li>Conectividad inal\u00e1mbrica: Combo Realtek Wi-Fi 6 b\/g\/n\/ac (2&#215;2) y Bluetooth\u00ae 5.3<\/li>\n<li>Puertos\n<ul>\n<li>Parte trasera: 1 x USBC, 2 x SuperSpeed USB Type-A con velocidad de se\u00f1al de 5 Gbps; 2 x USB 2.0 Type-A; 1 salida HDMI 1.4; 1 toma combinada de auriculares\/micr\u00f3fono; 1 RJ-45<\/li>\n<\/ul>\n<\/li>\n<li>Ranuras de expansi\u00f3n: 2 M.2 (1 para SSD, 1 para WLAN)<\/li>\n<li>Webcam: C\u00e1mara HD HP Privacy con micr\u00f3fono digital de matriz doble<\/li>\n<\/ul>\n<p>&nbsp;<\/p>\n<p><img data-recalc-dims=\"1\" loading=\"lazy\" decoding=\"async\" class=\" wp-image-7906 aligncenter\" src=\"https:\/\/i0.wp.com\/www.pcmadrid.es\/tienda\/wp-content\/uploads\/2021\/01\/art_hpd-aio-24-df0046ns_3.jpg?resize=551%2C551&#038;ssl=1\" alt=\"\" width=\"551\" height=\"551\" srcset=\"https:\/\/i0.wp.com\/www.pcmadrid.es\/tienda\/wp-content\/uploads\/2021\/01\/art_hpd-aio-24-df0046ns_3.jpg?resize=300%2C300&amp;ssl=1 300w, https:\/\/i0.wp.com\/www.pcmadrid.es\/tienda\/wp-content\/uploads\/2021\/01\/art_hpd-aio-24-df0046ns_3.jpg?resize=150%2C150&amp;ssl=1 150w, https:\/\/i0.wp.com\/www.pcmadrid.es\/tienda\/wp-content\/uploads\/2021\/01\/art_hpd-aio-24-df0046ns_3.jpg?resize=768%2C768&amp;ssl=1 768w, https:\/\/i0.wp.com\/www.pcmadrid.es\/tienda\/wp-content\/uploads\/2021\/01\/art_hpd-aio-24-df0046ns_3.jpg?resize=65%2C65&amp;ssl=1 65w, https:\/\/i0.wp.com\/www.pcmadrid.es\/tienda\/wp-content\/uploads\/2021\/01\/art_hpd-aio-24-df0046ns_3.jpg?resize=600%2C600&amp;ssl=1 600w, https:\/\/i0.wp.com\/www.pcmadrid.es\/tienda\/wp-content\/uploads\/2021\/01\/art_hpd-aio-24-df0046ns_3.jpg?resize=100%2C100&amp;ssl=1 100w, https:\/\/i0.wp.com\/www.pcmadrid.es\/tienda\/wp-content\/uploads\/2021\/01\/art_hpd-aio-24-df0046ns_3.jpg?w=800&amp;ssl=1 800w\" sizes=\"(max-width: 551px) 100vw, 551px\" \/><\/p>\n<h2>Dise\u00f1o<\/h2>\n<ul>\n<li>Color del producto: Blanco nieve<\/li>\n<\/ul>\n<h2>Informaci\u00f3n adicional<\/h2>\n<ul>\n<li>Peso: 5,85 kg;<\/li>\n<li>Dimensiones: 54,08 x 20,45 x 40,93 cm;<\/li>\n<li>Garant\u00eda: 3 a\u00f1os<\/li>\n<li>Accesorios incluidos: Conjunto de teclado y rat\u00f3n inal\u00e1mbricos HP USB en blanco<\/li>\n<\/ul>\n","protected":false},"excerpt":{"rendered":"<p>\u00bfBuscas un <strong>ordenador All-in-One potente<\/strong> que te permita afrontar tus d\u00edas m\u00e1s ajetreados con el rendimiento de un procesador fiable? Puedes equiparlo con un<span style=\"color: #99cc00;\"><strong> i3 o con un i5 de d\u00e9cima generaci\u00f3n de\u00a0<\/strong><b>Intel<\/b><\/span>. Adem\u00e1s, puedes seleccionar la cantidad de memoria RAM en funci\u00f3n de tus necesidades. Equipado de serie con <strong>disco duro ultra r\u00e1pido NVME SSD de 500GB, Wifi 5G, Bluetooth 5, pantalla IPS<\/strong>, micr\u00f3fono, WebCam HD, Windows 1o y Office. Incluye teclado y rat\u00f3n.<\/p>\n","protected":false},"featured_media":7905,"comment_status":"open","ping_status":"closed","template":"","meta":{"_et_pb_use_builder":"","_et_pb_old_content":"","_et_gb_content_width":""},"product_brand":[],"product_cat":[177,102,94,65],"product_tag":[],"class_list":{"0":"post-7904","1":"product","2":"type-product","3":"status-publish","4":"has-post-thumbnail","6":"product_cat-equipos-todo-en-1-all-in-one","7":"product_cat-comprar-ordenadores","8":"product_cat-pc-sobremesa","9":"product_cat-todos","11":"first","12":"instock","13":"taxable","14":"shipping-taxable","15":"purchasable","16":"product-type-variable","17":"has-default-attributes"},"yoast_head":"<!-- This site is optimized with the Yoast SEO plugin v27.5 - https:\/\/yoast.com\/product\/yoast-seo-wordpress\/ -->\n<title>Ordenador All in One HP 24 IPS Intel Windows 11 | Tienda PCMADRID<\/title>\n<meta name=\"description\" content=\"Ordenador All in One HP: La potencia de un sobremesa, la elegancia de una pantalla con microborde. Config\u00faralo con i3 o i5 y 8 o 16GB RAM.\" \/>\n<meta name=\"robots\" content=\"index, nofollow, max-snippet:-1, max-image-preview:large, max-video-preview:-1\" \/>\n<link rel=\"canonical\" href=\"https:\/\/www.pcmadrid.es\/tienda\/producto\/equipo-all-in-one-hp-24-windows-11\/\" \/>\n<meta name=\"twitter:label1\" content=\"Tiempo de lectura\" \/>\n\t<meta name=\"twitter:data1\" content=\"3 minutos\" \/>\n<script type=\"application\/ld+json\" class=\"yoast-schema-graph\">{\"@context\":\"https:\\\/\\\/schema.org\",\"@graph\":[{\"@type\":\"WebPage\",\"@id\":\"https:\\\/\\\/www.pcmadrid.es\\\/tienda\\\/producto\\\/equipo-all-in-one-hp-24-windows-11\\\/\",\"url\":\"https:\\\/\\\/www.pcmadrid.es\\\/tienda\\\/producto\\\/equipo-all-in-one-hp-24-windows-11\\\/\",\"name\":\"Ordenador All in One HP 24 IPS Intel Windows 11 | Tienda PCMADRID\",\"isPartOf\":{\"@id\":\"https:\\\/\\\/www.pcmadrid.es\\\/tienda\\\/#website\"},\"primaryImageOfPage\":{\"@id\":\"https:\\\/\\\/www.pcmadrid.es\\\/tienda\\\/producto\\\/equipo-all-in-one-hp-24-windows-11\\\/#primaryimage\"},\"image\":{\"@id\":\"https:\\\/\\\/www.pcmadrid.es\\\/tienda\\\/producto\\\/equipo-all-in-one-hp-24-windows-11\\\/#primaryimage\"},\"thumbnailUrl\":\"https:\\\/\\\/i0.wp.com\\\/www.pcmadrid.es\\\/tienda\\\/wp-content\\\/uploads\\\/2021\\\/01\\\/art_hpd-aio-24-df0046ns_1.jpg?fit=800%2C800&ssl=1\",\"datePublished\":\"2021-01-30T19:16:10+00:00\",\"dateModified\":\"2024-10-30T19:14:01+00:00\",\"description\":\"Ordenador All in One HP: La potencia de un sobremesa, la elegancia de una pantalla con microborde. Config\u00faralo con i3 o i5 y 8 o 16GB RAM.\",\"breadcrumb\":{\"@id\":\"https:\\\/\\\/www.pcmadrid.es\\\/tienda\\\/producto\\\/equipo-all-in-one-hp-24-windows-11\\\/#breadcrumb\"},\"inLanguage\":\"es\",\"potentialAction\":[{\"@type\":\"ReadAction\",\"target\":[\"https:\\\/\\\/www.pcmadrid.es\\\/tienda\\\/producto\\\/equipo-all-in-one-hp-24-windows-11\\\/\"]}]},{\"@type\":\"ImageObject\",\"inLanguage\":\"es\",\"@id\":\"https:\\\/\\\/www.pcmadrid.es\\\/tienda\\\/producto\\\/equipo-all-in-one-hp-24-windows-11\\\/#primaryimage\",\"url\":\"https:\\\/\\\/i0.wp.com\\\/www.pcmadrid.es\\\/tienda\\\/wp-content\\\/uploads\\\/2021\\\/01\\\/art_hpd-aio-24-df0046ns_1.jpg?fit=800%2C800&ssl=1\",\"contentUrl\":\"https:\\\/\\\/i0.wp.com\\\/www.pcmadrid.es\\\/tienda\\\/wp-content\\\/uploads\\\/2021\\\/01\\\/art_hpd-aio-24-df0046ns_1.jpg?fit=800%2C800&ssl=1\",\"width\":800,\"height\":800,\"caption\":\"ordenador todo en uno hp\"},{\"@type\":\"BreadcrumbList\",\"@id\":\"https:\\\/\\\/www.pcmadrid.es\\\/tienda\\\/producto\\\/equipo-all-in-one-hp-24-windows-11\\\/#breadcrumb\",\"itemListElement\":[{\"@type\":\"ListItem\",\"position\":1,\"name\":\"Portada\",\"item\":\"https:\\\/\\\/www.pcmadrid.es\\\/tienda\\\/\"},{\"@type\":\"ListItem\",\"position\":2,\"name\":\"Todos los productos\",\"item\":\"https:\\\/\\\/www.pcmadrid.es\\\/tienda\\\/todos-los-productos\\\/\"},{\"@type\":\"ListItem\",\"position\":3,\"name\":\"Ordenador All in One HP 24 IPS Intel Windows 11\"}]},{\"@type\":\"WebSite\",\"@id\":\"https:\\\/\\\/www.pcmadrid.es\\\/tienda\\\/#website\",\"url\":\"https:\\\/\\\/www.pcmadrid.es\\\/tienda\\\/\",\"name\":\"Tienda PCMADRID\",\"description\":\"Venta y reparaciones de ordenadores\",\"publisher\":{\"@id\":\"https:\\\/\\\/www.pcmadrid.es\\\/tienda\\\/#organization\"},\"potentialAction\":[{\"@type\":\"SearchAction\",\"target\":{\"@type\":\"EntryPoint\",\"urlTemplate\":\"https:\\\/\\\/www.pcmadrid.es\\\/tienda\\\/?s={search_term_string}\"},\"query-input\":{\"@type\":\"PropertyValueSpecification\",\"valueRequired\":true,\"valueName\":\"search_term_string\"}}],\"inLanguage\":\"es\"},{\"@type\":\"Organization\",\"@id\":\"https:\\\/\\\/www.pcmadrid.es\\\/tienda\\\/#organization\",\"name\":\"PCMADRID\",\"url\":\"https:\\\/\\\/www.pcmadrid.es\\\/tienda\\\/\",\"logo\":{\"@type\":\"ImageObject\",\"inLanguage\":\"es\",\"@id\":\"https:\\\/\\\/www.pcmadrid.es\\\/tienda\\\/#\\\/schema\\\/logo\\\/image\\\/\",\"url\":\"https:\\\/\\\/www.pcmadrid.es\\\/tienda\\\/wp-content\\\/uploads\\\/2019\\\/10\\\/pcmadridlogo..png\",\"contentUrl\":\"https:\\\/\\\/www.pcmadrid.es\\\/tienda\\\/wp-content\\\/uploads\\\/2019\\\/10\\\/pcmadridlogo..png\",\"width\":750,\"height\":300,\"caption\":\"PCMADRID\"},\"image\":{\"@id\":\"https:\\\/\\\/www.pcmadrid.es\\\/tienda\\\/#\\\/schema\\\/logo\\\/image\\\/\"},\"sameAs\":[\"https:\\\/\\\/www.facebook.com\\\/pcmadridinformatica\",\"https:\\\/\\\/x.com\\\/pc_madrid\",\"https:\\\/\\\/www.youtube.com\\\/channel\\\/UCIbQq9k6BBrU5x2wqDIHr7A\",\"https:\\\/\\\/www.instagram.com\\\/pcmadrid_informatica\\\/?hl=es\",\"https:\\\/\\\/www.linkedin.com\\\/company\\\/9348326\\\/admin\\\/\",\"https:\\\/\\\/www.pinterest.es\\\/pcmadrid_informatica\\\/\"]}]}<\/script>\n<!-- \/ Yoast SEO plugin. -->","yoast_head_json":{"title":"Ordenador All in One HP 24 IPS Intel Windows 11 | Tienda PCMADRID","description":"Ordenador All in One HP: La potencia de un sobremesa, la elegancia de una pantalla con microborde. Config\u00faralo con i3 o i5 y 8 o 16GB RAM.","robots":{"index":"index","follow":"nofollow","max-snippet":"max-snippet:-1","max-image-preview":"max-image-preview:large","max-video-preview":"max-video-preview:-1"},"canonical":"https:\/\/www.pcmadrid.es\/tienda\/producto\/equipo-all-in-one-hp-24-windows-11\/","twitter_misc":{"Tiempo de lectura":"3 minutos"},"schema":{"@context":"https:\/\/schema.org","@graph":[{"@type":"WebPage","@id":"https:\/\/www.pcmadrid.es\/tienda\/producto\/equipo-all-in-one-hp-24-windows-11\/","url":"https:\/\/www.pcmadrid.es\/tienda\/producto\/equipo-all-in-one-hp-24-windows-11\/","name":"Ordenador All in One HP 24 IPS Intel Windows 11 | Tienda PCMADRID","isPartOf":{"@id":"https:\/\/www.pcmadrid.es\/tienda\/#website"},"primaryImageOfPage":{"@id":"https:\/\/www.pcmadrid.es\/tienda\/producto\/equipo-all-in-one-hp-24-windows-11\/#primaryimage"},"image":{"@id":"https:\/\/www.pcmadrid.es\/tienda\/producto\/equipo-all-in-one-hp-24-windows-11\/#primaryimage"},"thumbnailUrl":"https:\/\/i0.wp.com\/www.pcmadrid.es\/tienda\/wp-content\/uploads\/2021\/01\/art_hpd-aio-24-df0046ns_1.jpg?fit=800%2C800&ssl=1","datePublished":"2021-01-30T19:16:10+00:00","dateModified":"2024-10-30T19:14:01+00:00","description":"Ordenador All in One HP: La potencia de un sobremesa, la elegancia de una pantalla con microborde. Config\u00faralo con i3 o i5 y 8 o 16GB RAM.","breadcrumb":{"@id":"https:\/\/www.pcmadrid.es\/tienda\/producto\/equipo-all-in-one-hp-24-windows-11\/#breadcrumb"},"inLanguage":"es","potentialAction":[{"@type":"ReadAction","target":["https:\/\/www.pcmadrid.es\/tienda\/producto\/equipo-all-in-one-hp-24-windows-11\/"]}]},{"@type":"ImageObject","inLanguage":"es","@id":"https:\/\/www.pcmadrid.es\/tienda\/producto\/equipo-all-in-one-hp-24-windows-11\/#primaryimage","url":"https:\/\/i0.wp.com\/www.pcmadrid.es\/tienda\/wp-content\/uploads\/2021\/01\/art_hpd-aio-24-df0046ns_1.jpg?fit=800%2C800&ssl=1","contentUrl":"https:\/\/i0.wp.com\/www.pcmadrid.es\/tienda\/wp-content\/uploads\/2021\/01\/art_hpd-aio-24-df0046ns_1.jpg?fit=800%2C800&ssl=1","width":800,"height":800,"caption":"ordenador todo en uno hp"},{"@type":"BreadcrumbList","@id":"https:\/\/www.pcmadrid.es\/tienda\/producto\/equipo-all-in-one-hp-24-windows-11\/#breadcrumb","itemListElement":[{"@type":"ListItem","position":1,"name":"Portada","item":"https:\/\/www.pcmadrid.es\/tienda\/"},{"@type":"ListItem","position":2,"name":"Todos los productos","item":"https:\/\/www.pcmadrid.es\/tienda\/todos-los-productos\/"},{"@type":"ListItem","position":3,"name":"Ordenador All in One HP 24 IPS Intel Windows 11"}]},{"@type":"WebSite","@id":"https:\/\/www.pcmadrid.es\/tienda\/#website","url":"https:\/\/www.pcmadrid.es\/tienda\/","name":"Tienda PCMADRID","description":"Venta y reparaciones de ordenadores","publisher":{"@id":"https:\/\/www.pcmadrid.es\/tienda\/#organization"},"potentialAction":[{"@type":"SearchAction","target":{"@type":"EntryPoint","urlTemplate":"https:\/\/www.pcmadrid.es\/tienda\/?s={search_term_string}"},"query-input":{"@type":"PropertyValueSpecification","valueRequired":true,"valueName":"search_term_string"}}],"inLanguage":"es"},{"@type":"Organization","@id":"https:\/\/www.pcmadrid.es\/tienda\/#organization","name":"PCMADRID","url":"https:\/\/www.pcmadrid.es\/tienda\/","logo":{"@type":"ImageObject","inLanguage":"es","@id":"https:\/\/www.pcmadrid.es\/tienda\/#\/schema\/logo\/image\/","url":"https:\/\/www.pcmadrid.es\/tienda\/wp-content\/uploads\/2019\/10\/pcmadridlogo..png","contentUrl":"https:\/\/www.pcmadrid.es\/tienda\/wp-content\/uploads\/2019\/10\/pcmadridlogo..png","width":750,"height":300,"caption":"PCMADRID"},"image":{"@id":"https:\/\/www.pcmadrid.es\/tienda\/#\/schema\/logo\/image\/"},"sameAs":["https:\/\/www.facebook.com\/pcmadridinformatica","https:\/\/x.com\/pc_madrid","https:\/\/www.youtube.com\/channel\/UCIbQq9k6BBrU5x2wqDIHr7A","https:\/\/www.instagram.com\/pcmadrid_informatica\/?hl=es","https:\/\/www.linkedin.com\/company\/9348326\/admin\/","https:\/\/www.pinterest.es\/pcmadrid_informatica\/"]}]}},"jetpack_sharing_enabled":true,"_links":{"self":[{"href":"https:\/\/www.pcmadrid.es\/tienda\/wp-json\/wp\/v2\/product\/7904","targetHints":{"allow":["GET"]}}],"collection":[{"href":"https:\/\/www.pcmadrid.es\/tienda\/wp-json\/wp\/v2\/product"}],"about":[{"href":"https:\/\/www.pcmadrid.es\/tienda\/wp-json\/wp\/v2\/types\/product"}],"replies":[{"embeddable":true,"href":"https:\/\/www.pcmadrid.es\/tienda\/wp-json\/wp\/v2\/comments?post=7904"}],"wp:featuredmedia":[{"embeddable":true,"href":"https:\/\/www.pcmadrid.es\/tienda\/wp-json\/wp\/v2\/media\/7905"}],"wp:attachment":[{"href":"https:\/\/www.pcmadrid.es\/tienda\/wp-json\/wp\/v2\/media?parent=7904"}],"wp:term":[{"taxonomy":"product_brand","embeddable":true,"href":"https:\/\/www.pcmadrid.es\/tienda\/wp-json\/wp\/v2\/product_brand?post=7904"},{"taxonomy":"product_cat","embeddable":true,"href":"https:\/\/www.pcmadrid.es\/tienda\/wp-json\/wp\/v2\/product_cat?post=7904"},{"taxonomy":"product_tag","embeddable":true,"href":"https:\/\/www.pcmadrid.es\/tienda\/wp-json\/wp\/v2\/product_tag?post=7904"}],"curies":[{"name":"wp","href":"https:\/\/api.w.org\/{rel}","templated":true}]}}