{"id":8061,"date":"2021-01-30T23:35:54","date_gmt":"2021-01-30T22:35:54","guid":{"rendered":"https:\/\/www.pcmadrid.es\/tienda\/?post_type=product&#038;p=8061"},"modified":"2024-10-30T20:11:14","modified_gmt":"2024-10-30T19:11:14","slug":"mini-ordenador-asus-intel-nuc-pack-trabajo","status":"publish","type":"product","link":"https:\/\/www.pcmadrid.es\/tienda\/producto\/mini-ordenador-asus-intel-nuc-pack-trabajo\/","title":{"rendered":"Estaci\u00f3n de trabajo ASUS Intel NUC Mini PC"},"content":{"rendered":"<h2 style=\"text-align: center;\"><span style=\"color: #99cc00;\">Configura tu estaci\u00f3n de trabajo ASUS Intel NUC Mini PC<\/span><\/h2>\n<p>Mini ordenador para teletrabajo ASUS Intel Nuc con teclado y rat\u00f3n Logitech que puedes configurar a tu gusto <strong>seleccionando el procesador, cantidad de memoria RAM y tama\u00f1o de disco duro<\/strong>, adem\u00e1s podr\u00e1s a\u00f1adir un monitor IPS con cable HDMI de regalo. De esta forma tendr\u00e1s una estaci\u00f3n de trabajo completa que ocupa muy poco espacio con un buen rendimiento.<\/p>\n<h2 style=\"text-align: center;\"><img data-recalc-dims=\"1\" loading=\"lazy\" decoding=\"async\" class=\"aligncenter wp-image-8017\" src=\"https:\/\/i0.wp.com\/www.pcmadrid.es\/tienda\/wp-content\/uploads\/2021\/01\/art_itl-d-bxnuc10i3fnk2_1.jpg?resize=443%2C443&#038;ssl=1\" alt=\"Mini ordenador para teletrabajo\" width=\"443\" height=\"443\" srcset=\"https:\/\/i0.wp.com\/www.pcmadrid.es\/tienda\/wp-content\/uploads\/2021\/01\/art_itl-d-bxnuc10i3fnk2_1.jpg?resize=300%2C300&amp;ssl=1 300w, https:\/\/i0.wp.com\/www.pcmadrid.es\/tienda\/wp-content\/uploads\/2021\/01\/art_itl-d-bxnuc10i3fnk2_1.jpg?resize=150%2C150&amp;ssl=1 150w, https:\/\/i0.wp.com\/www.pcmadrid.es\/tienda\/wp-content\/uploads\/2021\/01\/art_itl-d-bxnuc10i3fnk2_1.jpg?resize=768%2C768&amp;ssl=1 768w, https:\/\/i0.wp.com\/www.pcmadrid.es\/tienda\/wp-content\/uploads\/2021\/01\/art_itl-d-bxnuc10i3fnk2_1.jpg?resize=65%2C65&amp;ssl=1 65w, https:\/\/i0.wp.com\/www.pcmadrid.es\/tienda\/wp-content\/uploads\/2021\/01\/art_itl-d-bxnuc10i3fnk2_1.jpg?resize=600%2C600&amp;ssl=1 600w, https:\/\/i0.wp.com\/www.pcmadrid.es\/tienda\/wp-content\/uploads\/2021\/01\/art_itl-d-bxnuc10i3fnk2_1.jpg?resize=100%2C100&amp;ssl=1 100w, https:\/\/i0.wp.com\/www.pcmadrid.es\/tienda\/wp-content\/uploads\/2021\/01\/art_itl-d-bxnuc10i3fnk2_1.jpg?w=800&amp;ssl=1 800w\" sizes=\"(max-width: 443px) 100vw, 443px\" \/><\/h2>\n<p><img data-recalc-dims=\"1\" loading=\"lazy\" decoding=\"async\" class=\"wp-image-11738 aligncenter\" src=\"https:\/\/i0.wp.com\/www.pcmadrid.es\/tienda\/wp-content\/uploads\/2021\/01\/intelcore12gen.webp?resize=493%2C207&#038;ssl=1\" alt=\"\" width=\"493\" height=\"207\" srcset=\"https:\/\/i0.wp.com\/www.pcmadrid.es\/tienda\/wp-content\/uploads\/2021\/01\/intelcore12gen.webp?resize=300%2C126&amp;ssl=1 300w, https:\/\/i0.wp.com\/www.pcmadrid.es\/tienda\/wp-content\/uploads\/2021\/01\/intelcore12gen.webp?resize=600%2C252&amp;ssl=1 600w, https:\/\/i0.wp.com\/www.pcmadrid.es\/tienda\/wp-content\/uploads\/2021\/01\/intelcore12gen.webp?w=687&amp;ssl=1 687w\" sizes=\"(max-width: 493px) 100vw, 493px\" \/><\/p>\n<h3 style=\"text-align: center;\"><span style=\"color: #99cc00;\">Diferentes opciones de procesador para tu mini ordenador para teletrabajo<\/span><\/h3>\n<p>&nbsp;<\/p>\n<p><strong>1.<\/strong> Si necesitamos algo esencial, existe la posibilidad de montarlo con un <a href=\"https:\/\/www.intel.la\/content\/www\/xl\/es\/products\/sku\/226257\/intel-core-i31220p-processor-12m-cache-up-to-4-40-ghz\/specifications.html\" target=\"_blank\" rel=\"noopener\"><strong>Intel Core i3-1220P<\/strong><\/a>, procesador econ\u00f3mico para actividades que no requieran mucha potencia en un equipo, como ofim\u00e1tica y trabajos de oficina:<\/p>\n<p>&nbsp;<\/p>\n<h4 style=\"text-align: left;\"><span style=\"color: #99cc00;\"><strong>Intel\u00ae Core\u2122 i3-1220P<\/strong><\/span><\/h4>\n<table id=\"product-attribute-specs-table-1\" class=\"data-table alignleft\" style=\"height: 116px;\" width=\"352\">\n<tbody>\n<tr>\n<th class=\"label\" data-attribute-code=\"brands\">N\u00facleos<\/th>\n<td class=\"data\" style=\"text-align: center;\">10<\/td>\n<\/tr>\n<tr>\n<th class=\"label\" data-attribute-code=\"warranty\">Hilos de proceso<\/th>\n<td class=\"data\" style=\"text-align: center;\">12<\/td>\n<\/tr>\n<tr>\n<th class=\"label\" data-attribute-code=\"part_number\">M\u00e1x. Frecuencia<\/th>\n<td class=\"data\" style=\"text-align: center;\">4.40GHz<\/td>\n<\/tr>\n<tr>\n<th class=\"label\" data-attribute-code=\"filtrosubfamilia\">Cach\u00e9<\/th>\n<td class=\"data\" style=\"text-align: center;\">12MB Intel Smart Cache<\/td>\n<\/tr>\n<tr>\n<th class=\"label\" data-attribute-code=\"catpro\">Potencia base<\/th>\n<td class=\"data\" style=\"text-align: center;\">28W<\/td>\n<\/tr>\n<tr>\n<th class=\"label\" style=\"text-align: center;\" data-atribute-code=\"weight\">Potencia turbo<\/th>\n<td class=\"data\" style=\"text-align: center;\">64W<\/td>\n<\/tr>\n<\/tbody>\n<\/table>\n<p>&nbsp;<\/p>\n<p>&nbsp;<\/p>\n<p>&nbsp;<\/p>\n<p>&nbsp;<\/p>\n<p>&nbsp;<\/p>\n<p>&nbsp;<\/p>\n<p><strong>2.<\/strong> Si necesitamos una capacidad de procesamiento mayor, podr\u00edamos utilizar el <a href=\"https:\/\/www.intel.la\/content\/www\/xl\/es\/products\/sku\/232126\/intel-core-i51340p-processor-12m-cache-up-to-4-60-ghz\/specifications.html\" target=\"_blank\" rel=\"noopener\"><strong>Intel Core i5-1340P<\/strong><\/a>, a\u00f1adiendo potencia al PC, sin incrementar mucho el coste del producto:<\/p>\n<p>&nbsp;<\/p>\n<h4 style=\"text-align: left;\"><span style=\"color: #99cc00;\"><strong>Intel\u00ae Core\u2122 i5-1340P<\/strong><\/span><\/h4>\n<table id=\"product-attribute-specs-table-1\" class=\"data-table alignleft\" style=\"height: 116px;\" width=\"352\">\n<tbody>\n<tr>\n<th class=\"label\" data-attribute-code=\"brands\">N\u00facleos<\/th>\n<td class=\"data\" style=\"text-align: center;\">12<\/td>\n<\/tr>\n<tr>\n<th class=\"label\" data-attribute-code=\"warranty\">Hilos de proceso<\/th>\n<td class=\"data\" style=\"text-align: center;\">16<\/td>\n<\/tr>\n<tr>\n<th class=\"label\" data-attribute-code=\"part_number\">M\u00e1x. Frecuencia<\/th>\n<td class=\"data\" style=\"text-align: center;\">4.60GHz<\/td>\n<\/tr>\n<tr>\n<th class=\"label\" data-attribute-code=\"filtrosubfamilia\">Cach\u00e9<\/th>\n<td class=\"data\" style=\"text-align: center;\">12MB Intel Smart Cache<\/td>\n<\/tr>\n<tr>\n<th class=\"label\" data-attribute-code=\"catpro\">Potencia base<\/th>\n<td class=\"data\" style=\"text-align: center;\">28W<\/td>\n<\/tr>\n<tr>\n<th class=\"label\" style=\"text-align: center;\" data-atribute-code=\"weight\">Potencia turbo<\/th>\n<td class=\"data\" style=\"text-align: center;\">64W<\/td>\n<\/tr>\n<\/tbody>\n<\/table>\n<p>64W<\/p>\n<p>&nbsp;<\/p>\n<p>&nbsp;<\/p>\n<p>&nbsp;<\/p>\n<p>&nbsp;<\/p>\n<p>&nbsp;<\/p>\n<h3><\/h3>\n<h3 style=\"text-align: center;\"><span style=\"color: #99cc00;\">Selecciona la cantidad de memoria RAM que quieres para tu Mini ordenador<\/span><\/h3>\n<p>&nbsp;<\/p>\n<p>Es posible elegir la cantidad de memoria RAM que Mini ordenador tendr\u00e1, tenemos la opci\u00f3n de montar hasta 64GB de memoria DDR4. Con 8GB es suficiente para un uso en entorno de trabajo de oficina, pero si queremos realizar trabajos de dise\u00f1o, ejecutar m\u00e1quinas virtuales o queremos tener solvencia en aplicaciones que tengan un alto consumo de memoria RAM, es conveniente ampliar esta memoria hasta los 16GB, 32GB o 64GB.<\/p>\n<p>&nbsp;<\/p>\n<h3 style=\"text-align: center;\"><span style=\"color: #99cc00;\">Tama\u00f1o de disco duro para tu Mini ordenador para teletrabajo ASUS Intel Nuc<\/span><\/h3>\n<p>Nuestro mini ordenador monta disco duro M.2 NVMe SSD ultra r\u00e1pido que nos proporcionar\u00e1 un rendimiento insuperable. Tenemos que elegir el tama\u00f1o de este pudiendo colocar un disco duro de\u00a0 500GB, 1TB o, por \u00faltimo 2TB.<\/p>\n<p><img data-recalc-dims=\"1\" loading=\"lazy\" decoding=\"async\" class=\"wp-image-11739 aligncenter\" src=\"https:\/\/i0.wp.com\/www.pcmadrid.es\/tienda\/wp-content\/uploads\/2021\/01\/ASUS-NUC.webp?resize=583%2C437&#038;ssl=1\" alt=\"\" width=\"583\" height=\"437\" srcset=\"https:\/\/i0.wp.com\/www.pcmadrid.es\/tienda\/wp-content\/uploads\/2021\/01\/ASUS-NUC.webp?resize=300%2C225&amp;ssl=1 300w, https:\/\/i0.wp.com\/www.pcmadrid.es\/tienda\/wp-content\/uploads\/2021\/01\/ASUS-NUC.webp?resize=1024%2C768&amp;ssl=1 1024w, https:\/\/i0.wp.com\/www.pcmadrid.es\/tienda\/wp-content\/uploads\/2021\/01\/ASUS-NUC.webp?resize=768%2C576&amp;ssl=1 768w, https:\/\/i0.wp.com\/www.pcmadrid.es\/tienda\/wp-content\/uploads\/2021\/01\/ASUS-NUC.webp?resize=160%2C120&amp;ssl=1 160w, https:\/\/i0.wp.com\/www.pcmadrid.es\/tienda\/wp-content\/uploads\/2021\/01\/ASUS-NUC.webp?resize=600%2C450&amp;ssl=1 600w, https:\/\/i0.wp.com\/www.pcmadrid.es\/tienda\/wp-content\/uploads\/2021\/01\/ASUS-NUC.webp?w=1200&amp;ssl=1 1200w\" sizes=\"(max-width: 583px) 100vw, 583px\" \/><\/p>\n<p>&nbsp;<\/p>\n<h2 style=\"text-align: center;\"><span style=\"color: #99cc00;\">Monta tu estaci\u00f3n de trabajo ASUS Intel NUC en tu monitor<\/span><\/h2>\n<p>El Mini ordenador para teletrabajo ASUS Intel NUC est\u00e1 habilitado con <strong>anclaje VESA<\/strong> para poder agregarlo a tu monitor, <strong>evitando problemas de espacio<\/strong> en tu escritorio y creando una <strong>imagen m\u00e1s despejada y limpia en el puesto de trabajo<\/strong>. Te ofrecemos un monitor de 24&#8243;Full HD con la <strong>avanzada tecnolog\u00eda IPS<\/strong>, totalmente equipado para el montaje VESA.<\/p>\n<p><img data-recalc-dims=\"1\" loading=\"lazy\" decoding=\"async\" class=\"wp-image-11740 aligncenter\" src=\"https:\/\/i0.wp.com\/www.pcmadrid.es\/tienda\/wp-content\/uploads\/2021\/01\/218-asus-va24ehf-238-led-ips-fullhd-100hz-comprar.webp?resize=576%2C576&#038;ssl=1\" alt=\"\" width=\"576\" height=\"576\" srcset=\"https:\/\/i0.wp.com\/www.pcmadrid.es\/tienda\/wp-content\/uploads\/2021\/01\/218-asus-va24ehf-238-led-ips-fullhd-100hz-comprar.webp?resize=300%2C300&amp;ssl=1 300w, https:\/\/i0.wp.com\/www.pcmadrid.es\/tienda\/wp-content\/uploads\/2021\/01\/218-asus-va24ehf-238-led-ips-fullhd-100hz-comprar.webp?resize=150%2C150&amp;ssl=1 150w, https:\/\/i0.wp.com\/www.pcmadrid.es\/tienda\/wp-content\/uploads\/2021\/01\/218-asus-va24ehf-238-led-ips-fullhd-100hz-comprar.webp?resize=768%2C768&amp;ssl=1 768w, https:\/\/i0.wp.com\/www.pcmadrid.es\/tienda\/wp-content\/uploads\/2021\/01\/218-asus-va24ehf-238-led-ips-fullhd-100hz-comprar.webp?resize=65%2C65&amp;ssl=1 65w, https:\/\/i0.wp.com\/www.pcmadrid.es\/tienda\/wp-content\/uploads\/2021\/01\/218-asus-va24ehf-238-led-ips-fullhd-100hz-comprar.webp?resize=600%2C600&amp;ssl=1 600w, https:\/\/i0.wp.com\/www.pcmadrid.es\/tienda\/wp-content\/uploads\/2021\/01\/218-asus-va24ehf-238-led-ips-fullhd-100hz-comprar.webp?resize=100%2C100&amp;ssl=1 100w, https:\/\/i0.wp.com\/www.pcmadrid.es\/tienda\/wp-content\/uploads\/2021\/01\/218-asus-va24ehf-238-led-ips-fullhd-100hz-comprar.webp?w=800&amp;ssl=1 800w\" sizes=\"(max-width: 576px) 100vw, 576px\" \/><\/p>\n<p><strong>Monitor 24&#8243; IPS HDMI FHD<\/strong> compatible con ASUS Intel NUC que permite atornillar el mini PC en su parte trasera para transformarlo en un equipo All in One. Tambi\u00e9n se puede optar por usar como monitor para tu Nuc pero no atornillarlo en la parte trasera sino colocar tu Nuc c\u00f3modamente en tu mesa de trabajo.<\/p>\n<p><span style=\"color: #99cc00;\"><strong>Incluimos un cable HDMI de regalo.<\/strong><\/span><\/p>\n<p><strong>Puedes a\u00f1adir un monitor de 24 pulgadas IPS a tu pedido<\/strong> de ASUS Intel NUC por solo <strong>149\u20ac IVA incluido<\/strong>. Para ello configura tu ASUS Intel NUC con la opci\u00f3n de monitor y a\u00f1\u00e1delo al carrito.<\/p>\n<p><img data-recalc-dims=\"1\" loading=\"lazy\" decoding=\"async\" class=\"wp-image-11741 aligncenter\" src=\"https:\/\/i0.wp.com\/www.pcmadrid.es\/tienda\/wp-content\/uploads\/2021\/01\/intel-nuc-montaje.png?resize=727%2C727&#038;ssl=1\" alt=\"\" width=\"727\" height=\"727\" srcset=\"https:\/\/i0.wp.com\/www.pcmadrid.es\/tienda\/wp-content\/uploads\/2021\/01\/intel-nuc-montaje.png?resize=300%2C300&amp;ssl=1 300w, https:\/\/i0.wp.com\/www.pcmadrid.es\/tienda\/wp-content\/uploads\/2021\/01\/intel-nuc-montaje.png?resize=150%2C150&amp;ssl=1 150w, https:\/\/i0.wp.com\/www.pcmadrid.es\/tienda\/wp-content\/uploads\/2021\/01\/intel-nuc-montaje.png?resize=65%2C65&amp;ssl=1 65w, https:\/\/i0.wp.com\/www.pcmadrid.es\/tienda\/wp-content\/uploads\/2021\/01\/intel-nuc-montaje.png?resize=100%2C100&amp;ssl=1 100w, https:\/\/i0.wp.com\/www.pcmadrid.es\/tienda\/wp-content\/uploads\/2021\/01\/intel-nuc-montaje.png?w=500&amp;ssl=1 500w\" sizes=\"(max-width: 727px) 100vw, 727px\" \/><\/p>\n<p>&nbsp;<\/p>\n<h2 style=\"text-align: center;\"><span style=\"color: #99cc00;\">Perif\u00e9ricos necesarios para ASUS Intel NUC<\/span><\/h2>\n<p>&nbsp;<\/p>\n<p>Como cualquier otro ordenador, necesitamos disponer de <strong>rat\u00f3n y teclado<\/strong> para poder trabajar. Por eso ofrecemos el pack <strong>el combo de rat\u00f3n y teclado de Logitech<\/strong>, <strong>con cable o en formato inal\u00e1mbrico (a\u00f1adir preferencia en observaciones del pedido)<\/strong>, a\u00f1adiendo libertad de movimiento y facilitando de nuevo el tener un escritorio m\u00e1s despejado y libre de espacio. Estos perif\u00e9ricos est\u00e1n dise\u00f1ados para poder funcionar con el ordenador c\u00f3moda y silenciosamente, con materiales robustos y resistente a derrames accidentales.<\/p>\n<ul>\n<li>Incluye <strong><a href=\"https:\/\/www.pcmadrid.es\/tienda\/producto\/microsoft-windows-11-pro-licencia-digital\/\">Windows 11 Pro configurado<\/a> <\/strong>con licencia de producto original de Microsoft.<\/li>\n<li><a href=\"https:\/\/www.pcmadrid.es\/tienda\/producto\/licencia-office-2021-pro-plus-windows\/\">Incluye Office 2021 Pro\u00a0<\/a><\/li>\n<\/ul>\n<p>&nbsp;<\/p>\n<p style=\"text-align: left;\">En <strong>PCMADRID<\/strong> realizamos el montaje, testeo de componentes y la instalaci\u00f3n del sistema operativo Windows 10 Pro, realizando a su vez la instalaci\u00f3n de librer\u00edas, drivers, \u00faltimos parches disponibles, actualizaci\u00f3n y optimizaci\u00f3n de BIOS y perfiles OC de memoria RAM.<\/p>\n<p style=\"text-align: left;\">El ordenador queda listo para que el usuario instale sus programas o juegos y pueda disfrutar de su potencia y velocidad. Adem\u00e1s, con nuestra garant\u00eda de 3 a\u00f1os, podr\u00e1 disfrutar de la tranquilidad de disponer de soporte ante cualquier problema.<\/p>\n<p>&nbsp;<\/p>\n<p>&nbsp;<\/p>\n","protected":false},"excerpt":{"rendered":"<p>Configura tu Mini ordenador para teletrabajo, oficina, colegio o para estudiar desde casa. La estaci\u00f3n de trabajo ASUS Intel NUC Mini PC en sus versiones i3 e i5 es el futuro de los ordenadores de empresa. Ocupa muy poco espacio pero tiene toda la potencia de INTEL. <span style=\"color: #99cc00;\"><strong>Incluye pack de teclado y rat\u00f3n inal\u00e1mbrico<\/strong><\/span> o cableado Logitech. Incluye sistema operativo Windows 11 Pro. Puedes a\u00f1adir un <strong>monitor 24&#8243; FULLHD IPS\u00a0 por solo 149\u20ac<\/strong>.<\/p>\n","protected":false},"featured_media":11739,"comment_status":"open","ping_status":"closed","template":"","meta":{"_et_pb_use_builder":"","_et_pb_old_content":"","_et_gb_content_width":""},"product_brand":[],"product_cat":[177,102,94,65,533],"product_tag":[],"class_list":{"0":"post-8061","1":"product","2":"type-product","3":"status-publish","4":"has-post-thumbnail","6":"product_cat-equipos-todo-en-1-all-in-one","7":"product_cat-comprar-ordenadores","8":"product_cat-pc-sobremesa","9":"product_cat-todos","10":"product_cat-trending","12":"first","13":"instock","14":"taxable","15":"shipping-taxable","16":"purchasable","17":"product-type-variable","18":"has-default-attributes"},"yoast_head":"<!-- This site is optimized with the Yoast SEO plugin v26.5 - https:\/\/yoast.com\/wordpress\/plugins\/seo\/ -->\n<title>Estaci\u00f3n de trabajo ASUS Intel NUC Mini PC | Tienda PCMADRID<\/title>\n<meta name=\"description\" content=\"Mini ordenador para teletrabajo: Perfecto para trabajar o estudiar. Este Mini PC es el futuro de los ordenadores de empresa.\" \/>\n<meta name=\"robots\" content=\"index, follow, max-snippet:-1, max-image-preview:large, max-video-preview:-1\" \/>\n<link rel=\"canonical\" href=\"https:\/\/www.pcmadrid.es\/tienda\/producto\/mini-ordenador-asus-intel-nuc-pack-trabajo\/\" \/>\n<meta name=\"twitter:label1\" content=\"Tiempo de lectura\" \/>\n\t<meta name=\"twitter:data1\" content=\"5 minutos\" \/>\n<script type=\"application\/ld+json\" class=\"yoast-schema-graph\">{\"@context\":\"https:\/\/schema.org\",\"@graph\":[{\"@type\":\"WebPage\",\"@id\":\"https:\/\/www.pcmadrid.es\/tienda\/producto\/mini-ordenador-asus-intel-nuc-pack-trabajo\/\",\"url\":\"https:\/\/www.pcmadrid.es\/tienda\/producto\/mini-ordenador-asus-intel-nuc-pack-trabajo\/\",\"name\":\"Estaci\u00f3n de trabajo ASUS Intel NUC Mini PC | Tienda PCMADRID\",\"isPartOf\":{\"@id\":\"https:\/\/www.pcmadrid.es\/tienda\/#website\"},\"primaryImageOfPage\":{\"@id\":\"https:\/\/www.pcmadrid.es\/tienda\/producto\/mini-ordenador-asus-intel-nuc-pack-trabajo\/#primaryimage\"},\"image\":{\"@id\":\"https:\/\/www.pcmadrid.es\/tienda\/producto\/mini-ordenador-asus-intel-nuc-pack-trabajo\/#primaryimage\"},\"thumbnailUrl\":\"https:\/\/i0.wp.com\/www.pcmadrid.es\/tienda\/wp-content\/uploads\/2021\/01\/ASUS-NUC.webp?fit=1200%2C900&ssl=1\",\"datePublished\":\"2021-01-30T22:35:54+00:00\",\"dateModified\":\"2024-10-30T19:11:14+00:00\",\"description\":\"Mini ordenador para teletrabajo: Perfecto para trabajar o estudiar. Este Mini PC es el futuro de los ordenadores de empresa.\",\"breadcrumb\":{\"@id\":\"https:\/\/www.pcmadrid.es\/tienda\/producto\/mini-ordenador-asus-intel-nuc-pack-trabajo\/#breadcrumb\"},\"inLanguage\":\"es\",\"potentialAction\":[{\"@type\":\"ReadAction\",\"target\":[\"https:\/\/www.pcmadrid.es\/tienda\/producto\/mini-ordenador-asus-intel-nuc-pack-trabajo\/\"]}]},{\"@type\":\"ImageObject\",\"inLanguage\":\"es\",\"@id\":\"https:\/\/www.pcmadrid.es\/tienda\/producto\/mini-ordenador-asus-intel-nuc-pack-trabajo\/#primaryimage\",\"url\":\"https:\/\/i0.wp.com\/www.pcmadrid.es\/tienda\/wp-content\/uploads\/2021\/01\/ASUS-NUC.webp?fit=1200%2C900&ssl=1\",\"contentUrl\":\"https:\/\/i0.wp.com\/www.pcmadrid.es\/tienda\/wp-content\/uploads\/2021\/01\/ASUS-NUC.webp?fit=1200%2C900&ssl=1\",\"width\":1200,\"height\":900},{\"@type\":\"BreadcrumbList\",\"@id\":\"https:\/\/www.pcmadrid.es\/tienda\/producto\/mini-ordenador-asus-intel-nuc-pack-trabajo\/#breadcrumb\",\"itemListElement\":[{\"@type\":\"ListItem\",\"position\":1,\"name\":\"Portada\",\"item\":\"https:\/\/www.pcmadrid.es\/tienda\/\"},{\"@type\":\"ListItem\",\"position\":2,\"name\":\"Todos los productos\",\"item\":\"https:\/\/www.pcmadrid.es\/tienda\/todos-los-productos\/\"},{\"@type\":\"ListItem\",\"position\":3,\"name\":\"Estaci\u00f3n de trabajo ASUS Intel NUC Mini PC\"}]},{\"@type\":\"WebSite\",\"@id\":\"https:\/\/www.pcmadrid.es\/tienda\/#website\",\"url\":\"https:\/\/www.pcmadrid.es\/tienda\/\",\"name\":\"Tienda PCMADRID\",\"description\":\"Venta y reparaciones de ordenadores\",\"publisher\":{\"@id\":\"https:\/\/www.pcmadrid.es\/tienda\/#organization\"},\"potentialAction\":[{\"@type\":\"SearchAction\",\"target\":{\"@type\":\"EntryPoint\",\"urlTemplate\":\"https:\/\/www.pcmadrid.es\/tienda\/?s={search_term_string}\"},\"query-input\":{\"@type\":\"PropertyValueSpecification\",\"valueRequired\":true,\"valueName\":\"search_term_string\"}}],\"inLanguage\":\"es\"},{\"@type\":\"Organization\",\"@id\":\"https:\/\/www.pcmadrid.es\/tienda\/#organization\",\"name\":\"PCMADRID\",\"url\":\"https:\/\/www.pcmadrid.es\/tienda\/\",\"logo\":{\"@type\":\"ImageObject\",\"inLanguage\":\"es\",\"@id\":\"https:\/\/www.pcmadrid.es\/tienda\/#\/schema\/logo\/image\/\",\"url\":\"https:\/\/i0.wp.com\/www.pcmadrid.es\/tienda\/wp-content\/uploads\/2019\/10\/pcmadridlogo..png?fit=750%2C300&ssl=1\",\"contentUrl\":\"https:\/\/i0.wp.com\/www.pcmadrid.es\/tienda\/wp-content\/uploads\/2019\/10\/pcmadridlogo..png?fit=750%2C300&ssl=1\",\"width\":750,\"height\":300,\"caption\":\"PCMADRID\"},\"image\":{\"@id\":\"https:\/\/www.pcmadrid.es\/tienda\/#\/schema\/logo\/image\/\"},\"sameAs\":[\"https:\/\/www.facebook.com\/pcmadridinformatica\",\"https:\/\/x.com\/pc_madrid\",\"https:\/\/www.youtube.com\/channel\/UCIbQq9k6BBrU5x2wqDIHr7A\",\"https:\/\/www.instagram.com\/pcmadrid_informatica\/?hl=es\",\"https:\/\/www.linkedin.com\/company\/9348326\/admin\/\",\"https:\/\/www.pinterest.es\/pcmadrid_informatica\/\"]}]}<\/script>\n<!-- \/ Yoast SEO plugin. -->","yoast_head_json":{"title":"Estaci\u00f3n de trabajo ASUS Intel NUC Mini PC | Tienda PCMADRID","description":"Mini ordenador para teletrabajo: Perfecto para trabajar o estudiar. Este Mini PC es el futuro de los ordenadores de empresa.","robots":{"index":"index","follow":"follow","max-snippet":"max-snippet:-1","max-image-preview":"max-image-preview:large","max-video-preview":"max-video-preview:-1"},"canonical":"https:\/\/www.pcmadrid.es\/tienda\/producto\/mini-ordenador-asus-intel-nuc-pack-trabajo\/","twitter_misc":{"Tiempo de lectura":"5 minutos"},"schema":{"@context":"https:\/\/schema.org","@graph":[{"@type":"WebPage","@id":"https:\/\/www.pcmadrid.es\/tienda\/producto\/mini-ordenador-asus-intel-nuc-pack-trabajo\/","url":"https:\/\/www.pcmadrid.es\/tienda\/producto\/mini-ordenador-asus-intel-nuc-pack-trabajo\/","name":"Estaci\u00f3n de trabajo ASUS Intel NUC Mini PC | Tienda PCMADRID","isPartOf":{"@id":"https:\/\/www.pcmadrid.es\/tienda\/#website"},"primaryImageOfPage":{"@id":"https:\/\/www.pcmadrid.es\/tienda\/producto\/mini-ordenador-asus-intel-nuc-pack-trabajo\/#primaryimage"},"image":{"@id":"https:\/\/www.pcmadrid.es\/tienda\/producto\/mini-ordenador-asus-intel-nuc-pack-trabajo\/#primaryimage"},"thumbnailUrl":"https:\/\/i0.wp.com\/www.pcmadrid.es\/tienda\/wp-content\/uploads\/2021\/01\/ASUS-NUC.webp?fit=1200%2C900&ssl=1","datePublished":"2021-01-30T22:35:54+00:00","dateModified":"2024-10-30T19:11:14+00:00","description":"Mini ordenador para teletrabajo: Perfecto para trabajar o estudiar. Este Mini PC es el futuro de los ordenadores de empresa.","breadcrumb":{"@id":"https:\/\/www.pcmadrid.es\/tienda\/producto\/mini-ordenador-asus-intel-nuc-pack-trabajo\/#breadcrumb"},"inLanguage":"es","potentialAction":[{"@type":"ReadAction","target":["https:\/\/www.pcmadrid.es\/tienda\/producto\/mini-ordenador-asus-intel-nuc-pack-trabajo\/"]}]},{"@type":"ImageObject","inLanguage":"es","@id":"https:\/\/www.pcmadrid.es\/tienda\/producto\/mini-ordenador-asus-intel-nuc-pack-trabajo\/#primaryimage","url":"https:\/\/i0.wp.com\/www.pcmadrid.es\/tienda\/wp-content\/uploads\/2021\/01\/ASUS-NUC.webp?fit=1200%2C900&ssl=1","contentUrl":"https:\/\/i0.wp.com\/www.pcmadrid.es\/tienda\/wp-content\/uploads\/2021\/01\/ASUS-NUC.webp?fit=1200%2C900&ssl=1","width":1200,"height":900},{"@type":"BreadcrumbList","@id":"https:\/\/www.pcmadrid.es\/tienda\/producto\/mini-ordenador-asus-intel-nuc-pack-trabajo\/#breadcrumb","itemListElement":[{"@type":"ListItem","position":1,"name":"Portada","item":"https:\/\/www.pcmadrid.es\/tienda\/"},{"@type":"ListItem","position":2,"name":"Todos los productos","item":"https:\/\/www.pcmadrid.es\/tienda\/todos-los-productos\/"},{"@type":"ListItem","position":3,"name":"Estaci\u00f3n de trabajo ASUS Intel NUC Mini PC"}]},{"@type":"WebSite","@id":"https:\/\/www.pcmadrid.es\/tienda\/#website","url":"https:\/\/www.pcmadrid.es\/tienda\/","name":"Tienda PCMADRID","description":"Venta y reparaciones de ordenadores","publisher":{"@id":"https:\/\/www.pcmadrid.es\/tienda\/#organization"},"potentialAction":[{"@type":"SearchAction","target":{"@type":"EntryPoint","urlTemplate":"https:\/\/www.pcmadrid.es\/tienda\/?s={search_term_string}"},"query-input":{"@type":"PropertyValueSpecification","valueRequired":true,"valueName":"search_term_string"}}],"inLanguage":"es"},{"@type":"Organization","@id":"https:\/\/www.pcmadrid.es\/tienda\/#organization","name":"PCMADRID","url":"https:\/\/www.pcmadrid.es\/tienda\/","logo":{"@type":"ImageObject","inLanguage":"es","@id":"https:\/\/www.pcmadrid.es\/tienda\/#\/schema\/logo\/image\/","url":"https:\/\/i0.wp.com\/www.pcmadrid.es\/tienda\/wp-content\/uploads\/2019\/10\/pcmadridlogo..png?fit=750%2C300&ssl=1","contentUrl":"https:\/\/i0.wp.com\/www.pcmadrid.es\/tienda\/wp-content\/uploads\/2019\/10\/pcmadridlogo..png?fit=750%2C300&ssl=1","width":750,"height":300,"caption":"PCMADRID"},"image":{"@id":"https:\/\/www.pcmadrid.es\/tienda\/#\/schema\/logo\/image\/"},"sameAs":["https:\/\/www.facebook.com\/pcmadridinformatica","https:\/\/x.com\/pc_madrid","https:\/\/www.youtube.com\/channel\/UCIbQq9k6BBrU5x2wqDIHr7A","https:\/\/www.instagram.com\/pcmadrid_informatica\/?hl=es","https:\/\/www.linkedin.com\/company\/9348326\/admin\/","https:\/\/www.pinterest.es\/pcmadrid_informatica\/"]}]}},"jetpack_sharing_enabled":true,"_links":{"self":[{"href":"https:\/\/www.pcmadrid.es\/tienda\/wp-json\/wp\/v2\/product\/8061","targetHints":{"allow":["GET"]}}],"collection":[{"href":"https:\/\/www.pcmadrid.es\/tienda\/wp-json\/wp\/v2\/product"}],"about":[{"href":"https:\/\/www.pcmadrid.es\/tienda\/wp-json\/wp\/v2\/types\/product"}],"replies":[{"embeddable":true,"href":"https:\/\/www.pcmadrid.es\/tienda\/wp-json\/wp\/v2\/comments?post=8061"}],"wp:featuredmedia":[{"embeddable":true,"href":"https:\/\/www.pcmadrid.es\/tienda\/wp-json\/wp\/v2\/media\/11739"}],"wp:attachment":[{"href":"https:\/\/www.pcmadrid.es\/tienda\/wp-json\/wp\/v2\/media?parent=8061"}],"wp:term":[{"taxonomy":"product_brand","embeddable":true,"href":"https:\/\/www.pcmadrid.es\/tienda\/wp-json\/wp\/v2\/product_brand?post=8061"},{"taxonomy":"product_cat","embeddable":true,"href":"https:\/\/www.pcmadrid.es\/tienda\/wp-json\/wp\/v2\/product_cat?post=8061"},{"taxonomy":"product_tag","embeddable":true,"href":"https:\/\/www.pcmadrid.es\/tienda\/wp-json\/wp\/v2\/product_tag?post=8061"}],"curies":[{"name":"wp","href":"https:\/\/api.w.org\/{rel}","templated":true}]}}