{"id":8767,"date":"2021-05-15T14:45:14","date_gmt":"2021-05-15T12:45:14","guid":{"rendered":"https:\/\/www.pcmadrid.es\/tienda\/?post_type=product&#038;p=8767"},"modified":"2024-10-10T14:49:09","modified_gmt":"2024-10-10T12:49:09","slug":"ordenador-de-oficina-gama-media-i3","status":"publish","type":"product","link":"https:\/\/www.pcmadrid.es\/tienda\/producto\/ordenador-de-oficina-gama-media-i3\/","title":{"rendered":"Ordenador de Oficina Gama media i3 EQUILIBRADO"},"content":{"rendered":"<p style=\"text-align: center;\">Si buscas un equipo de oficina de gama media con una excelente relaci\u00f3n calidad-precio, nuestro ordenador con procesador Intel Core i3 de 13\u00aa generaci\u00f3n es una excelente opci\u00f3n. Dise\u00f1ado con componentes de primeras marcas y un disco duro s\u00f3lido &#8220;SSD&#8221; NVMe, tendr\u00e1s la m\u00e1xima velocidad y rendimiento para llevar a cabo tus tareas diarias de manera eficiente. Adem\u00e1s, incluye Windows 11 instalado y actualizado, lo que significa que podr\u00e1s utilizarlo directamente al ser recibido sin tener que preocuparte por configuraciones complicadas. Nuestra garant\u00eda de 3 a\u00f1os te brinda la tranquilidad de saber que est\u00e1s invirtiendo en un equipo duradero y confiable. Este ordenador es perfecto para teletrabajar desde casa y realizar tareas de oficina. \u00a1Haz tu pedido ahora y disfruta de un equipo de calidad a un precio accesible!<\/p>\n<h2 style=\"text-align: center;\"><span style=\"color: #99cc00;\"><strong>Ordenador de oficina Gama media con Intel Core i3 y SSD NVMe<\/strong><\/span><\/h2>\n<p style=\"text-align: center;\">Ordenador de oficina gama media para empresa al mejor precio, con procesador Intel Core i3, personalizable para poder adaptarlo lo mejor posible a tus posibilidades. Elige cu\u00e1nta memoria RAM quieres ponerle y cu\u00e1nto espacio necesitas para el disco duro r\u00e1pido principal, decide si quieres a\u00f1adirle disco secundario para almacenamiento de datos o tarjeta WiFi para poder conectarte a internet de manera inal\u00e1mbrica. Todo esto con licencia Windows 10 Profesional original y Office 2019 incluidas en el precio del equipo. \u00a1Todo listo para trabajar!<\/p>\n<h3 style=\"text-align: center;\"><span style=\"color: #99cc00;\"><strong>Detalles del Ordenador de Oficina Gama media i3<\/strong><\/span><\/h3>\n<p>Procesador de d\u00e9cima generaci\u00f3n <a href=\"https:\/\/www.intel.es\/content\/www\/es\/es\/products\/sku\/134584\/intel-core-i312100-processor-12m-cache-up-to-4-30-ghz\/specifications.html\">Intel Core i3 12100<\/a> (4 n\u00facleos, 8 hilos 4.30GHz)<\/p>\n<p>Placa base H470 (U otros fabricantes si no existe disponibilidad o por preferencia del cliente)<\/p>\n<p>Gr\u00e1ficos integrados Intel\u00ae UHD Graphics 610.<\/p>\n<p>Memoria RAM 8GB, 16GB o32GB a elegir.<\/p>\n<p>Disco duro SSD NVMe a elegir entre varios tama\u00f1os; 256GB, 512GB o 1TB.<\/p>\n<p>Fuente de alimentaci\u00f3n certificada ATX 500W.<\/p>\n<p>Caja mini torre TACENS Orumx<\/p>\n<p>Sistema Operativo: <a href=\"https:\/\/www.pcmadrid.es\/tienda\/producto\/microsoft-windows-11-pro-licencia-digital\/\">Microsoft Windows 11 Pro 64bits<\/a><\/p>\n<p>Montaje, testeo, instalaci\u00f3n de sistema, drivers, pack de programas, configuraci\u00f3n y optimizaci\u00f3n de BIOS.<\/p>\n<p>Garant\u00eda de 3 a\u00f1os.<\/p>\n<p><strong>Tiempo de montaje y env\u00edo 2 a 5 d\u00edas laborables desde fecha de pedido.<\/strong><\/p>\n<p>&nbsp;<\/p>\n<h3 style=\"text-align: center;\"><span style=\"color: #99cc00;\"><strong>Caracter\u00edsticas del <\/strong><\/span><span style=\"color: #99cc00;\"><strong>Ordenador de Oficina\u00a0<\/strong><\/span><\/h3>\n<p>&nbsp;<\/p>\n<p style=\"text-align: center;\"><img data-recalc-dims=\"1\" loading=\"lazy\" decoding=\"async\" class=\"aligncenter wp-image-10731 \" src=\"https:\/\/i0.wp.com\/www.pcmadrid.es\/tienda\/wp-content\/uploads\/2021\/05\/12100.webp?resize=368%2C368&#038;ssl=1\" alt=\"\" width=\"368\" height=\"368\" srcset=\"https:\/\/i0.wp.com\/www.pcmadrid.es\/tienda\/wp-content\/uploads\/2021\/05\/12100.webp?w=900&amp;ssl=1 900w, https:\/\/i0.wp.com\/www.pcmadrid.es\/tienda\/wp-content\/uploads\/2021\/05\/12100.webp?resize=300%2C300&amp;ssl=1 300w, https:\/\/i0.wp.com\/www.pcmadrid.es\/tienda\/wp-content\/uploads\/2021\/05\/12100.webp?resize=150%2C150&amp;ssl=1 150w, https:\/\/i0.wp.com\/www.pcmadrid.es\/tienda\/wp-content\/uploads\/2021\/05\/12100.webp?resize=768%2C768&amp;ssl=1 768w, https:\/\/i0.wp.com\/www.pcmadrid.es\/tienda\/wp-content\/uploads\/2021\/05\/12100.webp?resize=65%2C65&amp;ssl=1 65w, https:\/\/i0.wp.com\/www.pcmadrid.es\/tienda\/wp-content\/uploads\/2021\/05\/12100.webp?resize=600%2C600&amp;ssl=1 600w, https:\/\/i0.wp.com\/www.pcmadrid.es\/tienda\/wp-content\/uploads\/2021\/05\/12100.webp?resize=100%2C100&amp;ssl=1 100w\" sizes=\"(max-width: 368px) 100vw, 368px\" \/><\/p>\n<ul>\n<li><strong>Procesador Intel Core i3 10100<\/strong><\/li>\n<\/ul>\n<p><strong>Rendimiento<\/strong><\/p>\n<ul>\n<li>N\u00facleos: 4<\/li>\n<li>Hilos: 8<\/li>\n<li>Frecuencia base del procesador: 3,30 GHz<\/li>\n<li>Frecuencia turbo del procesador: 4,30GHz<\/li>\n<li>Cach\u00e9: 6 MB Intel\u00ae Smart Cache<\/li>\n<li>Velocidad del bus: 8 GT\/s<\/li>\n<li>Potencia base del procesador: 65 W<\/li>\n<li>Potencia m\u00e1xima del procesador: 89W<\/li>\n<\/ul>\n<h3 style=\"text-align: center;\"><\/h3>\n","protected":false},"excerpt":{"rendered":"<p>Si buscas un equipo de oficina de gama media con una excelente relaci\u00f3n calidad-precio, nuestro ordenador con procesador Intel Core i3 de 13\u00aa generaci\u00f3n es una excelente opci\u00f3n. Dise\u00f1ado con componentes de primeras marcas y un disco duro s\u00f3lido &#8220;SSD&#8221; NVMe, tendr\u00e1s la m\u00e1xima velocidad y rendimiento para llevar a cabo tus tareas diarias de [&hellip;]<\/p>\n","protected":false},"featured_media":10717,"comment_status":"open","ping_status":"closed","template":"","meta":{"_et_pb_use_builder":"","_et_pb_old_content":"","_et_gb_content_width":""},"product_brand":[],"product_cat":[102,379,94,65],"product_tag":[],"class_list":{"0":"post-8767","1":"product","2":"type-product","3":"status-publish","4":"has-post-thumbnail","6":"product_cat-comprar-ordenadores","7":"product_cat-pc-oficina","8":"product_cat-pc-sobremesa","9":"product_cat-todos","11":"first","12":"instock","13":"taxable","14":"shipping-taxable","15":"purchasable","16":"product-type-variable","17":"has-default-attributes"},"yoast_head":"<!-- This site is optimized with the Yoast SEO plugin v26.5 - https:\/\/yoast.com\/wordpress\/plugins\/seo\/ -->\n<title>Ordenador de Oficina Gama media i3 EQUILIBRADO | Tienda PCMADRID<\/title>\n<meta name=\"description\" content=\"Ordenador de oficina de gama media con Intel Core i3 de 10\u00aa Generaci\u00f3n, caja simple y profesional para empresas y teletrabajo.\" \/>\n<meta name=\"robots\" content=\"index, follow, max-snippet:-1, max-image-preview:large, max-video-preview:-1\" \/>\n<link rel=\"canonical\" href=\"https:\/\/www.pcmadrid.es\/tienda\/producto\/ordenador-de-oficina-gama-media-i3\/\" \/>\n<meta name=\"twitter:label1\" content=\"Tiempo de lectura\" \/>\n\t<meta name=\"twitter:data1\" content=\"2 minutos\" \/>\n<script type=\"application\/ld+json\" class=\"yoast-schema-graph\">{\"@context\":\"https:\/\/schema.org\",\"@graph\":[{\"@type\":\"WebPage\",\"@id\":\"https:\/\/www.pcmadrid.es\/tienda\/producto\/ordenador-de-oficina-gama-media-i3\/\",\"url\":\"https:\/\/www.pcmadrid.es\/tienda\/producto\/ordenador-de-oficina-gama-media-i3\/\",\"name\":\"Ordenador de Oficina Gama media i3 EQUILIBRADO | Tienda PCMADRID\",\"isPartOf\":{\"@id\":\"https:\/\/www.pcmadrid.es\/tienda\/#website\"},\"primaryImageOfPage\":{\"@id\":\"https:\/\/www.pcmadrid.es\/tienda\/producto\/ordenador-de-oficina-gama-media-i3\/#primaryimage\"},\"image\":{\"@id\":\"https:\/\/www.pcmadrid.es\/tienda\/producto\/ordenador-de-oficina-gama-media-i3\/#primaryimage\"},\"thumbnailUrl\":\"https:\/\/i0.wp.com\/www.pcmadrid.es\/tienda\/wp-content\/uploads\/2021\/05\/pcm-equilibrado-001.jpg?fit=600%2C600&ssl=1\",\"datePublished\":\"2021-05-15T12:45:14+00:00\",\"dateModified\":\"2024-10-10T12:49:09+00:00\",\"description\":\"Ordenador de oficina de gama media con Intel Core i3 de 10\u00aa Generaci\u00f3n, caja simple y profesional para empresas y teletrabajo.\",\"breadcrumb\":{\"@id\":\"https:\/\/www.pcmadrid.es\/tienda\/producto\/ordenador-de-oficina-gama-media-i3\/#breadcrumb\"},\"inLanguage\":\"es\",\"potentialAction\":[{\"@type\":\"ReadAction\",\"target\":[\"https:\/\/www.pcmadrid.es\/tienda\/producto\/ordenador-de-oficina-gama-media-i3\/\"]}]},{\"@type\":\"ImageObject\",\"inLanguage\":\"es\",\"@id\":\"https:\/\/www.pcmadrid.es\/tienda\/producto\/ordenador-de-oficina-gama-media-i3\/#primaryimage\",\"url\":\"https:\/\/i0.wp.com\/www.pcmadrid.es\/tienda\/wp-content\/uploads\/2021\/05\/pcm-equilibrado-001.jpg?fit=600%2C600&ssl=1\",\"contentUrl\":\"https:\/\/i0.wp.com\/www.pcmadrid.es\/tienda\/wp-content\/uploads\/2021\/05\/pcm-equilibrado-001.jpg?fit=600%2C600&ssl=1\",\"width\":600,\"height\":600},{\"@type\":\"BreadcrumbList\",\"@id\":\"https:\/\/www.pcmadrid.es\/tienda\/producto\/ordenador-de-oficina-gama-media-i3\/#breadcrumb\",\"itemListElement\":[{\"@type\":\"ListItem\",\"position\":1,\"name\":\"Portada\",\"item\":\"https:\/\/www.pcmadrid.es\/tienda\/\"},{\"@type\":\"ListItem\",\"position\":2,\"name\":\"Todos los productos\",\"item\":\"https:\/\/www.pcmadrid.es\/tienda\/todos-los-productos\/\"},{\"@type\":\"ListItem\",\"position\":3,\"name\":\"Ordenador de Oficina Gama media i3 EQUILIBRADO\"}]},{\"@type\":\"WebSite\",\"@id\":\"https:\/\/www.pcmadrid.es\/tienda\/#website\",\"url\":\"https:\/\/www.pcmadrid.es\/tienda\/\",\"name\":\"Tienda PCMADRID\",\"description\":\"Venta y reparaciones de ordenadores\",\"publisher\":{\"@id\":\"https:\/\/www.pcmadrid.es\/tienda\/#organization\"},\"potentialAction\":[{\"@type\":\"SearchAction\",\"target\":{\"@type\":\"EntryPoint\",\"urlTemplate\":\"https:\/\/www.pcmadrid.es\/tienda\/?s={search_term_string}\"},\"query-input\":{\"@type\":\"PropertyValueSpecification\",\"valueRequired\":true,\"valueName\":\"search_term_string\"}}],\"inLanguage\":\"es\"},{\"@type\":\"Organization\",\"@id\":\"https:\/\/www.pcmadrid.es\/tienda\/#organization\",\"name\":\"PCMADRID\",\"url\":\"https:\/\/www.pcmadrid.es\/tienda\/\",\"logo\":{\"@type\":\"ImageObject\",\"inLanguage\":\"es\",\"@id\":\"https:\/\/www.pcmadrid.es\/tienda\/#\/schema\/logo\/image\/\",\"url\":\"https:\/\/i0.wp.com\/www.pcmadrid.es\/tienda\/wp-content\/uploads\/2019\/10\/pcmadridlogo..png?fit=750%2C300&ssl=1\",\"contentUrl\":\"https:\/\/i0.wp.com\/www.pcmadrid.es\/tienda\/wp-content\/uploads\/2019\/10\/pcmadridlogo..png?fit=750%2C300&ssl=1\",\"width\":750,\"height\":300,\"caption\":\"PCMADRID\"},\"image\":{\"@id\":\"https:\/\/www.pcmadrid.es\/tienda\/#\/schema\/logo\/image\/\"},\"sameAs\":[\"https:\/\/www.facebook.com\/pcmadridinformatica\",\"https:\/\/x.com\/pc_madrid\",\"https:\/\/www.youtube.com\/channel\/UCIbQq9k6BBrU5x2wqDIHr7A\",\"https:\/\/www.instagram.com\/pcmadrid_informatica\/?hl=es\",\"https:\/\/www.linkedin.com\/company\/9348326\/admin\/\",\"https:\/\/www.pinterest.es\/pcmadrid_informatica\/\"]}]}<\/script>\n<!-- \/ Yoast SEO plugin. -->","yoast_head_json":{"title":"Ordenador de Oficina Gama media i3 EQUILIBRADO | Tienda PCMADRID","description":"Ordenador de oficina de gama media con Intel Core i3 de 10\u00aa Generaci\u00f3n, caja simple y profesional para empresas y teletrabajo.","robots":{"index":"index","follow":"follow","max-snippet":"max-snippet:-1","max-image-preview":"max-image-preview:large","max-video-preview":"max-video-preview:-1"},"canonical":"https:\/\/www.pcmadrid.es\/tienda\/producto\/ordenador-de-oficina-gama-media-i3\/","twitter_misc":{"Tiempo de lectura":"2 minutos"},"schema":{"@context":"https:\/\/schema.org","@graph":[{"@type":"WebPage","@id":"https:\/\/www.pcmadrid.es\/tienda\/producto\/ordenador-de-oficina-gama-media-i3\/","url":"https:\/\/www.pcmadrid.es\/tienda\/producto\/ordenador-de-oficina-gama-media-i3\/","name":"Ordenador de Oficina Gama media i3 EQUILIBRADO | Tienda PCMADRID","isPartOf":{"@id":"https:\/\/www.pcmadrid.es\/tienda\/#website"},"primaryImageOfPage":{"@id":"https:\/\/www.pcmadrid.es\/tienda\/producto\/ordenador-de-oficina-gama-media-i3\/#primaryimage"},"image":{"@id":"https:\/\/www.pcmadrid.es\/tienda\/producto\/ordenador-de-oficina-gama-media-i3\/#primaryimage"},"thumbnailUrl":"https:\/\/i0.wp.com\/www.pcmadrid.es\/tienda\/wp-content\/uploads\/2021\/05\/pcm-equilibrado-001.jpg?fit=600%2C600&ssl=1","datePublished":"2021-05-15T12:45:14+00:00","dateModified":"2024-10-10T12:49:09+00:00","description":"Ordenador de oficina de gama media con Intel Core i3 de 10\u00aa Generaci\u00f3n, caja simple y profesional para empresas y teletrabajo.","breadcrumb":{"@id":"https:\/\/www.pcmadrid.es\/tienda\/producto\/ordenador-de-oficina-gama-media-i3\/#breadcrumb"},"inLanguage":"es","potentialAction":[{"@type":"ReadAction","target":["https:\/\/www.pcmadrid.es\/tienda\/producto\/ordenador-de-oficina-gama-media-i3\/"]}]},{"@type":"ImageObject","inLanguage":"es","@id":"https:\/\/www.pcmadrid.es\/tienda\/producto\/ordenador-de-oficina-gama-media-i3\/#primaryimage","url":"https:\/\/i0.wp.com\/www.pcmadrid.es\/tienda\/wp-content\/uploads\/2021\/05\/pcm-equilibrado-001.jpg?fit=600%2C600&ssl=1","contentUrl":"https:\/\/i0.wp.com\/www.pcmadrid.es\/tienda\/wp-content\/uploads\/2021\/05\/pcm-equilibrado-001.jpg?fit=600%2C600&ssl=1","width":600,"height":600},{"@type":"BreadcrumbList","@id":"https:\/\/www.pcmadrid.es\/tienda\/producto\/ordenador-de-oficina-gama-media-i3\/#breadcrumb","itemListElement":[{"@type":"ListItem","position":1,"name":"Portada","item":"https:\/\/www.pcmadrid.es\/tienda\/"},{"@type":"ListItem","position":2,"name":"Todos los productos","item":"https:\/\/www.pcmadrid.es\/tienda\/todos-los-productos\/"},{"@type":"ListItem","position":3,"name":"Ordenador de Oficina Gama media i3 EQUILIBRADO"}]},{"@type":"WebSite","@id":"https:\/\/www.pcmadrid.es\/tienda\/#website","url":"https:\/\/www.pcmadrid.es\/tienda\/","name":"Tienda PCMADRID","description":"Venta y reparaciones de ordenadores","publisher":{"@id":"https:\/\/www.pcmadrid.es\/tienda\/#organization"},"potentialAction":[{"@type":"SearchAction","target":{"@type":"EntryPoint","urlTemplate":"https:\/\/www.pcmadrid.es\/tienda\/?s={search_term_string}"},"query-input":{"@type":"PropertyValueSpecification","valueRequired":true,"valueName":"search_term_string"}}],"inLanguage":"es"},{"@type":"Organization","@id":"https:\/\/www.pcmadrid.es\/tienda\/#organization","name":"PCMADRID","url":"https:\/\/www.pcmadrid.es\/tienda\/","logo":{"@type":"ImageObject","inLanguage":"es","@id":"https:\/\/www.pcmadrid.es\/tienda\/#\/schema\/logo\/image\/","url":"https:\/\/i0.wp.com\/www.pcmadrid.es\/tienda\/wp-content\/uploads\/2019\/10\/pcmadridlogo..png?fit=750%2C300&ssl=1","contentUrl":"https:\/\/i0.wp.com\/www.pcmadrid.es\/tienda\/wp-content\/uploads\/2019\/10\/pcmadridlogo..png?fit=750%2C300&ssl=1","width":750,"height":300,"caption":"PCMADRID"},"image":{"@id":"https:\/\/www.pcmadrid.es\/tienda\/#\/schema\/logo\/image\/"},"sameAs":["https:\/\/www.facebook.com\/pcmadridinformatica","https:\/\/x.com\/pc_madrid","https:\/\/www.youtube.com\/channel\/UCIbQq9k6BBrU5x2wqDIHr7A","https:\/\/www.instagram.com\/pcmadrid_informatica\/?hl=es","https:\/\/www.linkedin.com\/company\/9348326\/admin\/","https:\/\/www.pinterest.es\/pcmadrid_informatica\/"]}]}},"jetpack_sharing_enabled":true,"_links":{"self":[{"href":"https:\/\/www.pcmadrid.es\/tienda\/wp-json\/wp\/v2\/product\/8767","targetHints":{"allow":["GET"]}}],"collection":[{"href":"https:\/\/www.pcmadrid.es\/tienda\/wp-json\/wp\/v2\/product"}],"about":[{"href":"https:\/\/www.pcmadrid.es\/tienda\/wp-json\/wp\/v2\/types\/product"}],"replies":[{"embeddable":true,"href":"https:\/\/www.pcmadrid.es\/tienda\/wp-json\/wp\/v2\/comments?post=8767"}],"wp:featuredmedia":[{"embeddable":true,"href":"https:\/\/www.pcmadrid.es\/tienda\/wp-json\/wp\/v2\/media\/10717"}],"wp:attachment":[{"href":"https:\/\/www.pcmadrid.es\/tienda\/wp-json\/wp\/v2\/media?parent=8767"}],"wp:term":[{"taxonomy":"product_brand","embeddable":true,"href":"https:\/\/www.pcmadrid.es\/tienda\/wp-json\/wp\/v2\/product_brand?post=8767"},{"taxonomy":"product_cat","embeddable":true,"href":"https:\/\/www.pcmadrid.es\/tienda\/wp-json\/wp\/v2\/product_cat?post=8767"},{"taxonomy":"product_tag","embeddable":true,"href":"https:\/\/www.pcmadrid.es\/tienda\/wp-json\/wp\/v2\/product_tag?post=8767"}],"curies":[{"name":"wp","href":"https:\/\/api.w.org\/{rel}","templated":true}]}}