{"id":8843,"date":"2021-05-15T14:52:05","date_gmt":"2021-05-15T12:52:05","guid":{"rendered":"https:\/\/www.pcmadrid.es\/tienda\/?post_type=product&#038;p=8843"},"modified":"2024-11-18T17:28:36","modified_gmt":"2024-11-18T16:28:36","slug":"monitor-samsung-24-full-hd","status":"publish","type":"product","link":"https:\/\/www.pcmadrid.es\/tienda\/producto\/monitor-samsung-24-full-hd\/","title":{"rendered":"Monitor Samsung 24&#8243; FULL HD (IPS LED, 75 Hz, 5ms)"},"content":{"rendered":"<p>&nbsp;<\/p>\n<h2 style=\"text-align: center\"><span style=\"color: #99cc00\">Monitor Samsung 24&#8243; FULL HD (IPS LED, 75 Hz, 5ms)<\/span><\/h2>\n<p>&nbsp;<\/p>\n<h3 style=\"text-align: center\">Colores vibrantes con tecnolog\u00eda IPS y<br \/>\nAMD FreeSync para fluidez en juegos y multimedia<\/h3>\n<h3><\/h3>\n<p style=\"text-align: justify\">El Monitor Samsung 24&#8243; FULL HD IPS transforma tu experiencia visual.. Su pantalla de 24&#8243; combina una resoluci\u00f3n de 1920 x 1080 con tecnolog\u00eda LED IPS para colores realistas y \u00e1ngulos de visi\u00f3n de 178\u00b0. Disfruta de fluidez gracias a los 75 Hz y AMD FreeSync, ideales para juegos y pel\u00edculas. Con dise\u00f1o elegante, montaje VESA y eficiencia energ\u00e9tica, este monitor es perfecto para el hogar. Adem\u00e1s, incluye conectividad vers\u00e1til con HDMI 1.4 y VGA, adapt\u00e1ndose a tus necesidades. \u00a1Eleva tu productividad y entretenimiento al siguiente nivel!<\/p>\n<p><img data-recalc-dims=\"1\" loading=\"lazy\" decoding=\"async\" class=\"aligncenter wp-image-8845\" src=\"https:\/\/i0.wp.com\/www.pcmadrid.es\/tienda\/wp-content\/uploads\/2021\/05\/art_sam-m-lf24t350fhr_2.jpg?resize=471%2C471&#038;ssl=1\" alt=\"Monitor Samsung 24&quot; FULL HD\" width=\"471\" height=\"471\" srcset=\"https:\/\/i0.wp.com\/www.pcmadrid.es\/tienda\/wp-content\/uploads\/2021\/05\/art_sam-m-lf24t350fhr_2.jpg?resize=300%2C300&amp;ssl=1 300w, https:\/\/i0.wp.com\/www.pcmadrid.es\/tienda\/wp-content\/uploads\/2021\/05\/art_sam-m-lf24t350fhr_2.jpg?resize=150%2C150&amp;ssl=1 150w, https:\/\/i0.wp.com\/www.pcmadrid.es\/tienda\/wp-content\/uploads\/2021\/05\/art_sam-m-lf24t350fhr_2.jpg?resize=65%2C65&amp;ssl=1 65w, https:\/\/i0.wp.com\/www.pcmadrid.es\/tienda\/wp-content\/uploads\/2021\/05\/art_sam-m-lf24t350fhr_2.jpg?resize=100%2C100&amp;ssl=1 100w, https:\/\/i0.wp.com\/www.pcmadrid.es\/tienda\/wp-content\/uploads\/2021\/05\/art_sam-m-lf24t350fhr_2.jpg?w=448&amp;ssl=1 448w\" sizes=\"(max-width: 471px) 100vw, 471px\" \/><\/p>\n<h3>Especificaciones T\u00e9cnicas Monitor Samsung 24&#8243; FULL HD<\/h3>\n<table style=\"width: 100%;border-collapse: collapse\" border=\"1\">\n<tbody>\n<tr>\n<th style=\"background-color: #f0f0f0;text-align: left;width: 100%;padding-left: 20px\" colspan=\"2\"><span style=\"font-size: 14pt\"><strong>Pantalla<\/strong><\/span><\/th>\n<\/tr>\n<tr>\n<td style=\"padding-left: 40px;width: 43.7366%\">Diagonal de la pantalla<\/td>\n<td style=\"padding-left: 40px;width: 56.2634%\">61 cm (24&#8243;)<\/td>\n<\/tr>\n<tr>\n<td style=\"padding-left: 40px\">Brillo de la pantalla (t\u00edpico)<\/td>\n<td style=\"padding-left: 40px\">250 cd \/ m\u00b2<\/td>\n<\/tr>\n<tr>\n<td style=\"padding-left: 40px\">Resoluci\u00f3n de la pantalla<\/td>\n<td style=\"padding-left: 40px\">1920 x 1080 Pixeles (HD 1080)<\/td>\n<\/tr>\n<tr>\n<td style=\"padding-left: 40px\">Relaci\u00f3n de aspecto nativa<\/td>\n<td style=\"padding-left: 40px\">16:9<\/td>\n<\/tr>\n<tr>\n<td style=\"padding-left: 40px\">Tiempo de respuesta<\/td>\n<td style=\"padding-left: 40px\">5 ms<\/td>\n<\/tr>\n<tr>\n<td style=\"padding-left: 40px\">Tipo HD<\/td>\n<td style=\"padding-left: 40px\">Full HD<\/td>\n<\/tr>\n<tr>\n<td style=\"padding-left: 40px\">Forma de la pantalla<\/td>\n<td style=\"padding-left: 40px\">Plana<\/td>\n<\/tr>\n<tr>\n<td style=\"padding-left: 40px\">Raz\u00f3n de contraste (t\u00edpica)<\/td>\n<td style=\"padding-left: 40px\">1000:1<\/td>\n<\/tr>\n<tr>\n<td style=\"padding-left: 40px\">M\u00e1xima velocidad de actualizaci\u00f3n<\/td>\n<td style=\"padding-left: 40px\">75 Hz<\/td>\n<\/tr>\n<tr>\n<td style=\"padding-left: 40px\">\u00c1ngulo de visi\u00f3n, horizontal y vertical<\/td>\n<td style=\"padding-left: 40px\">178\u00b0<\/td>\n<\/tr>\n<tr>\n<td style=\"padding-left: 40px\">N\u00famero de colores de la pantalla<\/td>\n<td style=\"padding-left: 40px\">16,78 millones de colores<\/td>\n<\/tr>\n<tr>\n<td style=\"padding-left: 40px\">Tipo de pantalla<\/td>\n<td style=\"padding-left: 40px\">IPS<\/td>\n<\/tr>\n<tr>\n<td style=\"padding-left: 40px\">Cobertura NTSC (t\u00edpica)<\/td>\n<td style=\"padding-left: 40px\">72%<\/td>\n<\/tr>\n<tr>\n<th style=\"background-color: #f0f0f0;text-align: left;padding-left: 20px\" colspan=\"2\"><strong>Desempe\u00f1o<\/strong><\/th>\n<\/tr>\n<tr>\n<td style=\"padding-left: 40px\">AMD FreeSync<\/td>\n<td style=\"padding-left: 40px\">S\u00ed<\/td>\n<\/tr>\n<tr>\n<th style=\"background-color: #f0f0f0;text-align: left;padding-left: 20px\" colspan=\"2\"><strong>Dise\u00f1o<\/strong><\/th>\n<\/tr>\n<tr>\n<td style=\"padding-left: 40px\">Posicionamiento de mercado<\/td>\n<td style=\"padding-left: 40px\">Hogar<\/td>\n<\/tr>\n<tr>\n<td style=\"padding-left: 40px\">Color del producto<\/td>\n<td style=\"padding-left: 40px\">Negro<\/td>\n<\/tr>\n<tr>\n<th style=\"background-color: #f0f0f0;text-align: left;padding-left: 20px\" colspan=\"2\"><strong>Puertos e Interfaces<\/strong><\/th>\n<\/tr>\n<tr>\n<td style=\"padding-left: 40px\">Cantidad de puertos<\/td>\n<td style=\"padding-left: 40px\">1 x VGA (D-Sub), 1 x HDMI 1.4<\/td>\n<\/tr>\n<tr>\n<th style=\"background-color: #f0f0f0;text-align: left;padding-left: 20px\" colspan=\"2\"><strong>Ergonom\u00eda<\/strong><\/th>\n<\/tr>\n<tr>\n<td style=\"padding-left: 40px\">Interfaz de panel de montaje<\/td>\n<td style=\"padding-left: 40px\">100 x 100 mm<\/td>\n<\/tr>\n<tr>\n<td style=\"padding-left: 40px\">Montaje VESA<\/td>\n<td style=\"padding-left: 40px\">S\u00ed<\/td>\n<\/tr>\n<tr>\n<td style=\"padding-left: 40px\">Ajustes de altura<\/td>\n<td style=\"padding-left: 40px\">No<\/td>\n<\/tr>\n<tr>\n<td style=\"padding-left: 40px\">Ajuste de la inclinaci\u00f3n<\/td>\n<td style=\"padding-left: 40px\">S\u00ed<\/td>\n<\/tr>\n<tr>\n<td style=\"padding-left: 40px\">\u00c1ngulo de inclinaci\u00f3n<\/td>\n<td style=\"padding-left: 40px\">-2 \u2013 20\u00b0<\/td>\n<\/tr>\n<tr>\n<th style=\"background-color: #f0f0f0;text-align: left;padding-left: 20px\" colspan=\"2\"><strong>Control de energ\u00eda<\/strong><\/th>\n<\/tr>\n<tr>\n<td style=\"padding-left: 40px\">Clase de eficiencia de energ\u00eda<\/td>\n<td style=\"padding-left: 40px\">B<\/td>\n<\/tr>\n<tr>\n<td style=\"padding-left: 40px\">Consumo de energ\u00eda anual<\/td>\n<td style=\"padding-left: 40px\">37 kWh<\/td>\n<\/tr>\n<tr>\n<td style=\"padding-left: 40px\">Consumo energ\u00e9tico<\/td>\n<td style=\"padding-left: 40px\">25 W<\/td>\n<\/tr>\n<tr>\n<td style=\"padding-left: 40px\">Consumo de energ\u00eda (inactivo)<\/td>\n<td style=\"padding-left: 40px\">0,5 W<\/td>\n<\/tr>\n<tr>\n<td style=\"padding-left: 40px\">Consumo de energ\u00eda (apagado)<\/td>\n<td style=\"padding-left: 40px\">0,3 W<\/td>\n<\/tr>\n<tr>\n<td style=\"padding-left: 40px\">Voltaje de entrada AC<\/td>\n<td style=\"padding-left: 40px\">100 \u2013 240 V<\/td>\n<\/tr>\n<tr>\n<th style=\"background-color: #f0f0f0;text-align: left;padding-left: 20px\" colspan=\"2\"><strong>Condiciones ambientales<\/strong><\/th>\n<\/tr>\n<tr>\n<td style=\"padding-left: 40px\">Intervalo de temperatura operativa<\/td>\n<td style=\"padding-left: 40px\">10 \u2013 40 \u00b0C<\/td>\n<\/tr>\n<tr>\n<td style=\"padding-left: 40px\">Intervalo de humedad relativa para funcionamiento<\/td>\n<td style=\"padding-left: 40px\">10 \u2013 80%<\/td>\n<\/tr>\n<tr>\n<th style=\"background-color: #f0f0f0;text-align: left;padding-left: 20px\" colspan=\"2\"><strong>Peso y dimensiones<\/strong><\/th>\n<\/tr>\n<tr>\n<td style=\"padding-left: 40px\">Ancho<\/td>\n<td style=\"padding-left: 40px\">539,2 mm<\/td>\n<\/tr>\n<tr>\n<td style=\"padding-left: 40px\">Profundidad<\/td>\n<td style=\"padding-left: 40px\">39,4 mm<\/td>\n<\/tr>\n<tr>\n<td style=\"padding-left: 40px\">Altura<\/td>\n<td style=\"padding-left: 40px\">322,8 mm<\/td>\n<\/tr>\n<tr>\n<td style=\"padding-left: 40px\">Peso<\/td>\n<td style=\"padding-left: 40px\">2,4 kg<\/td>\n<\/tr>\n<tr>\n<td style=\"padding-left: 40px\">Ancho del dispositivo (con soporte)<\/td>\n<td style=\"padding-left: 40px\">539,2 mm<\/td>\n<\/tr>\n<tr>\n<td style=\"padding-left: 40px\">Peso (con soporte)<\/td>\n<td style=\"padding-left: 40px\">2,7 kg<\/td>\n<\/tr>\n<\/tbody>\n<\/table>\n<h2><span style=\"color: #99cc00;font-size: 22px\">Garant\u00eda y soporte: Seguridad para tus necesidades<\/span><\/h2>\n<p>Incluye una garant\u00eda de 3 a\u00f1os para asegurar que tu inversi\u00f3n est\u00e9 protegida. Adem\u00e1s, ofrecemos <a href=\"https:\/\/www.pcmadrid.es\/tienda\/categoria-producto\/reparaciones\/\"><span style=\"color: #99cc00\">soporte t\u00e9cnico especializado<\/span><\/a> para garantizar el \u00f3ptimo funcionamiento de tu equipo.<\/p>\n","protected":false},"excerpt":{"rendered":"<p style=\"text-align: justify\">Monitor Samsung 24&#8243; Full HD IPS combina un dise\u00f1o elegante con una pantalla plana de 24&#8243; (61 cm) y resoluci\u00f3n Full HD (1920 x 1080). Ofrece colores vibrantes, \u00e1ngulos de visi\u00f3n de 178\u00b0, AMD FreeSync y una tasa de refresco de 75 Hz, ideal para hogar, entretenimiento y productividad.<\/p>\n","protected":false},"featured_media":8844,"comment_status":"open","ping_status":"closed","template":"","meta":{"_et_pb_use_builder":"","_et_pb_old_content":"","_et_gb_content_width":""},"product_brand":[],"product_cat":[527,247,65],"product_tag":[],"class_list":{"0":"post-8843","1":"product","2":"type-product","3":"status-publish","4":"has-post-thumbnail","6":"product_cat-monitores","7":"product_cat-perifericos","8":"product_cat-todos","10":"first","11":"instock","12":"taxable","13":"shipping-taxable","14":"purchasable","15":"product-type-simple"},"yoast_head":"<!-- This site is optimized with the Yoast SEO plugin v26.5 - https:\/\/yoast.com\/wordpress\/plugins\/seo\/ -->\n<title>Monitor Samsung 24&quot; FULL HD (IPS LED, 75 Hz, 5ms) | Tienda PCMADRID<\/title>\n<meta name=\"description\" content=\"Monitor Samsung 24&quot; Full HD IPS pantalla planaresoluci\u00f3n Full HD (1920 x 1080). Ofrece colores vibrantes, \u00e1ngulo visi\u00f3n 178\u00b0, AMD FreeSync, frecuencia 75 Hz\" \/>\n<meta name=\"robots\" content=\"index, follow, max-snippet:-1, max-image-preview:large, max-video-preview:-1\" \/>\n<link rel=\"canonical\" href=\"https:\/\/www.pcmadrid.es\/tienda\/producto\/monitor-samsung-24-full-hd\/\" \/>\n<meta name=\"twitter:label1\" content=\"Tiempo de lectura\" \/>\n\t<meta name=\"twitter:data1\" content=\"3 minutos\" \/>\n<script type=\"application\/ld+json\" class=\"yoast-schema-graph\">{\"@context\":\"https:\/\/schema.org\",\"@graph\":[{\"@type\":\"WebPage\",\"@id\":\"https:\/\/www.pcmadrid.es\/tienda\/producto\/monitor-samsung-24-full-hd\/\",\"url\":\"https:\/\/www.pcmadrid.es\/tienda\/producto\/monitor-samsung-24-full-hd\/\",\"name\":\"Monitor Samsung 24\\\" FULL HD (IPS LED, 75 Hz, 5ms) | Tienda PCMADRID\",\"isPartOf\":{\"@id\":\"https:\/\/www.pcmadrid.es\/tienda\/#website\"},\"primaryImageOfPage\":{\"@id\":\"https:\/\/www.pcmadrid.es\/tienda\/producto\/monitor-samsung-24-full-hd\/#primaryimage\"},\"image\":{\"@id\":\"https:\/\/www.pcmadrid.es\/tienda\/producto\/monitor-samsung-24-full-hd\/#primaryimage\"},\"thumbnailUrl\":\"https:\/\/i0.wp.com\/www.pcmadrid.es\/tienda\/wp-content\/uploads\/2021\/05\/art_sam-m-lf24t350fhr_1.jpg?fit=800%2C800&ssl=1\",\"datePublished\":\"2021-05-15T12:52:05+00:00\",\"dateModified\":\"2024-11-18T16:28:36+00:00\",\"description\":\"Monitor Samsung 24\\\" Full HD IPS pantalla planaresoluci\u00f3n Full HD (1920 x 1080). Ofrece colores vibrantes, \u00e1ngulo visi\u00f3n 178\u00b0, AMD FreeSync, frecuencia 75 Hz\",\"breadcrumb\":{\"@id\":\"https:\/\/www.pcmadrid.es\/tienda\/producto\/monitor-samsung-24-full-hd\/#breadcrumb\"},\"inLanguage\":\"es\",\"potentialAction\":[{\"@type\":\"ReadAction\",\"target\":[\"https:\/\/www.pcmadrid.es\/tienda\/producto\/monitor-samsung-24-full-hd\/\"]}]},{\"@type\":\"ImageObject\",\"inLanguage\":\"es\",\"@id\":\"https:\/\/www.pcmadrid.es\/tienda\/producto\/monitor-samsung-24-full-hd\/#primaryimage\",\"url\":\"https:\/\/i0.wp.com\/www.pcmadrid.es\/tienda\/wp-content\/uploads\/2021\/05\/art_sam-m-lf24t350fhr_1.jpg?fit=800%2C800&ssl=1\",\"contentUrl\":\"https:\/\/i0.wp.com\/www.pcmadrid.es\/tienda\/wp-content\/uploads\/2021\/05\/art_sam-m-lf24t350fhr_1.jpg?fit=800%2C800&ssl=1\",\"width\":800,\"height\":800},{\"@type\":\"BreadcrumbList\",\"@id\":\"https:\/\/www.pcmadrid.es\/tienda\/producto\/monitor-samsung-24-full-hd\/#breadcrumb\",\"itemListElement\":[{\"@type\":\"ListItem\",\"position\":1,\"name\":\"Portada\",\"item\":\"https:\/\/www.pcmadrid.es\/tienda\/\"},{\"@type\":\"ListItem\",\"position\":2,\"name\":\"Todos los productos\",\"item\":\"https:\/\/www.pcmadrid.es\/tienda\/todos-los-productos\/\"},{\"@type\":\"ListItem\",\"position\":3,\"name\":\"Monitor Samsung 24&#8243; FULL HD (IPS LED, 75 Hz, 5ms)\"}]},{\"@type\":\"WebSite\",\"@id\":\"https:\/\/www.pcmadrid.es\/tienda\/#website\",\"url\":\"https:\/\/www.pcmadrid.es\/tienda\/\",\"name\":\"Tienda PCMADRID\",\"description\":\"Venta y reparaciones de ordenadores\",\"publisher\":{\"@id\":\"https:\/\/www.pcmadrid.es\/tienda\/#organization\"},\"potentialAction\":[{\"@type\":\"SearchAction\",\"target\":{\"@type\":\"EntryPoint\",\"urlTemplate\":\"https:\/\/www.pcmadrid.es\/tienda\/?s={search_term_string}\"},\"query-input\":{\"@type\":\"PropertyValueSpecification\",\"valueRequired\":true,\"valueName\":\"search_term_string\"}}],\"inLanguage\":\"es\"},{\"@type\":\"Organization\",\"@id\":\"https:\/\/www.pcmadrid.es\/tienda\/#organization\",\"name\":\"PCMADRID\",\"url\":\"https:\/\/www.pcmadrid.es\/tienda\/\",\"logo\":{\"@type\":\"ImageObject\",\"inLanguage\":\"es\",\"@id\":\"https:\/\/www.pcmadrid.es\/tienda\/#\/schema\/logo\/image\/\",\"url\":\"https:\/\/i0.wp.com\/www.pcmadrid.es\/tienda\/wp-content\/uploads\/2019\/10\/pcmadridlogo..png?fit=750%2C300&ssl=1\",\"contentUrl\":\"https:\/\/i0.wp.com\/www.pcmadrid.es\/tienda\/wp-content\/uploads\/2019\/10\/pcmadridlogo..png?fit=750%2C300&ssl=1\",\"width\":750,\"height\":300,\"caption\":\"PCMADRID\"},\"image\":{\"@id\":\"https:\/\/www.pcmadrid.es\/tienda\/#\/schema\/logo\/image\/\"},\"sameAs\":[\"https:\/\/www.facebook.com\/pcmadridinformatica\",\"https:\/\/x.com\/pc_madrid\",\"https:\/\/www.youtube.com\/channel\/UCIbQq9k6BBrU5x2wqDIHr7A\",\"https:\/\/www.instagram.com\/pcmadrid_informatica\/?hl=es\",\"https:\/\/www.linkedin.com\/company\/9348326\/admin\/\",\"https:\/\/www.pinterest.es\/pcmadrid_informatica\/\"]}]}<\/script>\n<!-- \/ Yoast SEO plugin. -->","yoast_head_json":{"title":"Monitor Samsung 24\" FULL HD (IPS LED, 75 Hz, 5ms) | Tienda PCMADRID","description":"Monitor Samsung 24\" Full HD IPS pantalla planaresoluci\u00f3n Full HD (1920 x 1080). Ofrece colores vibrantes, \u00e1ngulo visi\u00f3n 178\u00b0, AMD FreeSync, frecuencia 75 Hz","robots":{"index":"index","follow":"follow","max-snippet":"max-snippet:-1","max-image-preview":"max-image-preview:large","max-video-preview":"max-video-preview:-1"},"canonical":"https:\/\/www.pcmadrid.es\/tienda\/producto\/monitor-samsung-24-full-hd\/","twitter_misc":{"Tiempo de lectura":"3 minutos"},"schema":{"@context":"https:\/\/schema.org","@graph":[{"@type":"WebPage","@id":"https:\/\/www.pcmadrid.es\/tienda\/producto\/monitor-samsung-24-full-hd\/","url":"https:\/\/www.pcmadrid.es\/tienda\/producto\/monitor-samsung-24-full-hd\/","name":"Monitor Samsung 24\" FULL HD (IPS LED, 75 Hz, 5ms) | Tienda PCMADRID","isPartOf":{"@id":"https:\/\/www.pcmadrid.es\/tienda\/#website"},"primaryImageOfPage":{"@id":"https:\/\/www.pcmadrid.es\/tienda\/producto\/monitor-samsung-24-full-hd\/#primaryimage"},"image":{"@id":"https:\/\/www.pcmadrid.es\/tienda\/producto\/monitor-samsung-24-full-hd\/#primaryimage"},"thumbnailUrl":"https:\/\/i0.wp.com\/www.pcmadrid.es\/tienda\/wp-content\/uploads\/2021\/05\/art_sam-m-lf24t350fhr_1.jpg?fit=800%2C800&ssl=1","datePublished":"2021-05-15T12:52:05+00:00","dateModified":"2024-11-18T16:28:36+00:00","description":"Monitor Samsung 24\" Full HD IPS pantalla planaresoluci\u00f3n Full HD (1920 x 1080). Ofrece colores vibrantes, \u00e1ngulo visi\u00f3n 178\u00b0, AMD FreeSync, frecuencia 75 Hz","breadcrumb":{"@id":"https:\/\/www.pcmadrid.es\/tienda\/producto\/monitor-samsung-24-full-hd\/#breadcrumb"},"inLanguage":"es","potentialAction":[{"@type":"ReadAction","target":["https:\/\/www.pcmadrid.es\/tienda\/producto\/monitor-samsung-24-full-hd\/"]}]},{"@type":"ImageObject","inLanguage":"es","@id":"https:\/\/www.pcmadrid.es\/tienda\/producto\/monitor-samsung-24-full-hd\/#primaryimage","url":"https:\/\/i0.wp.com\/www.pcmadrid.es\/tienda\/wp-content\/uploads\/2021\/05\/art_sam-m-lf24t350fhr_1.jpg?fit=800%2C800&ssl=1","contentUrl":"https:\/\/i0.wp.com\/www.pcmadrid.es\/tienda\/wp-content\/uploads\/2021\/05\/art_sam-m-lf24t350fhr_1.jpg?fit=800%2C800&ssl=1","width":800,"height":800},{"@type":"BreadcrumbList","@id":"https:\/\/www.pcmadrid.es\/tienda\/producto\/monitor-samsung-24-full-hd\/#breadcrumb","itemListElement":[{"@type":"ListItem","position":1,"name":"Portada","item":"https:\/\/www.pcmadrid.es\/tienda\/"},{"@type":"ListItem","position":2,"name":"Todos los productos","item":"https:\/\/www.pcmadrid.es\/tienda\/todos-los-productos\/"},{"@type":"ListItem","position":3,"name":"Monitor Samsung 24&#8243; FULL HD (IPS LED, 75 Hz, 5ms)"}]},{"@type":"WebSite","@id":"https:\/\/www.pcmadrid.es\/tienda\/#website","url":"https:\/\/www.pcmadrid.es\/tienda\/","name":"Tienda PCMADRID","description":"Venta y reparaciones de ordenadores","publisher":{"@id":"https:\/\/www.pcmadrid.es\/tienda\/#organization"},"potentialAction":[{"@type":"SearchAction","target":{"@type":"EntryPoint","urlTemplate":"https:\/\/www.pcmadrid.es\/tienda\/?s={search_term_string}"},"query-input":{"@type":"PropertyValueSpecification","valueRequired":true,"valueName":"search_term_string"}}],"inLanguage":"es"},{"@type":"Organization","@id":"https:\/\/www.pcmadrid.es\/tienda\/#organization","name":"PCMADRID","url":"https:\/\/www.pcmadrid.es\/tienda\/","logo":{"@type":"ImageObject","inLanguage":"es","@id":"https:\/\/www.pcmadrid.es\/tienda\/#\/schema\/logo\/image\/","url":"https:\/\/i0.wp.com\/www.pcmadrid.es\/tienda\/wp-content\/uploads\/2019\/10\/pcmadridlogo..png?fit=750%2C300&ssl=1","contentUrl":"https:\/\/i0.wp.com\/www.pcmadrid.es\/tienda\/wp-content\/uploads\/2019\/10\/pcmadridlogo..png?fit=750%2C300&ssl=1","width":750,"height":300,"caption":"PCMADRID"},"image":{"@id":"https:\/\/www.pcmadrid.es\/tienda\/#\/schema\/logo\/image\/"},"sameAs":["https:\/\/www.facebook.com\/pcmadridinformatica","https:\/\/x.com\/pc_madrid","https:\/\/www.youtube.com\/channel\/UCIbQq9k6BBrU5x2wqDIHr7A","https:\/\/www.instagram.com\/pcmadrid_informatica\/?hl=es","https:\/\/www.linkedin.com\/company\/9348326\/admin\/","https:\/\/www.pinterest.es\/pcmadrid_informatica\/"]}]}},"jetpack_sharing_enabled":true,"_links":{"self":[{"href":"https:\/\/www.pcmadrid.es\/tienda\/wp-json\/wp\/v2\/product\/8843","targetHints":{"allow":["GET"]}}],"collection":[{"href":"https:\/\/www.pcmadrid.es\/tienda\/wp-json\/wp\/v2\/product"}],"about":[{"href":"https:\/\/www.pcmadrid.es\/tienda\/wp-json\/wp\/v2\/types\/product"}],"replies":[{"embeddable":true,"href":"https:\/\/www.pcmadrid.es\/tienda\/wp-json\/wp\/v2\/comments?post=8843"}],"wp:featuredmedia":[{"embeddable":true,"href":"https:\/\/www.pcmadrid.es\/tienda\/wp-json\/wp\/v2\/media\/8844"}],"wp:attachment":[{"href":"https:\/\/www.pcmadrid.es\/tienda\/wp-json\/wp\/v2\/media?parent=8843"}],"wp:term":[{"taxonomy":"product_brand","embeddable":true,"href":"https:\/\/www.pcmadrid.es\/tienda\/wp-json\/wp\/v2\/product_brand?post=8843"},{"taxonomy":"product_cat","embeddable":true,"href":"https:\/\/www.pcmadrid.es\/tienda\/wp-json\/wp\/v2\/product_cat?post=8843"},{"taxonomy":"product_tag","embeddable":true,"href":"https:\/\/www.pcmadrid.es\/tienda\/wp-json\/wp\/v2\/product_tag?post=8843"}],"curies":[{"name":"wp","href":"https:\/\/api.w.org\/{rel}","templated":true}]}}