{"id":8848,"date":"2021-05-15T15:01:56","date_gmt":"2021-05-15T13:01:56","guid":{"rendered":"https:\/\/www.pcmadrid.es\/tienda\/?post_type=product&#038;p=8848"},"modified":"2024-03-22T10:02:01","modified_gmt":"2024-03-22T09:02:01","slug":"teclado-y-raton-inalambricos-logitech-wireless-combo-mk270","status":"publish","type":"product","link":"https:\/\/www.pcmadrid.es\/tienda\/producto\/teclado-y-raton-inalambricos-logitech-wireless-combo-mk270\/","title":{"rendered":"Teclado y Rat\u00f3n Inal\u00e1mbricos Logitech Wireless Combo MK270"},"content":{"rendered":"<h1 style=\"text-align: center;\">Teclado y Rat\u00f3n Inal\u00e1mbricos Logitech Wireless Combo MK270<\/h1>\n<p>&nbsp;<\/p>\n<p><img data-recalc-dims=\"1\" loading=\"lazy\" decoding=\"async\" class=\"wp-image-8851 aligncenter\" src=\"https:\/\/i0.wp.com\/www.pcmadrid.es\/tienda\/wp-content\/uploads\/2021\/05\/art_log-desk-mk270_4.jpg?resize=464%2C464&#038;ssl=1\" alt=\"\" width=\"464\" height=\"464\" srcset=\"https:\/\/i0.wp.com\/www.pcmadrid.es\/tienda\/wp-content\/uploads\/2021\/05\/art_log-desk-mk270_4.jpg?resize=300%2C300&amp;ssl=1 300w, https:\/\/i0.wp.com\/www.pcmadrid.es\/tienda\/wp-content\/uploads\/2021\/05\/art_log-desk-mk270_4.jpg?resize=150%2C150&amp;ssl=1 150w, https:\/\/i0.wp.com\/www.pcmadrid.es\/tienda\/wp-content\/uploads\/2021\/05\/art_log-desk-mk270_4.jpg?resize=768%2C768&amp;ssl=1 768w, https:\/\/i0.wp.com\/www.pcmadrid.es\/tienda\/wp-content\/uploads\/2021\/05\/art_log-desk-mk270_4.jpg?resize=65%2C65&amp;ssl=1 65w, https:\/\/i0.wp.com\/www.pcmadrid.es\/tienda\/wp-content\/uploads\/2021\/05\/art_log-desk-mk270_4.jpg?resize=600%2C600&amp;ssl=1 600w, https:\/\/i0.wp.com\/www.pcmadrid.es\/tienda\/wp-content\/uploads\/2021\/05\/art_log-desk-mk270_4.jpg?resize=100%2C100&amp;ssl=1 100w, https:\/\/i0.wp.com\/www.pcmadrid.es\/tienda\/wp-content\/uploads\/2021\/05\/art_log-desk-mk270_4.jpg?w=800&amp;ssl=1 800w\" sizes=\"(max-width: 464px) 100vw, 464px\" \/><\/p>\n<p>&nbsp;<\/p>\n<p>Fiable combinaci\u00f3n inal\u00e1mbrica con min\u00fasculo nano receptor Logitech Unifying\u00ae y mouse port\u00e1til.<\/p>\n<p>&nbsp;<\/p>\n<h2>Tecnolog\u00eda inal\u00e1mbrica avanzada de 2,4 GHz<\/h2>\n<p>&nbsp;<\/p>\n<p>Para trabajar o jugar desde m\u00e1s lugares como si estuvieses en el sof\u00e1: la conexi\u00f3n inal\u00e1mbrica elimina casi por completo retrasos, interrupciones e interferencias y ofrece un alcance de hasta 10 metros*<\/p>\n<p>&nbsp;<\/p>\n<h2>Receptor Logitech Unifying<\/h2>\n<p>&nbsp;<\/p>\n<p>El min\u00fasculo receptor permanece en la laptop. Adem\u00e1s, puedes agregar f\u00e1cilmente otro mouse, teclado o teclado num\u00e9rico inal\u00e1mbrico compatible, sin la complicaci\u00f3n de tener que usar varios receptores USB.<\/p>\n<p>&nbsp;<\/p>\n<h2>Mouse port\u00e1til<\/h2>\n<p>&nbsp;<\/p>\n<p>Con un tama\u00f1o pr\u00e1ctico y el min\u00fasculo nano receptor que se almacena dentro, el atractivo mouse se lleva f\u00e1cilmente con la computadora.<\/p>\n<p>&nbsp;<\/p>\n<h2>Duraci\u00f3n de bater\u00edas prolongada<\/h2>\n<p>&nbsp;<\/p>\n<p>Las bater\u00edas del teclado ofrecen una duraci\u00f3n de 24 meses y las del mouse 12, y mientras tanto vive sin preocupaciones de cambios de bater\u00edas .**<\/p>\n<p>&nbsp;<\/p>\n<h2>Ocho botones de acceso r\u00e1pido<\/h2>\n<p>&nbsp;<\/p>\n<p>Tus actividades m\u00e1s frecuentes muy a mano con ocho botones de acceso r\u00e1pido para acceder inmediatamente a pel\u00edculas, m\u00fasica, Internet, correo electr\u00f3nico, funciones de reproducci\u00f3n\/pausa, volumen y mucho m\u00e1s.<\/p>\n<p>&nbsp;<\/p>\n<h2>Teclado de tama\u00f1o normal resistente a salpicaduras<\/h2>\n<p>&nbsp;<\/p>\n<p>El teclado de tama\u00f1o normal con teclado num\u00e9rico, teclas de direcci\u00f3n y nueve teclas F es c\u00f3modo, pr\u00e1ctico y robusto.<\/p>\n<p>&nbsp;<\/p>\n<h2>Simplicidad Plug and Play<\/h2>\n<p>&nbsp;<\/p>\n<p>La instalaci\u00f3n es facil\u00edsima: basta con conectar el receptor inal\u00e1mbrico al puerto USB de la computadora para empezar a usar el teclado inmediatamente sin software.<\/p>\n<p>&nbsp;<\/p>\n<h2>Especificaciones<\/h2>\n<p>&nbsp;<\/p>\n<ul>\n<li>Requisitos del sistema<\/li>\n<li>PC con Windows<\/li>\n<li>Windows\u00ae XP, Windows Vista\u00ae o Windows\u00ae 7 Puerto USB<\/li>\n<\/ul>\n<h2>Esta caja contiene<\/h2>\n<p>&nbsp;<\/p>\n<ul>\n<li>Teclado<\/li>\n<li>Mouse<\/li>\n<li>Receptor USB<\/li>\n<li>Ampliador de radio de acci\u00f3n USB<\/li>\n<li>Dos bater\u00edas AAA (teclado) y dos bater\u00edas AA (mouse)<\/li>\n<li>Documentaci\u00f3n del usuario<\/li>\n<\/ul>\n<div class=\"main-content\">\n<div id=\"productDetail\" class=\"margin-top border-box\"><\/div>\n<\/div>\n","protected":false},"excerpt":{"rendered":"<p>Teclado y Rat\u00f3n Inal\u00e1mbricos Logitech Wireless Combo MK270 &nbsp; &nbsp; Fiable combinaci\u00f3n inal\u00e1mbrica con min\u00fasculo nano receptor Logitech Unifying\u00ae y mouse port\u00e1til. &nbsp; Tecnolog\u00eda inal\u00e1mbrica avanzada de 2,4 GHz &nbsp; Para trabajar o jugar desde m\u00e1s lugares como si estuvieses en el sof\u00e1: la conexi\u00f3n inal\u00e1mbrica elimina casi por completo retrasos, interrupciones e interferencias y [&hellip;]<\/p>\n","protected":false},"featured_media":8850,"comment_status":"open","ping_status":"closed","template":"","meta":{"_et_pb_use_builder":"","_et_pb_old_content":"","_et_gb_content_width":""},"product_brand":[],"product_cat":[247,65],"product_tag":[],"class_list":{"0":"post-8848","1":"product","2":"type-product","3":"status-publish","4":"has-post-thumbnail","6":"product_cat-perifericos","7":"product_cat-todos","9":"first","10":"instock","11":"taxable","12":"shipping-taxable","13":"purchasable","14":"product-type-simple"},"yoast_head":"<!-- This site is optimized with the Yoast SEO plugin v27.5 - https:\/\/yoast.com\/product\/yoast-seo-wordpress\/ -->\n<title>Teclado y Rat\u00f3n Inal\u00e1mbricos Logitech Wireless Combo MK270 | Tienda PCMADRID<\/title>\n<meta name=\"robots\" content=\"index, follow, max-snippet:-1, max-image-preview:large, max-video-preview:-1\" \/>\n<link rel=\"canonical\" href=\"https:\/\/www.pcmadrid.es\/tienda\/producto\/teclado-y-raton-inalambricos-logitech-wireless-combo-mk270\/\" \/>\n<meta name=\"twitter:label1\" content=\"Tiempo de lectura\" \/>\n\t<meta name=\"twitter:data1\" content=\"2 minutos\" \/>\n<script type=\"application\/ld+json\" class=\"yoast-schema-graph\">{\"@context\":\"https:\\\/\\\/schema.org\",\"@graph\":[{\"@type\":\"WebPage\",\"@id\":\"https:\\\/\\\/www.pcmadrid.es\\\/tienda\\\/producto\\\/teclado-y-raton-inalambricos-logitech-wireless-combo-mk270\\\/\",\"url\":\"https:\\\/\\\/www.pcmadrid.es\\\/tienda\\\/producto\\\/teclado-y-raton-inalambricos-logitech-wireless-combo-mk270\\\/\",\"name\":\"Teclado y Rat\u00f3n Inal\u00e1mbricos Logitech Wireless Combo MK270 | Tienda PCMADRID\",\"isPartOf\":{\"@id\":\"https:\\\/\\\/www.pcmadrid.es\\\/tienda\\\/#website\"},\"primaryImageOfPage\":{\"@id\":\"https:\\\/\\\/www.pcmadrid.es\\\/tienda\\\/producto\\\/teclado-y-raton-inalambricos-logitech-wireless-combo-mk270\\\/#primaryimage\"},\"image\":{\"@id\":\"https:\\\/\\\/www.pcmadrid.es\\\/tienda\\\/producto\\\/teclado-y-raton-inalambricos-logitech-wireless-combo-mk270\\\/#primaryimage\"},\"thumbnailUrl\":\"https:\\\/\\\/i0.wp.com\\\/www.pcmadrid.es\\\/tienda\\\/wp-content\\\/uploads\\\/2021\\\/05\\\/art_log-desk-mk270_1.jpg?fit=800%2C800&ssl=1\",\"datePublished\":\"2021-05-15T13:01:56+00:00\",\"dateModified\":\"2024-03-22T09:02:01+00:00\",\"breadcrumb\":{\"@id\":\"https:\\\/\\\/www.pcmadrid.es\\\/tienda\\\/producto\\\/teclado-y-raton-inalambricos-logitech-wireless-combo-mk270\\\/#breadcrumb\"},\"inLanguage\":\"es\",\"potentialAction\":[{\"@type\":\"ReadAction\",\"target\":[\"https:\\\/\\\/www.pcmadrid.es\\\/tienda\\\/producto\\\/teclado-y-raton-inalambricos-logitech-wireless-combo-mk270\\\/\"]}]},{\"@type\":\"ImageObject\",\"inLanguage\":\"es\",\"@id\":\"https:\\\/\\\/www.pcmadrid.es\\\/tienda\\\/producto\\\/teclado-y-raton-inalambricos-logitech-wireless-combo-mk270\\\/#primaryimage\",\"url\":\"https:\\\/\\\/i0.wp.com\\\/www.pcmadrid.es\\\/tienda\\\/wp-content\\\/uploads\\\/2021\\\/05\\\/art_log-desk-mk270_1.jpg?fit=800%2C800&ssl=1\",\"contentUrl\":\"https:\\\/\\\/i0.wp.com\\\/www.pcmadrid.es\\\/tienda\\\/wp-content\\\/uploads\\\/2021\\\/05\\\/art_log-desk-mk270_1.jpg?fit=800%2C800&ssl=1\",\"width\":800,\"height\":800},{\"@type\":\"BreadcrumbList\",\"@id\":\"https:\\\/\\\/www.pcmadrid.es\\\/tienda\\\/producto\\\/teclado-y-raton-inalambricos-logitech-wireless-combo-mk270\\\/#breadcrumb\",\"itemListElement\":[{\"@type\":\"ListItem\",\"position\":1,\"name\":\"Portada\",\"item\":\"https:\\\/\\\/www.pcmadrid.es\\\/tienda\\\/\"},{\"@type\":\"ListItem\",\"position\":2,\"name\":\"Todos los productos\",\"item\":\"https:\\\/\\\/www.pcmadrid.es\\\/tienda\\\/todos-los-productos\\\/\"},{\"@type\":\"ListItem\",\"position\":3,\"name\":\"Teclado y Rat\u00f3n Inal\u00e1mbricos Logitech Wireless Combo MK270\"}]},{\"@type\":\"WebSite\",\"@id\":\"https:\\\/\\\/www.pcmadrid.es\\\/tienda\\\/#website\",\"url\":\"https:\\\/\\\/www.pcmadrid.es\\\/tienda\\\/\",\"name\":\"Tienda PCMADRID\",\"description\":\"Venta y reparaciones de ordenadores\",\"publisher\":{\"@id\":\"https:\\\/\\\/www.pcmadrid.es\\\/tienda\\\/#organization\"},\"potentialAction\":[{\"@type\":\"SearchAction\",\"target\":{\"@type\":\"EntryPoint\",\"urlTemplate\":\"https:\\\/\\\/www.pcmadrid.es\\\/tienda\\\/?s={search_term_string}\"},\"query-input\":{\"@type\":\"PropertyValueSpecification\",\"valueRequired\":true,\"valueName\":\"search_term_string\"}}],\"inLanguage\":\"es\"},{\"@type\":\"Organization\",\"@id\":\"https:\\\/\\\/www.pcmadrid.es\\\/tienda\\\/#organization\",\"name\":\"PCMADRID\",\"url\":\"https:\\\/\\\/www.pcmadrid.es\\\/tienda\\\/\",\"logo\":{\"@type\":\"ImageObject\",\"inLanguage\":\"es\",\"@id\":\"https:\\\/\\\/www.pcmadrid.es\\\/tienda\\\/#\\\/schema\\\/logo\\\/image\\\/\",\"url\":\"https:\\\/\\\/www.pcmadrid.es\\\/tienda\\\/wp-content\\\/uploads\\\/2019\\\/10\\\/pcmadridlogo..png\",\"contentUrl\":\"https:\\\/\\\/www.pcmadrid.es\\\/tienda\\\/wp-content\\\/uploads\\\/2019\\\/10\\\/pcmadridlogo..png\",\"width\":750,\"height\":300,\"caption\":\"PCMADRID\"},\"image\":{\"@id\":\"https:\\\/\\\/www.pcmadrid.es\\\/tienda\\\/#\\\/schema\\\/logo\\\/image\\\/\"},\"sameAs\":[\"https:\\\/\\\/www.facebook.com\\\/pcmadridinformatica\",\"https:\\\/\\\/x.com\\\/pc_madrid\",\"https:\\\/\\\/www.youtube.com\\\/channel\\\/UCIbQq9k6BBrU5x2wqDIHr7A\",\"https:\\\/\\\/www.instagram.com\\\/pcmadrid_informatica\\\/?hl=es\",\"https:\\\/\\\/www.linkedin.com\\\/company\\\/9348326\\\/admin\\\/\",\"https:\\\/\\\/www.pinterest.es\\\/pcmadrid_informatica\\\/\"]}]}<\/script>\n<!-- \/ Yoast SEO plugin. -->","yoast_head_json":{"title":"Teclado y Rat\u00f3n Inal\u00e1mbricos Logitech Wireless Combo MK270 | Tienda PCMADRID","robots":{"index":"index","follow":"follow","max-snippet":"max-snippet:-1","max-image-preview":"max-image-preview:large","max-video-preview":"max-video-preview:-1"},"canonical":"https:\/\/www.pcmadrid.es\/tienda\/producto\/teclado-y-raton-inalambricos-logitech-wireless-combo-mk270\/","twitter_misc":{"Tiempo de lectura":"2 minutos"},"schema":{"@context":"https:\/\/schema.org","@graph":[{"@type":"WebPage","@id":"https:\/\/www.pcmadrid.es\/tienda\/producto\/teclado-y-raton-inalambricos-logitech-wireless-combo-mk270\/","url":"https:\/\/www.pcmadrid.es\/tienda\/producto\/teclado-y-raton-inalambricos-logitech-wireless-combo-mk270\/","name":"Teclado y Rat\u00f3n Inal\u00e1mbricos Logitech Wireless Combo MK270 | Tienda PCMADRID","isPartOf":{"@id":"https:\/\/www.pcmadrid.es\/tienda\/#website"},"primaryImageOfPage":{"@id":"https:\/\/www.pcmadrid.es\/tienda\/producto\/teclado-y-raton-inalambricos-logitech-wireless-combo-mk270\/#primaryimage"},"image":{"@id":"https:\/\/www.pcmadrid.es\/tienda\/producto\/teclado-y-raton-inalambricos-logitech-wireless-combo-mk270\/#primaryimage"},"thumbnailUrl":"https:\/\/i0.wp.com\/www.pcmadrid.es\/tienda\/wp-content\/uploads\/2021\/05\/art_log-desk-mk270_1.jpg?fit=800%2C800&ssl=1","datePublished":"2021-05-15T13:01:56+00:00","dateModified":"2024-03-22T09:02:01+00:00","breadcrumb":{"@id":"https:\/\/www.pcmadrid.es\/tienda\/producto\/teclado-y-raton-inalambricos-logitech-wireless-combo-mk270\/#breadcrumb"},"inLanguage":"es","potentialAction":[{"@type":"ReadAction","target":["https:\/\/www.pcmadrid.es\/tienda\/producto\/teclado-y-raton-inalambricos-logitech-wireless-combo-mk270\/"]}]},{"@type":"ImageObject","inLanguage":"es","@id":"https:\/\/www.pcmadrid.es\/tienda\/producto\/teclado-y-raton-inalambricos-logitech-wireless-combo-mk270\/#primaryimage","url":"https:\/\/i0.wp.com\/www.pcmadrid.es\/tienda\/wp-content\/uploads\/2021\/05\/art_log-desk-mk270_1.jpg?fit=800%2C800&ssl=1","contentUrl":"https:\/\/i0.wp.com\/www.pcmadrid.es\/tienda\/wp-content\/uploads\/2021\/05\/art_log-desk-mk270_1.jpg?fit=800%2C800&ssl=1","width":800,"height":800},{"@type":"BreadcrumbList","@id":"https:\/\/www.pcmadrid.es\/tienda\/producto\/teclado-y-raton-inalambricos-logitech-wireless-combo-mk270\/#breadcrumb","itemListElement":[{"@type":"ListItem","position":1,"name":"Portada","item":"https:\/\/www.pcmadrid.es\/tienda\/"},{"@type":"ListItem","position":2,"name":"Todos los productos","item":"https:\/\/www.pcmadrid.es\/tienda\/todos-los-productos\/"},{"@type":"ListItem","position":3,"name":"Teclado y Rat\u00f3n Inal\u00e1mbricos Logitech Wireless Combo MK270"}]},{"@type":"WebSite","@id":"https:\/\/www.pcmadrid.es\/tienda\/#website","url":"https:\/\/www.pcmadrid.es\/tienda\/","name":"Tienda PCMADRID","description":"Venta y reparaciones de ordenadores","publisher":{"@id":"https:\/\/www.pcmadrid.es\/tienda\/#organization"},"potentialAction":[{"@type":"SearchAction","target":{"@type":"EntryPoint","urlTemplate":"https:\/\/www.pcmadrid.es\/tienda\/?s={search_term_string}"},"query-input":{"@type":"PropertyValueSpecification","valueRequired":true,"valueName":"search_term_string"}}],"inLanguage":"es"},{"@type":"Organization","@id":"https:\/\/www.pcmadrid.es\/tienda\/#organization","name":"PCMADRID","url":"https:\/\/www.pcmadrid.es\/tienda\/","logo":{"@type":"ImageObject","inLanguage":"es","@id":"https:\/\/www.pcmadrid.es\/tienda\/#\/schema\/logo\/image\/","url":"https:\/\/www.pcmadrid.es\/tienda\/wp-content\/uploads\/2019\/10\/pcmadridlogo..png","contentUrl":"https:\/\/www.pcmadrid.es\/tienda\/wp-content\/uploads\/2019\/10\/pcmadridlogo..png","width":750,"height":300,"caption":"PCMADRID"},"image":{"@id":"https:\/\/www.pcmadrid.es\/tienda\/#\/schema\/logo\/image\/"},"sameAs":["https:\/\/www.facebook.com\/pcmadridinformatica","https:\/\/x.com\/pc_madrid","https:\/\/www.youtube.com\/channel\/UCIbQq9k6BBrU5x2wqDIHr7A","https:\/\/www.instagram.com\/pcmadrid_informatica\/?hl=es","https:\/\/www.linkedin.com\/company\/9348326\/admin\/","https:\/\/www.pinterest.es\/pcmadrid_informatica\/"]}]}},"jetpack_sharing_enabled":true,"_links":{"self":[{"href":"https:\/\/www.pcmadrid.es\/tienda\/wp-json\/wp\/v2\/product\/8848","targetHints":{"allow":["GET"]}}],"collection":[{"href":"https:\/\/www.pcmadrid.es\/tienda\/wp-json\/wp\/v2\/product"}],"about":[{"href":"https:\/\/www.pcmadrid.es\/tienda\/wp-json\/wp\/v2\/types\/product"}],"replies":[{"embeddable":true,"href":"https:\/\/www.pcmadrid.es\/tienda\/wp-json\/wp\/v2\/comments?post=8848"}],"wp:featuredmedia":[{"embeddable":true,"href":"https:\/\/www.pcmadrid.es\/tienda\/wp-json\/wp\/v2\/media\/8850"}],"wp:attachment":[{"href":"https:\/\/www.pcmadrid.es\/tienda\/wp-json\/wp\/v2\/media?parent=8848"}],"wp:term":[{"taxonomy":"product_brand","embeddable":true,"href":"https:\/\/www.pcmadrid.es\/tienda\/wp-json\/wp\/v2\/product_brand?post=8848"},{"taxonomy":"product_cat","embeddable":true,"href":"https:\/\/www.pcmadrid.es\/tienda\/wp-json\/wp\/v2\/product_cat?post=8848"},{"taxonomy":"product_tag","embeddable":true,"href":"https:\/\/www.pcmadrid.es\/tienda\/wp-json\/wp\/v2\/product_tag?post=8848"}],"curies":[{"name":"wp","href":"https:\/\/api.w.org\/{rel}","templated":true}]}}