{"id":8855,"date":"2021-05-15T20:37:58","date_gmt":"2021-05-15T18:37:58","guid":{"rendered":"https:\/\/www.pcmadrid.es\/tienda\/?post_type=product&#038;p=8855"},"modified":"2024-03-22T10:02:09","modified_gmt":"2024-03-22T09:02:09","slug":"ordenador-profesional-avanzado-i5","status":"publish","type":"product","link":"https:\/\/www.pcmadrid.es\/tienda\/producto\/ordenador-profesional-avanzado-i5\/","title":{"rendered":"Ordenador profesional Avanzado i5"},"content":{"rendered":"<p style=\"text-align: center;\">Nuestro ordenador de oficina profesional avanzado es la elecci\u00f3n perfecta para aquellos que buscan un equipo de alto rendimiento y calidad. Con un procesador Intel Core i5 de 12\u00aa generaci\u00f3n y disco duro s\u00f3lido &#8220;SSD&#8221; NVMe, tendr\u00e1s la m\u00e1xima velocidad y potencia para llevar a cabo tus tareas diarias de manera eficiente. Adem\u00e1s, incluye Office 2021 Pro y Windows 11 Pro instalados y actualizados, lo que significa que podr\u00e1s utilizarlo desde el primer momento sin tener que preocuparte por configuraciones complicadas. Tambi\u00e9n puedes estar tranquilo con nuestra garant\u00eda de 3 a\u00f1os, respaldando la calidad de nuestros componentes de primeras marcas. Con este equipo, podr\u00e1s teletrabajar y llevar a cabo funciones profesionales con la confianza de que est\u00e1s utilizando un equipo dise\u00f1ado para rendir al m\u00e1ximo. \u00a1Haz tu pedido ahora y disfruta de la mejor tecnolog\u00eda!<\/p>\n<h2 style=\"text-align: center;\"><span style=\"color: #99cc00;\"><strong>Ordenador profesional Avanzado con Intel Core i5 y SSD NVMe<\/strong><\/span><\/h2>\n<p style=\"text-align: center;\">Ordenador profesional avanzado para empresas y profesionales al mejor precio, con procesador Intel Core i5 de \u00faltima generaci\u00f3n, personalizable para poder adaptarlo lo mejor posible a tus posibilidades. Elige cu\u00e1nta memoria RAM necesitas y cu\u00e1nto espacio necesitas para el disco duro r\u00e1pido principal o decide si quieres a\u00f1adirle disco secundario para almacenamiento de datos y tarjeta WiFi para poder conectarte a internet de manera inal\u00e1mbrica. Todo esto con licencia Windows 11 Profesional original y Office 2021 incluidas en el precio del equipo. \u00a1Todo listo para trabajar!<\/p>\n<h3 style=\"text-align: center;\"><span style=\"color: #99cc00;\"><strong>Detalles del Ordenador Intel Core i5 y SSD NVMe<\/strong><\/span><\/h3>\n<p>Procesador de d\u00e9cima generaci\u00f3n <a href=\"https:\/\/www.intel.es\/content\/www\/es\/es\/products\/sku\/134586\/intel-core-i512400-processor-18m-cache-up-to-4-40-ghz\/specifications.html\">Intel Core i5 12400<\/a> (6 n\u00facleos, 12 hilos 4.40GHz)<\/p>\n<p>Placa base B660 ASUS (U otros fabricantes si no existe disponibilidad o por preferencia del cliente)<\/p>\n<p>Gr\u00e1ficos integrados Intel\u00ae UHD Graphics 730.<\/p>\n<p>Memoria RAM 8GB, 16GB o 32GBGB a elegir.<\/p>\n<p>Disco duro SSD NVMe a elegir entre varios tama\u00f1os;\u00a0 512GB o 1TB.<\/p>\n<p>Fuente de alimentaci\u00f3n certificada ATX 650W.<\/p>\n<p>Caja mini torre TACENS Orumx<\/p>\n<p>Sistema Operativo: <a href=\"https:\/\/www.pcmadrid.es\/tienda\/producto\/microsoft-windows-11-pro-licencia-digital\/\">Microsoft Windows 11 Pro 64bits<\/a>\u00a0 \u00a0(Actualizable a Windows 11)<\/p>\n<p>Montaje, testeo, instalaci\u00f3n de sistema, drivers, pack de programas, configuraci\u00f3n y optimizaci\u00f3n de BIOS.<\/p>\n<p>Garant\u00eda de 3 a\u00f1os.<\/p>\n<p><strong>Tiempo de montaje y env\u00edo 2 a 5 d\u00edas laborables desde fecha de pedido.<\/strong><\/p>\n<p>&nbsp;<\/p>\n<p><img data-recalc-dims=\"1\" loading=\"lazy\" decoding=\"async\" class=\"aligncenter wp-image-10730 \" src=\"https:\/\/i0.wp.com\/www.pcmadrid.es\/tienda\/wp-content\/uploads\/2021\/05\/12400.jpg?resize=376%2C376&#038;ssl=1\" alt=\"\" width=\"376\" height=\"376\" srcset=\"https:\/\/i0.wp.com\/www.pcmadrid.es\/tienda\/wp-content\/uploads\/2021\/05\/12400.jpg?w=450&amp;ssl=1 450w, https:\/\/i0.wp.com\/www.pcmadrid.es\/tienda\/wp-content\/uploads\/2021\/05\/12400.jpg?resize=300%2C300&amp;ssl=1 300w, https:\/\/i0.wp.com\/www.pcmadrid.es\/tienda\/wp-content\/uploads\/2021\/05\/12400.jpg?resize=150%2C150&amp;ssl=1 150w, https:\/\/i0.wp.com\/www.pcmadrid.es\/tienda\/wp-content\/uploads\/2021\/05\/12400.jpg?resize=65%2C65&amp;ssl=1 65w, https:\/\/i0.wp.com\/www.pcmadrid.es\/tienda\/wp-content\/uploads\/2021\/05\/12400.jpg?resize=100%2C100&amp;ssl=1 100w\" sizes=\"(max-width: 376px) 100vw, 376px\" \/><\/p>\n<ul>\n<li><strong>Procesador Intel Core i5 12400<\/strong><\/li>\n<\/ul>\n<p><strong>Rendimiento<\/strong><\/p>\n<ul>\n<li>N\u00facleos: 6<\/li>\n<li>Hilos: 12<\/li>\n<li>Frecuencia base del procesador: 2,50 GHz<\/li>\n<li>Frecuencia turbo del procesador: 4,40GHz<\/li>\n<li>Cach\u00e9: 18 MB Intel\u00ae Smart Cache<\/li>\n<li>Potencia base del procesador: 65 W<\/li>\n<li>Potencia m\u00e1xima del procesador: 117W<\/li>\n<\/ul>\n<h3 style=\"text-align: center;\"><span style=\"color: #99cc00;\"><strong>Ordenador profesional Intel Core i5 y SSD NVMe<\/strong><\/span><\/h3>\n","protected":false},"excerpt":{"rendered":"<p>Nuestro ordenador de oficina profesional avanzado es la elecci\u00f3n perfecta para aquellos que buscan un equipo de alto rendimiento y calidad. Con un procesador Intel Core i5 de 12\u00aa generaci\u00f3n y disco duro s\u00f3lido &#8220;SSD&#8221; NVMe, tendr\u00e1s la m\u00e1xima velocidad y potencia para llevar a cabo tus tareas diarias de manera eficiente. Adem\u00e1s, incluye Office [&hellip;]<\/p>\n","protected":false},"featured_media":10716,"comment_status":"open","ping_status":"closed","template":"","meta":{"_et_pb_use_builder":"","_et_pb_old_content":"","_et_gb_content_width":""},"product_brand":[],"product_cat":[102,379,94,65],"product_tag":[],"class_list":{"0":"post-8855","1":"product","2":"type-product","3":"status-publish","4":"has-post-thumbnail","6":"product_cat-comprar-ordenadores","7":"product_cat-pc-oficina","8":"product_cat-pc-sobremesa","9":"product_cat-todos","11":"first","12":"instock","13":"taxable","14":"shipping-taxable","15":"purchasable","16":"product-type-variable","17":"has-default-attributes"},"yoast_head":"<!-- This site is optimized with the Yoast SEO plugin v26.5 - https:\/\/yoast.com\/wordpress\/plugins\/seo\/ -->\n<title>Ordenador profesional Avanzado i5 | Tienda PCMADRID<\/title>\n<meta name=\"description\" content=\"Ordenador profesional avanzado personalizable con Intel Core i5 de \u00faltima generaci\u00f3n y SSD NVMe. Perfecto para oficinas o teletrabajo.\" \/>\n<meta name=\"robots\" content=\"index, follow, max-snippet:-1, max-image-preview:large, max-video-preview:-1\" \/>\n<link rel=\"canonical\" href=\"https:\/\/www.pcmadrid.es\/tienda\/producto\/ordenador-profesional-avanzado-i5\/\" \/>\n<meta name=\"twitter:label1\" content=\"Tiempo de lectura\" \/>\n\t<meta name=\"twitter:data1\" content=\"3 minutos\" \/>\n<script type=\"application\/ld+json\" class=\"yoast-schema-graph\">{\"@context\":\"https:\/\/schema.org\",\"@graph\":[{\"@type\":\"WebPage\",\"@id\":\"https:\/\/www.pcmadrid.es\/tienda\/producto\/ordenador-profesional-avanzado-i5\/\",\"url\":\"https:\/\/www.pcmadrid.es\/tienda\/producto\/ordenador-profesional-avanzado-i5\/\",\"name\":\"Ordenador profesional Avanzado i5 | Tienda PCMADRID\",\"isPartOf\":{\"@id\":\"https:\/\/www.pcmadrid.es\/tienda\/#website\"},\"primaryImageOfPage\":{\"@id\":\"https:\/\/www.pcmadrid.es\/tienda\/producto\/ordenador-profesional-avanzado-i5\/#primaryimage\"},\"image\":{\"@id\":\"https:\/\/www.pcmadrid.es\/tienda\/producto\/ordenador-profesional-avanzado-i5\/#primaryimage\"},\"thumbnailUrl\":\"https:\/\/i0.wp.com\/www.pcmadrid.es\/tienda\/wp-content\/uploads\/2021\/05\/pcm-avanzado-001.jpg?fit=600%2C600&ssl=1\",\"datePublished\":\"2021-05-15T18:37:58+00:00\",\"dateModified\":\"2024-03-22T09:02:09+00:00\",\"description\":\"Ordenador profesional avanzado personalizable con Intel Core i5 de \u00faltima generaci\u00f3n y SSD NVMe. Perfecto para oficinas o teletrabajo.\",\"breadcrumb\":{\"@id\":\"https:\/\/www.pcmadrid.es\/tienda\/producto\/ordenador-profesional-avanzado-i5\/#breadcrumb\"},\"inLanguage\":\"es\",\"potentialAction\":[{\"@type\":\"ReadAction\",\"target\":[\"https:\/\/www.pcmadrid.es\/tienda\/producto\/ordenador-profesional-avanzado-i5\/\"]}]},{\"@type\":\"ImageObject\",\"inLanguage\":\"es\",\"@id\":\"https:\/\/www.pcmadrid.es\/tienda\/producto\/ordenador-profesional-avanzado-i5\/#primaryimage\",\"url\":\"https:\/\/i0.wp.com\/www.pcmadrid.es\/tienda\/wp-content\/uploads\/2021\/05\/pcm-avanzado-001.jpg?fit=600%2C600&ssl=1\",\"contentUrl\":\"https:\/\/i0.wp.com\/www.pcmadrid.es\/tienda\/wp-content\/uploads\/2021\/05\/pcm-avanzado-001.jpg?fit=600%2C600&ssl=1\",\"width\":600,\"height\":600},{\"@type\":\"BreadcrumbList\",\"@id\":\"https:\/\/www.pcmadrid.es\/tienda\/producto\/ordenador-profesional-avanzado-i5\/#breadcrumb\",\"itemListElement\":[{\"@type\":\"ListItem\",\"position\":1,\"name\":\"Portada\",\"item\":\"https:\/\/www.pcmadrid.es\/tienda\/\"},{\"@type\":\"ListItem\",\"position\":2,\"name\":\"Todos los productos\",\"item\":\"https:\/\/www.pcmadrid.es\/tienda\/todos-los-productos\/\"},{\"@type\":\"ListItem\",\"position\":3,\"name\":\"Ordenador profesional Avanzado i5\"}]},{\"@type\":\"WebSite\",\"@id\":\"https:\/\/www.pcmadrid.es\/tienda\/#website\",\"url\":\"https:\/\/www.pcmadrid.es\/tienda\/\",\"name\":\"Tienda PCMADRID\",\"description\":\"Venta y reparaciones de ordenadores\",\"publisher\":{\"@id\":\"https:\/\/www.pcmadrid.es\/tienda\/#organization\"},\"potentialAction\":[{\"@type\":\"SearchAction\",\"target\":{\"@type\":\"EntryPoint\",\"urlTemplate\":\"https:\/\/www.pcmadrid.es\/tienda\/?s={search_term_string}\"},\"query-input\":{\"@type\":\"PropertyValueSpecification\",\"valueRequired\":true,\"valueName\":\"search_term_string\"}}],\"inLanguage\":\"es\"},{\"@type\":\"Organization\",\"@id\":\"https:\/\/www.pcmadrid.es\/tienda\/#organization\",\"name\":\"PCMADRID\",\"url\":\"https:\/\/www.pcmadrid.es\/tienda\/\",\"logo\":{\"@type\":\"ImageObject\",\"inLanguage\":\"es\",\"@id\":\"https:\/\/www.pcmadrid.es\/tienda\/#\/schema\/logo\/image\/\",\"url\":\"https:\/\/i0.wp.com\/www.pcmadrid.es\/tienda\/wp-content\/uploads\/2019\/10\/pcmadridlogo..png?fit=750%2C300&ssl=1\",\"contentUrl\":\"https:\/\/i0.wp.com\/www.pcmadrid.es\/tienda\/wp-content\/uploads\/2019\/10\/pcmadridlogo..png?fit=750%2C300&ssl=1\",\"width\":750,\"height\":300,\"caption\":\"PCMADRID\"},\"image\":{\"@id\":\"https:\/\/www.pcmadrid.es\/tienda\/#\/schema\/logo\/image\/\"},\"sameAs\":[\"https:\/\/www.facebook.com\/pcmadridinformatica\",\"https:\/\/x.com\/pc_madrid\",\"https:\/\/www.youtube.com\/channel\/UCIbQq9k6BBrU5x2wqDIHr7A\",\"https:\/\/www.instagram.com\/pcmadrid_informatica\/?hl=es\",\"https:\/\/www.linkedin.com\/company\/9348326\/admin\/\",\"https:\/\/www.pinterest.es\/pcmadrid_informatica\/\"]}]}<\/script>\n<!-- \/ Yoast SEO plugin. -->","yoast_head_json":{"title":"Ordenador profesional Avanzado i5 | Tienda PCMADRID","description":"Ordenador profesional avanzado personalizable con Intel Core i5 de \u00faltima generaci\u00f3n y SSD NVMe. Perfecto para oficinas o teletrabajo.","robots":{"index":"index","follow":"follow","max-snippet":"max-snippet:-1","max-image-preview":"max-image-preview:large","max-video-preview":"max-video-preview:-1"},"canonical":"https:\/\/www.pcmadrid.es\/tienda\/producto\/ordenador-profesional-avanzado-i5\/","twitter_misc":{"Tiempo de lectura":"3 minutos"},"schema":{"@context":"https:\/\/schema.org","@graph":[{"@type":"WebPage","@id":"https:\/\/www.pcmadrid.es\/tienda\/producto\/ordenador-profesional-avanzado-i5\/","url":"https:\/\/www.pcmadrid.es\/tienda\/producto\/ordenador-profesional-avanzado-i5\/","name":"Ordenador profesional Avanzado i5 | Tienda PCMADRID","isPartOf":{"@id":"https:\/\/www.pcmadrid.es\/tienda\/#website"},"primaryImageOfPage":{"@id":"https:\/\/www.pcmadrid.es\/tienda\/producto\/ordenador-profesional-avanzado-i5\/#primaryimage"},"image":{"@id":"https:\/\/www.pcmadrid.es\/tienda\/producto\/ordenador-profesional-avanzado-i5\/#primaryimage"},"thumbnailUrl":"https:\/\/i0.wp.com\/www.pcmadrid.es\/tienda\/wp-content\/uploads\/2021\/05\/pcm-avanzado-001.jpg?fit=600%2C600&ssl=1","datePublished":"2021-05-15T18:37:58+00:00","dateModified":"2024-03-22T09:02:09+00:00","description":"Ordenador profesional avanzado personalizable con Intel Core i5 de \u00faltima generaci\u00f3n y SSD NVMe. Perfecto para oficinas o teletrabajo.","breadcrumb":{"@id":"https:\/\/www.pcmadrid.es\/tienda\/producto\/ordenador-profesional-avanzado-i5\/#breadcrumb"},"inLanguage":"es","potentialAction":[{"@type":"ReadAction","target":["https:\/\/www.pcmadrid.es\/tienda\/producto\/ordenador-profesional-avanzado-i5\/"]}]},{"@type":"ImageObject","inLanguage":"es","@id":"https:\/\/www.pcmadrid.es\/tienda\/producto\/ordenador-profesional-avanzado-i5\/#primaryimage","url":"https:\/\/i0.wp.com\/www.pcmadrid.es\/tienda\/wp-content\/uploads\/2021\/05\/pcm-avanzado-001.jpg?fit=600%2C600&ssl=1","contentUrl":"https:\/\/i0.wp.com\/www.pcmadrid.es\/tienda\/wp-content\/uploads\/2021\/05\/pcm-avanzado-001.jpg?fit=600%2C600&ssl=1","width":600,"height":600},{"@type":"BreadcrumbList","@id":"https:\/\/www.pcmadrid.es\/tienda\/producto\/ordenador-profesional-avanzado-i5\/#breadcrumb","itemListElement":[{"@type":"ListItem","position":1,"name":"Portada","item":"https:\/\/www.pcmadrid.es\/tienda\/"},{"@type":"ListItem","position":2,"name":"Todos los productos","item":"https:\/\/www.pcmadrid.es\/tienda\/todos-los-productos\/"},{"@type":"ListItem","position":3,"name":"Ordenador profesional Avanzado i5"}]},{"@type":"WebSite","@id":"https:\/\/www.pcmadrid.es\/tienda\/#website","url":"https:\/\/www.pcmadrid.es\/tienda\/","name":"Tienda PCMADRID","description":"Venta y reparaciones de ordenadores","publisher":{"@id":"https:\/\/www.pcmadrid.es\/tienda\/#organization"},"potentialAction":[{"@type":"SearchAction","target":{"@type":"EntryPoint","urlTemplate":"https:\/\/www.pcmadrid.es\/tienda\/?s={search_term_string}"},"query-input":{"@type":"PropertyValueSpecification","valueRequired":true,"valueName":"search_term_string"}}],"inLanguage":"es"},{"@type":"Organization","@id":"https:\/\/www.pcmadrid.es\/tienda\/#organization","name":"PCMADRID","url":"https:\/\/www.pcmadrid.es\/tienda\/","logo":{"@type":"ImageObject","inLanguage":"es","@id":"https:\/\/www.pcmadrid.es\/tienda\/#\/schema\/logo\/image\/","url":"https:\/\/i0.wp.com\/www.pcmadrid.es\/tienda\/wp-content\/uploads\/2019\/10\/pcmadridlogo..png?fit=750%2C300&ssl=1","contentUrl":"https:\/\/i0.wp.com\/www.pcmadrid.es\/tienda\/wp-content\/uploads\/2019\/10\/pcmadridlogo..png?fit=750%2C300&ssl=1","width":750,"height":300,"caption":"PCMADRID"},"image":{"@id":"https:\/\/www.pcmadrid.es\/tienda\/#\/schema\/logo\/image\/"},"sameAs":["https:\/\/www.facebook.com\/pcmadridinformatica","https:\/\/x.com\/pc_madrid","https:\/\/www.youtube.com\/channel\/UCIbQq9k6BBrU5x2wqDIHr7A","https:\/\/www.instagram.com\/pcmadrid_informatica\/?hl=es","https:\/\/www.linkedin.com\/company\/9348326\/admin\/","https:\/\/www.pinterest.es\/pcmadrid_informatica\/"]}]}},"jetpack_sharing_enabled":true,"_links":{"self":[{"href":"https:\/\/www.pcmadrid.es\/tienda\/wp-json\/wp\/v2\/product\/8855","targetHints":{"allow":["GET"]}}],"collection":[{"href":"https:\/\/www.pcmadrid.es\/tienda\/wp-json\/wp\/v2\/product"}],"about":[{"href":"https:\/\/www.pcmadrid.es\/tienda\/wp-json\/wp\/v2\/types\/product"}],"replies":[{"embeddable":true,"href":"https:\/\/www.pcmadrid.es\/tienda\/wp-json\/wp\/v2\/comments?post=8855"}],"wp:featuredmedia":[{"embeddable":true,"href":"https:\/\/www.pcmadrid.es\/tienda\/wp-json\/wp\/v2\/media\/10716"}],"wp:attachment":[{"href":"https:\/\/www.pcmadrid.es\/tienda\/wp-json\/wp\/v2\/media?parent=8855"}],"wp:term":[{"taxonomy":"product_brand","embeddable":true,"href":"https:\/\/www.pcmadrid.es\/tienda\/wp-json\/wp\/v2\/product_brand?post=8855"},{"taxonomy":"product_cat","embeddable":true,"href":"https:\/\/www.pcmadrid.es\/tienda\/wp-json\/wp\/v2\/product_cat?post=8855"},{"taxonomy":"product_tag","embeddable":true,"href":"https:\/\/www.pcmadrid.es\/tienda\/wp-json\/wp\/v2\/product_tag?post=8855"}],"curies":[{"name":"wp","href":"https:\/\/api.w.org\/{rel}","templated":true}]}}