{"id":8932,"date":"2021-05-15T21:19:42","date_gmt":"2021-05-15T19:19:42","guid":{"rendered":"https:\/\/www.pcmadrid.es\/tienda\/?post_type=product&#038;p=8932"},"modified":"2024-05-22T23:43:41","modified_gmt":"2024-05-22T21:43:41","slug":"ordenador-de-profesional-de-alta-gama-i7","status":"publish","type":"product","link":"https:\/\/www.pcmadrid.es\/tienda\/producto\/ordenador-de-profesional-de-alta-gama-i7\/","title":{"rendered":"Ordenador Profesional de Alta Gama i7 Pro Elite"},"content":{"rendered":"<p>Ordenador profesional de alta gama de oficina con procesador Intel Core i7 (12\u00aa GENERACI\u00d3N de Intel), un equipo potente para trabajar de la forma m\u00e1s fluida posible, con componentes de alta gama con la mejor calidad, avalados por las mejores marcas en el mercado, con 3 a\u00f1os de garant\u00eda. Incluye disco duro SSD NVMe para dar el m\u00e1ximo rendimiento. Incluye Windows 11 Pro instalado y actualizado para utilizarlo directamente al ser recibido.<\/p>\n<p>&nbsp;<\/p>\n<h2 style=\"text-align: center;\"><span style=\"color: #99cc00;\"><strong>Ordenador Profesional de alta gama con Intel Core i7 y SSD NVMe<\/strong><\/span><\/h2>\n<p>&nbsp;<\/p>\n<p style=\"text-align: center;\">Ordenador de oficina potente con procesador Intel Core i7 (12\u00aa GENERACI\u00d3N de Intel) personalizable para poder adaptarlo lo mejor posible a tus posibilidades. Elige cu\u00e1nta memoria RAM quieres ponerle y cu\u00e1nto espacio necesitas para el disco duro r\u00e1pido principal o decide si quieres a\u00f1adirle disco secundario para almacenamiento de datos, tarjeta WiFi para poder conectarte a internet de manera inal\u00e1mbrica. Todo esto con licencia Windows 11 Profesional original y Office 2021 incluidas en el precio del equipo.<\/p>\n<h3 style=\"text-align: center;\"><span style=\"color: #99cc00;\">Componentes del equipo de alta gama<\/span><\/h3>\n<p>Procesador de d\u00e9cima generaci\u00f3n <a href=\"https:\/\/www.intel.la\/content\/www\/xl\/es\/products\/sku\/134591\/intel-core-i712700-processor-25m-cache-up-to-4-90-ghz\/specifications.html\">Intel Core i7 12700<\/a> (12 n\u00facleos, 4.90GHz)<\/p>\n<p>Placa base MSI Z590 (U otros fabricantes si no existe disponibilidad o por preferencia del cliente)<\/p>\n<p>Gr\u00e1ficos integrados Intel\u00ae UHD Graphics 770.<\/p>\n<p>Memoria RAM 16 o 32GB a elegir.<\/p>\n<p>Disco duro SSD NVMe a elegir entre varios tama\u00f1os.<\/p>\n<p>Fuente de alimentaci\u00f3n ATX 700W.<\/p>\n<p>Almacenamiento \u00f3ptico a elecci\u00f3n del cliente.<\/p>\n<p>Caja ATX CoolerMaster Q500L<\/p>\n<p>Sistema Operativo: <a href=\"https:\/\/www.pcmadrid.es\/tienda\/producto\/microsoft-windows-11-pro-licencia-digital\/\">Microsoft Windows 11 Pro 64bits<\/a><\/p>\n<p>Montaje, testeo, instalaci\u00f3n de sistema, drivers, pack de programas, configuraci\u00f3n y optimizaci\u00f3n de BIOS.<\/p>\n<p>Garant\u00eda de 3 a\u00f1os.<\/p>\n<p>Tiempo de montaje y env\u00edo 2 a 5 d\u00edas laborables desde fecha de pedido.<\/p>\n<p>&nbsp;<\/p>\n<h3 style=\"text-align: center;\"><span style=\"color: #99cc00;\"><strong>Caracter\u00edsticas del Ordenador profesional con Intel Core i7 12700<\/strong><\/span><\/h3>\n<p><img data-recalc-dims=\"1\" loading=\"lazy\" decoding=\"async\" class=\"aligncenter wp-image-11054\" src=\"https:\/\/i0.wp.com\/www.pcmadrid.es\/tienda\/wp-content\/uploads\/2021\/05\/12700.webp?resize=445%2C445&#038;ssl=1\" alt=\"\" width=\"445\" height=\"445\" srcset=\"https:\/\/i0.wp.com\/www.pcmadrid.es\/tienda\/wp-content\/uploads\/2021\/05\/12700.webp?w=800&amp;ssl=1 800w, https:\/\/i0.wp.com\/www.pcmadrid.es\/tienda\/wp-content\/uploads\/2021\/05\/12700.webp?resize=300%2C300&amp;ssl=1 300w, https:\/\/i0.wp.com\/www.pcmadrid.es\/tienda\/wp-content\/uploads\/2021\/05\/12700.webp?resize=150%2C150&amp;ssl=1 150w, https:\/\/i0.wp.com\/www.pcmadrid.es\/tienda\/wp-content\/uploads\/2021\/05\/12700.webp?resize=768%2C768&amp;ssl=1 768w, https:\/\/i0.wp.com\/www.pcmadrid.es\/tienda\/wp-content\/uploads\/2021\/05\/12700.webp?resize=65%2C65&amp;ssl=1 65w, https:\/\/i0.wp.com\/www.pcmadrid.es\/tienda\/wp-content\/uploads\/2021\/05\/12700.webp?resize=600%2C600&amp;ssl=1 600w, https:\/\/i0.wp.com\/www.pcmadrid.es\/tienda\/wp-content\/uploads\/2021\/05\/12700.webp?resize=100%2C100&amp;ssl=1 100w\" sizes=\"(max-width: 445px) 100vw, 445px\" \/><\/p>\n<p>&nbsp;<\/p>\n<ul>\n<li><strong>Procesador Intel Core i7 12700<\/strong><\/li>\n<\/ul>\n<p><strong>Rendimiento<\/strong><\/p>\n<ul>\n<li>N\u00facleos: 12<\/li>\n<li>Hilos: 20<\/li>\n<li>Frecuencia base del procesador: 3,60 GHz<\/li>\n<li>Frecuencia turbo del procesador: 4,90GHz<\/li>\n<li>Cach\u00e9: 25 MB Intel\u00ae Smart Cache<\/li>\n<li>TDP: 65 W<\/li>\n<\/ul>\n<p>&nbsp;<\/p>\n<p>&nbsp;<\/p>\n<p style=\"text-align: center;\">En\u00a0<strong>PCMADRID<\/strong> realizamos el montaje, testeo de componentes y la instalaci\u00f3n del sistema operativo Windows 11 Pro, realizando a su vez la instalaci\u00f3n de librer\u00edas, drivers, \u00faltimos parches disponibles, actualizaci\u00f3n y optimizaci\u00f3n de BIOS y perfiles OC de memoria RAM.<\/p>\n<p style=\"text-align: center;\">El ordenador queda listo para que el usuario instale sus programas o juegos y pueda disfrutar de su potencia y velocidad. Adem\u00e1s, con nuestra garant\u00eda de 2 a\u00f1os, podr\u00e1 disfrutar de la tranquilidad de disponer de soporte ante cualquier problema.<\/p>\n<p>&nbsp;<\/p>\n<h3 style=\"text-align: center;\"><span style=\"color: #99cc00;\"><strong>Ordenador de oficina Profesional de gama alta y SSD NVMe<\/strong><\/span><\/h3>\n","protected":false},"excerpt":{"rendered":"<p>Ordenador de oficina potente con procesador Intel Core i7 (12\u00aa GENERACI\u00d3N de Intel) personalizable para poder adaptarlo lo mejor posible a tus posibilidades. Elige cu\u00e1nta memoria RAM quieres ponerle y cu\u00e1nto espacio necesitas para el disco duro r\u00e1pido principal o decide si quieres a\u00f1adirle disco secundario para almacenamiento de datos, tarjeta WiFi para poder conectarte a internet de manera inal\u00e1mbrica. Todo esto con licencia Windows 11 Profesional original y Office 2021 incluidas en el precio del equipo.<\/p>\n","protected":false},"featured_media":10711,"comment_status":"open","ping_status":"closed","template":"","meta":{"_et_pb_use_builder":"","_et_pb_old_content":"","_et_gb_content_width":""},"product_brand":[],"product_cat":[102,379,94,65,533],"product_tag":[],"class_list":{"0":"post-8932","1":"product","2":"type-product","3":"status-publish","4":"has-post-thumbnail","6":"product_cat-comprar-ordenadores","7":"product_cat-pc-oficina","8":"product_cat-pc-sobremesa","9":"product_cat-todos","10":"product_cat-trending","12":"first","13":"instock","14":"taxable","15":"shipping-taxable","16":"purchasable","17":"product-type-variable","18":"has-default-attributes"},"yoast_head":"<!-- This site is optimized with the Yoast SEO plugin v27.5 - https:\/\/yoast.com\/product\/yoast-seo-wordpress\/ -->\n<title>Ordenador Profesional de Alta Gama i7 Pro Elite | Tienda PCMADRID<\/title>\n<meta name=\"description\" content=\"Ordenador profesional de alta gama con Intel Core i7 de la m\u00e1s reciente generaci\u00f3n, caja simple y profesional para puestos de trabajo.\" \/>\n<meta name=\"robots\" content=\"index, follow, max-snippet:-1, max-image-preview:large, max-video-preview:-1\" \/>\n<link rel=\"canonical\" href=\"https:\/\/www.pcmadrid.es\/tienda\/producto\/ordenador-de-profesional-de-alta-gama-i7\/\" \/>\n<meta name=\"twitter:label1\" content=\"Tiempo de lectura\" \/>\n\t<meta name=\"twitter:data1\" content=\"3 minutos\" \/>\n<script type=\"application\/ld+json\" class=\"yoast-schema-graph\">{\"@context\":\"https:\\\/\\\/schema.org\",\"@graph\":[{\"@type\":\"WebPage\",\"@id\":\"https:\\\/\\\/www.pcmadrid.es\\\/tienda\\\/producto\\\/ordenador-de-profesional-de-alta-gama-i7\\\/\",\"url\":\"https:\\\/\\\/www.pcmadrid.es\\\/tienda\\\/producto\\\/ordenador-de-profesional-de-alta-gama-i7\\\/\",\"name\":\"Ordenador Profesional de Alta Gama i7 Pro Elite | Tienda PCMADRID\",\"isPartOf\":{\"@id\":\"https:\\\/\\\/www.pcmadrid.es\\\/tienda\\\/#website\"},\"primaryImageOfPage\":{\"@id\":\"https:\\\/\\\/www.pcmadrid.es\\\/tienda\\\/producto\\\/ordenador-de-profesional-de-alta-gama-i7\\\/#primaryimage\"},\"image\":{\"@id\":\"https:\\\/\\\/www.pcmadrid.es\\\/tienda\\\/producto\\\/ordenador-de-profesional-de-alta-gama-i7\\\/#primaryimage\"},\"thumbnailUrl\":\"https:\\\/\\\/i0.wp.com\\\/www.pcmadrid.es\\\/tienda\\\/wp-content\\\/uploads\\\/2021\\\/05\\\/pcm-proelite-001.jpg?fit=600%2C600&ssl=1\",\"datePublished\":\"2021-05-15T19:19:42+00:00\",\"dateModified\":\"2024-05-22T21:43:41+00:00\",\"description\":\"Ordenador profesional de alta gama con Intel Core i7 de la m\u00e1s reciente generaci\u00f3n, caja simple y profesional para puestos de trabajo.\",\"breadcrumb\":{\"@id\":\"https:\\\/\\\/www.pcmadrid.es\\\/tienda\\\/producto\\\/ordenador-de-profesional-de-alta-gama-i7\\\/#breadcrumb\"},\"inLanguage\":\"es\",\"potentialAction\":[{\"@type\":\"ReadAction\",\"target\":[\"https:\\\/\\\/www.pcmadrid.es\\\/tienda\\\/producto\\\/ordenador-de-profesional-de-alta-gama-i7\\\/\"]}]},{\"@type\":\"ImageObject\",\"inLanguage\":\"es\",\"@id\":\"https:\\\/\\\/www.pcmadrid.es\\\/tienda\\\/producto\\\/ordenador-de-profesional-de-alta-gama-i7\\\/#primaryimage\",\"url\":\"https:\\\/\\\/i0.wp.com\\\/www.pcmadrid.es\\\/tienda\\\/wp-content\\\/uploads\\\/2021\\\/05\\\/pcm-proelite-001.jpg?fit=600%2C600&ssl=1\",\"contentUrl\":\"https:\\\/\\\/i0.wp.com\\\/www.pcmadrid.es\\\/tienda\\\/wp-content\\\/uploads\\\/2021\\\/05\\\/pcm-proelite-001.jpg?fit=600%2C600&ssl=1\",\"width\":600,\"height\":600},{\"@type\":\"BreadcrumbList\",\"@id\":\"https:\\\/\\\/www.pcmadrid.es\\\/tienda\\\/producto\\\/ordenador-de-profesional-de-alta-gama-i7\\\/#breadcrumb\",\"itemListElement\":[{\"@type\":\"ListItem\",\"position\":1,\"name\":\"Portada\",\"item\":\"https:\\\/\\\/www.pcmadrid.es\\\/tienda\\\/\"},{\"@type\":\"ListItem\",\"position\":2,\"name\":\"Todos los productos\",\"item\":\"https:\\\/\\\/www.pcmadrid.es\\\/tienda\\\/todos-los-productos\\\/\"},{\"@type\":\"ListItem\",\"position\":3,\"name\":\"Ordenador Profesional de Alta Gama i7 Pro Elite\"}]},{\"@type\":\"WebSite\",\"@id\":\"https:\\\/\\\/www.pcmadrid.es\\\/tienda\\\/#website\",\"url\":\"https:\\\/\\\/www.pcmadrid.es\\\/tienda\\\/\",\"name\":\"Tienda PCMADRID\",\"description\":\"Venta y reparaciones de ordenadores\",\"publisher\":{\"@id\":\"https:\\\/\\\/www.pcmadrid.es\\\/tienda\\\/#organization\"},\"potentialAction\":[{\"@type\":\"SearchAction\",\"target\":{\"@type\":\"EntryPoint\",\"urlTemplate\":\"https:\\\/\\\/www.pcmadrid.es\\\/tienda\\\/?s={search_term_string}\"},\"query-input\":{\"@type\":\"PropertyValueSpecification\",\"valueRequired\":true,\"valueName\":\"search_term_string\"}}],\"inLanguage\":\"es\"},{\"@type\":\"Organization\",\"@id\":\"https:\\\/\\\/www.pcmadrid.es\\\/tienda\\\/#organization\",\"name\":\"PCMADRID\",\"url\":\"https:\\\/\\\/www.pcmadrid.es\\\/tienda\\\/\",\"logo\":{\"@type\":\"ImageObject\",\"inLanguage\":\"es\",\"@id\":\"https:\\\/\\\/www.pcmadrid.es\\\/tienda\\\/#\\\/schema\\\/logo\\\/image\\\/\",\"url\":\"https:\\\/\\\/www.pcmadrid.es\\\/tienda\\\/wp-content\\\/uploads\\\/2019\\\/10\\\/pcmadridlogo..png\",\"contentUrl\":\"https:\\\/\\\/www.pcmadrid.es\\\/tienda\\\/wp-content\\\/uploads\\\/2019\\\/10\\\/pcmadridlogo..png\",\"width\":750,\"height\":300,\"caption\":\"PCMADRID\"},\"image\":{\"@id\":\"https:\\\/\\\/www.pcmadrid.es\\\/tienda\\\/#\\\/schema\\\/logo\\\/image\\\/\"},\"sameAs\":[\"https:\\\/\\\/www.facebook.com\\\/pcmadridinformatica\",\"https:\\\/\\\/x.com\\\/pc_madrid\",\"https:\\\/\\\/www.youtube.com\\\/channel\\\/UCIbQq9k6BBrU5x2wqDIHr7A\",\"https:\\\/\\\/www.instagram.com\\\/pcmadrid_informatica\\\/?hl=es\",\"https:\\\/\\\/www.linkedin.com\\\/company\\\/9348326\\\/admin\\\/\",\"https:\\\/\\\/www.pinterest.es\\\/pcmadrid_informatica\\\/\"]}]}<\/script>\n<!-- \/ Yoast SEO plugin. -->","yoast_head_json":{"title":"Ordenador Profesional de Alta Gama i7 Pro Elite | Tienda PCMADRID","description":"Ordenador profesional de alta gama con Intel Core i7 de la m\u00e1s reciente generaci\u00f3n, caja simple y profesional para puestos de trabajo.","robots":{"index":"index","follow":"follow","max-snippet":"max-snippet:-1","max-image-preview":"max-image-preview:large","max-video-preview":"max-video-preview:-1"},"canonical":"https:\/\/www.pcmadrid.es\/tienda\/producto\/ordenador-de-profesional-de-alta-gama-i7\/","twitter_misc":{"Tiempo de lectura":"3 minutos"},"schema":{"@context":"https:\/\/schema.org","@graph":[{"@type":"WebPage","@id":"https:\/\/www.pcmadrid.es\/tienda\/producto\/ordenador-de-profesional-de-alta-gama-i7\/","url":"https:\/\/www.pcmadrid.es\/tienda\/producto\/ordenador-de-profesional-de-alta-gama-i7\/","name":"Ordenador Profesional de Alta Gama i7 Pro Elite | Tienda PCMADRID","isPartOf":{"@id":"https:\/\/www.pcmadrid.es\/tienda\/#website"},"primaryImageOfPage":{"@id":"https:\/\/www.pcmadrid.es\/tienda\/producto\/ordenador-de-profesional-de-alta-gama-i7\/#primaryimage"},"image":{"@id":"https:\/\/www.pcmadrid.es\/tienda\/producto\/ordenador-de-profesional-de-alta-gama-i7\/#primaryimage"},"thumbnailUrl":"https:\/\/i0.wp.com\/www.pcmadrid.es\/tienda\/wp-content\/uploads\/2021\/05\/pcm-proelite-001.jpg?fit=600%2C600&ssl=1","datePublished":"2021-05-15T19:19:42+00:00","dateModified":"2024-05-22T21:43:41+00:00","description":"Ordenador profesional de alta gama con Intel Core i7 de la m\u00e1s reciente generaci\u00f3n, caja simple y profesional para puestos de trabajo.","breadcrumb":{"@id":"https:\/\/www.pcmadrid.es\/tienda\/producto\/ordenador-de-profesional-de-alta-gama-i7\/#breadcrumb"},"inLanguage":"es","potentialAction":[{"@type":"ReadAction","target":["https:\/\/www.pcmadrid.es\/tienda\/producto\/ordenador-de-profesional-de-alta-gama-i7\/"]}]},{"@type":"ImageObject","inLanguage":"es","@id":"https:\/\/www.pcmadrid.es\/tienda\/producto\/ordenador-de-profesional-de-alta-gama-i7\/#primaryimage","url":"https:\/\/i0.wp.com\/www.pcmadrid.es\/tienda\/wp-content\/uploads\/2021\/05\/pcm-proelite-001.jpg?fit=600%2C600&ssl=1","contentUrl":"https:\/\/i0.wp.com\/www.pcmadrid.es\/tienda\/wp-content\/uploads\/2021\/05\/pcm-proelite-001.jpg?fit=600%2C600&ssl=1","width":600,"height":600},{"@type":"BreadcrumbList","@id":"https:\/\/www.pcmadrid.es\/tienda\/producto\/ordenador-de-profesional-de-alta-gama-i7\/#breadcrumb","itemListElement":[{"@type":"ListItem","position":1,"name":"Portada","item":"https:\/\/www.pcmadrid.es\/tienda\/"},{"@type":"ListItem","position":2,"name":"Todos los productos","item":"https:\/\/www.pcmadrid.es\/tienda\/todos-los-productos\/"},{"@type":"ListItem","position":3,"name":"Ordenador Profesional de Alta Gama i7 Pro Elite"}]},{"@type":"WebSite","@id":"https:\/\/www.pcmadrid.es\/tienda\/#website","url":"https:\/\/www.pcmadrid.es\/tienda\/","name":"Tienda PCMADRID","description":"Venta y reparaciones de ordenadores","publisher":{"@id":"https:\/\/www.pcmadrid.es\/tienda\/#organization"},"potentialAction":[{"@type":"SearchAction","target":{"@type":"EntryPoint","urlTemplate":"https:\/\/www.pcmadrid.es\/tienda\/?s={search_term_string}"},"query-input":{"@type":"PropertyValueSpecification","valueRequired":true,"valueName":"search_term_string"}}],"inLanguage":"es"},{"@type":"Organization","@id":"https:\/\/www.pcmadrid.es\/tienda\/#organization","name":"PCMADRID","url":"https:\/\/www.pcmadrid.es\/tienda\/","logo":{"@type":"ImageObject","inLanguage":"es","@id":"https:\/\/www.pcmadrid.es\/tienda\/#\/schema\/logo\/image\/","url":"https:\/\/www.pcmadrid.es\/tienda\/wp-content\/uploads\/2019\/10\/pcmadridlogo..png","contentUrl":"https:\/\/www.pcmadrid.es\/tienda\/wp-content\/uploads\/2019\/10\/pcmadridlogo..png","width":750,"height":300,"caption":"PCMADRID"},"image":{"@id":"https:\/\/www.pcmadrid.es\/tienda\/#\/schema\/logo\/image\/"},"sameAs":["https:\/\/www.facebook.com\/pcmadridinformatica","https:\/\/x.com\/pc_madrid","https:\/\/www.youtube.com\/channel\/UCIbQq9k6BBrU5x2wqDIHr7A","https:\/\/www.instagram.com\/pcmadrid_informatica\/?hl=es","https:\/\/www.linkedin.com\/company\/9348326\/admin\/","https:\/\/www.pinterest.es\/pcmadrid_informatica\/"]}]}},"jetpack_sharing_enabled":true,"_links":{"self":[{"href":"https:\/\/www.pcmadrid.es\/tienda\/wp-json\/wp\/v2\/product\/8932","targetHints":{"allow":["GET"]}}],"collection":[{"href":"https:\/\/www.pcmadrid.es\/tienda\/wp-json\/wp\/v2\/product"}],"about":[{"href":"https:\/\/www.pcmadrid.es\/tienda\/wp-json\/wp\/v2\/types\/product"}],"replies":[{"embeddable":true,"href":"https:\/\/www.pcmadrid.es\/tienda\/wp-json\/wp\/v2\/comments?post=8932"}],"wp:featuredmedia":[{"embeddable":true,"href":"https:\/\/www.pcmadrid.es\/tienda\/wp-json\/wp\/v2\/media\/10711"}],"wp:attachment":[{"href":"https:\/\/www.pcmadrid.es\/tienda\/wp-json\/wp\/v2\/media?parent=8932"}],"wp:term":[{"taxonomy":"product_brand","embeddable":true,"href":"https:\/\/www.pcmadrid.es\/tienda\/wp-json\/wp\/v2\/product_brand?post=8932"},{"taxonomy":"product_cat","embeddable":true,"href":"https:\/\/www.pcmadrid.es\/tienda\/wp-json\/wp\/v2\/product_cat?post=8932"},{"taxonomy":"product_tag","embeddable":true,"href":"https:\/\/www.pcmadrid.es\/tienda\/wp-json\/wp\/v2\/product_tag?post=8932"}],"curies":[{"name":"wp","href":"https:\/\/api.w.org\/{rel}","templated":true}]}}