{"id":9410,"date":"2021-11-08T12:16:18","date_gmt":"2021-11-08T11:16:18","guid":{"rendered":"https:\/\/www.pcmadrid.es\/tienda\/?post_type=product&#038;p=9410"},"modified":"2025-10-21T20:23:34","modified_gmt":"2025-10-21T18:23:34","slug":"microsoft-windows-11-pro-licencia-digital","status":"publish","type":"product","link":"https:\/\/www.pcmadrid.es\/tienda\/producto\/microsoft-windows-11-pro-licencia-digital\/","title":{"rendered":"Licencia Windows 11 Pro \u2013 Licencia digital"},"content":{"rendered":"<h2 style=\"text-align: center;\">Licencia Windows 11 Pro digital en oferta<\/h2>\n<p>Disfruta de las ventajas de la\u00a0<strong>licencia de Windows 11 Pro al mejor precio<\/strong>, con todas las actualizaciones hasta fin de soporte de Microsoft. Este sistema operativo, mantiene todo lo que te gusta de <span style=\"color: #00ccff;\"><a style=\"color: #00ccff;\" href=\"https:\/\/www.pcmadrid.es\/tienda\/producto\/microsoft-windows-10-pro-licencia-digital\/\">Windows 10<\/a><\/span>, pero lleva la experiencia de Windows a otro nivel m\u00e1s completo, fluido y personalizado. Si est\u00e1s buscando la<strong> licencia de Windows 11 Pro m\u00e1s barata,<\/strong> <strong>la puedes comprar ahora mismo<\/strong> en nuestra tienda en oferta. Adem\u00e1s, si tienes problemas con la instalaci\u00f3n de tu nuevo sistema operativo, te ayudamos con la instalaci\u00f3n con nuestro soporte gratuito. Las aplicaciones renovadas que incluye de serie son: Calendario, M\u00fasica, V\u00eddeo, Correo, Mapas, One Drive, el antivirus gratuito Windows Defender y otras muchas aplicaciones imprescindibles.<\/p>\n<p>A diferencia de las licencias no certificadas esta licencia es\u00a0<strong>PERMANENTE y OFICIAL\u00a0<\/strong>para un equipo. Es ideal para aut\u00f3nomos, profesionales, peque\u00f1as empresas y usuarios particulares.<\/p>\n<p>&nbsp;<\/p>\n<p><img data-recalc-dims=\"1\" loading=\"lazy\" decoding=\"async\" class=\"aligncenter wp-image-9411\" src=\"https:\/\/i0.wp.com\/www.pcmadrid.es\/tienda\/wp-content\/uploads\/2021\/11\/windows-11.png?resize=447%2C252&#038;ssl=1\" alt=\"comprar Licencia Windows 11 Pro\" width=\"447\" height=\"252\" srcset=\"https:\/\/i0.wp.com\/www.pcmadrid.es\/tienda\/wp-content\/uploads\/2021\/11\/windows-11.png?resize=300%2C169&amp;ssl=1 300w, https:\/\/i0.wp.com\/www.pcmadrid.es\/tienda\/wp-content\/uploads\/2021\/11\/windows-11.png?resize=1024%2C576&amp;ssl=1 1024w, https:\/\/i0.wp.com\/www.pcmadrid.es\/tienda\/wp-content\/uploads\/2021\/11\/windows-11.png?resize=768%2C432&amp;ssl=1 768w, https:\/\/i0.wp.com\/www.pcmadrid.es\/tienda\/wp-content\/uploads\/2021\/11\/windows-11.png?resize=160%2C90&amp;ssl=1 160w, https:\/\/i0.wp.com\/www.pcmadrid.es\/tienda\/wp-content\/uploads\/2021\/11\/windows-11.png?resize=600%2C338&amp;ssl=1 600w, https:\/\/i0.wp.com\/www.pcmadrid.es\/tienda\/wp-content\/uploads\/2021\/11\/windows-11.png?w=1280&amp;ssl=1 1280w\" sizes=\"(max-width: 447px) 100vw, 447px\" \/><\/p>\n<p>&nbsp;<\/p>\n<h2>Estos son los requisitos de compatibilidad para Windows 11:<\/h2>\n<table summary=\"Table showing minimum system requirements of your PC to run Windows 10\">\n<tbody>\n<tr>\n<td class=\"f-divided\">\n<div><b>Procesador:<\/b><\/div>\n<\/td>\n<td class=\"f-divided\"><strong>1\u00a0giga Hertz (GHz)<\/strong>\u00a0o m\u00e1s r\u00e1pido con 2 o m\u00e1s n\u00facleos en un\u00a0<a class=\"c-hyperlink\" href=\"http:\/\/aka.ms\/CPUlist\" target=\"_blank\" rel=\"noopener\" aria-label=\"Consulta los requisitos de procesador para Windows\">procesador de 64 bits compatible<\/a>\u00a0o sistema en un chip\u00a0<strong>(SoC)<\/strong>.<\/td>\n<\/tr>\n<tr>\n<td class=\"f-divided\">\n<div><b>RAM:<\/b><\/div>\n<\/td>\n<td class=\"f-divided\">4GB de memoria RAM.<\/td>\n<\/tr>\n<tr>\n<td class=\"f-divided\">\n<div><b>Espacio en disco duro:<\/b><\/div>\n<\/td>\n<td class=\"f-divided\">dispositivo de almacenamiento de 64 GB o m\u00e1s.<\/td>\n<\/tr>\n<tr>\n<td class=\"f-divided\">\n<div><b>Tarjeta gr\u00e1fica:<\/b><\/div>\n<\/td>\n<td class=\"f-divided\">Compatible con DirectX 12 o posterior con controlador WDDM 2.0.<\/td>\n<\/tr>\n<tr>\n<td class=\"f-divided\">\n<div><b>Pantalla:<\/b><\/div>\n<\/td>\n<td class=\"f-divided\">Pantalla de alta definici\u00f3n (720p) de m\u00e1s de 9&#8243; en diagonal, con canal de 8\u00a0bits por color.<\/td>\n<\/tr>\n<tr>\n<td class=\"f-divided\">\n<div><b>TPM:<\/b><\/div>\n<\/td>\n<td class=\"f-divided\"><a class=\"c-hyperlink x-hidden-focus\" href=\"https:\/\/docs.microsoft.com\/es-es\/windows\/security\/information-protection\/tpm\/trusted-platform-module-overview\" target=\"_blank\" rel=\"noopener\" aria-label=\"Obt\u00e9n la descripci\u00f3n general de la tecnolog\u00eda de M\u00f3dulo de plataforma segura\" data-bi-name=\"trusted platform module (tpm)\" data-bi-type=\"text\">M\u00f3dulo de plataforma segura (TPM)<\/a>\u00a0versi\u00f3n 2.0.\u00a0<a class=\"c-hyperlink x-hidden-focus\" href=\"https:\/\/support.microsoft.com\/windows\/1fd5a332-360d-4f46-a1e7-ae6b0c90645c\" target=\"_blank\" rel=\"noopener\" aria-label=\"Obt\u00e9n informaci\u00f3n de soporte t\u00e9cnico sobre c\u00f3mo habilitar TPM\" data-bi-name=\"Check here\" data-bi-type=\"text\">Consulta aqu\u00ed<\/a>\u00a0para ver instrucciones sobre c\u00f3mo se puede habilitar tu PC para que cumpla este requisito.<\/td>\n<\/tr>\n<tr>\n<td class=\"f-divided\">\n<div><b>Firmware:<\/b><\/div>\n<\/td>\n<td class=\"f-divided\">UEFI, compatible con Arranque seguro. Consulta\u00a0<a class=\"c-hyperlink x-hidden-focus\" href=\"https:\/\/support.microsoft.com\/topic\/a8ff1202-c0d9-42f5-940f-843abef64fad\" target=\"_blank\" rel=\"noopener\" aria-label=\"Obt\u00e9n informaci\u00f3n de soporte t\u00e9cnico sobre los requisitos de PC\" data-bi-type=\"text\">aqu\u00ed<\/a>\u00a0para obtener informaci\u00f3n sobre c\u00f3mo tu PC puede cumplir este requisito.<\/td>\n<\/tr>\n<tr>\n<td class=\"f-divided\">\n<div><b>Conexi\u00f3n a Internet<\/b><\/div>\n<\/td>\n<td class=\"f-divided\">\n<div>Para realizar las actualizaciones del sistema, drivers, parches y caracter\u00edsticas se requiere conexi\u00f3n a Internet.<\/div>\n<\/td>\n<\/tr>\n<\/tbody>\n<\/table>\n<h3 style=\"text-align: center;\"><\/h3>\n<p>En el caso de usuarios que tienen Windows 10 en su ordenador, es muy recomendable realizar la actualizaci\u00f3n a Windows 11 para seguir aprovechando todas las ventajas de un sistema operativo actualizado y a la \u00faltima. Por lo general, los ordenadores con Windows 10 son compatibles con Windows 11, pero puede que tengamos un equipo m\u00e1s antiguo y queramos instalar Windows 11. En cualquier caso, antes de comprar la licencia, podemos comprobar la compatibilidad de nuestro PC o port\u00e1til.<\/p>\n<h3><strong>Comprueba la compatibilidad de tu equipo con Windows 11:<\/strong><\/h3>\n<p><em><span style=\"color: #00ccff;\"> <a style=\"color: #00ccff;\" href=\"https:\/\/aka.ms\/GetPCHealthCheckApp\" target=\"_blank\" rel=\"noopener\">DESCARGA LA HERRAMIENTA DE COMAPTIBILIDAD DE WINDOWS 11<\/a><\/span><\/em><\/p>\n<p>Si a\u00fan tienes dudas acerca de la compatibilidad de tu equipo, tus datos, aplicaciones instaladas u ordenadores que pertenecen a una red empresarial, por favor, contacta con nosotros a trav\u00e9s de nuestro <strong><span style=\"color: #99cc00;\"><a style=\"color: #99cc00;\" href=\"https:\/\/www.pcmadrid.es\/contacto\/\">formulario de contacto<\/a><\/span><\/strong> o en el tel\u00e9fono <a href=\"tel:915996504\">915996504<\/a>. Te ayudaremos a resolver tus dudas sin compromiso.<\/p>\n<p>Si tu equipo no es compatible con Windows 11 Pro, puedes consultar con nuestros t\u00e9cnicos para conocer qu\u00e9 podemos hacer para ayudarte.<\/p>\n<p>&nbsp;<\/p>\n<hr \/>\n<p>&nbsp;<\/p>\n<h3 style=\"text-align: center;\"><strong><span style=\"color: #00ccff;\">Windows 11 Pro | Licencia digital en oferta<\/span><\/strong><\/h3>\n<p>&nbsp;<\/p>\n<p><img data-recalc-dims=\"1\" loading=\"lazy\" decoding=\"async\" class=\" wp-image-9415 aligncenter\" src=\"https:\/\/i0.wp.com\/www.pcmadrid.es\/tienda\/wp-content\/uploads\/2021\/11\/Windows-11-preview.jpg?resize=1080%2C608&#038;ssl=1\" alt=\"Novedades de Windows 11\" width=\"1080\" height=\"608\" srcset=\"https:\/\/i0.wp.com\/www.pcmadrid.es\/tienda\/wp-content\/uploads\/2021\/11\/Windows-11-preview-scaled.jpg?resize=300%2C169&amp;ssl=1 300w, https:\/\/i0.wp.com\/www.pcmadrid.es\/tienda\/wp-content\/uploads\/2021\/11\/Windows-11-preview-scaled.jpg?resize=1024%2C576&amp;ssl=1 1024w, https:\/\/i0.wp.com\/www.pcmadrid.es\/tienda\/wp-content\/uploads\/2021\/11\/Windows-11-preview-scaled.jpg?resize=768%2C432&amp;ssl=1 768w, https:\/\/i0.wp.com\/www.pcmadrid.es\/tienda\/wp-content\/uploads\/2021\/11\/Windows-11-preview-scaled.jpg?resize=1536%2C864&amp;ssl=1 1536w, https:\/\/i0.wp.com\/www.pcmadrid.es\/tienda\/wp-content\/uploads\/2021\/11\/Windows-11-preview-scaled.jpg?resize=2048%2C1152&amp;ssl=1 2048w, https:\/\/i0.wp.com\/www.pcmadrid.es\/tienda\/wp-content\/uploads\/2021\/11\/Windows-11-preview-scaled.jpg?resize=160%2C90&amp;ssl=1 160w, https:\/\/i0.wp.com\/www.pcmadrid.es\/tienda\/wp-content\/uploads\/2021\/11\/Windows-11-preview-scaled.jpg?resize=600%2C338&amp;ssl=1 600w, https:\/\/i0.wp.com\/www.pcmadrid.es\/tienda\/wp-content\/uploads\/2021\/11\/Windows-11-preview-scaled.jpg?w=2160&amp;ssl=1 2160w\" sizes=\"(max-width: 1080px) 100vw, 1080px\" \/><\/p>\n<p>&nbsp;<\/p>\n<hr \/>\n<p>&nbsp;<\/p>\n<h2 style=\"text-align: center;\">Comprar licencia Windows 11 Pro barata<\/h2>\n<p><strong>Compra ahora tu licencia Windows 11 Pro<\/strong> al mejor precio, con garant\u00eda y <strong>soporte incluido en el precio<\/strong> si tienes alg\u00fan problema durante la activaci\u00f3n.<\/p>\n<ul>\n<li><strong>Al realizar tu pedido,<\/strong> recibir\u00e1s tu licencia por email junto a las instrucciones de instalaci\u00f3n y enlaces oficiales de descarga.<\/li>\n<li><strong>Recibir\u00e1s tu pedido en menos de 2 horas en la mayor\u00eda de ocasiones <\/strong>(aunque a veces tu licencia podr\u00eda tardar hasta 24 horas en ser entregada en funci\u00f3n del horario en que realices tu pedido y la disponibilidad).<\/li>\n<li>Adem\u00e1s incluimos<strong> soporte gratuito para su instalaci\u00f3n<\/strong> para los clientes que tengan alg\u00fan problema con la instalaci\u00f3n o activaci\u00f3n de su programa.<br \/>\n<hr \/>\n<\/li>\n<\/ul>\n<p>Si necesitas que nosotros mismos realicemos la reinstalaci\u00f3n de tu sistema operativo copiando todos tus archivos personales o realicemos <span style=\"color: #808080;\"><strong><a style=\"color: #808080;\" href=\"https:\/\/www.pcmadrid.es\/tienda\/producto\/ampliar-disco-duro-ssd-en-pc\/\">una ampliaci\u00f3n a SSD<\/a><\/strong><\/span> y una limpieza interna de tu ordenador, puedes llamarnos al <span style=\"color: #808080;\"><strong><a style=\"color: #808080;\" href=\"tel:915996504\">915996504<\/a><\/strong><\/span> o <span style=\"color: #3366ff;\"><strong><a style=\"color: #3366ff;\" href=\"https:\/\/www.pcmadrid.es\/contacto\/\">contactar con nosotros aqu\u00ed.<\/a><\/strong><\/span><\/p>\n<p>Aprovecha esta licencia con su <strong>clave de producto de Windows 11<\/strong> para disfrutar de toda la innovaci\u00f3n para PC, port\u00e1tiles y tablets que ofrece<strong>\u00a0Windows 11 Pro<\/strong> en su \u00faltima versi\u00f3n.<\/p>\n<p>&nbsp;<\/p>\n<ul>\n<li>Si tienes alguna duda acerca de Windows 11 puedes acudir a los <a href=\"https:\/\/support.microsoft.com\/es-es\">foros de soporte de Microsoft.<\/a><\/li>\n<\/ul>\n<p>&nbsp;<\/p>\n<hr \/>\n<p>&nbsp;<\/p>\n<h3 style=\"text-align: center;\">Las mejores caracter\u00edsticas del nuevo Windows 11<\/h3>\n<p>&nbsp;<\/p>\n<ul>\n<li>Windows 11 Pro tiene integrado completamente Microsoft Teams.<\/li>\n<\/ul>\n<p>&nbsp;<\/p>\n","protected":false},"excerpt":{"rendered":"<p>Con la<strong> licencia Windows 11 Pro original<\/strong> de 64 bits podr\u00e1s disponer de una licencia de Windows permanente en tu ordenador, esta es una licencia para un equipo PC de sobremesa, All in One, mini PC o port\u00e1til. <strong>Ahorra gracias a la licencia Windows 11 disponiendo de TODAS LAS FUNCIONES de la licencia en paquete f\u00edsico.<\/strong><\/p>\n<ul>\n<li><strong>Al realizar tu pedido,<\/strong> recibir\u00e1s tu licencia por email junto a las instrucciones de instalaci\u00f3n y enlaces oficiales de descarga.<\/li>\n<li><strong>Recibir\u00e1s tu pedido en menos de 2 horas en la mayor\u00eda de ocasiones <\/strong>(aunque a veces tu licencia podr\u00eda tardar hasta 24 horas en ser entregada en funci\u00f3n del horario en que realices tu pedido y la disponibilidad).<\/li>\n<li>Adem\u00e1s incluimos<strong> soporte gratuito para su instalaci\u00f3n<\/strong> para los clientes que tengan alg\u00fan problema con la instalaci\u00f3n o activaci\u00f3n de su programa.<\/li>\n<\/ul>\n<p>&nbsp;<\/p>\n","protected":false},"featured_media":11686,"comment_status":"open","ping_status":"closed","template":"","meta":{"_et_pb_use_builder":"","_et_pb_old_content":"","_et_gb_content_width":""},"product_brand":[],"product_cat":[95,96,478,65],"product_tag":[271,272,270],"class_list":{"0":"post-9410","1":"product","2":"type-product","3":"status-publish","4":"has-post-thumbnail","6":"product_cat-licencias-programas","7":"product_cat-ofertas","8":"product_cat-sistemas-operativos","9":"product_cat-todos","10":"product_tag-licencia-windows-11-permanente","11":"product_tag-windows-11-barato","12":"product_tag-windows-11-pro","14":"first","15":"instock","16":"virtual","17":"taxable","18":"purchasable","19":"product-type-simple"},"yoast_head":"<!-- This site is optimized with the Yoast SEO plugin v26.5 - https:\/\/yoast.com\/wordpress\/plugins\/seo\/ -->\n<title>Licencia Windows 11 Pro \u2013 Licencia digital | Tienda PCMADRID<\/title>\n<meta name=\"description\" content=\"\ud83d\udd35 Licencia Windows 11 Pro: La \u00faltima versi\u00f3n del sistema operativo Windows 11 en oferta. Licencia de Windows 11 Pro barata y original.\" \/>\n<meta name=\"robots\" content=\"index, follow, max-snippet:-1, max-image-preview:large, max-video-preview:-1\" \/>\n<link rel=\"canonical\" href=\"https:\/\/www.pcmadrid.es\/tienda\/producto\/microsoft-windows-11-pro-licencia-digital\/\" \/>\n<meta name=\"twitter:label1\" content=\"Tiempo de lectura\" \/>\n\t<meta name=\"twitter:data1\" content=\"4 minutos\" \/>\n<script type=\"application\/ld+json\" class=\"yoast-schema-graph\">{\"@context\":\"https:\/\/schema.org\",\"@graph\":[{\"@type\":\"WebPage\",\"@id\":\"https:\/\/www.pcmadrid.es\/tienda\/producto\/microsoft-windows-11-pro-licencia-digital\/\",\"url\":\"https:\/\/www.pcmadrid.es\/tienda\/producto\/microsoft-windows-11-pro-licencia-digital\/\",\"name\":\"Licencia Windows 11 Pro \u2013 Licencia digital | Tienda PCMADRID\",\"isPartOf\":{\"@id\":\"https:\/\/www.pcmadrid.es\/tienda\/#website\"},\"primaryImageOfPage\":{\"@id\":\"https:\/\/www.pcmadrid.es\/tienda\/producto\/microsoft-windows-11-pro-licencia-digital\/#primaryimage\"},\"image\":{\"@id\":\"https:\/\/www.pcmadrid.es\/tienda\/producto\/microsoft-windows-11-pro-licencia-digital\/#primaryimage\"},\"thumbnailUrl\":\"https:\/\/i0.wp.com\/www.pcmadrid.es\/tienda\/wp-content\/uploads\/2021\/11\/windows-11-pro.webp?fit=700%2C700&ssl=1\",\"datePublished\":\"2021-11-08T11:16:18+00:00\",\"dateModified\":\"2025-10-21T18:23:34+00:00\",\"description\":\"\ud83d\udd35 Licencia Windows 11 Pro: La \u00faltima versi\u00f3n del sistema operativo Windows 11 en oferta. Licencia de Windows 11 Pro barata y original.\",\"breadcrumb\":{\"@id\":\"https:\/\/www.pcmadrid.es\/tienda\/producto\/microsoft-windows-11-pro-licencia-digital\/#breadcrumb\"},\"inLanguage\":\"es\",\"potentialAction\":[{\"@type\":\"ReadAction\",\"target\":[\"https:\/\/www.pcmadrid.es\/tienda\/producto\/microsoft-windows-11-pro-licencia-digital\/\"]}]},{\"@type\":\"ImageObject\",\"inLanguage\":\"es\",\"@id\":\"https:\/\/www.pcmadrid.es\/tienda\/producto\/microsoft-windows-11-pro-licencia-digital\/#primaryimage\",\"url\":\"https:\/\/i0.wp.com\/www.pcmadrid.es\/tienda\/wp-content\/uploads\/2021\/11\/windows-11-pro.webp?fit=700%2C700&ssl=1\",\"contentUrl\":\"https:\/\/i0.wp.com\/www.pcmadrid.es\/tienda\/wp-content\/uploads\/2021\/11\/windows-11-pro.webp?fit=700%2C700&ssl=1\",\"width\":700,\"height\":700},{\"@type\":\"BreadcrumbList\",\"@id\":\"https:\/\/www.pcmadrid.es\/tienda\/producto\/microsoft-windows-11-pro-licencia-digital\/#breadcrumb\",\"itemListElement\":[{\"@type\":\"ListItem\",\"position\":1,\"name\":\"Portada\",\"item\":\"https:\/\/www.pcmadrid.es\/tienda\/\"},{\"@type\":\"ListItem\",\"position\":2,\"name\":\"Todos los productos\",\"item\":\"https:\/\/www.pcmadrid.es\/tienda\/todos-los-productos\/\"},{\"@type\":\"ListItem\",\"position\":3,\"name\":\"Licencia Windows 11 Pro \u2013 Licencia digital\"}]},{\"@type\":\"WebSite\",\"@id\":\"https:\/\/www.pcmadrid.es\/tienda\/#website\",\"url\":\"https:\/\/www.pcmadrid.es\/tienda\/\",\"name\":\"Tienda PCMADRID\",\"description\":\"Venta y reparaciones de ordenadores\",\"publisher\":{\"@id\":\"https:\/\/www.pcmadrid.es\/tienda\/#organization\"},\"potentialAction\":[{\"@type\":\"SearchAction\",\"target\":{\"@type\":\"EntryPoint\",\"urlTemplate\":\"https:\/\/www.pcmadrid.es\/tienda\/?s={search_term_string}\"},\"query-input\":{\"@type\":\"PropertyValueSpecification\",\"valueRequired\":true,\"valueName\":\"search_term_string\"}}],\"inLanguage\":\"es\"},{\"@type\":\"Organization\",\"@id\":\"https:\/\/www.pcmadrid.es\/tienda\/#organization\",\"name\":\"PCMADRID\",\"url\":\"https:\/\/www.pcmadrid.es\/tienda\/\",\"logo\":{\"@type\":\"ImageObject\",\"inLanguage\":\"es\",\"@id\":\"https:\/\/www.pcmadrid.es\/tienda\/#\/schema\/logo\/image\/\",\"url\":\"https:\/\/i0.wp.com\/www.pcmadrid.es\/tienda\/wp-content\/uploads\/2019\/10\/pcmadridlogo..png?fit=750%2C300&ssl=1\",\"contentUrl\":\"https:\/\/i0.wp.com\/www.pcmadrid.es\/tienda\/wp-content\/uploads\/2019\/10\/pcmadridlogo..png?fit=750%2C300&ssl=1\",\"width\":750,\"height\":300,\"caption\":\"PCMADRID\"},\"image\":{\"@id\":\"https:\/\/www.pcmadrid.es\/tienda\/#\/schema\/logo\/image\/\"},\"sameAs\":[\"https:\/\/www.facebook.com\/pcmadridinformatica\",\"https:\/\/x.com\/pc_madrid\",\"https:\/\/www.youtube.com\/channel\/UCIbQq9k6BBrU5x2wqDIHr7A\",\"https:\/\/www.instagram.com\/pcmadrid_informatica\/?hl=es\",\"https:\/\/www.linkedin.com\/company\/9348326\/admin\/\",\"https:\/\/www.pinterest.es\/pcmadrid_informatica\/\"]}]}<\/script>\n<!-- \/ Yoast SEO plugin. -->","yoast_head_json":{"title":"Licencia Windows 11 Pro \u2013 Licencia digital | Tienda PCMADRID","description":"\ud83d\udd35 Licencia Windows 11 Pro: La \u00faltima versi\u00f3n del sistema operativo Windows 11 en oferta. Licencia de Windows 11 Pro barata y original.","robots":{"index":"index","follow":"follow","max-snippet":"max-snippet:-1","max-image-preview":"max-image-preview:large","max-video-preview":"max-video-preview:-1"},"canonical":"https:\/\/www.pcmadrid.es\/tienda\/producto\/microsoft-windows-11-pro-licencia-digital\/","twitter_misc":{"Tiempo de lectura":"4 minutos"},"schema":{"@context":"https:\/\/schema.org","@graph":[{"@type":"WebPage","@id":"https:\/\/www.pcmadrid.es\/tienda\/producto\/microsoft-windows-11-pro-licencia-digital\/","url":"https:\/\/www.pcmadrid.es\/tienda\/producto\/microsoft-windows-11-pro-licencia-digital\/","name":"Licencia Windows 11 Pro \u2013 Licencia digital | Tienda PCMADRID","isPartOf":{"@id":"https:\/\/www.pcmadrid.es\/tienda\/#website"},"primaryImageOfPage":{"@id":"https:\/\/www.pcmadrid.es\/tienda\/producto\/microsoft-windows-11-pro-licencia-digital\/#primaryimage"},"image":{"@id":"https:\/\/www.pcmadrid.es\/tienda\/producto\/microsoft-windows-11-pro-licencia-digital\/#primaryimage"},"thumbnailUrl":"https:\/\/i0.wp.com\/www.pcmadrid.es\/tienda\/wp-content\/uploads\/2021\/11\/windows-11-pro.webp?fit=700%2C700&ssl=1","datePublished":"2021-11-08T11:16:18+00:00","dateModified":"2025-10-21T18:23:34+00:00","description":"\ud83d\udd35 Licencia Windows 11 Pro: La \u00faltima versi\u00f3n del sistema operativo Windows 11 en oferta. Licencia de Windows 11 Pro barata y original.","breadcrumb":{"@id":"https:\/\/www.pcmadrid.es\/tienda\/producto\/microsoft-windows-11-pro-licencia-digital\/#breadcrumb"},"inLanguage":"es","potentialAction":[{"@type":"ReadAction","target":["https:\/\/www.pcmadrid.es\/tienda\/producto\/microsoft-windows-11-pro-licencia-digital\/"]}]},{"@type":"ImageObject","inLanguage":"es","@id":"https:\/\/www.pcmadrid.es\/tienda\/producto\/microsoft-windows-11-pro-licencia-digital\/#primaryimage","url":"https:\/\/i0.wp.com\/www.pcmadrid.es\/tienda\/wp-content\/uploads\/2021\/11\/windows-11-pro.webp?fit=700%2C700&ssl=1","contentUrl":"https:\/\/i0.wp.com\/www.pcmadrid.es\/tienda\/wp-content\/uploads\/2021\/11\/windows-11-pro.webp?fit=700%2C700&ssl=1","width":700,"height":700},{"@type":"BreadcrumbList","@id":"https:\/\/www.pcmadrid.es\/tienda\/producto\/microsoft-windows-11-pro-licencia-digital\/#breadcrumb","itemListElement":[{"@type":"ListItem","position":1,"name":"Portada","item":"https:\/\/www.pcmadrid.es\/tienda\/"},{"@type":"ListItem","position":2,"name":"Todos los productos","item":"https:\/\/www.pcmadrid.es\/tienda\/todos-los-productos\/"},{"@type":"ListItem","position":3,"name":"Licencia Windows 11 Pro \u2013 Licencia digital"}]},{"@type":"WebSite","@id":"https:\/\/www.pcmadrid.es\/tienda\/#website","url":"https:\/\/www.pcmadrid.es\/tienda\/","name":"Tienda PCMADRID","description":"Venta y reparaciones de ordenadores","publisher":{"@id":"https:\/\/www.pcmadrid.es\/tienda\/#organization"},"potentialAction":[{"@type":"SearchAction","target":{"@type":"EntryPoint","urlTemplate":"https:\/\/www.pcmadrid.es\/tienda\/?s={search_term_string}"},"query-input":{"@type":"PropertyValueSpecification","valueRequired":true,"valueName":"search_term_string"}}],"inLanguage":"es"},{"@type":"Organization","@id":"https:\/\/www.pcmadrid.es\/tienda\/#organization","name":"PCMADRID","url":"https:\/\/www.pcmadrid.es\/tienda\/","logo":{"@type":"ImageObject","inLanguage":"es","@id":"https:\/\/www.pcmadrid.es\/tienda\/#\/schema\/logo\/image\/","url":"https:\/\/i0.wp.com\/www.pcmadrid.es\/tienda\/wp-content\/uploads\/2019\/10\/pcmadridlogo..png?fit=750%2C300&ssl=1","contentUrl":"https:\/\/i0.wp.com\/www.pcmadrid.es\/tienda\/wp-content\/uploads\/2019\/10\/pcmadridlogo..png?fit=750%2C300&ssl=1","width":750,"height":300,"caption":"PCMADRID"},"image":{"@id":"https:\/\/www.pcmadrid.es\/tienda\/#\/schema\/logo\/image\/"},"sameAs":["https:\/\/www.facebook.com\/pcmadridinformatica","https:\/\/x.com\/pc_madrid","https:\/\/www.youtube.com\/channel\/UCIbQq9k6BBrU5x2wqDIHr7A","https:\/\/www.instagram.com\/pcmadrid_informatica\/?hl=es","https:\/\/www.linkedin.com\/company\/9348326\/admin\/","https:\/\/www.pinterest.es\/pcmadrid_informatica\/"]}]}},"jetpack_sharing_enabled":true,"_links":{"self":[{"href":"https:\/\/www.pcmadrid.es\/tienda\/wp-json\/wp\/v2\/product\/9410","targetHints":{"allow":["GET"]}}],"collection":[{"href":"https:\/\/www.pcmadrid.es\/tienda\/wp-json\/wp\/v2\/product"}],"about":[{"href":"https:\/\/www.pcmadrid.es\/tienda\/wp-json\/wp\/v2\/types\/product"}],"replies":[{"embeddable":true,"href":"https:\/\/www.pcmadrid.es\/tienda\/wp-json\/wp\/v2\/comments?post=9410"}],"wp:featuredmedia":[{"embeddable":true,"href":"https:\/\/www.pcmadrid.es\/tienda\/wp-json\/wp\/v2\/media\/11686"}],"wp:attachment":[{"href":"https:\/\/www.pcmadrid.es\/tienda\/wp-json\/wp\/v2\/media?parent=9410"}],"wp:term":[{"taxonomy":"product_brand","embeddable":true,"href":"https:\/\/www.pcmadrid.es\/tienda\/wp-json\/wp\/v2\/product_brand?post=9410"},{"taxonomy":"product_cat","embeddable":true,"href":"https:\/\/www.pcmadrid.es\/tienda\/wp-json\/wp\/v2\/product_cat?post=9410"},{"taxonomy":"product_tag","embeddable":true,"href":"https:\/\/www.pcmadrid.es\/tienda\/wp-json\/wp\/v2\/product_tag?post=9410"}],"curies":[{"name":"wp","href":"https:\/\/api.w.org\/{rel}","templated":true}]}}