{"id":9416,"date":"2021-11-08T16:37:24","date_gmt":"2021-11-08T15:37:24","guid":{"rendered":"https:\/\/www.pcmadrid.es\/tienda\/?post_type=product&#038;p=9416"},"modified":"2025-03-07T12:08:34","modified_gmt":"2025-03-07T11:08:34","slug":"licencia-office-2021-pro-plus-windows","status":"publish","type":"product","link":"https:\/\/www.pcmadrid.es\/tienda\/producto\/licencia-office-2021-pro-plus-windows\/","title":{"rendered":"LICENCIA OFFICE 2021 PRO PLUS | Windows"},"content":{"rendered":"<h2><\/h2>\n<h2 style=\"text-align: left;\"><strong><span style=\"color: #99cc00;\">Comprar licencia Microsoft Office 2021 PRO Plus barata para Windows<\/span><\/strong><\/h2>\n<p>A diferencia de las licencias no certificadas, esta licencia de Office 2021 Pro es <span style=\"color: #99cc00;\"><strong>PERMANENTE y OFICIAL<\/strong><\/span> para el cliente \u00fanico. Es ideal para aut\u00f3nomos, profesionales, peque\u00f1as empresas y usuarios particulares. Adem\u00e1s incluimos<strong>\u00a0soporte gratuito para su instalaci\u00f3n<\/strong>\u00a0para los clientes que tengan alg\u00fan problema con la instalaci\u00f3n o activaci\u00f3n de su programa. En el siguiente enlace puedes acceder a las<strong><span style=\"color: #00ccff;\">\u00a0<\/span><u><a href=\"https:\/\/www.pcmadrid.es\/instalar-activar-microsoft-office-2021\/\"><span style=\"color: #00ccff;\">instrucciones para descargar y activar tu licencia de Office 2021<\/span><\/a>.<\/u><\/strong><\/p>\n<h3 style=\"text-align: left;\"><span style=\"color: #99cc00;\"><strong>La licencia Microsoft Office 2021 Pro Plus incluye:<\/strong><\/span><\/h3>\n<ul>\n<li><span style=\"color: #808080;\"><strong>Word 2021:<\/strong> Crear documentos profesionales y transformar sus ideas.<\/span><\/li>\n<li><span style=\"color: #808080;\"><strong>Excel 2021:<\/strong> Crear tablas, f\u00f3rmulas y evaluar \u00e9stos con funciones de an\u00e1lisis de calidad.<\/span><\/li>\n<li><span style=\"color: #808080;\"><strong>PowerPoint 2021:<\/strong> Convencer con efectivas presentaciones.<\/span><\/li>\n<li><span style=\"color: #808080;\"><strong>OneNote 2021:<\/strong> Agrupar sus notas en un solo lugar.<\/span><\/li>\n<li><span style=\"color: #808080;\"><strong>Outlook 2021:<\/strong> Mantenerse en contactos al d\u00eda con los correos electr\u00f3nicos y organizar sus citas.<\/span><\/li>\n<li><span style=\"color: #808080;\"><strong>Publisher 2021:<\/strong> Dise\u00f1ar profesionales publicaciones y materiales de marketing.<\/span><\/li>\n<li><span style=\"color: #808080;\"><strong>Access 2021:<\/strong> Administrar sus bases de datos y personalizar los informes de estado.<\/span><\/li>\n<\/ul>\n<p style=\"text-align: left;\">Si tienes alguna duda acerca de Office para Windows puedes acudir a los\u00a0<a href=\"https:\/\/support.microsoft.com\/es-es\" target=\"_blank\" rel=\"noopener noreferrer nofollow\">foros de soporte de Microsoft<\/a>. <img data-recalc-dims=\"1\" loading=\"lazy\" decoding=\"async\" class=\"aligncenter wp-image-9421 \" src=\"https:\/\/i0.wp.com\/www.pcmadrid.es\/tienda\/wp-content\/uploads\/2021\/11\/Office-2021-portada.jpg?resize=699%2C488&#038;ssl=1\" alt=\"COMPRAR LICENCIA OFFICE 2021 BARATA OFERTA\" width=\"699\" height=\"488\" \/><\/p>\n<h3 style=\"text-align: left;\"><span style=\"color: #ff9900;\">Compatible con sistemas operativos Windows 10 y Windows 11<\/span><\/h3>\n<p>&nbsp;<\/p>\n<ul>\n<li>Office 2021 Pro es compatible con Windows 10 (<a href=\"https:\/\/www.pcmadrid.es\/tienda\/producto\/microsoft-windows-10-pro-licencia-digital\/\"><span style=\"color: #00ccff;\">Licencia Windows 10 Pro<\/span><\/a>) y Windows 11 ( <a href=\"https:\/\/www.pcmadrid.es\/tienda\/producto\/microsoft-windows-11-pro-licencia-digital\/\"><span style=\"color: #00ccff;\">Licencia Windows 11 Pro<\/span><\/a>) en todas sus versiones, no es compatible con versiones anteriores de Windows.<\/li>\n<li>Para equipos Apple puedes comprar aqu\u00ed las versiones de <span style=\"color: #ff9900;\"><a style=\"color: #ff9900;\" href=\"https:\/\/www.pcmadrid.es\/tienda\/producto\/licencia-office-hogar-y-empresas-mac\/\">Office Hogar y Empresas 2019<\/a><\/span> o <span style=\"color: #ff9900;\"><a style=\"color: #ff9900;\" href=\"https:\/\/www.pcmadrid.es\/tienda\/producto\/office-hogar-y-empresas-2021-para-mac\/\">Office Hogar y Empresas 2021<\/a><\/span>.<\/li>\n<li><strong>Al realizar tu pedido,<\/strong> recibir\u00e1s tu licencia por email junto a las instrucciones de instalaci\u00f3n y enlaces oficiales de descarga.<\/li>\n<li><strong>Recibir\u00e1s tu pedido en menos de 2 horas en la mayor\u00eda de ocasiones <\/strong>(aunque a veces tu licencia podr\u00eda tardar hasta 24 horas en ser entregada en funci\u00f3n del horario en que realices tu pedido y la disponibilidad).<\/li>\n<li>Adem\u00e1s incluimos<strong> soporte gratuito para su instalaci\u00f3n<\/strong> para los clientes que tengan alg\u00fan problema con la instalaci\u00f3n o activaci\u00f3n de su programa.<\/li>\n<\/ul>\n<p>&nbsp;<\/p>\n","protected":false},"excerpt":{"rendered":"<p>&nbsp;<\/p>\n<p>Con la <strong><span style=\"color: #99cc00;\">licencia Office 2021 PRO<\/span><\/strong> Plus para Windows podr\u00e1s disponer de una licencia de Office 2021 PRO permanente. Esta es una licencia para un equipo \u00fanico. <span style=\"color: #808080;\"><strong>Ahorra gracias a la licencia Office 2021 que tiene de TODAS LAS FUNCIONES de la licencia en paquete f\u00edsico RETAIL<\/strong>.<\/span><\/p>\n<ul>\n<li><strong>Al realizar tu pedido,<\/strong> recibir\u00e1s tu licencia por email junto a las instrucciones de instalaci\u00f3n y enlaces oficiales de descarga.<\/li>\n<li><strong>Recibir\u00e1s tu pedido en menos de 2 horas en la mayor\u00eda de ocasiones <\/strong>(aunque a veces tu licencia podr\u00eda tardar hasta 24 horas en ser entregada en funci\u00f3n del horario en que realices tu pedido y la disponibilidad).<\/li>\n<li>Adem\u00e1s incluimos<strong> soporte gratuito para su instalaci\u00f3n<\/strong> para los clientes que tengan alg\u00fan problema con la instalaci\u00f3n o activaci\u00f3n de su programa.<\/li>\n<\/ul>\n<p>&nbsp;<\/p>\n","protected":false},"featured_media":9422,"comment_status":"open","ping_status":"closed","template":"","meta":{"_et_pb_use_builder":"off","_et_pb_old_content":"<h2 style=\"text-align: center\"><strong><span style=\"color: #99cc00\">Comprar licencia Microsoft Office 2021 PRO Plus barata para Windows<\/span><\/strong><\/h2>\r\nA diferencia de las licencias no certificadas, esta licencia de Office 2021 Pro es <span style=\"color: #99cc00\"><strong>PERMANENTE y OFICIAL<\/strong><\/span> para el cliente \u00fanico. Es ideal para aut\u00f3nomos, profesionales, peque\u00f1as empresas y usuarios particulares. Adem\u00e1s incluimos<strong>\u00a0soporte gratuito para su instalaci\u00f3n<\/strong>\u00a0para los clientes que tengan alg\u00fan problema con la instalaci\u00f3n o activaci\u00f3n de su programa.\r\n\r\nEn el siguiente enlace puedes acceder a las<strong><span style=\"color: #00ccff\">\u00a0<\/span><u><a href=\"https:\/\/www.pcmadrid.es\/instalar-activar-microsoft-office-2021\/\"><span style=\"color: #00ccff\">instrucciones para descargar y activar tu licencia de Office 2021<\/span><\/a>.<\/u><\/strong>\r\n\r\n\u00a0\r\n<h3 style=\"text-align: center\"><span style=\"color: #99cc00\"><strong>La licencia Microsoft Office 2021 Pro Plus incluye:<\/strong><\/span><\/h3>\r\n<ul>\r\n \t<li><span style=\"color: #808080\"><strong>Word 2021:<\/strong> Crear documentos profesionales y transformar sus ideas.<\/span><\/li>\r\n \t<li><span style=\"color: #808080\"><strong>Excel 2021:<\/strong> Crear tablas, f\u00f3rmulas y evaluar \u00e9stos con funciones de an\u00e1lisis de calidad.<\/span><\/li>\r\n \t<li><span style=\"color: #808080\"><strong>PowerPoint 2021:<\/strong> Convencer con efectivas presentaciones.<\/span><\/li>\r\n \t<li><span style=\"color: #808080\"><strong>OneNote 2021:<\/strong> Agrupar sus notas en un solo lugar.<\/span><\/li>\r\n \t<li><span style=\"color: #808080\"><strong>Outlook 2021:<\/strong> Mantenerse en contactos al d\u00eda con los correos electr\u00f3nicos y organizar sus citas.<\/span><\/li>\r\n \t<li><span style=\"color: #808080\"><strong>Publisher 2021:<\/strong> Dise\u00f1ar profesionales publicaciones y materiales de marketing.<\/span><\/li>\r\n \t<li><span style=\"color: #808080\"><strong>Access 2021:<\/strong> Administrar sus bases de datos y personalizar los informes de estado.<\/span><\/li>\r\n<\/ul>\r\nSi tienes alguna duda acerca de Office para Windows puedes acudir a los\u00a0<a href=\"https:\/\/support.microsoft.com\/es-es\" target=\"_blank\" rel=\"noopener noreferrer nofollow\">foros de soporte de Microsoft<\/a>.\r\n\r\n<img class=\"aligncenter wp-image-9421 \" src=\"https:\/\/www.pcmadrid.es\/tienda\/wp-content\/uploads\/2021\/11\/Office-2021-portada.jpg\" alt=\"COMPRAR LICENCIA OFFICE 2021 BARATA OFERTA\" width=\"699\" height=\"488\" \/>\r\n\r\n\u00a0\r\n<h3 style=\"text-align: center\"><span style=\"color: #ff9900\">Compatible con sistemas operativos Windows 10 y Windows 11<\/span><\/h3>\r\n<ul>\r\n \t<li>Office 2021 Pro es compatible con Windows 10 (<a href=\"https:\/\/www.pcmadrid.es\/tienda\/producto\/microsoft-windows-10-pro-licencia-digital\/\"><span style=\"color: #00ccff\">Licencia Windows 10 Pro<\/span><\/a>) y Windows 11 ( <a href=\"https:\/\/www.pcmadrid.es\/tienda\/producto\/microsoft-windows-11-pro-licencia-digital\/\"><span style=\"color: #00ccff\">Licencia Windows 11 Pro<\/span><\/a>) en todas sus versiones, no es compatible con versiones anteriores de Windows.<\/li>\r\n \t<li>Para equipos Apple puedes comprar aqu\u00ed las versiones de <span style=\"color: #ff9900\"><a style=\"color: #ff9900\" href=\"https:\/\/www.pcmadrid.es\/tienda\/producto\/licencia-office-hogar-y-empresas-mac\/\">Office Hogar y Empresas 2019<\/a><\/span> o <span style=\"color: #ff9900\"><a style=\"color: #ff9900\" href=\"https:\/\/www.pcmadrid.es\/tienda\/producto\/office-hogar-y-empresas-2021-para-mac\/\">Office Hogar y Empresas 2021<\/a><\/span>.<\/li>\r\n \t<li><strong>Al realizar tu pedido,<\/strong> recibir\u00e1s tu licencia por email junto a las instrucciones de instalaci\u00f3n y enlaces oficiales de descarga.<\/li>\r\n \t<li><strong>Recibir\u00e1s tu pedido en menos de 2 horas en la mayor\u00eda de ocasiones <\/strong>(aunque a veces tu licencia podr\u00eda tardar hasta 24 horas en ser entregada en funci\u00f3n del horario en que realices tu pedido y la disponibilidad).<\/li>\r\n \t<li>Adem\u00e1s incluimos<strong> soporte gratuito para su instalaci\u00f3n<\/strong> para los clientes que tengan alg\u00fan problema con la instalaci\u00f3n o activaci\u00f3n de su programa.<\/li>\r\n<\/ul>\r\n\u00a0","_et_gb_content_width":""},"product_brand":[],"product_cat":[95,96,477,65,533],"product_tag":[275,276],"class_list":{"0":"post-9416","1":"product","2":"type-product","3":"status-publish","4":"has-post-thumbnail","6":"product_cat-licencias-programas","7":"product_cat-ofertas","8":"product_cat-software-aplicaciones","9":"product_cat-todos","10":"product_cat-trending","11":"product_tag-licencia-office-2021","12":"product_tag-office-2021-pro","14":"first","15":"instock","16":"sale","17":"taxable","18":"shipping-taxable","19":"purchasable","20":"product-type-variable","21":"has-default-attributes"},"yoast_head":"<!-- This site is optimized with the Yoast SEO plugin v27.5 - https:\/\/yoast.com\/product\/yoast-seo-wordpress\/ -->\n<title>LICENCIA OFFICE 2021 PRO PLUS | Windows | OFERTA<\/title>\n<meta name=\"description\" content=\"\ud83d\udcd8 Con la oferta en licencia Office 2021 PRO PLUS podr\u00e1s disponer de una licencia de Office 2021 barata y permanente\u00a0en tu ordenador Windows.\" \/>\n<meta name=\"robots\" content=\"index, follow, max-snippet:-1, max-image-preview:large, max-video-preview:-1\" \/>\n<link rel=\"canonical\" href=\"https:\/\/www.pcmadrid.es\/tienda\/producto\/licencia-office-2021-pro-plus-windows\/\" \/>\n<meta name=\"twitter:label1\" content=\"Tiempo de lectura\" \/>\n\t<meta name=\"twitter:data1\" content=\"2 minutos\" \/>\n<script type=\"application\/ld+json\" class=\"yoast-schema-graph\">{\"@context\":\"https:\\\/\\\/schema.org\",\"@graph\":[{\"@type\":\"WebPage\",\"@id\":\"https:\\\/\\\/www.pcmadrid.es\\\/tienda\\\/producto\\\/licencia-office-2021-pro-plus-windows\\\/\",\"url\":\"https:\\\/\\\/www.pcmadrid.es\\\/tienda\\\/producto\\\/licencia-office-2021-pro-plus-windows\\\/\",\"name\":\"LICENCIA OFFICE 2021 PRO PLUS | Windows | OFERTA\",\"isPartOf\":{\"@id\":\"https:\\\/\\\/www.pcmadrid.es\\\/tienda\\\/#website\"},\"primaryImageOfPage\":{\"@id\":\"https:\\\/\\\/www.pcmadrid.es\\\/tienda\\\/producto\\\/licencia-office-2021-pro-plus-windows\\\/#primaryimage\"},\"image\":{\"@id\":\"https:\\\/\\\/www.pcmadrid.es\\\/tienda\\\/producto\\\/licencia-office-2021-pro-plus-windows\\\/#primaryimage\"},\"thumbnailUrl\":\"https:\\\/\\\/i0.wp.com\\\/www.pcmadrid.es\\\/tienda\\\/wp-content\\\/uploads\\\/2021\\\/11\\\/Office-2021-Pro-portada-001.png?fit=716%2C845&ssl=1\",\"datePublished\":\"2021-11-08T15:37:24+00:00\",\"dateModified\":\"2025-03-07T11:08:34+00:00\",\"description\":\"\ud83d\udcd8 Con la oferta en licencia Office 2021 PRO PLUS podr\u00e1s disponer de una licencia de Office 2021 barata y permanente\u00a0en tu ordenador Windows.\",\"breadcrumb\":{\"@id\":\"https:\\\/\\\/www.pcmadrid.es\\\/tienda\\\/producto\\\/licencia-office-2021-pro-plus-windows\\\/#breadcrumb\"},\"inLanguage\":\"es\",\"potentialAction\":[{\"@type\":\"ReadAction\",\"target\":[\"https:\\\/\\\/www.pcmadrid.es\\\/tienda\\\/producto\\\/licencia-office-2021-pro-plus-windows\\\/\"]}]},{\"@type\":\"ImageObject\",\"inLanguage\":\"es\",\"@id\":\"https:\\\/\\\/www.pcmadrid.es\\\/tienda\\\/producto\\\/licencia-office-2021-pro-plus-windows\\\/#primaryimage\",\"url\":\"https:\\\/\\\/i0.wp.com\\\/www.pcmadrid.es\\\/tienda\\\/wp-content\\\/uploads\\\/2021\\\/11\\\/Office-2021-Pro-portada-001.png?fit=716%2C845&ssl=1\",\"contentUrl\":\"https:\\\/\\\/i0.wp.com\\\/www.pcmadrid.es\\\/tienda\\\/wp-content\\\/uploads\\\/2021\\\/11\\\/Office-2021-Pro-portada-001.png?fit=716%2C845&ssl=1\",\"width\":716,\"height\":845,\"caption\":\"comprar LICENCIA OFFICE 2021 barata\"},{\"@type\":\"BreadcrumbList\",\"@id\":\"https:\\\/\\\/www.pcmadrid.es\\\/tienda\\\/producto\\\/licencia-office-2021-pro-plus-windows\\\/#breadcrumb\",\"itemListElement\":[{\"@type\":\"ListItem\",\"position\":1,\"name\":\"Portada\",\"item\":\"https:\\\/\\\/www.pcmadrid.es\\\/tienda\\\/\"},{\"@type\":\"ListItem\",\"position\":2,\"name\":\"Todos los productos\",\"item\":\"https:\\\/\\\/www.pcmadrid.es\\\/tienda\\\/todos-los-productos\\\/\"},{\"@type\":\"ListItem\",\"position\":3,\"name\":\"LICENCIA OFFICE 2021 PRO PLUS | Windows\"}]},{\"@type\":\"WebSite\",\"@id\":\"https:\\\/\\\/www.pcmadrid.es\\\/tienda\\\/#website\",\"url\":\"https:\\\/\\\/www.pcmadrid.es\\\/tienda\\\/\",\"name\":\"Tienda PCMADRID\",\"description\":\"Venta y reparaciones de ordenadores\",\"publisher\":{\"@id\":\"https:\\\/\\\/www.pcmadrid.es\\\/tienda\\\/#organization\"},\"potentialAction\":[{\"@type\":\"SearchAction\",\"target\":{\"@type\":\"EntryPoint\",\"urlTemplate\":\"https:\\\/\\\/www.pcmadrid.es\\\/tienda\\\/?s={search_term_string}\"},\"query-input\":{\"@type\":\"PropertyValueSpecification\",\"valueRequired\":true,\"valueName\":\"search_term_string\"}}],\"inLanguage\":\"es\"},{\"@type\":\"Organization\",\"@id\":\"https:\\\/\\\/www.pcmadrid.es\\\/tienda\\\/#organization\",\"name\":\"PCMADRID\",\"url\":\"https:\\\/\\\/www.pcmadrid.es\\\/tienda\\\/\",\"logo\":{\"@type\":\"ImageObject\",\"inLanguage\":\"es\",\"@id\":\"https:\\\/\\\/www.pcmadrid.es\\\/tienda\\\/#\\\/schema\\\/logo\\\/image\\\/\",\"url\":\"https:\\\/\\\/www.pcmadrid.es\\\/tienda\\\/wp-content\\\/uploads\\\/2019\\\/10\\\/pcmadridlogo..png\",\"contentUrl\":\"https:\\\/\\\/www.pcmadrid.es\\\/tienda\\\/wp-content\\\/uploads\\\/2019\\\/10\\\/pcmadridlogo..png\",\"width\":750,\"height\":300,\"caption\":\"PCMADRID\"},\"image\":{\"@id\":\"https:\\\/\\\/www.pcmadrid.es\\\/tienda\\\/#\\\/schema\\\/logo\\\/image\\\/\"},\"sameAs\":[\"https:\\\/\\\/www.facebook.com\\\/pcmadridinformatica\",\"https:\\\/\\\/x.com\\\/pc_madrid\",\"https:\\\/\\\/www.youtube.com\\\/channel\\\/UCIbQq9k6BBrU5x2wqDIHr7A\",\"https:\\\/\\\/www.instagram.com\\\/pcmadrid_informatica\\\/?hl=es\",\"https:\\\/\\\/www.linkedin.com\\\/company\\\/9348326\\\/admin\\\/\",\"https:\\\/\\\/www.pinterest.es\\\/pcmadrid_informatica\\\/\"]}]}<\/script>\n<!-- \/ Yoast SEO plugin. -->","yoast_head_json":{"title":"LICENCIA OFFICE 2021 PRO PLUS | Windows | OFERTA","description":"\ud83d\udcd8 Con la oferta en licencia Office 2021 PRO PLUS podr\u00e1s disponer de una licencia de Office 2021 barata y permanente\u00a0en tu ordenador Windows.","robots":{"index":"index","follow":"follow","max-snippet":"max-snippet:-1","max-image-preview":"max-image-preview:large","max-video-preview":"max-video-preview:-1"},"canonical":"https:\/\/www.pcmadrid.es\/tienda\/producto\/licencia-office-2021-pro-plus-windows\/","twitter_misc":{"Tiempo de lectura":"2 minutos"},"schema":{"@context":"https:\/\/schema.org","@graph":[{"@type":"WebPage","@id":"https:\/\/www.pcmadrid.es\/tienda\/producto\/licencia-office-2021-pro-plus-windows\/","url":"https:\/\/www.pcmadrid.es\/tienda\/producto\/licencia-office-2021-pro-plus-windows\/","name":"LICENCIA OFFICE 2021 PRO PLUS | Windows | OFERTA","isPartOf":{"@id":"https:\/\/www.pcmadrid.es\/tienda\/#website"},"primaryImageOfPage":{"@id":"https:\/\/www.pcmadrid.es\/tienda\/producto\/licencia-office-2021-pro-plus-windows\/#primaryimage"},"image":{"@id":"https:\/\/www.pcmadrid.es\/tienda\/producto\/licencia-office-2021-pro-plus-windows\/#primaryimage"},"thumbnailUrl":"https:\/\/i0.wp.com\/www.pcmadrid.es\/tienda\/wp-content\/uploads\/2021\/11\/Office-2021-Pro-portada-001.png?fit=716%2C845&ssl=1","datePublished":"2021-11-08T15:37:24+00:00","dateModified":"2025-03-07T11:08:34+00:00","description":"\ud83d\udcd8 Con la oferta en licencia Office 2021 PRO PLUS podr\u00e1s disponer de una licencia de Office 2021 barata y permanente\u00a0en tu ordenador Windows.","breadcrumb":{"@id":"https:\/\/www.pcmadrid.es\/tienda\/producto\/licencia-office-2021-pro-plus-windows\/#breadcrumb"},"inLanguage":"es","potentialAction":[{"@type":"ReadAction","target":["https:\/\/www.pcmadrid.es\/tienda\/producto\/licencia-office-2021-pro-plus-windows\/"]}]},{"@type":"ImageObject","inLanguage":"es","@id":"https:\/\/www.pcmadrid.es\/tienda\/producto\/licencia-office-2021-pro-plus-windows\/#primaryimage","url":"https:\/\/i0.wp.com\/www.pcmadrid.es\/tienda\/wp-content\/uploads\/2021\/11\/Office-2021-Pro-portada-001.png?fit=716%2C845&ssl=1","contentUrl":"https:\/\/i0.wp.com\/www.pcmadrid.es\/tienda\/wp-content\/uploads\/2021\/11\/Office-2021-Pro-portada-001.png?fit=716%2C845&ssl=1","width":716,"height":845,"caption":"comprar LICENCIA OFFICE 2021 barata"},{"@type":"BreadcrumbList","@id":"https:\/\/www.pcmadrid.es\/tienda\/producto\/licencia-office-2021-pro-plus-windows\/#breadcrumb","itemListElement":[{"@type":"ListItem","position":1,"name":"Portada","item":"https:\/\/www.pcmadrid.es\/tienda\/"},{"@type":"ListItem","position":2,"name":"Todos los productos","item":"https:\/\/www.pcmadrid.es\/tienda\/todos-los-productos\/"},{"@type":"ListItem","position":3,"name":"LICENCIA OFFICE 2021 PRO PLUS | Windows"}]},{"@type":"WebSite","@id":"https:\/\/www.pcmadrid.es\/tienda\/#website","url":"https:\/\/www.pcmadrid.es\/tienda\/","name":"Tienda PCMADRID","description":"Venta y reparaciones de ordenadores","publisher":{"@id":"https:\/\/www.pcmadrid.es\/tienda\/#organization"},"potentialAction":[{"@type":"SearchAction","target":{"@type":"EntryPoint","urlTemplate":"https:\/\/www.pcmadrid.es\/tienda\/?s={search_term_string}"},"query-input":{"@type":"PropertyValueSpecification","valueRequired":true,"valueName":"search_term_string"}}],"inLanguage":"es"},{"@type":"Organization","@id":"https:\/\/www.pcmadrid.es\/tienda\/#organization","name":"PCMADRID","url":"https:\/\/www.pcmadrid.es\/tienda\/","logo":{"@type":"ImageObject","inLanguage":"es","@id":"https:\/\/www.pcmadrid.es\/tienda\/#\/schema\/logo\/image\/","url":"https:\/\/www.pcmadrid.es\/tienda\/wp-content\/uploads\/2019\/10\/pcmadridlogo..png","contentUrl":"https:\/\/www.pcmadrid.es\/tienda\/wp-content\/uploads\/2019\/10\/pcmadridlogo..png","width":750,"height":300,"caption":"PCMADRID"},"image":{"@id":"https:\/\/www.pcmadrid.es\/tienda\/#\/schema\/logo\/image\/"},"sameAs":["https:\/\/www.facebook.com\/pcmadridinformatica","https:\/\/x.com\/pc_madrid","https:\/\/www.youtube.com\/channel\/UCIbQq9k6BBrU5x2wqDIHr7A","https:\/\/www.instagram.com\/pcmadrid_informatica\/?hl=es","https:\/\/www.linkedin.com\/company\/9348326\/admin\/","https:\/\/www.pinterest.es\/pcmadrid_informatica\/"]}]}},"jetpack_sharing_enabled":true,"_links":{"self":[{"href":"https:\/\/www.pcmadrid.es\/tienda\/wp-json\/wp\/v2\/product\/9416","targetHints":{"allow":["GET"]}}],"collection":[{"href":"https:\/\/www.pcmadrid.es\/tienda\/wp-json\/wp\/v2\/product"}],"about":[{"href":"https:\/\/www.pcmadrid.es\/tienda\/wp-json\/wp\/v2\/types\/product"}],"replies":[{"embeddable":true,"href":"https:\/\/www.pcmadrid.es\/tienda\/wp-json\/wp\/v2\/comments?post=9416"}],"wp:featuredmedia":[{"embeddable":true,"href":"https:\/\/www.pcmadrid.es\/tienda\/wp-json\/wp\/v2\/media\/9422"}],"wp:attachment":[{"href":"https:\/\/www.pcmadrid.es\/tienda\/wp-json\/wp\/v2\/media?parent=9416"}],"wp:term":[{"taxonomy":"product_brand","embeddable":true,"href":"https:\/\/www.pcmadrid.es\/tienda\/wp-json\/wp\/v2\/product_brand?post=9416"},{"taxonomy":"product_cat","embeddable":true,"href":"https:\/\/www.pcmadrid.es\/tienda\/wp-json\/wp\/v2\/product_cat?post=9416"},{"taxonomy":"product_tag","embeddable":true,"href":"https:\/\/www.pcmadrid.es\/tienda\/wp-json\/wp\/v2\/product_tag?post=9416"}],"curies":[{"name":"wp","href":"https:\/\/api.w.org\/{rel}","templated":true}]}}