{"id":9749,"date":"2022-03-03T18:31:49","date_gmt":"2022-03-03T17:31:49","guid":{"rendered":"https:\/\/www.pcmadrid.es\/tienda\/?post_type=product&#038;p=9749"},"modified":"2026-02-17T10:55:02","modified_gmt":"2026-02-17T09:55:02","slug":"portatil-hp-250r-g9-i5-12a-gen-configurable","status":"publish","type":"product","link":"https:\/\/www.pcmadrid.es\/tienda\/producto\/portatil-hp-250r-g9-i5-12a-gen-configurable\/","title":{"rendered":"Port\u00e1til HP 250R G9\u00a0 (i5 13\u00aa Gen, 8-16GB RAM, 512GB &#8211; 1TB SSD)"},"content":{"rendered":"<h2 style=\"text-align: center;\"><span style=\"color: #99cc00;\">Port\u00e1til HP 250R G9\u00a0 (i5 13\u00aa Gen, 8-16GB RAM, 512GB &#8211; 1TB SSD)<\/span><\/h2>\n<p style=\"text-align: justify;\"><span style=\"color: #99cc00;\"><strong><a style=\"color: #99cc00;\" href=\"https:\/\/support.hp.com\/us-en\/product\/product-specs\/hp-250-g8-notebook-pc\/38151396\">Port\u00e1til HP 250R G9<\/a><\/strong><\/span>\u00a0 i5 13\u00aa Gen configurable. Port\u00e1til\u00a0 con<span style=\"color: #99cc00;\">\u00a0<a style=\"color: #99cc00;\" href=\"https:\/\/www.intel.la\/content\/www\/xl\/es\/products\/sku\/232143\/intel-core-i51334u-processor-12m-cache-up-to-4-60-ghz\/specifications.html\"><strong>i5 1334U<\/strong><\/a> <\/span>de 13\u00aa generaci\u00f3n Intel y SSD. Permanece conectado a lo que m\u00e1s te importa gracias a una bater\u00eda de larga duraci\u00f3n y a un dise\u00f1o ligero y fino con bisel con micro borde. Ordenador port\u00e1til dise\u00f1ado para mantener la productividad y estar entretenido en cualquier parte, el port\u00e1til HP de 15\u2033 ofrece un rendimiento fiable y una amplia pantalla, para que puedas transmitir, navegar y completar tareas con rapidez. No dejes escapar este HP 25R G9.<\/p>\n<p><img data-recalc-dims=\"1\" loading=\"lazy\" decoding=\"async\" class=\"aligncenter wp-image-10963 size-full\" src=\"https:\/\/i0.wp.com\/www.pcmadrid.es\/tienda\/wp-content\/uploads\/2022\/03\/art_hpp-pro-6s7b5ea_2.jpg?resize=800%2C800&#038;ssl=1\" alt=\"Port\u00e1til HP 250 G8\u00a0 (i5 12\u00aa Gen, 8-16GB RAM, 512GB - 1TB SSD) potente y vers\u00e1til a buen precio\" width=\"800\" height=\"800\" srcset=\"https:\/\/i0.wp.com\/www.pcmadrid.es\/tienda\/wp-content\/uploads\/2022\/03\/art_hpp-pro-6s7b5ea_2.jpg?w=800&amp;ssl=1 800w, https:\/\/i0.wp.com\/www.pcmadrid.es\/tienda\/wp-content\/uploads\/2022\/03\/art_hpp-pro-6s7b5ea_2.jpg?resize=300%2C300&amp;ssl=1 300w, https:\/\/i0.wp.com\/www.pcmadrid.es\/tienda\/wp-content\/uploads\/2022\/03\/art_hpp-pro-6s7b5ea_2.jpg?resize=150%2C150&amp;ssl=1 150w, https:\/\/i0.wp.com\/www.pcmadrid.es\/tienda\/wp-content\/uploads\/2022\/03\/art_hpp-pro-6s7b5ea_2.jpg?resize=768%2C768&amp;ssl=1 768w, https:\/\/i0.wp.com\/www.pcmadrid.es\/tienda\/wp-content\/uploads\/2022\/03\/art_hpp-pro-6s7b5ea_2.jpg?resize=65%2C65&amp;ssl=1 65w, https:\/\/i0.wp.com\/www.pcmadrid.es\/tienda\/wp-content\/uploads\/2022\/03\/art_hpp-pro-6s7b5ea_2.jpg?resize=600%2C600&amp;ssl=1 600w, https:\/\/i0.wp.com\/www.pcmadrid.es\/tienda\/wp-content\/uploads\/2022\/03\/art_hpp-pro-6s7b5ea_2.jpg?resize=100%2C100&amp;ssl=1 100w\" sizes=\"(max-width: 800px) 100vw, 800px\" \/><\/p>\n<h2><span style=\"color: #99cc00;\">Port\u00e1til HP 250R G9\u00a0 (i5 13\u00aa Gen, 8-16GB RAM, 512GB &#8211; 1TB SSD) <\/span><span style=\"color: #99cc00;\">potente y ligero, ideal para teletrabajo<\/span><\/h2>\n<p style=\"text-align: justify;\"><span style=\"color: #99cc00;\"><strong><a style=\"color: #99cc00;\" href=\"https:\/\/support.hp.com\/us-en\/product\/product-specs\/hp-250-g8-notebook-pc\/38151396\">Port\u00e1til HP 250R G9<\/a><\/strong><\/span>\u00a0 i5 13\u00aa Gen configurable. El\u00a0 port\u00e1til perfecto para quienes buscan combinar rendimiento y flexibilidad en un solo dispositivo. Equipado con un procesador Intel Core i5 de 12\u00aa generaci\u00f3n, opciones de 8 a 16 GB de RAM, y almacenamiento SSD de 512GB hasta 1 TB, este equipo responde eficientemente a las exigencias del teletrabajo y el estudio. Su pantalla Full HD de 15,6&#8243; con biseles estrechos proporciona una experiencia visual envolvente, ideal para trabajar y disfrutar de contenido multimedia. Con su conectividad avanzada y dise\u00f1o ligero, el HP 250R G9 es una herramienta vers\u00e1til y confiable, lista para acompa\u00f1arte donde lo necesites.<\/p>\n<p style=\"padding-left: 40px; text-align: justify;\"><strong><span style=\"color: #99cc00;\">Adaptado a cualquier presupuesto. Preparado para la empresa. <\/span><\/strong>Con\u00e9ctate con el PC port\u00e1til HP 250R gracias a su avanzada tecnolog\u00eda y a su estructura mejorada y ll\u00e9vatelo donde necesites sin problema. Avanza en tus tareas empresariales con un procesador Intel\u00ae2 y herramientas de colaboraci\u00f3n esenciales. El PC port\u00e1til HP 250R te ofrece una magn\u00edfica relaci\u00f3n calidad-precio, con una pantalla de 15,6 pulgadas, procesador Intel\u00ae y herramientas de colaboraci\u00f3n esenciales.<\/p>\n<p style=\"padding-left: 40px; text-align: justify;\"><strong><span style=\"color: #99cc00;\">Conexi\u00f3n excepcional. <\/span><\/strong>Este PC port\u00e1til puede conectarse a todos tus dispositivos perif\u00e9ricos; adem\u00e1s, su dise\u00f1o le permite adaptarse a necesidades empresariales con un puerto de datos USB Type-C\u00ae, un puerto RJ-45 y un puerto HDMI.<\/p>\n<p style=\"padding-left: 40px; text-align: justify;\"><span style=\"color: #99cc00;\"><strong>Dise\u00f1ado para el trabajo y siempre listo para la diversi\u00f3n. <\/strong><\/span>Avanza en tus proyectos con plena confianza gracias a la \u00faltima tecnolog\u00eda, que incluye un potente procesador Intel\u00ae, memoria y almacenamiento.<\/p>\n<p style=\"padding-left: 40px; text-align: justify;\"><strong><span style=\"color: #99cc00;\">Elegante y ligero. <\/span><\/strong>El PC port\u00e1til HP 250R resulta ideal para trabajar desde donde necesites, con un dise\u00f1o fino y elegante. La elegante pantalla con bordes estrechos y una elevada relaci\u00f3n pantalla-cuerpo te ofrece un amplio espacio para trabajar o reproducir contenidos en streaming.<\/p>\n<h3><span style=\"color: #99cc00;\">Especificaciones Port\u00e1til HP 250R G9\u00a0 (i5 12\u00aa Gen, 8-16GB RAM, 512GB &#8211; 1TB SSD)<\/span><\/h3>\n<table style=\"width: 100%; border-collapse: collapse; height: 440px;\" border=\"1\">\n<thead>\n<tr style=\"height: 25px;\">\n<th style=\"background-color: #f0f0f0; text-align: left; padding-left: 20px; width: 100%; height: 25px;\" colspan=\"2\"><span style=\"font-size: 14pt;\"><strong>Caracter\u00edsticas del Port\u00e1til<\/strong><\/span><\/th>\n<\/tr>\n<\/thead>\n<tbody>\n<tr style=\"height: 23px;\">\n<td style=\"padding-left: 20px; width: 26.4093%; height: 23px;\">Procesador<\/td>\n<td style=\"padding-left: 20px; padding-right: 5px; width: 73.5907%; height: 23px;\"><span style=\"color: #99cc00;\"><strong><a style=\"color: #99cc00;\" href=\"https:\/\/www.intel.la\/content\/www\/xl\/es\/products\/sku\/232143\/intel-core-i51334u-processor-12m-cache-up-to-4-60-ghz\/specifications.html\">Intel\u00ae Core\u2122 i5-1334U<\/a> <\/strong><\/span>de 13\u00aa generaci\u00f3n (hasta 4,60 GHz con tecnolog\u00eda Intel\u00ae Turbo Boost, 10 n\u00facleos y 12 MB de cach\u00e9 L3)<\/td>\n<\/tr>\n<tr style=\"height: 23px;\">\n<td style=\"padding-left: 20px; width: 26.4093%; height: 23px;\">Memoria RAM<\/td>\n<td style=\"padding-left: 20px; padding-right: 5px; width: 73.5907%; height: 23px;\">Configurable entre 8 GB y 16 GB DDR4, ideal para una multitarea fluida y eficiente<\/td>\n<\/tr>\n<tr style=\"height: 23px;\">\n<td style=\"padding-left: 20px; width: 26.4093%; height: 23px;\">Almacenamiento<\/td>\n<td style=\"padding-left: 20px; padding-right: 5px; width: 73.5907%; height: 23px;\">Opciones de SSD PCIe NVMe de 512 GB a 1 TB, que ofrecen arranques r\u00e1pidos y acceso veloz a archivos<\/td>\n<\/tr>\n<tr style=\"height: 23px;\">\n<td style=\"padding-left: 20px; width: 26.4093%; height: 23px;\">Pantalla<\/td>\n<td style=\"padding-left: 20px; padding-right: 5px; width: 73.5907%; height: 23px;\">15,6&#8243; (39,6 cm) Full HD (1920 x 1080), SVA, con bisel estrecho, antirreflectante y 250 nits, 45 % de NTSC, proporcionando im\u00e1genes n\u00edtidas y colores vivos<\/td>\n<\/tr>\n<tr style=\"height: 23px;\">\n<td style=\"padding-left: 20px; width: 26.4093%; height: 23px;\">Teclado<\/td>\n<td style=\"padding-left: 20px; padding-right: 5px; width: 73.5907%; height: 23px;\">De tama\u00f1o completo con teclado num\u00e9rico, facilitando tareas que requieren ingreso de datos<\/td>\n<\/tr>\n<tr style=\"height: 23px;\">\n<td style=\"padding-left: 20px; width: 26.4093%; height: 23px;\">Gr\u00e1ficos<\/td>\n<td style=\"padding-left: 20px; padding-right: 5px; width: 73.5907%; height: 23px;\">Intel Iris X\u1d49, proporcionando detalles visuales adecuados para multimedia y edici\u00f3n ligera<\/td>\n<\/tr>\n<tr style=\"height: 23px;\">\n<td style=\"padding-left: 20px; width: 26.4093%; height: 23px;\">Sistema multimedia<\/td>\n<td style=\"padding-left: 20px; padding-right: 5px; width: 73.5907%; height: 23px;\">C\u00e1mara HD 720p, altavoces est\u00e9reo y micr\u00f3fono digital integrado, optimizado para videollamadas<\/td>\n<\/tr>\n<tr style=\"height: 23px;\">\n<td style=\"padding-left: 20px; width: 26.4093%; height: 23px;\">Unidad \u00f3ptica<\/td>\n<td style=\"padding-left: 20px; padding-right: 5px; width: 73.5907%; height: 23px;\">No incluido<\/td>\n<\/tr>\n<tr style=\"height: 23px;\">\n<td style=\"padding-left: 20px; width: 26.4093%; height: 23px;\">Conexi\u00f3n de red<\/td>\n<td style=\"padding-left: 20px; padding-right: 5px; width: 73.5907%; height: 23px;\">Combo Realtek 802.11a\/b\/g\/n\/ac (2&#215;2) Wi-Fi y Bluetooth 5, ofreciendo una conexi\u00f3n r\u00e1pida y estable<\/td>\n<\/tr>\n<tr style=\"height: 47px;\">\n<td style=\"padding-left: 20px; width: 26.4093%; height: 47px;\">Conexiones<\/td>\n<td style=\"padding-left: 20px; padding-right: 5px; width: 73.5907%; height: 47px;\">2 SuperSpeed USB Type-A con velocidad de se\u00f1al de 5 Gbps; 1 SuperSpeed USB Type-C\u00ae con velocidad de se\u00f1al de 5 Gbps; 1 RJ-45; 1 combo de auriculares\/micr\u00f3fono; 1 HDMI 1.4b; 1 lector de tarjetas digitales multiformato, 1 fuente de alimentaci\u00f3n de CA (El cable HDMI se vende por separado)<\/td>\n<\/tr>\n<tr style=\"height: 23px;\">\n<td style=\"padding-left: 20px; width: 26.4093%; height: 23px;\">Bater\u00eda<\/td>\n<td style=\"padding-left: 20px; padding-right: 5px; width: 73.5907%; height: 23px;\">Bater\u00eda de 3 celdas de iones de litio de 41 Wh, que proporciona energ\u00eda para una jornada completa de trabajo o estudio<\/td>\n<\/tr>\n<tr style=\"height: 23px;\">\n<td style=\"padding-left: 20px; width: 26.4093%; height: 23px;\">Potencia<\/td>\n<td style=\"padding-left: 20px; padding-right: 5px; width: 73.5907%; height: 23px;\">Adaptador de alimentaci\u00f3n HP Smart de 45 W AC externo<\/td>\n<\/tr>\n<tr style=\"height: 23px;\">\n<td style=\"padding-left: 20px; width: 26.4093%; height: 23px;\">Gesti\u00f3n de la seguridad<\/td>\n<td style=\"padding-left: 20px; padding-right: 5px; width: 73.5907%; height: 23px;\">TPM 2.0<\/td>\n<\/tr>\n<tr style=\"height: 23px;\">\n<td style=\"padding-left: 20px; width: 26.4093%; height: 23px;\">Sistema Operativo<\/td>\n<td style=\"padding-left: 20px; padding-right: 5px; width: 73.5907%; height: 23px;\"><span style=\"color: #99cc00;\"><strong><a style=\"color: #99cc00;\" href=\"https:\/\/www.pcmadrid.es\/tienda\/categoria-producto\/licencias-programas\/\">Windows 11 PRO y Office 2021 Pro<\/a><\/strong><\/span>, preinstalado listo para usar<\/td>\n<\/tr>\n<tr style=\"height: 23px;\">\n<td style=\"padding-left: 20px; width: 26.4093%; height: 23px;\">Dise\u00f1o<\/td>\n<td style=\"padding-left: 20px; padding-right: 5px; width: 73.5907%; height: 23px;\">Color Gris oscuro &#8211; Negro. Dise\u00f1o ligero y elegante con bordes estrechos, lo que lo hace ideal para llevar a cualquier parte<\/td>\n<\/tr>\n<tr style=\"height: 23px;\">\n<td style=\"padding-left: 20px; width: 26.4093%; height: 23px;\">Dimensiones<\/td>\n<td style=\"padding-left: 20px; padding-right: 5px; width: 73.5907%; height: 23px;\">35,8 \u00d7 24,2 \u00d7 1,99 cm (ancho x fondo x alto)<\/td>\n<\/tr>\n<tr style=\"height: 23px;\">\n<td style=\"padding-left: 20px; width: 26.4093%; height: 23px;\">Peso<\/td>\n<td style=\"padding-left: 20px; padding-right: 5px; width: 73.5907%; height: 23px;\">3,20 kg<\/td>\n<\/tr>\n<\/tbody>\n<\/table>\n<h3><span style=\"color: #99cc00;\">Beneficios Claves: Rendimiento Potente y Multitarea con Portabilidad y Conectividad Vers\u00e1til<\/span><\/h3>\n<p style=\"text-align: justify;\">Equipado con un procesador Intel\u00ae Core\u2122 i5 de 12\u00aa generaci\u00f3n, el <span style=\"color: #99cc00;\"><strong><a style=\"color: #99cc00;\" href=\"https:\/\/support.hp.com\/us-en\/product\/product-specs\/hp-250-g8-notebook-pc\/38151396\">Port\u00e1til HP 250R G9<\/a><\/strong><\/span>\u00a0 garantiza una ejecuci\u00f3n fluida de aplicaciones exigentes y multitarea eficiente. La posibilidad de configurar hasta 16 GB de memoria RAM DDR4 y opciones de almacenamiento SSD PCIe NVMe de hasta 1 TB aseguran tiempos de arranque r\u00e1pidos y acceso veloz a archivos, mejorando significativamente la productividad.<\/p>\n<p style=\"text-align: justify;\">Con un dise\u00f1o ligero y elegante, el HP 250R G9 es f\u00e1cil de transportar, permitiendo trabajar desde cualquier lugar. Su pantalla de 15,6&#8243; Full HD con biseles estrechos ofrece una experiencia visual inmersiva. Adem\u00e1s, cuenta con m\u00faltiples opciones de conectividad, incluyendo puertos USB Type-A y Type-C, HDMI, RJ-45 y lector de tarjetas SD, facilitando la conexi\u00f3n con diversos dispositivos y perif\u00e9ricos. Es la herramienta ideal para usuarios que buscan eficiencia y respuesta \u00e1gil en un dispositivo confiable.<\/p>\n<h3><span style=\"color: #99cc00;\">Garant\u00eda y soporte: Seguridad para tus necesidades<\/span><\/h3>\n<p>Incluye una garant\u00eda de 3 a\u00f1os para asegurar que tu inversi\u00f3n est\u00e9 protegida. Adem\u00e1s, ofrecemos <a href=\"https:\/\/www.pcmadrid.es\/tienda\/categoria-producto\/reparaciones\/\"><span style=\"color: #99cc00;\">soporte t\u00e9cnico especializado<\/span><\/a> para garantizar el \u00f3ptimo funcionamiento de tu equipo.<\/p>\n","protected":false},"excerpt":{"rendered":"<p style=\"text-align: justify;\">Port\u00e1til HP 250R G9\u00a0 i5 12\u00aa Gen configurable con<span style=\"color: #99cc00;\">\u00a0<a style=\"color: #99cc00;\" href=\"https:\/\/www.intel.la\/content\/www\/xl\/es\/products\/sku\/232143\/intel-core-i51334u-processor-12m-cache-up-to-4-60-ghz\/specifications.html\"><strong>i5 1334U<\/strong><\/a> <\/span>de 13\u00aa generaci\u00f3n Intel y SSD. Permanece conectado a lo que m\u00e1s te importa gracias a una bater\u00eda de larga duraci\u00f3n y a un dise\u00f1o ligero y fino con bisel con micro borde. Ordenador port\u00e1til dise\u00f1ado para mantener la productividad y estar entretenido en cualquier parte, el port\u00e1til HP de 15\u2033 ofrece un rendimiento fiable y una amplia pantalla, para que puedas transmitir, navegar y completar tareas con rapidez. No dejes escapar este HP 250R G9.<\/p>\n","protected":false},"featured_media":10961,"comment_status":"open","ping_status":"closed","template":"","meta":{"_et_pb_use_builder":"","_et_pb_old_content":"","_et_gb_content_width":""},"product_brand":[],"product_cat":[102,412,92,65],"product_tag":[],"class_list":{"0":"post-9749","1":"product","2":"type-product","3":"status-publish","4":"has-post-thumbnail","6":"product_cat-comprar-ordenadores","7":"product_cat-portatiles-de-oficina","8":"product_cat-portatiles-windows","9":"product_cat-todos","11":"first","12":"instock","13":"sale","14":"taxable","15":"shipping-taxable","16":"purchasable","17":"product-type-variable","18":"has-default-attributes"},"yoast_head":"<!-- This site is optimized with the Yoast SEO plugin v27.5 - https:\/\/yoast.com\/product\/yoast-seo-wordpress\/ -->\n<title>Port\u00e1til HP 250R G9\u00a0 (i5 13\u00aa Gen, 8-16GB RAM, 512GB - 1TB SSD) | Tienda PCMADRID<\/title>\n<meta name=\"description\" content=\"Port\u00e1til HP 250R G9\u00a0 i5 12\u00aa Gen configurable, potente y vers\u00e1til a buen precio. Listo para trabajar o para entretenimiento por su alto rendimiento\" \/>\n<meta name=\"robots\" content=\"index, follow, max-snippet:-1, max-image-preview:large, max-video-preview:-1\" \/>\n<link rel=\"canonical\" href=\"https:\/\/www.pcmadrid.es\/tienda\/producto\/portatil-hp-250r-g9-i5-12a-gen-configurable\/\" \/>\n<meta name=\"twitter:label1\" content=\"Tiempo de lectura\" \/>\n\t<meta name=\"twitter:data1\" content=\"5 minutos\" \/>\n<script type=\"application\/ld+json\" class=\"yoast-schema-graph\">{\"@context\":\"https:\\\/\\\/schema.org\",\"@graph\":[{\"@type\":\"WebPage\",\"@id\":\"https:\\\/\\\/www.pcmadrid.es\\\/tienda\\\/producto\\\/portatil-hp-250r-g9-i5-12a-gen-configurable\\\/\",\"url\":\"https:\\\/\\\/www.pcmadrid.es\\\/tienda\\\/producto\\\/portatil-hp-250r-g9-i5-12a-gen-configurable\\\/\",\"name\":\"Port\u00e1til HP 250R G9\u00a0 (i5 13\u00aa Gen, 8-16GB RAM, 512GB - 1TB SSD) | Tienda PCMADRID\",\"isPartOf\":{\"@id\":\"https:\\\/\\\/www.pcmadrid.es\\\/tienda\\\/#website\"},\"primaryImageOfPage\":{\"@id\":\"https:\\\/\\\/www.pcmadrid.es\\\/tienda\\\/producto\\\/portatil-hp-250r-g9-i5-12a-gen-configurable\\\/#primaryimage\"},\"image\":{\"@id\":\"https:\\\/\\\/www.pcmadrid.es\\\/tienda\\\/producto\\\/portatil-hp-250r-g9-i5-12a-gen-configurable\\\/#primaryimage\"},\"thumbnailUrl\":\"https:\\\/\\\/i0.wp.com\\\/www.pcmadrid.es\\\/tienda\\\/wp-content\\\/uploads\\\/2022\\\/03\\\/art_hpp-pro-6s7b5ea_1.webp?fit=800%2C800&ssl=1\",\"datePublished\":\"2022-03-03T17:31:49+00:00\",\"dateModified\":\"2026-02-17T09:55:02+00:00\",\"description\":\"Port\u00e1til HP 250R G9\u00a0 i5 12\u00aa Gen configurable, potente y vers\u00e1til a buen precio. Listo para trabajar o para entretenimiento por su alto rendimiento\",\"breadcrumb\":{\"@id\":\"https:\\\/\\\/www.pcmadrid.es\\\/tienda\\\/producto\\\/portatil-hp-250r-g9-i5-12a-gen-configurable\\\/#breadcrumb\"},\"inLanguage\":\"es\",\"potentialAction\":[{\"@type\":\"ReadAction\",\"target\":[\"https:\\\/\\\/www.pcmadrid.es\\\/tienda\\\/producto\\\/portatil-hp-250r-g9-i5-12a-gen-configurable\\\/\"]}]},{\"@type\":\"ImageObject\",\"inLanguage\":\"es\",\"@id\":\"https:\\\/\\\/www.pcmadrid.es\\\/tienda\\\/producto\\\/portatil-hp-250r-g9-i5-12a-gen-configurable\\\/#primaryimage\",\"url\":\"https:\\\/\\\/i0.wp.com\\\/www.pcmadrid.es\\\/tienda\\\/wp-content\\\/uploads\\\/2022\\\/03\\\/art_hpp-pro-6s7b5ea_1.webp?fit=800%2C800&ssl=1\",\"contentUrl\":\"https:\\\/\\\/i0.wp.com\\\/www.pcmadrid.es\\\/tienda\\\/wp-content\\\/uploads\\\/2022\\\/03\\\/art_hpp-pro-6s7b5ea_1.webp?fit=800%2C800&ssl=1\",\"width\":800,\"height\":800},{\"@type\":\"BreadcrumbList\",\"@id\":\"https:\\\/\\\/www.pcmadrid.es\\\/tienda\\\/producto\\\/portatil-hp-250r-g9-i5-12a-gen-configurable\\\/#breadcrumb\",\"itemListElement\":[{\"@type\":\"ListItem\",\"position\":1,\"name\":\"Portada\",\"item\":\"https:\\\/\\\/www.pcmadrid.es\\\/tienda\\\/\"},{\"@type\":\"ListItem\",\"position\":2,\"name\":\"Todos los productos\",\"item\":\"https:\\\/\\\/www.pcmadrid.es\\\/tienda\\\/todos-los-productos\\\/\"},{\"@type\":\"ListItem\",\"position\":3,\"name\":\"Port\u00e1til HP 250R G9\u00a0 (i5 13\u00aa Gen, 8-16GB RAM, 512GB &#8211; 1TB SSD)\"}]},{\"@type\":\"WebSite\",\"@id\":\"https:\\\/\\\/www.pcmadrid.es\\\/tienda\\\/#website\",\"url\":\"https:\\\/\\\/www.pcmadrid.es\\\/tienda\\\/\",\"name\":\"Tienda PCMADRID\",\"description\":\"Venta y reparaciones de ordenadores\",\"publisher\":{\"@id\":\"https:\\\/\\\/www.pcmadrid.es\\\/tienda\\\/#organization\"},\"potentialAction\":[{\"@type\":\"SearchAction\",\"target\":{\"@type\":\"EntryPoint\",\"urlTemplate\":\"https:\\\/\\\/www.pcmadrid.es\\\/tienda\\\/?s={search_term_string}\"},\"query-input\":{\"@type\":\"PropertyValueSpecification\",\"valueRequired\":true,\"valueName\":\"search_term_string\"}}],\"inLanguage\":\"es\"},{\"@type\":\"Organization\",\"@id\":\"https:\\\/\\\/www.pcmadrid.es\\\/tienda\\\/#organization\",\"name\":\"PCMADRID\",\"url\":\"https:\\\/\\\/www.pcmadrid.es\\\/tienda\\\/\",\"logo\":{\"@type\":\"ImageObject\",\"inLanguage\":\"es\",\"@id\":\"https:\\\/\\\/www.pcmadrid.es\\\/tienda\\\/#\\\/schema\\\/logo\\\/image\\\/\",\"url\":\"https:\\\/\\\/www.pcmadrid.es\\\/tienda\\\/wp-content\\\/uploads\\\/2019\\\/10\\\/pcmadridlogo..png\",\"contentUrl\":\"https:\\\/\\\/www.pcmadrid.es\\\/tienda\\\/wp-content\\\/uploads\\\/2019\\\/10\\\/pcmadridlogo..png\",\"width\":750,\"height\":300,\"caption\":\"PCMADRID\"},\"image\":{\"@id\":\"https:\\\/\\\/www.pcmadrid.es\\\/tienda\\\/#\\\/schema\\\/logo\\\/image\\\/\"},\"sameAs\":[\"https:\\\/\\\/www.facebook.com\\\/pcmadridinformatica\",\"https:\\\/\\\/x.com\\\/pc_madrid\",\"https:\\\/\\\/www.youtube.com\\\/channel\\\/UCIbQq9k6BBrU5x2wqDIHr7A\",\"https:\\\/\\\/www.instagram.com\\\/pcmadrid_informatica\\\/?hl=es\",\"https:\\\/\\\/www.linkedin.com\\\/company\\\/9348326\\\/admin\\\/\",\"https:\\\/\\\/www.pinterest.es\\\/pcmadrid_informatica\\\/\"]}]}<\/script>\n<!-- \/ Yoast SEO plugin. -->","yoast_head_json":{"title":"Port\u00e1til HP 250R G9\u00a0 (i5 13\u00aa Gen, 8-16GB RAM, 512GB - 1TB SSD) | Tienda PCMADRID","description":"Port\u00e1til HP 250R G9\u00a0 i5 12\u00aa Gen configurable, potente y vers\u00e1til a buen precio. Listo para trabajar o para entretenimiento por su alto rendimiento","robots":{"index":"index","follow":"follow","max-snippet":"max-snippet:-1","max-image-preview":"max-image-preview:large","max-video-preview":"max-video-preview:-1"},"canonical":"https:\/\/www.pcmadrid.es\/tienda\/producto\/portatil-hp-250r-g9-i5-12a-gen-configurable\/","twitter_misc":{"Tiempo de lectura":"5 minutos"},"schema":{"@context":"https:\/\/schema.org","@graph":[{"@type":"WebPage","@id":"https:\/\/www.pcmadrid.es\/tienda\/producto\/portatil-hp-250r-g9-i5-12a-gen-configurable\/","url":"https:\/\/www.pcmadrid.es\/tienda\/producto\/portatil-hp-250r-g9-i5-12a-gen-configurable\/","name":"Port\u00e1til HP 250R G9\u00a0 (i5 13\u00aa Gen, 8-16GB RAM, 512GB - 1TB SSD) | Tienda PCMADRID","isPartOf":{"@id":"https:\/\/www.pcmadrid.es\/tienda\/#website"},"primaryImageOfPage":{"@id":"https:\/\/www.pcmadrid.es\/tienda\/producto\/portatil-hp-250r-g9-i5-12a-gen-configurable\/#primaryimage"},"image":{"@id":"https:\/\/www.pcmadrid.es\/tienda\/producto\/portatil-hp-250r-g9-i5-12a-gen-configurable\/#primaryimage"},"thumbnailUrl":"https:\/\/i0.wp.com\/www.pcmadrid.es\/tienda\/wp-content\/uploads\/2022\/03\/art_hpp-pro-6s7b5ea_1.webp?fit=800%2C800&ssl=1","datePublished":"2022-03-03T17:31:49+00:00","dateModified":"2026-02-17T09:55:02+00:00","description":"Port\u00e1til HP 250R G9\u00a0 i5 12\u00aa Gen configurable, potente y vers\u00e1til a buen precio. Listo para trabajar o para entretenimiento por su alto rendimiento","breadcrumb":{"@id":"https:\/\/www.pcmadrid.es\/tienda\/producto\/portatil-hp-250r-g9-i5-12a-gen-configurable\/#breadcrumb"},"inLanguage":"es","potentialAction":[{"@type":"ReadAction","target":["https:\/\/www.pcmadrid.es\/tienda\/producto\/portatil-hp-250r-g9-i5-12a-gen-configurable\/"]}]},{"@type":"ImageObject","inLanguage":"es","@id":"https:\/\/www.pcmadrid.es\/tienda\/producto\/portatil-hp-250r-g9-i5-12a-gen-configurable\/#primaryimage","url":"https:\/\/i0.wp.com\/www.pcmadrid.es\/tienda\/wp-content\/uploads\/2022\/03\/art_hpp-pro-6s7b5ea_1.webp?fit=800%2C800&ssl=1","contentUrl":"https:\/\/i0.wp.com\/www.pcmadrid.es\/tienda\/wp-content\/uploads\/2022\/03\/art_hpp-pro-6s7b5ea_1.webp?fit=800%2C800&ssl=1","width":800,"height":800},{"@type":"BreadcrumbList","@id":"https:\/\/www.pcmadrid.es\/tienda\/producto\/portatil-hp-250r-g9-i5-12a-gen-configurable\/#breadcrumb","itemListElement":[{"@type":"ListItem","position":1,"name":"Portada","item":"https:\/\/www.pcmadrid.es\/tienda\/"},{"@type":"ListItem","position":2,"name":"Todos los productos","item":"https:\/\/www.pcmadrid.es\/tienda\/todos-los-productos\/"},{"@type":"ListItem","position":3,"name":"Port\u00e1til HP 250R G9\u00a0 (i5 13\u00aa Gen, 8-16GB RAM, 512GB &#8211; 1TB SSD)"}]},{"@type":"WebSite","@id":"https:\/\/www.pcmadrid.es\/tienda\/#website","url":"https:\/\/www.pcmadrid.es\/tienda\/","name":"Tienda PCMADRID","description":"Venta y reparaciones de ordenadores","publisher":{"@id":"https:\/\/www.pcmadrid.es\/tienda\/#organization"},"potentialAction":[{"@type":"SearchAction","target":{"@type":"EntryPoint","urlTemplate":"https:\/\/www.pcmadrid.es\/tienda\/?s={search_term_string}"},"query-input":{"@type":"PropertyValueSpecification","valueRequired":true,"valueName":"search_term_string"}}],"inLanguage":"es"},{"@type":"Organization","@id":"https:\/\/www.pcmadrid.es\/tienda\/#organization","name":"PCMADRID","url":"https:\/\/www.pcmadrid.es\/tienda\/","logo":{"@type":"ImageObject","inLanguage":"es","@id":"https:\/\/www.pcmadrid.es\/tienda\/#\/schema\/logo\/image\/","url":"https:\/\/www.pcmadrid.es\/tienda\/wp-content\/uploads\/2019\/10\/pcmadridlogo..png","contentUrl":"https:\/\/www.pcmadrid.es\/tienda\/wp-content\/uploads\/2019\/10\/pcmadridlogo..png","width":750,"height":300,"caption":"PCMADRID"},"image":{"@id":"https:\/\/www.pcmadrid.es\/tienda\/#\/schema\/logo\/image\/"},"sameAs":["https:\/\/www.facebook.com\/pcmadridinformatica","https:\/\/x.com\/pc_madrid","https:\/\/www.youtube.com\/channel\/UCIbQq9k6BBrU5x2wqDIHr7A","https:\/\/www.instagram.com\/pcmadrid_informatica\/?hl=es","https:\/\/www.linkedin.com\/company\/9348326\/admin\/","https:\/\/www.pinterest.es\/pcmadrid_informatica\/"]}]}},"jetpack_sharing_enabled":true,"_links":{"self":[{"href":"https:\/\/www.pcmadrid.es\/tienda\/wp-json\/wp\/v2\/product\/9749","targetHints":{"allow":["GET"]}}],"collection":[{"href":"https:\/\/www.pcmadrid.es\/tienda\/wp-json\/wp\/v2\/product"}],"about":[{"href":"https:\/\/www.pcmadrid.es\/tienda\/wp-json\/wp\/v2\/types\/product"}],"replies":[{"embeddable":true,"href":"https:\/\/www.pcmadrid.es\/tienda\/wp-json\/wp\/v2\/comments?post=9749"}],"wp:featuredmedia":[{"embeddable":true,"href":"https:\/\/www.pcmadrid.es\/tienda\/wp-json\/wp\/v2\/media\/10961"}],"wp:attachment":[{"href":"https:\/\/www.pcmadrid.es\/tienda\/wp-json\/wp\/v2\/media?parent=9749"}],"wp:term":[{"taxonomy":"product_brand","embeddable":true,"href":"https:\/\/www.pcmadrid.es\/tienda\/wp-json\/wp\/v2\/product_brand?post=9749"},{"taxonomy":"product_cat","embeddable":true,"href":"https:\/\/www.pcmadrid.es\/tienda\/wp-json\/wp\/v2\/product_cat?post=9749"},{"taxonomy":"product_tag","embeddable":true,"href":"https:\/\/www.pcmadrid.es\/tienda\/wp-json\/wp\/v2\/product_tag?post=9749"}],"curies":[{"name":"wp","href":"https:\/\/api.w.org\/{rel}","templated":true}]}}